{"id":10327,"date":"2024-03-06T09:36:20","date_gmt":"2024-03-06T12:36:20","guid":{"rendered":"https:\/\/www.contrataciones.gov.py\/dncp\/?page_id=10327"},"modified":"2025-03-04T08:23:11","modified_gmt":"2025-03-04T11:23:11","slug":"usuario-para-el-ingreso-a-la-parte-transaccional-del-sistema-de-informacion-de-contrataciones-sicp","status":"publish","type":"page","link":"https:\/\/www.contrataciones.gov.py\/dncp\/guia-para-la-carga-de-programa-anual-de-contrataciones-7021-2\/usuario-para-el-ingreso-a-la-parte-transaccional-del-sistema-de-informacion-de-contrataciones-sicp\/","title":{"rendered":"USUARIO PARA EL INGRESO A LA PARTE TRANSACCIONAL DEL SISTEMA DE INFORMACI\u00d3N DE CONTRATACIONES (SICP)"},"content":{"rendered":"\n<figure class=\"wp-block-image size-full\"><img loading=\"lazy\" decoding=\"async\" width=\"1920\" height=\"406\" src=\"https:\/\/www.contrataciones.gov.py\/dncp\/wp-content\/uploads\/2025\/03\/Carga-de-programa-anual-de-contrataciones-1.jpg\" alt=\"\" class=\"wp-image-16844\" srcset=\"https:\/\/www.contrataciones.gov.py\/dncp\/wp-content\/uploads\/2025\/03\/Carga-de-programa-anual-de-contrataciones-1.jpg 1920w, https:\/\/www.contrataciones.gov.py\/dncp\/wp-content\/uploads\/2025\/03\/Carga-de-programa-anual-de-contrataciones-1-300x63.jpg 300w, https:\/\/www.contrataciones.gov.py\/dncp\/wp-content\/uploads\/2025\/03\/Carga-de-programa-anual-de-contrataciones-1-1024x217.jpg 1024w, https:\/\/www.contrataciones.gov.py\/dncp\/wp-content\/uploads\/2025\/03\/Carga-de-programa-anual-de-contrataciones-1-768x162.jpg 768w, https:\/\/www.contrataciones.gov.py\/dncp\/wp-content\/uploads\/2025\/03\/Carga-de-programa-anual-de-contrataciones-1-1536x325.jpg 1536w\" sizes=\"auto, (max-width: 1920px) 100vw, 1920px\" \/><\/figure>\n\n\n\n<p>Antes de empezar con la carga del PAC, es de suma importancia que las convocantes realicen la actualizaci\u00f3n de sus usuarios, aceptando los nuevos t\u00e9rminos y condiciones del SICP, y para ello deben seguir el paso a paso detallado en la Gu\u00eda del M\u00f3dulo de Gesti\u00f3n de Usuarios, aprobado por Resoluci\u00f3n DNCP N.\u00ba 5116\/23.<\/p>\n\n\n\n<p>Aqu\u00ed el enlace para revisar la Gu\u00eda: <a href=\"https:\/\/www.contrataciones.gov.py\/dncp\/guia-de-uso-del-modulo-de-gestion-de-usuarios-2\/guia-de-uso-del-modulo-de-gestion-de-usuarios\/\">https:\/\/www.contrataciones.gov.py\/dncp\/guia-de-uso-del-modulo-de-gestion-de-usuarios-2\/guia-de-uso-del-modulo-de-gestion-de-usuarios\/<\/a>&nbsp;&nbsp;<\/p>\n","protected":false},"excerpt":{"rendered":"Antes de empezar con la carga del PAC, es de suma importancia que las convocantes realicen la actualizaci\u00f3n de sus usuarios, aceptando los nuevos t\u00e9rminos y condiciones del SICP, y para ello deben seguir el paso a paso detallado en la Gu\u00eda del M\u00f3dulo de Gesti\u00f3n de Usuarios, aprobado por Resoluci\u00f3n DNCP N.\u00ba 5116\/23. Aqu\u00ed [&hellip;]","protected":false},"author":26,"featured_media":0,"parent":8402,"menu_order":1,"comment_status":"closed","ping_status":"closed","template":"","meta":{"footnotes":""},"class_list":["post-10327","page","type-page","status-publish","hentry"],"_links":{"self":[{"href":"https:\/\/www.contrataciones.gov.py\/dncp\/wp-json\/wp\/v2\/pages\/10327","targetHints":{"allow":["GET"]}}],"collection":[{"href":"https:\/\/www.contrataciones.gov.py\/dncp\/wp-json\/wp\/v2\/pages"}],"about":[{"href":"https:\/\/www.contrataciones.gov.py\/dncp\/wp-json\/wp\/v2\/types\/page"}],"author":[{"embeddable":true,"href":"https:\/\/www.contrataciones.gov.py\/dncp\/wp-json\/wp\/v2\/users\/26"}],"replies":[{"embeddable":true,"href":"https:\/\/www.contrataciones.gov.py\/dncp\/wp-json\/wp\/v2\/comments?post=10327"}],"version-history":[{"count":4,"href":"https:\/\/www.contrataciones.gov.py\/dncp\/wp-json\/wp\/v2\/pages\/10327\/revisions"}],"predecessor-version":[{"id":16848,"href":"https:\/\/www.contrataciones.gov.py\/dncp\/wp-json\/wp\/v2\/pages\/10327\/revisions\/16848"}],"up":[{"embeddable":true,"href":"https:\/\/www.contrataciones.gov.py\/dncp\/wp-json\/wp\/v2\/pages\/8402"}],"wp:attachment":[{"href":"https:\/\/www.contrataciones.gov.py\/dncp\/wp-json\/wp\/v2\/media?parent=10327"}],"curies":[{"name":"wp","href":"https:\/\/api.w.org\/{rel}","templated":true}]}}