{"id":10531,"date":"2024-05-02T09:11:44","date_gmt":"2024-05-02T13:11:44","guid":{"rendered":"https:\/\/www.contrataciones.gov.py\/dncp\/?page_id=10531"},"modified":"2024-12-05T15:00:05","modified_gmt":"2024-12-05T18:00:05","slug":"transparencia-activa","status":"publish","type":"page","link":"https:\/\/www.contrataciones.gov.py\/dncp\/tyc\/transparencia-activa\/","title":{"rendered":"Transparencia Activa"},"content":{"rendered":"\n<figure class=\"wp-block-image size-full\"><img loading=\"lazy\" decoding=\"async\" width=\"1920\" height=\"406\" src=\"https:\/\/www.contrataciones.gov.py\/dncp\/wp-content\/uploads\/2024\/12\/actualizacion-de-usuarios-de-Unidades-de-Contratacion_WEB-21.jpg\" alt=\"\" class=\"wp-image-13055\" srcset=\"https:\/\/www.contrataciones.gov.py\/dncp\/wp-content\/uploads\/2024\/12\/actualizacion-de-usuarios-de-Unidades-de-Contratacion_WEB-21.jpg 1920w, https:\/\/www.contrataciones.gov.py\/dncp\/wp-content\/uploads\/2024\/12\/actualizacion-de-usuarios-de-Unidades-de-Contratacion_WEB-21-300x63.jpg 300w, https:\/\/www.contrataciones.gov.py\/dncp\/wp-content\/uploads\/2024\/12\/actualizacion-de-usuarios-de-Unidades-de-Contratacion_WEB-21-1024x217.jpg 1024w, https:\/\/www.contrataciones.gov.py\/dncp\/wp-content\/uploads\/2024\/12\/actualizacion-de-usuarios-de-Unidades-de-Contratacion_WEB-21-768x162.jpg 768w, https:\/\/www.contrataciones.gov.py\/dncp\/wp-content\/uploads\/2024\/12\/actualizacion-de-usuarios-de-Unidades-de-Contratacion_WEB-21-1536x325.jpg 1536w\" sizes=\"auto, (max-width: 1920px) 100vw, 1920px\" \/><\/figure>\n\n\n\n<p><strong>\u00bfQu\u00e9 es la transparencia activa?<\/strong><\/p>\n\n\n\n<p>Es la <strong>obligaci\u00f3n de las fuentes p\u00fablicas <\/strong>de poner a disposici\u00f3n de cualquier persona la informaci\u00f3n p\u00fablica en todo momento, y en forma tal, que est\u00e9 siempre actualizada y sea accesible y comprensible.<\/p>\n\n\n\n<p><strong>\u00bfQui\u00e9nes ser\u00edan las fuentes p\u00fablicas?<\/strong><\/p>\n\n\n\n<p>Los organismos enumerados en el art\u00edculo 2\u00b0 de la Ley N\u00b05282\/14 \u201cDe libre acceso ciudadano a la Informaci\u00f3n P\u00fablica y Transparencia Gubernamental\u201d.<\/p>\n\n\n\n<p>Las <strong>fuentes p\u00fablicas est\u00e1n obligadas a mantener actualizada y a disposici\u00f3n del p\u00fablico en general la informaci\u00f3n m\u00ednima detallada en la Ley 5281\/14<\/strong>. La actualizaci\u00f3n de la informaci\u00f3n tiene un plazo de hasta 15 d\u00edas h\u00e1biles del mes inmediatamente posterior.<\/p>\n\n\n\n<figure class=\"wp-block-image size-full\"><a href=\"https:\/\/www.contrataciones.gov.py\/dncp\/transparencia-informativa\/informes-de-gestion\/\"><img loading=\"lazy\" decoding=\"async\" width=\"343\" height=\"88\" src=\"https:\/\/www.contrataciones.gov.py\/dncp\/wp-content\/uploads\/2024\/12\/Group-43boton.png\" alt=\"\" class=\"wp-image-13583\" srcset=\"https:\/\/www.contrataciones.gov.py\/dncp\/wp-content\/uploads\/2024\/12\/Group-43boton.png 343w, https:\/\/www.contrataciones.gov.py\/dncp\/wp-content\/uploads\/2024\/12\/Group-43boton-300x77.png 300w\" sizes=\"auto, (max-width: 343px) 100vw, 343px\" \/><\/a><\/figure>\n\n\n\n<p><strong>Portal de Transparencia Activa<\/strong><\/p>\n\n\n\n<p>Por&nbsp;<strong>Resoluci\u00f3n SENAC N\u00b029\/2022<\/strong>&nbsp;se aprob\u00f3 y dispuso la implementaci\u00f3n del Portal de Transparencia de la SENAC. La plataforma est\u00e1 orientada a facilitar el acceso a la informaci\u00f3n p\u00fablica estandarizada e integral y a la medici\u00f3n de los niveles de cumplimiento por parte de las instituciones, conforme a las obligaciones de publicaci\u00f3n exigidas por la Ley N\u00b05282\/14 \u201cDe Libre Acceso Ciudadano a la Informaci\u00f3n P\u00fablica y Transparencia Gubernamental\u201d, cuenta con mecanismos de filtros para facilitar la b\u00fasqueda de la informaci\u00f3n por periodo de tiempo, instituci\u00f3n, nivel, materia o indicadores de los incisos. Tambi\u00e9n se puede descargar la fuente de datos del panel en formato de datos abiertos en su respectiva secci\u00f3n.<\/p>\n\n\n\n<p>La Secretar\u00eda Nacional de Anticorrupci\u00f3n es la instituci\u00f3n responsable de monitorear el cumplimiento de la normativa en la \u00f3rbita del Poder Ejecutivo e instituciones adheridas por convenio.<\/p>\n\n\n\n<figure class=\"wp-block-image size-full\"><a href=\"https:\/\/transparencia.senac.gov.py\/portal\"><img loading=\"lazy\" decoding=\"async\" width=\"326\" height=\"108\" src=\"https:\/\/www.contrataciones.gov.py\/dncp\/wp-content\/uploads\/2024\/12\/Group-44boton.png\" alt=\"\" class=\"wp-image-13579\" srcset=\"https:\/\/www.contrataciones.gov.py\/dncp\/wp-content\/uploads\/2024\/12\/Group-44boton.png 326w, https:\/\/www.contrataciones.gov.py\/dncp\/wp-content\/uploads\/2024\/12\/Group-44boton-300x99.png 300w\" sizes=\"auto, (max-width: 326px) 100vw, 326px\" \/><\/a><\/figure>\n","protected":false},"excerpt":{"rendered":"\u00bfQu\u00e9 es la transparencia activa? Es la obligaci\u00f3n de las fuentes p\u00fablicas de poner a disposici\u00f3n de cualquier persona la informaci\u00f3n p\u00fablica en todo momento, y en forma tal, que est\u00e9 siempre actualizada y sea accesible y comprensible. \u00bfQui\u00e9nes ser\u00edan las fuentes p\u00fablicas? Los organismos enumerados en el art\u00edculo 2\u00b0 de la Ley N\u00b05282\/14 \u201cDe [&hellip;]","protected":false},"author":26,"featured_media":0,"parent":10523,"menu_order":2,"comment_status":"closed","ping_status":"closed","template":"","meta":{"footnotes":""},"class_list":["post-10531","page","type-page","status-publish","hentry"],"_links":{"self":[{"href":"https:\/\/www.contrataciones.gov.py\/dncp\/wp-json\/wp\/v2\/pages\/10531","targetHints":{"allow":["GET"]}}],"collection":[{"href":"https:\/\/www.contrataciones.gov.py\/dncp\/wp-json\/wp\/v2\/pages"}],"about":[{"href":"https:\/\/www.contrataciones.gov.py\/dncp\/wp-json\/wp\/v2\/types\/page"}],"author":[{"embeddable":true,"href":"https:\/\/www.contrataciones.gov.py\/dncp\/wp-json\/wp\/v2\/users\/26"}],"replies":[{"embeddable":true,"href":"https:\/\/www.contrataciones.gov.py\/dncp\/wp-json\/wp\/v2\/comments?post=10531"}],"version-history":[{"count":7,"href":"https:\/\/www.contrataciones.gov.py\/dncp\/wp-json\/wp\/v2\/pages\/10531\/revisions"}],"predecessor-version":[{"id":13691,"href":"https:\/\/www.contrataciones.gov.py\/dncp\/wp-json\/wp\/v2\/pages\/10531\/revisions\/13691"}],"up":[{"embeddable":true,"href":"https:\/\/www.contrataciones.gov.py\/dncp\/wp-json\/wp\/v2\/pages\/10523"}],"wp:attachment":[{"href":"https:\/\/www.contrataciones.gov.py\/dncp\/wp-json\/wp\/v2\/media?parent=10531"}],"curies":[{"name":"wp","href":"https:\/\/api.w.org\/{rel}","templated":true}]}}