{"id":10555,"date":"2024-05-02T09:23:51","date_gmt":"2024-05-02T13:23:51","guid":{"rendered":"https:\/\/www.contrataciones.gov.py\/dncp\/?page_id=10555"},"modified":"2024-12-05T15:02:13","modified_gmt":"2024-12-05T18:02:13","slug":"transparencia-pasiva","status":"publish","type":"page","link":"https:\/\/www.contrataciones.gov.py\/dncp\/tyc\/transparencia-pasiva\/","title":{"rendered":"Transparencia Pasiva"},"content":{"rendered":"\n<figure class=\"wp-block-image size-full\"><img loading=\"lazy\" decoding=\"async\" width=\"1920\" height=\"406\" src=\"https:\/\/www.contrataciones.gov.py\/dncp\/wp-content\/uploads\/2024\/12\/actualizacion-de-usuarios-de-Unidades-de-Contratacion_WEB-22.jpg\" alt=\"\" class=\"wp-image-13071\" srcset=\"https:\/\/www.contrataciones.gov.py\/dncp\/wp-content\/uploads\/2024\/12\/actualizacion-de-usuarios-de-Unidades-de-Contratacion_WEB-22.jpg 1920w, https:\/\/www.contrataciones.gov.py\/dncp\/wp-content\/uploads\/2024\/12\/actualizacion-de-usuarios-de-Unidades-de-Contratacion_WEB-22-300x63.jpg 300w, https:\/\/www.contrataciones.gov.py\/dncp\/wp-content\/uploads\/2024\/12\/actualizacion-de-usuarios-de-Unidades-de-Contratacion_WEB-22-1024x217.jpg 1024w, https:\/\/www.contrataciones.gov.py\/dncp\/wp-content\/uploads\/2024\/12\/actualizacion-de-usuarios-de-Unidades-de-Contratacion_WEB-22-768x162.jpg 768w, https:\/\/www.contrataciones.gov.py\/dncp\/wp-content\/uploads\/2024\/12\/actualizacion-de-usuarios-de-Unidades-de-Contratacion_WEB-22-1536x325.jpg 1536w\" sizes=\"auto, (max-width: 1920px) 100vw, 1920px\" \/><\/figure>\n\n\n\n<p><strong>\u00bfQu\u00e9 es la transparencia pasiva?<\/strong><\/p>\n\n\n\n<p>Es el derecho que toda persona tiene para obtener informaci\u00f3n p\u00fablica en distintos formatos y soportes. Es una herramienta de rendici\u00f3n de cuentas que fomenta la participaci\u00f3n ciudadana.<\/p>\n\n\n\n<pre class=\"wp-block-code\"><code><strong>ARTICULO 28 - DEL DERECHO A INFORMARSE<\/strong>\n\nSe reconoce el derecho de las personas a recibir informaci\u00f3n veraz, responsable y ecu\u00e1nime.\n\nLas fuentes p\u00fablicas de informaci\u00f3n son libres para todos. La ley regular\u00e1 las modalidades, plazos y sanciones correspondientes a las mismas, a fin de que este derecho sea efectivo.\n\nToda persona afectada por la difusi\u00f3n de una informaci\u00f3n falsa, distorsionada o ambigua tiene derecho a exigir su rectificaci\u00f3n o su aclaraci\u00f3n por el mismo medio y en las mismas condiciones que haya sido divulgada, sin perjuicio de los dem\u00e1s derechos compensatorios.<\/code><\/pre>\n\n\n\n<p><strong>\u00bfQu\u00e9 es informaci\u00f3n p\u00fablica?<\/strong><\/p>\n\n\n\n<p>Es aquella producida, obtenida, bajo control o en poder de las <strong>fuentes p\u00fablicas<\/strong>, independientemente de su formato, soporte, fecha de creaci\u00f3n, origen, clasificaci\u00f3n o procesamiento, salvo que se encuentre establecida como secreta o de car\u00e1cter reservado por las leyes.<\/p>\n\n\n\n<p>La Ley 5282\/14 prev\u00e9 que los interesados puedan solicitar la informaci\u00f3n de manera personal ya sea verbal o escrita y a trav\u00e9s de correo electr\u00f3nico; las particulares de la solicitud y el procesamiento de toda solicitud est\u00e1n contenidas en la Ley 5282 y su decreto reglamentario N\u00b04064\/15; <strong>las respuestas deben entregarse dentro del plazo de 15 d\u00edas h\u00e1biles<\/strong>, contados desde el d\u00eda siguiente de la presentaci\u00f3n.<\/p>\n\n\n\n<p>La DNCP cuenta con una dependencia de Acceso a la Informaci\u00f3n P\u00fablica y Planificaci\u00f3n que tiene como responsabilidad la recepci\u00f3n de solicitudes de informaci\u00f3n p\u00fablica y el procesamiento y la gesti\u00f3n de las mismas para que las respuestas lleguen en tiempo y forma a los solicitantes.<\/p>\n\n\n\n<p><strong>Formulario de Acceso a la Informaci\u00f3n P\u00fablica:<\/strong> <a href=\"https:\/\/www.contrataciones.gov.py\/dncp\/wp-content\/uploads\/2024\/12\/Formulario-AIP.docx\"><strong><em>Descargue aqu\u00ed<\/em><\/strong><\/a><\/p>\n\n\n\n<figure class=\"wp-block-image size-large\"><a href=\"https:\/\/informacionpublica.paraguay.gov.py\/#!\/\"><img loading=\"lazy\" decoding=\"async\" width=\"1024\" height=\"71\" src=\"https:\/\/www.contrataciones.gov.py\/dncp\/wp-content\/uploads\/2024\/12\/boton-solicita-4-1024x71.png\" alt=\"\" class=\"wp-image-13571\" srcset=\"https:\/\/www.contrataciones.gov.py\/dncp\/wp-content\/uploads\/2024\/12\/boton-solicita-4-1024x71.png 1024w, https:\/\/www.contrataciones.gov.py\/dncp\/wp-content\/uploads\/2024\/12\/boton-solicita-4-300x21.png 300w, https:\/\/www.contrataciones.gov.py\/dncp\/wp-content\/uploads\/2024\/12\/boton-solicita-4-768x53.png 768w, https:\/\/www.contrataciones.gov.py\/dncp\/wp-content\/uploads\/2024\/12\/boton-solicita-4.png 1082w\" sizes=\"auto, (max-width: 1024px) 100vw, 1024px\" \/><\/a><\/figure>\n\n\n\n<p>Art\u00b0 8 tercer p\u00e1rrafo, del Decreto Reglamentario N\u00b04064\/15 de la Ley N\u00b05282\/14:&nbsp;\u201c<em>Las fuentes p\u00fablicas que gocen de autonom\u00eda funcional podr\u00e1n contar con sus propias plataformas o adherir a la prevista en este art\u00edculo<\/em>\u201d.<\/p>\n\n\n\n<ul class=\"wp-block-list\">\n<li><strong>Corte Suprema de Justicia (CSJ) &nbsp;<\/strong><br>Tel\u00e9fonos: 2199-3897, 0800-118-100 | Correo: accesoalainformacion@pj.gov.py, infojusticia@pj.gov.py<\/li>\n\n\n\n<li><strong>Tribunal Superior de Justicia Electoral (TSJE) &nbsp;<\/strong><br>Tel\u00e9fonos: 6180-683\/4 | Correo: oaip@tsje.gov.py<\/li>\n<\/ul>\n","protected":false},"excerpt":{"rendered":"\u00bfQu\u00e9 es la transparencia pasiva? Es el derecho que toda persona tiene para obtener informaci\u00f3n p\u00fablica en distintos formatos y soportes. Es una herramienta de rendici\u00f3n de cuentas que fomenta la participaci\u00f3n ciudadana. \u00bfQu\u00e9 es informaci\u00f3n p\u00fablica? Es aquella producida, obtenida, bajo control o en poder de las fuentes p\u00fablicas, independientemente de su formato, soporte, [&hellip;]","protected":false},"author":26,"featured_media":0,"parent":10523,"menu_order":3,"comment_status":"closed","ping_status":"closed","template":"","meta":{"footnotes":""},"class_list":["post-10555","page","type-page","status-publish","hentry"],"_links":{"self":[{"href":"https:\/\/www.contrataciones.gov.py\/dncp\/wp-json\/wp\/v2\/pages\/10555","targetHints":{"allow":["GET"]}}],"collection":[{"href":"https:\/\/www.contrataciones.gov.py\/dncp\/wp-json\/wp\/v2\/pages"}],"about":[{"href":"https:\/\/www.contrataciones.gov.py\/dncp\/wp-json\/wp\/v2\/types\/page"}],"author":[{"embeddable":true,"href":"https:\/\/www.contrataciones.gov.py\/dncp\/wp-json\/wp\/v2\/users\/26"}],"replies":[{"embeddable":true,"href":"https:\/\/www.contrataciones.gov.py\/dncp\/wp-json\/wp\/v2\/comments?post=10555"}],"version-history":[{"count":9,"href":"https:\/\/www.contrataciones.gov.py\/dncp\/wp-json\/wp\/v2\/pages\/10555\/revisions"}],"predecessor-version":[{"id":13695,"href":"https:\/\/www.contrataciones.gov.py\/dncp\/wp-json\/wp\/v2\/pages\/10555\/revisions\/13695"}],"up":[{"embeddable":true,"href":"https:\/\/www.contrataciones.gov.py\/dncp\/wp-json\/wp\/v2\/pages\/10523"}],"wp:attachment":[{"href":"https:\/\/www.contrataciones.gov.py\/dncp\/wp-json\/wp\/v2\/media?parent=10555"}],"curies":[{"name":"wp","href":"https:\/\/api.w.org\/{rel}","templated":true}]}}