{"id":10583,"date":"2024-05-02T10:29:41","date_gmt":"2024-05-02T14:29:41","guid":{"rendered":"https:\/\/www.contrataciones.gov.py\/dncp\/?page_id=10583"},"modified":"2024-12-04T09:35:08","modified_gmt":"2024-12-04T12:35:08","slug":"que-es-el-compliance-en-el-ambito-del-sector-publico","status":"publish","type":"page","link":"https:\/\/www.contrataciones.gov.py\/dncp\/institucional\/compliance\/que-es-el-compliance-en-el-ambito-del-sector-publico\/","title":{"rendered":"\u00bfQu\u00e9 es el Compliance en el \u00e1mbito del sector p\u00fablico?"},"content":{"rendered":"\n<figure class=\"wp-block-image size-full\"><img loading=\"lazy\" decoding=\"async\" width=\"1920\" height=\"406\" src=\"https:\/\/www.contrataciones.gov.py\/dncp\/wp-content\/uploads\/2024\/12\/actualizacion-de-usuarios-de-Unidades-de-Contratacion_WEB-1-1.png\" alt=\"\" class=\"wp-image-12791\" srcset=\"https:\/\/www.contrataciones.gov.py\/dncp\/wp-content\/uploads\/2024\/12\/actualizacion-de-usuarios-de-Unidades-de-Contratacion_WEB-1-1.png 1920w, https:\/\/www.contrataciones.gov.py\/dncp\/wp-content\/uploads\/2024\/12\/actualizacion-de-usuarios-de-Unidades-de-Contratacion_WEB-1-1-300x63.png 300w, https:\/\/www.contrataciones.gov.py\/dncp\/wp-content\/uploads\/2024\/12\/actualizacion-de-usuarios-de-Unidades-de-Contratacion_WEB-1-1-1024x217.png 1024w, https:\/\/www.contrataciones.gov.py\/dncp\/wp-content\/uploads\/2024\/12\/actualizacion-de-usuarios-de-Unidades-de-Contratacion_WEB-1-1-768x162.png 768w, https:\/\/www.contrataciones.gov.py\/dncp\/wp-content\/uploads\/2024\/12\/actualizacion-de-usuarios-de-Unidades-de-Contratacion_WEB-1-1-1536x325.png 1536w\" sizes=\"auto, (max-width: 1920px) 100vw, 1920px\" \/><\/figure>\n\n\n\n<p><strong>\u00bfQu\u00e9 es el Compliance en el \u00e1mbito del sector p\u00fablico?<\/strong><\/p>\n\n\n\n<p>El Compliance (cumplimiento) en el \u00e1mbito del sector p\u00fablico se refiere al conjunto de pr\u00e1cticas, pol\u00edticas y procedimientos dise\u00f1ados para garantizar que las Entidades del Estado cumplan con las leyes, regulaciones y est\u00e1ndares \u00e9ticos aplicables. Aunque el cumplimiento es m\u00e1s com\u00fan asociado con el sector privado, su importancia en el sector p\u00fablico radica en la necesidad de promover la transparencia, la integridad y la eficacia en la gesti\u00f3n gubernamental.<\/p>\n","protected":false},"excerpt":{"rendered":"\u00bfQu\u00e9 es el Compliance en el \u00e1mbito del sector p\u00fablico? El Compliance (cumplimiento) en el \u00e1mbito del sector p\u00fablico se refiere al conjunto de pr\u00e1cticas, pol\u00edticas y procedimientos dise\u00f1ados para garantizar que las Entidades del Estado cumplan con las leyes, regulaciones y est\u00e1ndares \u00e9ticos aplicables. Aunque el cumplimiento es m\u00e1s com\u00fan asociado con el sector [&hellip;]","protected":false},"author":26,"featured_media":0,"parent":10575,"menu_order":1,"comment_status":"closed","ping_status":"closed","template":"","meta":{"footnotes":""},"class_list":["post-10583","page","type-page","status-publish","hentry"],"_links":{"self":[{"href":"https:\/\/www.contrataciones.gov.py\/dncp\/wp-json\/wp\/v2\/pages\/10583","targetHints":{"allow":["GET"]}}],"collection":[{"href":"https:\/\/www.contrataciones.gov.py\/dncp\/wp-json\/wp\/v2\/pages"}],"about":[{"href":"https:\/\/www.contrataciones.gov.py\/dncp\/wp-json\/wp\/v2\/types\/page"}],"author":[{"embeddable":true,"href":"https:\/\/www.contrataciones.gov.py\/dncp\/wp-json\/wp\/v2\/users\/26"}],"replies":[{"embeddable":true,"href":"https:\/\/www.contrataciones.gov.py\/dncp\/wp-json\/wp\/v2\/comments?post=10583"}],"version-history":[{"count":8,"href":"https:\/\/www.contrataciones.gov.py\/dncp\/wp-json\/wp\/v2\/pages\/10583\/revisions"}],"predecessor-version":[{"id":12795,"href":"https:\/\/www.contrataciones.gov.py\/dncp\/wp-json\/wp\/v2\/pages\/10583\/revisions\/12795"}],"up":[{"embeddable":true,"href":"https:\/\/www.contrataciones.gov.py\/dncp\/wp-json\/wp\/v2\/pages\/10575"}],"wp:attachment":[{"href":"https:\/\/www.contrataciones.gov.py\/dncp\/wp-json\/wp\/v2\/media?parent=10583"}],"curies":[{"name":"wp","href":"https:\/\/api.w.org\/{rel}","templated":true}]}}