{"id":10591,"date":"2024-05-02T10:32:17","date_gmt":"2024-05-02T14:32:17","guid":{"rendered":"https:\/\/www.contrataciones.gov.py\/dncp\/?page_id=10591"},"modified":"2024-12-04T09:35:35","modified_gmt":"2024-12-04T12:35:35","slug":"politica-de-integridad-y-compliance","status":"publish","type":"page","link":"https:\/\/www.contrataciones.gov.py\/dncp\/institucional\/compliance\/politica-de-integridad-y-compliance\/","title":{"rendered":"Pol\u00edtica de Integridad y Compliance"},"content":{"rendered":"\n<figure class=\"wp-block-image size-full\"><img loading=\"lazy\" decoding=\"async\" width=\"1920\" height=\"406\" src=\"https:\/\/www.contrataciones.gov.py\/dncp\/wp-content\/uploads\/2024\/12\/actualizacion-de-usuarios-de-Unidades-de-Contratacion_WEB-2.jpg\" alt=\"\" class=\"wp-image-12799\" srcset=\"https:\/\/www.contrataciones.gov.py\/dncp\/wp-content\/uploads\/2024\/12\/actualizacion-de-usuarios-de-Unidades-de-Contratacion_WEB-2.jpg 1920w, https:\/\/www.contrataciones.gov.py\/dncp\/wp-content\/uploads\/2024\/12\/actualizacion-de-usuarios-de-Unidades-de-Contratacion_WEB-2-300x63.jpg 300w, https:\/\/www.contrataciones.gov.py\/dncp\/wp-content\/uploads\/2024\/12\/actualizacion-de-usuarios-de-Unidades-de-Contratacion_WEB-2-1024x217.jpg 1024w, https:\/\/www.contrataciones.gov.py\/dncp\/wp-content\/uploads\/2024\/12\/actualizacion-de-usuarios-de-Unidades-de-Contratacion_WEB-2-768x162.jpg 768w, https:\/\/www.contrataciones.gov.py\/dncp\/wp-content\/uploads\/2024\/12\/actualizacion-de-usuarios-de-Unidades-de-Contratacion_WEB-2-1536x325.jpg 1536w\" sizes=\"auto, (max-width: 1920px) 100vw, 1920px\" \/><\/figure>\n\n\n\n<p>La contrataci\u00f3n p\u00fablica es una de las actividades m\u00e1s propensas a la corrupci\u00f3n y al fraude a nivel mundial. Es fundamental fortalecer la transparencia y fomentar la integridad en todas las etapas del proceso de contrataci\u00f3n, desde la planificaci\u00f3n hasta la adjudicaci\u00f3n, poniendo especial \u00e9nfasis en la ejecuci\u00f3n contractual.<\/p>\n\n\n\n<p>Por Resoluci\u00f3n DNCP N\u00b02122\/2022 se aprueba la Pol\u00edtica de Integridad y Compliance en el \u00e1mbito de las contrataciones y compras p\u00fablicas.<\/p>\n\n\n\n<p>DECLARAMOS el compromiso del SISTEMA DE CONTRATACIONES P\u00daBLICAS con la Prevenci\u00f3n y el Combate a la Corrupci\u00f3n, as\u00ed como la Promoci\u00f3n de la Integridad, por medio de planes, programas y acciones institucionales que en todo procedimiento de contrataci\u00f3n p\u00fablica garantizar\u00e1n:<\/p>\n\n\n\n<ol class=\"wp-block-list\">\n<li>La prevenci\u00f3n y detecci\u00f3n del uso de recursos financieros irregulares en la ejecuci\u00f3n de contratos p\u00fablicos, incluyendo todas las formas de blanqueo de capitales<\/li>\n\n\n\n<li>El fomento de la implementaci\u00f3n de programas de cumplimiento empresarial (compliance) y Buen Gobierno Corporativo<\/li>\n\n\n\n<li>La transparencia de la informaci\u00f3n<\/li>\n\n\n\n<li>La Prevenci\u00f3n, detecci\u00f3n y soluci\u00f3n de modo efectivo de conflicto de intereses<\/li>\n\n\n\n<li>El fomento de la competencia leal<\/li>\n<\/ol>\n","protected":false},"excerpt":{"rendered":"La contrataci\u00f3n p\u00fablica es una de las actividades m\u00e1s propensas a la corrupci\u00f3n y al fraude a nivel mundial. Es fundamental fortalecer la transparencia y fomentar la integridad en todas las etapas del proceso de contrataci\u00f3n, desde la planificaci\u00f3n hasta la adjudicaci\u00f3n, poniendo especial \u00e9nfasis en la ejecuci\u00f3n contractual. Por Resoluci\u00f3n DNCP N\u00b02122\/2022 se aprueba [&hellip;]","protected":false},"author":26,"featured_media":0,"parent":10575,"menu_order":1,"comment_status":"closed","ping_status":"closed","template":"","meta":{"footnotes":""},"class_list":["post-10591","page","type-page","status-publish","hentry"],"_links":{"self":[{"href":"https:\/\/www.contrataciones.gov.py\/dncp\/wp-json\/wp\/v2\/pages\/10591","targetHints":{"allow":["GET"]}}],"collection":[{"href":"https:\/\/www.contrataciones.gov.py\/dncp\/wp-json\/wp\/v2\/pages"}],"about":[{"href":"https:\/\/www.contrataciones.gov.py\/dncp\/wp-json\/wp\/v2\/types\/page"}],"author":[{"embeddable":true,"href":"https:\/\/www.contrataciones.gov.py\/dncp\/wp-json\/wp\/v2\/users\/26"}],"replies":[{"embeddable":true,"href":"https:\/\/www.contrataciones.gov.py\/dncp\/wp-json\/wp\/v2\/comments?post=10591"}],"version-history":[{"count":3,"href":"https:\/\/www.contrataciones.gov.py\/dncp\/wp-json\/wp\/v2\/pages\/10591\/revisions"}],"predecessor-version":[{"id":12803,"href":"https:\/\/www.contrataciones.gov.py\/dncp\/wp-json\/wp\/v2\/pages\/10591\/revisions\/12803"}],"up":[{"embeddable":true,"href":"https:\/\/www.contrataciones.gov.py\/dncp\/wp-json\/wp\/v2\/pages\/10575"}],"wp:attachment":[{"href":"https:\/\/www.contrataciones.gov.py\/dncp\/wp-json\/wp\/v2\/media?parent=10591"}],"curies":[{"name":"wp","href":"https:\/\/api.w.org\/{rel}","templated":true}]}}