{"id":10599,"date":"2024-05-02T11:02:07","date_gmt":"2024-05-02T15:02:07","guid":{"rendered":"https:\/\/www.contrataciones.gov.py\/dncp\/?page_id=10599"},"modified":"2024-12-04T11:41:47","modified_gmt":"2024-12-04T14:41:47","slug":"plan-de-accion","status":"publish","type":"page","link":"https:\/\/www.contrataciones.gov.py\/dncp\/institucional\/compliance\/plan-de-accion\/","title":{"rendered":"Plan de Acci\u00f3n"},"content":{"rendered":"\n<figure class=\"wp-block-image size-full\"><img loading=\"lazy\" decoding=\"async\" width=\"1920\" height=\"406\" src=\"https:\/\/www.contrataciones.gov.py\/dncp\/wp-content\/uploads\/2024\/12\/actualizacion-de-usuarios-de-Unidades-de-Contratacion_WEB-1.jpg\" alt=\"\" class=\"wp-image-12771\" srcset=\"https:\/\/www.contrataciones.gov.py\/dncp\/wp-content\/uploads\/2024\/12\/actualizacion-de-usuarios-de-Unidades-de-Contratacion_WEB-1.jpg 1920w, https:\/\/www.contrataciones.gov.py\/dncp\/wp-content\/uploads\/2024\/12\/actualizacion-de-usuarios-de-Unidades-de-Contratacion_WEB-1-300x63.jpg 300w, https:\/\/www.contrataciones.gov.py\/dncp\/wp-content\/uploads\/2024\/12\/actualizacion-de-usuarios-de-Unidades-de-Contratacion_WEB-1-1024x217.jpg 1024w, https:\/\/www.contrataciones.gov.py\/dncp\/wp-content\/uploads\/2024\/12\/actualizacion-de-usuarios-de-Unidades-de-Contratacion_WEB-1-768x162.jpg 768w, https:\/\/www.contrataciones.gov.py\/dncp\/wp-content\/uploads\/2024\/12\/actualizacion-de-usuarios-de-Unidades-de-Contratacion_WEB-1-1536x325.jpg 1536w\" sizes=\"auto, (max-width: 1920px) 100vw, 1920px\" \/><\/figure>\n\n\n\n<p>El marco regulatorio paraguayo, en particular la Ley N\u00b07021\/22 y la Resoluci\u00f3n DNCP N\u00b02122\/2022, respaldan la implementaci\u00f3n de medidas de Integridad y Compliance en las contrataciones y compras p\u00fablicas. Asimismo, la adhesi\u00f3n de Paraguay a la Convenci\u00f3n de las Naciones Unidas Contra la Corrupci\u00f3n (UNCAC) refuerza la importancia de promover medidas anticorrupci\u00f3n en el \u00e1mbito p\u00fablico y privado.<\/p>\n\n\n\n<p>El Plan de Acci\u00f3n se estructura en cinco niveles, desde la l\u00ednea de base hasta el liderazgo, abarcando aspectos como pol\u00edticas, estrategias, comunicaci\u00f3n, capacitaci\u00f3n, procesos de compras, relacionamiento con entidades convocantes y proveedores, as\u00ed como medidas y resultados. Cada nivel contempla acciones espec\u00edficas destinadas a promover la integridad y el cumplimiento normativo en las contrataciones p\u00fablicas.<\/p>\n\n\n\n<p><\/p>\n\n\n<div class=\"wp-block-image\">\n<figure class=\"aligncenter size-full\"><a href=\"https:\/\/www.contrataciones.gov.py\/dncp\/wp-content\/uploads\/2024\/07\/Plan-de-accion-para-la-Implementacion-de-la-Politica-de-Integridad-y-Compliance-en-el-ambito-de-las-Contrataciones-y-Compras-Publicas.pdf\"><img loading=\"lazy\" decoding=\"async\" width=\"326\" height=\"108\" src=\"https:\/\/www.contrataciones.gov.py\/dncp\/wp-content\/uploads\/2024\/12\/Group-37boton-2.png\" alt=\"\" class=\"wp-image-12767\" srcset=\"https:\/\/www.contrataciones.gov.py\/dncp\/wp-content\/uploads\/2024\/12\/Group-37boton-2.png 326w, https:\/\/www.contrataciones.gov.py\/dncp\/wp-content\/uploads\/2024\/12\/Group-37boton-2-300x99.png 300w\" sizes=\"auto, (max-width: 326px) 100vw, 326px\" \/><\/a><\/figure>\n<\/div>\n\n\n<p><strong>Objetivos generales:<\/strong><\/p>\n\n\n\n<p><strong><u>POL\u00cdTICA, ESTRATEGIA Y COMUNICACI\u00d3N<\/u><\/strong><\/p>\n\n\n\n<p>1. Consolidar los conceptos de Integridad y Compliance como un eje estrat\u00e9gico de las compras p\u00fablicas en Paraguay.<br><br>2. Entender los objetivos generales de Compliance e integridad para las compras p\u00fablicas como un conjunto din\u00e1mico que deber\u00e1 ajustarse peri\u00f3dicamente, atendiendo a los procesos de mejora continua y variaci\u00f3n del contexto.&nbsp;<br>&nbsp;<br>3. Establecer buenas pr\u00e1cticas que permitan al Estado paraguayo satisfacer sus necesidades mediante un sistema de compras p\u00fablicas basado en la integridad, competencia y con criterios objetivos de adopci\u00f3n de toma de decisiones para prevenir posibles hechos de corrupci\u00f3n.<\/p>\n\n\n\n<p><strong><u>PERSONAS<\/u><\/strong><\/p>\n\n\n\n<p>1. Buscar la consolidaci\u00f3n de la Pol\u00edtica de Integridad y Compliance a partir del trabajo colaborativo con l\u00edderes estrat\u00e9gicos, agentes y funcionarios de la administraci\u00f3n, capacitados e informados.<br><br>2. Poner a disposici\u00f3n de los servidores p\u00fablicos, proveedores del Estado, tomadores de decisi\u00f3n y de la ciudadan\u00eda en general, herramientas e instrumentos que faciliten la comprensi\u00f3n, alcances y ejecuci\u00f3n de la gesti\u00f3n de procesos de compras p\u00fablicas basados en la integridad y transparencia.<br><br>3. Destacar a los servidores p\u00fablicos y proveedores del Estado que muestren mejor desempe\u00f1o en el logro de las metas establecidas y quienes asuman el desaf\u00edo de proponer y llevar adelante soluciones innovadoras en el proceso de transformaci\u00f3n hacia una compra p\u00fablica \u00edntegra y transparente.<\/p>\n\n\n\n<p><strong><u>PROCESO DE COMPRAS<\/u><\/strong><\/p>\n\n\n\n<p>1. Promover la gesti\u00f3n y entendimiento de las compras p\u00fablicas \u00edntegras, sobre la base de la prevenci\u00f3n y combate de la corrupci\u00f3n.&nbsp;&nbsp;&nbsp;&nbsp;&nbsp;&nbsp;&nbsp;&nbsp;&nbsp;&nbsp;&nbsp;&nbsp;&nbsp;&nbsp;&nbsp;&nbsp;&nbsp;&nbsp;&nbsp;&nbsp;&nbsp;&nbsp;&nbsp;&nbsp;&nbsp;&nbsp;&nbsp;&nbsp;&nbsp;&nbsp;&nbsp;&nbsp;&nbsp;&nbsp;&nbsp;&nbsp;&nbsp;&nbsp;&nbsp;&nbsp;&nbsp;&nbsp;&nbsp;&nbsp;&nbsp;&nbsp;&nbsp;&nbsp;&nbsp;&nbsp;&nbsp;&nbsp;&nbsp;&nbsp;&nbsp;&nbsp;&nbsp;&nbsp;&nbsp;&nbsp;&nbsp;&nbsp;&nbsp;&nbsp;&nbsp;<\/p>\n\n\n\n<p>2. Impulsar un programa de cumplimiento regulatorio en las contrataciones p\u00fablicas; promoviendo la integridad y \u00e9tica p\u00fablica, la innovaci\u00f3n, la equidad y la debida diligencia.<br>&nbsp;&nbsp;&nbsp;&nbsp;&nbsp;&nbsp;&nbsp;&nbsp;&nbsp;&nbsp;&nbsp;&nbsp;&nbsp;&nbsp;&nbsp;&nbsp;&nbsp;&nbsp;&nbsp;&nbsp;&nbsp;&nbsp;&nbsp;&nbsp;&nbsp;&nbsp;&nbsp;&nbsp;&nbsp;&nbsp;&nbsp;&nbsp;&nbsp;&nbsp;&nbsp;&nbsp;&nbsp;&nbsp;&nbsp;&nbsp;&nbsp;&nbsp;&nbsp;&nbsp;&nbsp;&nbsp;&nbsp;&nbsp;&nbsp;&nbsp;&nbsp;&nbsp;&nbsp;&nbsp;&nbsp;&nbsp;&nbsp;&nbsp;&nbsp;&nbsp;&nbsp;&nbsp;&nbsp;&nbsp;&nbsp;&nbsp;&nbsp;&nbsp;&nbsp;&nbsp;&nbsp;&nbsp;&nbsp;&nbsp;&nbsp;&nbsp;&nbsp;&nbsp;&nbsp;&nbsp;&nbsp;&nbsp;&nbsp;&nbsp;&nbsp;&nbsp;&nbsp;&nbsp;&nbsp;&nbsp;&nbsp;&nbsp;&nbsp; &nbsp;&nbsp;&nbsp;<br>3. Crear y mantener un Sistema de Gesti\u00f3n de Riesgos y Control Interno para identificar y mitigar riesgos de integridad en las contrataciones p\u00fablicas, mediante planes, programas y acciones institucionales que garanticen la transparencia de todo el proceso de contrataci\u00f3n p\u00fablica.<\/p>\n\n\n\n<p><strong><u><strong>RELACIONAMIENTO CON ENTIDADES CONVOCANTES<\/strong><\/u><\/strong><\/p>\n\n\n\n<p>1. Afianzar un modelo de perfil de integridad de los servidores p\u00fablicos para quienes formen parte de Comit\u00e9s de Evaluaci\u00f3n, Unidades Operativas de Contrataci\u00f3n y Administradores de Contratos.<\/p>\n\n\n\n<p>2. Destacar a aquellas Entidades Convocantes que promuevan una conducta responsable e \u00edntegra entre los servidores p\u00fablicos respecto a las pautas o directrices emitidas por la Direcci\u00f3n Nacional de Contrataciones P\u00fablicas en el marco de la aplicaci\u00f3n de la Pol\u00edtica.<\/p>\n\n\n\n<p>3. Promover espacios de intercambios con los Entes Estatales para propiciar oportunidades de mejoras en la aplicaci\u00f3n de la presente Pol\u00edtica y para compartir mejores pr\u00e1cticas de prevenci\u00f3n y lucha contra la corrupci\u00f3n.<\/p>\n\n\n\n<p><strong><u><strong>RELACIONAMIENTO CON PROVEEDORES<\/strong><\/u><\/strong><\/p>\n\n\n\n<p>1. Afianzar un modelo de perfil de integridad para los proveedores del Estado.<br><br>2. Validar y destacar aquellos proveedores con una conducta empresarial responsable e \u00edntegra; respecto a las pautas o directrices emitidas por la Direcci\u00f3n Nacional de Contrataciones P\u00fablicas en el marco de la aplicaci\u00f3n de la Pol\u00edtica.<\/p>\n\n\n\n<p>3. Promover espacios de intercambios con el sector privado compuesto por c\u00e1maras de comercio, grupos empresariales, proveedores del estado, MIPYMES, sociedad civil y otros para propiciar oportunidades de mejoras en la aplicaci\u00f3n de la presente Pol\u00edtica.<\/p>\n\n\n\n<p><strong><u><strong><strong>MEDIDAS Y RESULTADOS<\/strong><\/strong><\/u><\/strong><\/p>\n\n\n\n<p>1. Medir la eficacia de la pol\u00edtica a partir de: resultados obtenidos, impactos negativos mitigados o evitados, oportunidades y beneficios obtenidos.<br><br>2. Evaluar el desempe\u00f1o de los actores involucrados, destacando las mejores pr\u00e1cticas.<br><br>3. Disponibilidad en formato abierto los datos referentes a las compras p\u00fablicas \u00edntegras y transparentes.<\/p>\n\n\n\n<p>Este plan abarca los siguientes 5 a\u00f1os. <\/p>\n\n\n\n<p><strong><u>Temas resueltos en la actualidad:<\/u><\/strong><\/p>\n\n\n\n<figure class=\"wp-block-image size-full\"><img loading=\"lazy\" decoding=\"async\" width=\"800\" height=\"637\" src=\"https:\/\/www.contrataciones.gov.py\/dncp\/wp-content\/uploads\/2024\/05\/grafica.png\" alt=\"\" class=\"wp-image-10927\" srcset=\"https:\/\/www.contrataciones.gov.py\/dncp\/wp-content\/uploads\/2024\/05\/grafica.png 800w, https:\/\/www.contrataciones.gov.py\/dncp\/wp-content\/uploads\/2024\/05\/grafica-300x239.png 300w, https:\/\/www.contrataciones.gov.py\/dncp\/wp-content\/uploads\/2024\/05\/grafica-768x612.png 768w\" sizes=\"auto, (max-width: 800px) 100vw, 800px\" \/><\/figure>\n\n\n\n<p><b style=\"mso-bidi-font-weight:normal\"><u><span style=\"font-size:11.0pt;line-height:107%;font-family:&quot;Calibri&quot;,sans-serif;\nmso-ascii-theme-font:minor-latin;mso-fareast-font-family:&quot;Times New Roman&quot;;\nmso-fareast-theme-font:minor-fareast;mso-bidi-font-family:Arial;mso-font-kerning:\n12.0pt;mso-ansi-language:ES-PY;mso-fareast-language:ES-PY;mso-bidi-language:\nAR-SA\"><\/span><\/u><\/b><\/p>\n","protected":false},"excerpt":{"rendered":"El marco regulatorio paraguayo, en particular la Ley N\u00b07021\/22 y la Resoluci\u00f3n DNCP N\u00b02122\/2022, respaldan la implementaci\u00f3n de medidas de Integridad y Compliance en las contrataciones y compras p\u00fablicas. Asimismo, la adhesi\u00f3n de Paraguay a la Convenci\u00f3n de las Naciones Unidas Contra la Corrupci\u00f3n (UNCAC) refuerza la importancia de promover medidas anticorrupci\u00f3n en el \u00e1mbito [&hellip;]","protected":false},"author":26,"featured_media":0,"parent":10575,"menu_order":3,"comment_status":"closed","ping_status":"closed","template":"","meta":{"footnotes":""},"class_list":["post-10599","page","type-page","status-publish","hentry"],"_links":{"self":[{"href":"https:\/\/www.contrataciones.gov.py\/dncp\/wp-json\/wp\/v2\/pages\/10599","targetHints":{"allow":["GET"]}}],"collection":[{"href":"https:\/\/www.contrataciones.gov.py\/dncp\/wp-json\/wp\/v2\/pages"}],"about":[{"href":"https:\/\/www.contrataciones.gov.py\/dncp\/wp-json\/wp\/v2\/types\/page"}],"author":[{"embeddable":true,"href":"https:\/\/www.contrataciones.gov.py\/dncp\/wp-json\/wp\/v2\/users\/26"}],"replies":[{"embeddable":true,"href":"https:\/\/www.contrataciones.gov.py\/dncp\/wp-json\/wp\/v2\/comments?post=10599"}],"version-history":[{"count":8,"href":"https:\/\/www.contrataciones.gov.py\/dncp\/wp-json\/wp\/v2\/pages\/10599\/revisions"}],"predecessor-version":[{"id":13271,"href":"https:\/\/www.contrataciones.gov.py\/dncp\/wp-json\/wp\/v2\/pages\/10599\/revisions\/13271"}],"up":[{"embeddable":true,"href":"https:\/\/www.contrataciones.gov.py\/dncp\/wp-json\/wp\/v2\/pages\/10575"}],"wp:attachment":[{"href":"https:\/\/www.contrataciones.gov.py\/dncp\/wp-json\/wp\/v2\/media?parent=10599"}],"curies":[{"name":"wp","href":"https:\/\/api.w.org\/{rel}","templated":true}]}}