{"id":10611,"date":"2024-05-02T11:22:38","date_gmt":"2024-05-02T15:22:38","guid":{"rendered":"https:\/\/www.contrataciones.gov.py\/dncp\/?page_id=10611"},"modified":"2024-12-04T09:22:29","modified_gmt":"2024-12-04T12:22:29","slug":"documentos-de-interes","status":"publish","type":"page","link":"https:\/\/www.contrataciones.gov.py\/dncp\/institucional\/compliance\/documentos-de-interes\/","title":{"rendered":"Documentos de Inter\u00e9s"},"content":{"rendered":"\n<figure class=\"wp-block-image size-full\"><img loading=\"lazy\" decoding=\"async\" width=\"1920\" height=\"406\" src=\"https:\/\/www.contrataciones.gov.py\/dncp\/wp-content\/uploads\/2024\/12\/actualizacion-de-usuarios-de-Unidades-de-Contratacion_WEB-1-1.jpg\" alt=\"\" class=\"wp-image-12779\" srcset=\"https:\/\/www.contrataciones.gov.py\/dncp\/wp-content\/uploads\/2024\/12\/actualizacion-de-usuarios-de-Unidades-de-Contratacion_WEB-1-1.jpg 1920w, https:\/\/www.contrataciones.gov.py\/dncp\/wp-content\/uploads\/2024\/12\/actualizacion-de-usuarios-de-Unidades-de-Contratacion_WEB-1-1-300x63.jpg 300w, https:\/\/www.contrataciones.gov.py\/dncp\/wp-content\/uploads\/2024\/12\/actualizacion-de-usuarios-de-Unidades-de-Contratacion_WEB-1-1-1024x217.jpg 1024w, https:\/\/www.contrataciones.gov.py\/dncp\/wp-content\/uploads\/2024\/12\/actualizacion-de-usuarios-de-Unidades-de-Contratacion_WEB-1-1-768x162.jpg 768w, https:\/\/www.contrataciones.gov.py\/dncp\/wp-content\/uploads\/2024\/12\/actualizacion-de-usuarios-de-Unidades-de-Contratacion_WEB-1-1-1536x325.jpg 1536w\" sizes=\"auto, (max-width: 1920px) 100vw, 1920px\" \/><\/figure>\n\n\n\n<p><strong>Resoluciones Institucionales<\/strong><\/p>\n\n\n\n<ul class=\"wp-block-list\">\n<li><a href=\"https:\/\/www.contrataciones.gov.py\/documentos\/download\/marco-legal\/60929\">Res. DNCP N\u00b0 3874\/2023<\/a> \u201c<em>Por la cual se conforma el Equipo Interno para la implementaci\u00f3n de la Pol\u00edtica de Compliance e Integridad de la DNCP y se establece su objetivo principal\u201d.<\/em><\/li>\n\n\n\n<li><a href=\"https:\/\/www.contrataciones.gov.py\/documentos\/download\/marco-legal\/60964\">Res. DNCP N\u00b0 3801\/2023<\/a> \u201c<em>Por la cual se reglamenta la organizaci\u00f3n y funcionamiento del Registro de Proveedores del Estado, del Registro de Compradores P\u00fablicas y otros registros que deben obrar en la Direcci\u00f3n Nacional de Contrataciones P\u00fablicas (DNCP)\u201d.<\/em><\/li>\n\n\n\n<li><a href=\"https:\/\/www.contrataciones.gov.py\/documentos\/download\/marco-legal\/61790\">Res. DNCP N\u00b0 4796\/2023<\/a> \u201c<em>Por la cual se aprueba el Mapa de Riesgos de Corrupci\u00f3n de la Direcci\u00f3n Nacional de Contrataciones P\u00fablicas y se dispone su implementaci\u00f3n<\/em>\u201d.<\/li>\n\n\n\n<li><a href=\"https:\/\/www.contrataciones.gov.py\/documentos\/download\/marco-legal\/61866\">Res. DNCP N\u00b0 4909\/2023<\/a> \u201c<em>Por la cual se designa Oficial de Cumplimiento de la Direcci\u00f3n Nacional de Contrataciones P\u00fablicas y se establecen sus funciones<\/em>\u201d.<\/li>\n<\/ul>\n\n\n\n<p><strong>Convenios Suscriptos<\/strong><\/p>\n\n\n\n<ul class=\"wp-block-list\">\n<li><a href=\"https:\/\/www.contrataciones.gov.py\/documentos\/download\/marco-legal\/62397\">CONVENIO 01\/24<\/a> &#8211; CONVENIO MARCO DE COOPERACI\u00d3N INTERINSTITUCIONAL ENTRE LA DNCP y EL INSTITUTO DE PREVISI\u00d3N SOCIAL (IPS). Vigencia: 6\/2\/2024.<\/li>\n\n\n\n<li><a href=\"https:\/\/www.contrataciones.gov.py\/documentos\/download\/marco-legal\/62484\">CONVENIO 03\/24<\/a> &#8211; CONVENIO MARCO DE COOPERACI\u00d3N INTERINSTITUCIONAL ENTRE LA DNCP Y LA SECRETAR\u00cdA NACIONAL ANTIDROGAS (SENAD). Vigencia: 19\/2\/2024.<\/li>\n\n\n\n<li><a href=\"https:\/\/www.contrataciones.gov.py\/documentos\/download\/marco-legal\/62508\">CONVENIO 04\/24<\/a> &#8211; CONVENIO MARCO DE COOPERACI\u00d3N INTERINSTITUCIONAL ENTRE LA DNCP Y LA SECRETAR\u00cdA NACIONAL DE INTELIGENCIA (SNI). Vigencia: 20\/2\/2024.<\/li>\n\n\n\n<li><a href=\"https:\/\/www.contrataciones.gov.py\/documentos\/download\/marco-legal\/62769\">CONVENIO 05\/24<\/a> &#8211; CONVENIO DE COOPERACI\u00d3N INTERINSTITUCIONAL ENTRE LA DNCP Y LA SECRETAR\u00cdA DE PREVENCI\u00d3N DE LAVADO DE DINERO O BIENES (SEPRELAD). Vigencia: 15\/3\/2024.<\/li>\n<\/ul>\n\n\n\n<p><strong>Denuncias ante la Contralor\u00eda General de la Rep\u00fablica (CGR)<\/strong><\/p>\n\n\n\n<p><strong>MERIENDA ESCOLAR<\/strong><\/p>\n\n\n\n<ol class=\"wp-block-list\">\n<li><strong>NOTA DNCP N\u00b0 930 DE FECHA 04\/09\/23<\/strong><\/li>\n<\/ol>\n\n\n\n<p>RESOLUCI\u00d3N DNCP N\u00b0 3162\/23 \u2013 CONCLUSI\u00d3N DE INVESTIGACI\u00d3N DE OFICIO.<\/p>\n\n\n\n<ul class=\"wp-block-list\">\n<li><strong>NOTA DNCP N\u00b0 941 DE FECHA 06\/09\/23<\/strong><\/li>\n<\/ul>\n\n\n\n<p>INVESTIGACI\u00d3N PREVIA A LA FIRMA VILLA MADRID S.A. CON RUC N\u00b0 80013652-7 LICITACI\u00d3N P\u00daBLICA NACIONAL ADQUISICI\u00d3N DE MERIENDA ESCOLAR PARA INSTITUCIONES EDUCATIVAS P\u00daBLICAS DEL DEPARTAMENTO CENTRAL CONTRATO ABIERTO ID 388855.<\/p>\n\n\n\n<ul class=\"wp-block-list\">\n<li><strong>NOTA DNCP N\u00b0 943 DE FECHA 06\/09\/23<\/strong><\/li>\n<\/ul>\n\n\n\n<p>INVESTIGACI\u00d3N PREVIA A LA FIRMA MARCO MANUEL ORTIZ RODR\u00cdGUEZ CON RUC N\u00b0 3847134-5 LICITACI\u00d3N P\u00daBLICA NACIONAL ADQUISICI\u00d3N DE MERIENDA ESCOLAR PARA INSTITUCIONES EDUCATIVAS P\u00daBLICAS DEL DEPARTAMENTO CENTRAL CONTRATO ABIERTO ID 388855.<\/p>\n\n\n\n<ul class=\"wp-block-list\">\n<li><strong>NOTA DNCP N\u00b0 963 DE FECHA 11\/09\/23<\/strong><\/li>\n<\/ul>\n\n\n\n<p>RESOLUCI\u00d3N DNCP N\u00b0 3202\/23 \u2013 CONCLUSI\u00d3N DE INVESTIGACI\u00d3N DE OFICIO.<\/p>\n\n\n\n<ul class=\"wp-block-list\">\n<li><strong>NOTA DNCP N\u00b0 971 DE FECHA 12\/09\/23<\/strong><\/li>\n<\/ul>\n\n\n\n<p>RESOLUCI\u00d3N DNCP N\u00b0 3314\/23 \u2013 CONCLUSI\u00d3N DE INVESTIGACI\u00d3N DE OFICIO.<\/p>\n\n\n\n<ul class=\"wp-block-list\">\n<li><strong>NOTA DNCP N\u00b0 1055 DE FECHA 03\/10\/23<\/strong><\/li>\n<\/ul>\n\n\n\n<p>RESOLUCI\u00d3N DNCP N\u00b0 3424\/23 \u2013 CONCLUSI\u00d3N DE INVESTIGACI\u00d3N DE OFICIO.<\/p>\n\n\n\n<ul class=\"wp-block-list\">\n<li><strong>NOTA DNCP N\u00b0 1706 DE FECHA 15\/12\/23<\/strong><\/li>\n<\/ul>\n\n\n\n<p>CONTRATACI\u00d3N V\u00cdA LA EXCEPCI\u00d3N PROVISI\u00d3N DE ALMUERZO ESCOLAR FONACIDE CONVOCADO POR LA UOC DE SAN ROQUE GONZ\u00c1LEZ DE SANTA CRUZ &#8211; ID N\u00b0433880.<\/p>\n\n\n\n<ul class=\"wp-block-list\">\n<li><strong>NOTA DNCP N\u00b0 1787 DE FECHA 21\/12\/23<\/strong><\/li>\n<\/ul>\n\n\n\n<p>RESOLUCI\u00d3N DNCP N\u00b04661\/23 \u2013 CONCLUSI\u00d3N DE INVESTIGACI\u00d3N DE OFICIO.<\/p>\n","protected":false},"excerpt":{"rendered":"Resoluciones Institucionales Convenios Suscriptos Denuncias ante la Contralor\u00eda General de la Rep\u00fablica (CGR) MERIENDA ESCOLAR RESOLUCI\u00d3N DNCP N\u00b0 3162\/23 \u2013 CONCLUSI\u00d3N DE INVESTIGACI\u00d3N DE OFICIO. INVESTIGACI\u00d3N PREVIA A LA FIRMA VILLA MADRID S.A. CON RUC N\u00b0 80013652-7 LICITACI\u00d3N P\u00daBLICA NACIONAL ADQUISICI\u00d3N DE MERIENDA ESCOLAR PARA INSTITUCIONES EDUCATIVAS P\u00daBLICAS DEL DEPARTAMENTO CENTRAL CONTRATO ABIERTO ID 388855. [&hellip;]","protected":false},"author":26,"featured_media":0,"parent":10575,"menu_order":4,"comment_status":"closed","ping_status":"closed","template":"","meta":{"footnotes":""},"class_list":["post-10611","page","type-page","status-publish","hentry"],"_links":{"self":[{"href":"https:\/\/www.contrataciones.gov.py\/dncp\/wp-json\/wp\/v2\/pages\/10611","targetHints":{"allow":["GET"]}}],"collection":[{"href":"https:\/\/www.contrataciones.gov.py\/dncp\/wp-json\/wp\/v2\/pages"}],"about":[{"href":"https:\/\/www.contrataciones.gov.py\/dncp\/wp-json\/wp\/v2\/types\/page"}],"author":[{"embeddable":true,"href":"https:\/\/www.contrataciones.gov.py\/dncp\/wp-json\/wp\/v2\/users\/26"}],"replies":[{"embeddable":true,"href":"https:\/\/www.contrataciones.gov.py\/dncp\/wp-json\/wp\/v2\/comments?post=10611"}],"version-history":[{"count":4,"href":"https:\/\/www.contrataciones.gov.py\/dncp\/wp-json\/wp\/v2\/pages\/10611\/revisions"}],"predecessor-version":[{"id":12783,"href":"https:\/\/www.contrataciones.gov.py\/dncp\/wp-json\/wp\/v2\/pages\/10611\/revisions\/12783"}],"up":[{"embeddable":true,"href":"https:\/\/www.contrataciones.gov.py\/dncp\/wp-json\/wp\/v2\/pages\/10575"}],"wp:attachment":[{"href":"https:\/\/www.contrataciones.gov.py\/dncp\/wp-json\/wp\/v2\/media?parent=10611"}],"curies":[{"name":"wp","href":"https:\/\/api.w.org\/{rel}","templated":true}]}}