{"id":10795,"date":"2024-05-02T08:38:00","date_gmt":"2024-05-02T12:38:00","guid":{"rendered":"https:\/\/www.contrataciones.gov.py\/dncp\/?page_id=10795"},"modified":"2024-12-05T10:48:38","modified_gmt":"2024-12-05T13:48:38","slug":"transparencia-y-anticorrupcion","status":"publish","type":"page","link":"https:\/\/www.contrataciones.gov.py\/dncp\/tyc\/transparencia-y-anticorrupcion\/","title":{"rendered":"Transparencia y Anticorrupci\u00f3n"},"content":{"rendered":"\n<figure class=\"wp-block-image size-full\"><img loading=\"lazy\" decoding=\"async\" width=\"1920\" height=\"406\" src=\"https:\/\/www.contrataciones.gov.py\/dncp\/wp-content\/uploads\/2024\/12\/actualizacion-de-usuarios-de-Unidades-de-Contratacion_WEB-20.jpg\" alt=\"\" class=\"wp-image-13043\" srcset=\"https:\/\/www.contrataciones.gov.py\/dncp\/wp-content\/uploads\/2024\/12\/actualizacion-de-usuarios-de-Unidades-de-Contratacion_WEB-20.jpg 1920w, https:\/\/www.contrataciones.gov.py\/dncp\/wp-content\/uploads\/2024\/12\/actualizacion-de-usuarios-de-Unidades-de-Contratacion_WEB-20-300x63.jpg 300w, https:\/\/www.contrataciones.gov.py\/dncp\/wp-content\/uploads\/2024\/12\/actualizacion-de-usuarios-de-Unidades-de-Contratacion_WEB-20-1024x217.jpg 1024w, https:\/\/www.contrataciones.gov.py\/dncp\/wp-content\/uploads\/2024\/12\/actualizacion-de-usuarios-de-Unidades-de-Contratacion_WEB-20-768x162.jpg 768w, https:\/\/www.contrataciones.gov.py\/dncp\/wp-content\/uploads\/2024\/12\/actualizacion-de-usuarios-de-Unidades-de-Contratacion_WEB-20-1536x325.jpg 1536w\" sizes=\"auto, (max-width: 1920px) 100vw, 1920px\" \/><\/figure>\n\n\n\n<p>Por Resoluci\u00f3n DNCP N\u00b03723\/2019 se modifica parcialmente la Resoluci\u00f3n DNCP 2108\/14 \u201c<em>Por la cual se cre\u00f3 la Unidad Anticorrupci\u00f3n de la Direcci\u00f3n Nacional de Contrataciones P\u00fablicas, y se establecen sus funciones y atribuciones<\/em>\u201d, se establecen nuevas directrices y la Unidad de Transparencia y Anticorrupci\u00f3n pasa a denominarse <strong>COORDINACI\u00d3N DE TRANSPARENCIA Y ANTICORRUPCI\u00d3N<\/strong>.<\/p>\n\n\n\n<p><br><strong>EJES DE GESTI\u00d3N Y MONITOREO DE LAS UNIDADES DE TRANSPARENCIA:<\/strong><\/p>\n\n\n\n<ul class=\"wp-block-list\">\n<li>Transparencia y Acceso a la Informaci\u00f3n P\u00fablica<\/li>\n\n\n\n<li>Rendici\u00f3n de Cuentas al Ciudadano<\/li>\n\n\n\n<li>Gesti\u00f3n de Riesgos de Corrupci\u00f3n<\/li>\n\n\n\n<li>Gesti\u00f3n de Denuncias e Investigaci\u00f3n<\/li>\n\n\n\n<li>Participaci\u00f3n Ciudadana<\/li>\n\n\n\n<li>Integridad y \u00c9tica P\u00fablica<\/li>\n\n\n\n<li>The Integrity APP<br><\/li>\n<\/ul>\n\n\n\n<p><strong>MARCO LEGAL<\/strong><\/p>\n\n\n\n<p>Decreto N\u00b01843\/2019 \u201cPor el cual se modifican, ampl\u00edan y derogan varios art\u00edculos del Decreto N\u00b010.144\/2012 \u201cQue crea la Secretar\u00eda Nacional de Anticorrupci\u00f3n (SENAC), dependiente de la Presidencia de la DINAC\u201d.<br><br>Art. 5\u00b0- Disp\u00f3ngase que los Ministerios del Poder Ejecutivo, las Secretar\u00edas Ejecutivas de la Presidencia de la Rep\u00fablica y dem\u00e1s organismos dependientes del Poder Ejecutivo, cuenten con Unidades de Transparencia y Anticorrupci\u00f3n (UTA), especializadas en la promoci\u00f3n de la integridad, transparencia y lucha contra la Corrupci\u00f3n. Las mismas ser\u00e1n las encargadas de promover la instalaci\u00f3n de los mecanismos de integridad, transparencia, detecci\u00f3n de hechos de corrupci\u00f3n, de participaci\u00f3n ciudadana y del sistema de monitoreo y evaluaci\u00f3n correspondiente, en un proceso de fortalecimiento institucional de conformidad con los delineamientos de la SENAC.<br><br>Los Titulares de las Unidades Transparencia y Anticorrupci\u00f3n (UTA), depender\u00e1n directamente del Titular de la Instituci\u00f3n respectiva y su designaci\u00f3n y remoci\u00f3n en el cargo, se realizar\u00e1 por Decreto del Poder Ejecutivo, previa solicitud del parecer de la Secretar\u00eda Nacional Anticorrupci\u00f3n (SENAC).<br><br>Contacto: <a href=\"mailto:anticorrupcion@dncp.gov.py\">anticorrupcion@dncp.gov.py<\/a><\/p>\n\n\n\n<p>Formulario de Denuncias Anticorrupci\u00f3n: <strong><a href=\"https:\/\/www.contrataciones.gov.py\/dncp\/wp-content\/uploads\/2024\/12\/Formulario-de-Denuncia-Anticorrupcion-para-portal-publico.docx\">Descargar aqu\u00ed <\/a><\/strong><\/p>\n","protected":false},"excerpt":{"rendered":"Por Resoluci\u00f3n DNCP N\u00b03723\/2019 se modifica parcialmente la Resoluci\u00f3n DNCP 2108\/14 \u201cPor la cual se cre\u00f3 la Unidad Anticorrupci\u00f3n de la Direcci\u00f3n Nacional de Contrataciones P\u00fablicas, y se establecen sus funciones y atribuciones\u201d, se establecen nuevas directrices y la Unidad de Transparencia y Anticorrupci\u00f3n pasa a denominarse COORDINACI\u00d3N DE TRANSPARENCIA Y ANTICORRUPCI\u00d3N. EJES DE GESTI\u00d3N [&hellip;]","protected":false},"author":26,"featured_media":0,"parent":10523,"menu_order":1,"comment_status":"closed","ping_status":"closed","template":"","meta":{"footnotes":""},"class_list":["post-10795","page","type-page","status-publish","hentry"],"_links":{"self":[{"href":"https:\/\/www.contrataciones.gov.py\/dncp\/wp-json\/wp\/v2\/pages\/10795","targetHints":{"allow":["GET"]}}],"collection":[{"href":"https:\/\/www.contrataciones.gov.py\/dncp\/wp-json\/wp\/v2\/pages"}],"about":[{"href":"https:\/\/www.contrataciones.gov.py\/dncp\/wp-json\/wp\/v2\/types\/page"}],"author":[{"embeddable":true,"href":"https:\/\/www.contrataciones.gov.py\/dncp\/wp-json\/wp\/v2\/users\/26"}],"replies":[{"embeddable":true,"href":"https:\/\/www.contrataciones.gov.py\/dncp\/wp-json\/wp\/v2\/comments?post=10795"}],"version-history":[{"count":5,"href":"https:\/\/www.contrataciones.gov.py\/dncp\/wp-json\/wp\/v2\/pages\/10795\/revisions"}],"predecessor-version":[{"id":13367,"href":"https:\/\/www.contrataciones.gov.py\/dncp\/wp-json\/wp\/v2\/pages\/10795\/revisions\/13367"}],"up":[{"embeddable":true,"href":"https:\/\/www.contrataciones.gov.py\/dncp\/wp-json\/wp\/v2\/pages\/10523"}],"wp:attachment":[{"href":"https:\/\/www.contrataciones.gov.py\/dncp\/wp-json\/wp\/v2\/media?parent=10795"}],"curies":[{"name":"wp","href":"https:\/\/api.w.org\/{rel}","templated":true}]}}