{"id":11291,"date":"2024-07-17T11:10:13","date_gmt":"2024-07-17T15:10:13","guid":{"rendered":"https:\/\/www.contrataciones.gov.py\/dncp\/?page_id=11291"},"modified":"2025-03-04T08:25:10","modified_gmt":"2025-03-04T11:25:10","slug":"guia-de-audiencia-informativa-ley-n-7021-2022","status":"publish","type":"page","link":"https:\/\/www.contrataciones.gov.py\/dncp\/guia-de-audiencia-informativa\/guia-de-audiencia-informativa-ley-n-7021-2022\/","title":{"rendered":"Gu\u00eda de Audiencia Informativa &#8211; Ley N\u00b0 7021\/2022"},"content":{"rendered":"\n<div class=\"wp-block-group is-vertical is-layout-flex wp-container-core-group-is-layout-8cf370e7 wp-block-group-is-layout-flex\">\n<div class=\"wp-block-columns is-layout-flex wp-container-core-columns-is-layout-9d6595d7 wp-block-columns-is-layout-flex\">\n<div class=\"wp-block-column is-layout-flow wp-block-column-is-layout-flow\" style=\"flex-basis:100%\">\n<figure class=\"wp-block-image size-full\"><img loading=\"lazy\" decoding=\"async\" width=\"1920\" height=\"406\" src=\"https:\/\/www.contrataciones.gov.py\/dncp\/wp-content\/uploads\/2025\/03\/Audiencia-informativa-Ley-N\u00b0-7021.jpg\" alt=\"\" class=\"wp-image-16868\" srcset=\"https:\/\/www.contrataciones.gov.py\/dncp\/wp-content\/uploads\/2025\/03\/Audiencia-informativa-Ley-N\u00b0-7021.jpg 1920w, https:\/\/www.contrataciones.gov.py\/dncp\/wp-content\/uploads\/2025\/03\/Audiencia-informativa-Ley-N\u00b0-7021-300x63.jpg 300w, https:\/\/www.contrataciones.gov.py\/dncp\/wp-content\/uploads\/2025\/03\/Audiencia-informativa-Ley-N\u00b0-7021-1024x217.jpg 1024w, https:\/\/www.contrataciones.gov.py\/dncp\/wp-content\/uploads\/2025\/03\/Audiencia-informativa-Ley-N\u00b0-7021-768x162.jpg 768w, https:\/\/www.contrataciones.gov.py\/dncp\/wp-content\/uploads\/2025\/03\/Audiencia-informativa-Ley-N\u00b0-7021-1536x325.jpg 1536w\" sizes=\"auto, (max-width: 1920px) 100vw, 1920px\" \/><\/figure>\n<\/div>\n<\/div>\n\n\n\n<p><strong>Importancia<\/strong><\/p>\n\n\n\n<p>La Audiencia Informativa, en los t\u00e9rminos del art\u00edculo N\u00ba 66 del Decreto 9823\/23 \u201cPOR LA CUAL SE REGLAMENTA LA LEY N\u00ba 7021\/2022 \u00abDE SUMINISTRO Y CONTRATACIONES P\u00daBLICAS\u201d y del art\u00edculo N\u00ba 61 de la Res. DNCP N\u00ba 4401\/2023\u200b, brinda a los oferentes la oportunidad de formular preguntas sobre su propia oferta, de esta manera, permite mejorar su conocimiento y comprensi\u00f3n de la contrataci\u00f3n p\u00fablica y, adem\u00e1s, identificar las \u00e1reas en las que pueden mejorar para futuras licitaciones. Tambi\u00e9n posibilita a la Convocante demostrar su transparencia y responsabilidad en la adjudicaci\u00f3n de contratos, alentando la concurrencia y competencia en las compras p\u00fablicas.<\/p>\n\n\n\n<p>Constituyendo adem\u00e1s una v\u00eda de doble sentido: los proveedores pueden proporcionar retroalimentaci\u00f3n a la Instituci\u00f3n y como buena pr\u00e1ctica sugerir ideas que contribuyan a mejorar el procedimiento.<\/p>\n\n\n\n<p>Los oferentes deben considerar la realizaci\u00f3n de una audiencia informativa como una excelente oportunidad para mejorar su competitividad, d\u00e1ndoles la oportunidad de aumentar la proporci\u00f3n de aceptaci\u00f3n de sus propuestas.<\/p>\n\n\n\n<p>Si los oferentes no reciben informaci\u00f3n pertinente, pueden desanimarse a presentar ofertas, lo que puede ocasionar como consecuencia para el Estado, tener una base de proveedores m\u00e1s peque\u00f1a, costos de adquisici\u00f3n m\u00e1s elevados y bienes, servicios y obras de menor calidad.<\/p>\n\n\n\n<p><\/p>\n\n\n\n<p><strong>Beneficios para el Estado:<\/strong><\/p>\n\n\n\n<p>Mayor probabilidad de que al no haber ganado un contrato en particular, un oferente bien informado vuelva a competir activa y eficazmente por oportunidades futuras, aumentando la competencia para asegurar la mejor relaci\u00f3n calidad-precio;<\/p>\n\n\n\n<p>Una mayor capacidad para demostrar a la comunidad de proveedores que las actividades de contrataci\u00f3n se llevan a cabo de manera justa, abierta y transparente, de conformidad con el marco legislativo, reglamentario y normativo; y<\/p>\n\n\n\n<p>Obtener informaci\u00f3n de los oferentes sobre la forma en que el Estado podr\u00eda mejorar las pr\u00e1cticas de contrataci\u00f3n en el futuro.<\/p>\n\n\n\n<p><\/p>\n\n\n\n<p><strong>Beneficios para los proveedores:<\/strong><\/p>\n\n\n\n<p>Reconoce su inversi\u00f3n de tiempo, esfuerzo y recursos, lo que puede alentarlos a volver a presentar ofertas;<\/p>\n\n\n\n<p>Ofrece orientaci\u00f3n para mejorar sus posibilidades de hacer negocios con el sector p\u00fablico y ayudarles a repensar su enfoque para que sus ofertas futuras sean m\u00e1s exitosas;<\/p>\n\n\n\n<p>Mayor confianza en que las adquisiciones del Estado se llevan a cabo en pleno cumplimiento del marco jur\u00eddico, reglamentario y normativo, y de conformidad con el procedimiento de evaluaci\u00f3n de las ofertas y la metodolog\u00eda de selecci\u00f3n de proveedores adjudicados, que se anuncian como parte integrante de todo llamado a licitaci\u00f3n.<\/p>\n\n\n\n<p><\/p>\n\n\n\n<p><strong>Procedimiento<\/strong>:<\/p>\n\n\n\n<p><\/p>\n\n\n\n<p><strong>Solicitud.<\/strong><\/p>\n\n\n\n<p>El oferente que hubiere participado en un procedimiento de contrataci\u00f3n y no haya resultado adjudicado, podr\u00e1 solicitar dentro de los dos d\u00edas h\u00e1biles siguientes a haber tomado conocimiento del Informe de Evaluaci\u00f3n de Ofertas la realizaci\u00f3n de una audiencia informativa.<\/p>\n\n\n\n<p>Deber\u00e1 utilizar para el efecto, el modelo de nota publicado en el Sistema de Informaci\u00f3n de las Contrataciones P\u00fablicas (SICP) y remitirla mediante el m\u00f3dulo habilitado en dicho sistema.<\/p>\n\n\n\n<figure class=\"wp-block-table\"><table class=\"has-fixed-layout\"><tbody><tr><td>Hasta tanto se encuentre disponible el m\u00f3dulo electr\u00f3nico en el SICP, las solicitudes podr\u00e1n ser presentadas ante las Convocantes, por los medios oficiales habilitados (mesa de entrada o correo institucional).<\/td><\/tr><\/tbody><\/table><\/figure>\n<\/div>\n\n\n\n<div class=\"wp-block-group is-vertical is-layout-flex wp-container-core-group-is-layout-8cf370e7 wp-block-group-is-layout-flex\">\n<p>La Convocante deber\u00e1 dar respuesta a la solicitud dentro de los dos d\u00edas h\u00e1biles siguientes de haberla recibido y realizar la audiencia en un plazo que no exceda de dos d\u00edas h\u00e1biles siguientes a la fecha de respuesta al oferente.<\/p>\n\n\n\n<p>En consecuencia, el plazo m\u00e1ximo para realizaci\u00f3n de la audiencia ser\u00e1 de seis d\u00edas h\u00e1biles contados desde el d\u00eda siguiente al que el oferente tom\u00f3 conocimiento del Informe de Evaluaci\u00f3n de Ofertas. La solicitud de audiencia informativa no suspende ni interrumpe el plazo para la interposici\u00f3n de la protesta.<\/p>\n\n\n\n<p>En su solicitud, el oferente deber\u00e1 especificar las preguntas que desea realizar a la Convocante. A continuaci\u00f3n, se citan algunos ejemplos de manera enunciativa y no limitativa: \u00bfQu\u00e9 consideraciones espec\u00edficas impidieron que fu\u00e9ramos seleccionados como adjudicatarios?; \u00bfHab\u00eda informaci\u00f3n o documentaci\u00f3n faltante en nuestra oferta?; \u00bfQu\u00e9 aspectos debemos mejorar en nuestras pr\u00f3ximas ofertas?<\/p>\n\n\n\n<p>El Oferente que haya presentado su oferta de manera tard\u00eda y, que haya sido rechazada, no tendr\u00e1 derecho a solicitar una audiencia informativa.<\/p>\n\n\n\n<p><\/p>\n\n\n\n<p><strong>Contestaci\u00f3n por escrito.<\/strong><\/p>\n\n\n\n<p>A elecci\u00f3n del solicitante, las contestaciones a sus consultas podr\u00e1n realizarse por escrito, al correo declarado por el oferente o a trav\u00e9s del SICP cuando el m\u00f3dulo se encuentre disponible. El plazo para las contestaciones ser\u00e1 el mismo que el establecido para la realizaci\u00f3n de la audiencia (dos d\u00edas h\u00e1biles siguientes a la recepci\u00f3n de la solicitud).<\/p>\n\n\n\n<p><\/p>\n\n\n\n<p><strong>Audiencia.<\/strong><\/p>\n\n\n\n<p>Funcionarios con alto nivel de conocimiento sobre el procedimiento licitatorio espec\u00edfico y el sistema de contrataciones p\u00fablicas deber\u00e1n presidir la audiencia informativa que se celebre. Las personas que integraron el Comit\u00e9 de Evaluaci\u00f3n deber\u00e1n proporcionar apoyo para evacuar las consultas.<\/p>\n\n\n\n<p><\/p>\n\n\n\n<p>La informaci\u00f3n de la audiencia informativa deber\u00e1 incluir aspectos como:<\/p>\n\n\n\n<ul class=\"wp-block-list\">\n<li>La evaluaci\u00f3n de la existencia de debilidades o deficiencias significativas en la propuesta del oferente, en su caso;<\/li>\n\n\n\n<li>El costo o precio evaluado (incluidos los precios unitarios) y la calificaci\u00f3n t\u00e9cnica, si procede, del oferente ganador y del oferente que ha realizado la solicitud;<\/li>\n\n\n\n<li>La clasificaci\u00f3n general de todos los oferentes, cuando la Convocante haya desarrollado una clasificaci\u00f3n durante la selecci\u00f3n;<\/li>\n\n\n\n<li>Un resumen de los motivos de la adjudicaci\u00f3n;<\/li>\n\n\n\n<li>Respuestas razonables a las preguntas pertinentes sobre si se siguieron los procedimientos de selecci\u00f3n contenidos en la convocatoria y otras normas aplicables.<\/li>\n<\/ul>\n\n\n\n<p><\/p>\n\n\n\n<p>La audiencia informativa no incluir\u00e1 comparaciones punto por punto de la propuesta del oferente objeto de la misma con la de otros oferentes. Adem\u00e1s, no se revelar\u00e1 ninguna informaci\u00f3n cuya divulgaci\u00f3n haya sido expresamente declarada como reservada por los dem\u00e1s oferentes.<\/p>\n\n\n\n<p>Se incluir\u00e1 en el expediente del procedimiento de contrataci\u00f3n un resumen oficial de la audiencia informativa.<\/p>\n\n\n\n<p><\/p>\n\n\n\n<p><strong>Funcionarios de la Convocante<\/strong><\/p>\n\n\n\n<p>En representaci\u00f3n de la Convocante deber\u00e1 participar al menos un miembro del Comit\u00e9 de Evaluaci\u00f3n. Podr\u00e1n participar funcionarios administrativos, t\u00e9cnicos y legales seg\u00fan sea necesario para informar adecuadamente al oferente en particular. Sin embargo, la asistencia del personal de la Convocante debe reducirse al m\u00ednimo necesario para llevar a cabo la audiencia informativa.<\/p>\n\n\n\n<p>Los funcionarios deben cuidar de que la forma en que se transmite la informaci\u00f3n facilite un intercambio de informaci\u00f3n abierto, apropiado y significativo.<\/p>\n\n\n\n<p><\/p>\n\n\n\n<p><strong>Personal del oferente<\/strong><\/p>\n\n\n\n<p>Normalmente, no se debe imponer ninguna limitaci\u00f3n al n\u00famero de personal del oferente que asista a la audiencia informativa, ya sea esta presencial o virtual. No obstante, las limitaciones de espacio de las instalaciones de la Convocante pueden requerir restricciones en el n\u00famero de personal del oferente invitado a asistir. La Convocante, sin embargo, no deber\u00e1 imponer restricciones a menos que no se disponga de instalaciones alternativas adecuadas.<\/p>\n\n\n\n<p>El personal del oferente debe estar integrado por personas familiarizadas con los esfuerzos del oferente en relaci\u00f3n con la contrataci\u00f3n, pudiendo ser desde los directores de la empresa hasta las personas encargadas de redactar los costos y las propuestas y el personal clave. Es imperativo informar la lista de asistentes, la relaci\u00f3n con la empresa y el t\u00edtulo antes de la reuni\u00f3n para que se puedan realizar las gestiones apropiadas, los cuales deber\u00e1n estar indicado en la solicitud de audiencia informativa.<\/p>\n\n\n\n<p><\/p>\n\n\n\n<p><strong>Preparaci\u00f3n<\/strong><\/p>\n\n\n\n<p>Una audiencia informativa exitosa requiere preparaci\u00f3n. La preparaci\u00f3n debe comenzar antes de comunicar la adjudicaci\u00f3n del contrato. Las claves para una audiencia sin inconvenientes incluyen determinar la selecci\u00f3n y la disponibilidad de los funcionarios que asistir\u00e1n. En consecuencia, se debe informar a los miembros del Comit\u00e9 de Evaluaci\u00f3n que entre sus funciones se encuentra la de asistir a las audiencias informativas.<\/p>\n\n\n\n<p><\/p>\n\n\n\n<p><strong>ESTRATEGIAS DE COMUNICACI\u00d3N<\/strong><\/p>\n\n\n\n<p>El grado de preparaci\u00f3n necesario var\u00eda considerablemente en funci\u00f3n de la complejidad de la contrataci\u00f3n.<\/p>\n\n\n\n<p>Todos los funcionarios que asisten a la reuni\u00f3n deben ser informados sobre sus funciones y comportamiento esperado. Se debe evitar la conducta argumentativa o defensiva, y recomendar al funcionario que presidir\u00e1 la audiencia que realice sus presentaciones de una manera positiva.<\/p>\n\n\n\n<p><\/p>\n\n\n\n<p><strong>Coherencia.<\/strong><\/p>\n\n\n\n<p>Es importante que los funcionarios participantes de la sesi\u00f3n informativa preparen una presentaci\u00f3n unificada.<\/p>\n\n\n\n<p>La incoherencia entre las declaraciones con las conclusiones del informe de evaluaci\u00f3n u otra informaci\u00f3n que pueda estar a disposici\u00f3n del oferente, puede reducir la confianza del oferente en que la Convocante actu\u00f3 de forma adecuada a la hora de tomar su decisi\u00f3n. Por lo tanto, el equipo de funcionarios debe hablar con una sola voz; una voz que sea consistente con los documentos del procedimiento y la decisi\u00f3n.<\/p>\n<\/div>\n\n\n\n<p><\/p>\n\n\n\n<div class=\"wp-block-group is-vertical is-layout-flex wp-container-core-group-is-layout-8cf370e7 wp-block-group-is-layout-flex\">\n<p><strong>ASPECTOS A TENER EN CUENTA<\/strong><br><br>* La labor del funcionario consiste en ayudar al proveedor a comprender c\u00f3mo se evalu\u00f3 su oferta.<br><br>* Se debe adoptar un estilo, tono y actitud profesional.&nbsp;<br><br>* Reconocer el esfuerzo del proveedor para presentar la oferta.&nbsp;<br><br>* Exponer claramente las fortalezas y debilidades de la oferta, apeg\u00e1ndose a los hechos.&nbsp;<br><br>* No discutir y evitar una actitud defensiva.&nbsp;<br><br>*Escuchar atentamente las preguntas del proveedor.&nbsp;<br><br>*Evitar personalizar: referirse a \u00abla oferta\u00bb en lugar de \u00abusted\u00bb.&nbsp;<br><br>*Agradecer al proveedor por su tiempo y por cualquier sugerencia que haga.<\/p>\n\n\n\n<p><\/p>\n\n\n\n<p><\/p>\n\n\n\n<p><strong>Formato sugerido<\/strong><\/p>\n\n\n\n<p><\/p>\n\n\n\n<p><strong>1.<\/strong>&nbsp;&nbsp;&nbsp;&nbsp;&nbsp;&nbsp;&nbsp;<strong>Introducci\u00f3n y objetivo<\/strong><\/p>\n\n\n\n<p>La audiencia informativa debe comenzar con una breve presentaci\u00f3n de todos los asistentes.<\/p>\n\n\n\n<p>El funcionario deber\u00e1 informar al oferente del objetivo de la audiencia (informarle de las bases de la selecci\u00f3n y compartir las declaraciones informativas de las consultas realizadas en la solicitud).<\/p>\n\n\n\n<p><\/p>\n\n\n\n<p><strong>2.<\/strong>&nbsp;&nbsp;&nbsp;&nbsp;&nbsp;&nbsp;&nbsp;<strong>Reglas b\u00e1sicas<\/strong><\/p>\n\n\n\n<p>A continuaci\u00f3n, el funcionario debe informar al oferente de las reglas b\u00e1sicas de la audiencia informativa, de las limitaciones de tiempo y de la agenda.<\/p>\n\n\n\n<p>Algunas reglas b\u00e1sicas sugeridas incluyen:<\/p>\n\n\n\n<p>Establecer el momento adecuado para plantear preguntas;<\/p>\n\n\n\n<p>La intenci\u00f3n de la Convocante de compartir la mayor cantidad de informaci\u00f3n posible con el oferente; ajustada a los t\u00e9rminos de la evaluaci\u00f3n realizada;<\/p>\n\n\n\n<p>No se realizar\u00e1 una comparaci\u00f3n punto por punto entre la propuesta del oferente y la propuesta adjudicada u otras;<\/p>\n\n\n\n<p>No se responder\u00e1 a preguntas hipot\u00e9ticas (\u00absi hubi\u00e9ramos propuesto esto, \u00bfc\u00f3mo habr\u00eda sido calificado?\u00bb).<\/p>\n\n\n\n<p><\/p>\n\n\n\n<p><strong>3.<\/strong>&nbsp;&nbsp;&nbsp;&nbsp;&nbsp;&nbsp;&nbsp;<strong>Criterios de evaluaci\u00f3n<\/strong><\/p>\n\n\n\n<p>Los criterios de evaluaci\u00f3n, ponderaciones de los criterios y la importancia de los mismos, tal como se revelan en la convocatoria, deben ser reafirmados como la base para discutir los resultados de la evaluaci\u00f3n.<\/p>\n\n\n\n<p><\/p>\n\n\n\n<p><strong>4.<\/strong>&nbsp;&nbsp;&nbsp;&nbsp;&nbsp;&nbsp;&nbsp;<strong>Justificaci\u00f3n de la adjudicaci\u00f3n<\/strong><\/p>\n\n\n\n<p>La Convocante debe proporcionar un resumen de la justificaci\u00f3n de la decisi\u00f3n de adjudicaci\u00f3n del contrato. La justificaci\u00f3n encuentra su base en el informe del Comit\u00e9 de Evaluaci\u00f3n y en la Resoluci\u00f3n de Adjudicaci\u00f3n.<\/p>\n\n\n\n<p><\/p>\n\n\n\n<p><strong>5.<\/strong>&nbsp;&nbsp;&nbsp;&nbsp;&nbsp;&nbsp;&nbsp;<strong>Preguntas y respuestas<\/strong><\/p>\n\n\n\n<p>Se le permitir\u00e1 al oferente hacer preguntas relevantes relacionadas con el procedimiento de selecci\u00f3n, las regulaciones aplicables y otras cuestiones aplicables, detalladas en la solicitud.<\/p>\n\n\n\n<p>El funcionario debe hacer todo lo posible por dar respuestas razonables a esas preguntas.<\/p>\n\n\n\n<p><\/p>\n\n\n\n<p><strong>6.<\/strong>&nbsp;&nbsp;&nbsp;&nbsp;&nbsp;&nbsp;&nbsp;<strong>Retroalimentaci\u00f3n<\/strong><\/p>\n\n\n\n<p>Antes de concluir la audiencia, los funcionarios pueden solicitar al oferente comentarios sobre la convocatoria y el procedimiento de adquisici\u00f3n. Esta es una oportunidad para que la Convocante obtenga informaci\u00f3n valiosa sobre la perspectiva del oferente.<\/p>\n\n\n\n<p><\/p>\n\n\n\n<p><strong>7.<\/strong>&nbsp;&nbsp;&nbsp;&nbsp;&nbsp;&nbsp;&nbsp;<strong>Conclusi\u00f3n<\/strong><\/p>\n\n\n\n<p>El funcionario debe asegurarse de que el oferente entienda que la audiencia est\u00e1 oficialmente concluida. Todos los asistentes deber\u00e1n suscribir el formulario de registro de la audiencia.<\/p>\n\n\n\n<p><\/p>\n\n\n\n<p><strong>Registro de la Reuni\u00f3n Informativa<\/strong><\/p>\n\n\n\n<p><\/p>\n\n\n\n<p>A fin de proceder al registro de la reuni\u00f3n informativa se utilizar\u00e1 el formulario disponible en el SICP, el cual debe comunicarse a la DNCP por mesa de entrada al correo <a href=\"mailto:mesadeentrada@dncp.gov.py\">mesadeentrada@dncp.gov.py<\/a> o a trav\u00e9s del m\u00f3dulo correspondiente, cuando&nbsp; el mismo se encuentre disponible, y agregarse al archivo de los documentos de la contrataci\u00f3n. La informaci\u00f3n contenida en este registro incluye los nombres de todos los participantes, la hora y fecha de la reuni\u00f3n informativa y los detalles de la discusi\u00f3n. Este registro es para uso de la Convocante y no se entrega al proveedor.<\/p>\n<\/div>\n\n\n\n<p><\/p>\n\n\n\n<p>Para descargar los formularios, <a href=\"https:\/\/www.contrataciones.gov.py\/dncp\/wp-content\/uploads\/2024\/07\/audiencias.zip\" data-type=\"link\" data-id=\"https:\/\/www.contrataciones.gov.py\/dncp\/wp-content\/uploads\/2024\/07\/audiencias.zip\">click aqu\u00ed.<\/a><\/p>\n\n\n\n<p><\/p>\n\n\n\n<p><\/p>\n\n\n\n<p><\/p>\n","protected":false},"excerpt":{"rendered":"Importancia La Audiencia Informativa, en los t\u00e9rminos del art\u00edculo N\u00ba 66 del Decreto 9823\/23 \u201cPOR LA CUAL SE REGLAMENTA LA LEY N\u00ba 7021\/2022 \u00abDE SUMINISTRO Y CONTRATACIONES P\u00daBLICAS\u201d y del art\u00edculo N\u00ba 61 de la Res. DNCP N\u00ba 4401\/2023\u200b, brinda a los oferentes la oportunidad de formular preguntas sobre su propia oferta, de esta manera, [&hellip;]","protected":false},"author":18,"featured_media":0,"parent":2031,"menu_order":2,"comment_status":"closed","ping_status":"closed","template":"","meta":{"footnotes":""},"class_list":["post-11291","page","type-page","status-publish","hentry"],"_links":{"self":[{"href":"https:\/\/www.contrataciones.gov.py\/dncp\/wp-json\/wp\/v2\/pages\/11291","targetHints":{"allow":["GET"]}}],"collection":[{"href":"https:\/\/www.contrataciones.gov.py\/dncp\/wp-json\/wp\/v2\/pages"}],"about":[{"href":"https:\/\/www.contrataciones.gov.py\/dncp\/wp-json\/wp\/v2\/types\/page"}],"author":[{"embeddable":true,"href":"https:\/\/www.contrataciones.gov.py\/dncp\/wp-json\/wp\/v2\/users\/18"}],"replies":[{"embeddable":true,"href":"https:\/\/www.contrataciones.gov.py\/dncp\/wp-json\/wp\/v2\/comments?post=11291"}],"version-history":[{"count":11,"href":"https:\/\/www.contrataciones.gov.py\/dncp\/wp-json\/wp\/v2\/pages\/11291\/revisions"}],"predecessor-version":[{"id":16872,"href":"https:\/\/www.contrataciones.gov.py\/dncp\/wp-json\/wp\/v2\/pages\/11291\/revisions\/16872"}],"up":[{"embeddable":true,"href":"https:\/\/www.contrataciones.gov.py\/dncp\/wp-json\/wp\/v2\/pages\/2031"}],"wp:attachment":[{"href":"https:\/\/www.contrataciones.gov.py\/dncp\/wp-json\/wp\/v2\/media?parent=11291"}],"curies":[{"name":"wp","href":"https:\/\/api.w.org\/{rel}","templated":true}]}}