{"id":12371,"date":"2024-11-15T10:13:06","date_gmt":"2024-11-15T13:13:06","guid":{"rendered":"https:\/\/www.contrataciones.gov.py\/dncp\/?page_id=12371"},"modified":"2026-03-11T08:38:38","modified_gmt":"2026-03-11T11:38:38","slug":"informes-de-gestion","status":"publish","type":"page","link":"https:\/\/www.contrataciones.gov.py\/dncp\/transparencia-informativa\/informes-de-gestion\/","title":{"rendered":"Informes de gesti\u00f3n"},"content":{"rendered":"\n<figure class=\"wp-block-table\"><table class=\"has-fixed-layout\"><tbody><tr><td class=\"has-text-align-left\" data-align=\"left\"><strong>Logros 2018<\/strong><\/td><td class=\"has-text-align-center\" data-align=\"center\"><a href=\"https:\/\/www.contrataciones.gov.py\/dncp\/wp-content\/uploads\/2024\/11\/logros_2018-1.pdf\"><strong>Descargue aqu\u00ed<\/strong><\/a><\/td><td class=\"has-text-align-center\" data-align=\"center\"><\/td><\/tr><tr><td class=\"has-text-align-left\" data-align=\"left\"><strong>Informe de gesti\u00f3n 2018 &#8211; 2019<\/strong><\/td><td class=\"has-text-align-center\" data-align=\"center\"><a href=\"https:\/\/www.contrataciones.gov.py\/dncp\/wp-content\/uploads\/2024\/11\/logrosDNCP2018_2019-1.pdf\"><strong>Descargue aqu\u00ed<\/strong><\/a><\/td><td class=\"has-text-align-center\" data-align=\"center\"><\/td><\/tr><tr><td class=\"has-text-align-left\" data-align=\"left\"><strong>Informe anual 2020<\/strong><\/td><td class=\"has-text-align-center\" data-align=\"center\"><a href=\"https:\/\/www.contrataciones.gov.py\/dncp\/wp-content\/uploads\/2024\/11\/informeanualDNCP2020-1.pdf\"><strong>Descargue aqu\u00ed<\/strong><\/a><\/td><td class=\"has-text-align-center\" data-align=\"center\"><\/td><\/tr><tr><td class=\"has-text-align-left\" data-align=\"left\"><strong>Informe de gesti\u00f3n 2020 &#8211; 2021<\/strong><\/td><td class=\"has-text-align-center\" data-align=\"center\"><a href=\"https:\/\/www.contrataciones.gov.py\/dncp\/wp-content\/uploads\/2024\/11\/informe_de_gestion_dncp_2020_2021.pdf\"><strong>Descargue aqu\u00ed<\/strong><\/a><\/td><td class=\"has-text-align-center\" data-align=\"center\"><\/td><\/tr><tr><td class=\"has-text-align-left\" data-align=\"left\"><strong>Informe de gesti\u00f3n 2021 &#8211; 2022<\/strong><\/td><td class=\"has-text-align-center\" data-align=\"center\"><a href=\"https:\/\/www.contrataciones.gov.py\/dncp\/wp-content\/uploads\/2024\/11\/InformeDeGestion2021_2022-3.pdf\"><strong>Descargue aqu\u00ed<\/strong><\/a><\/td><td class=\"has-text-align-center\" data-align=\"center\"><\/td><\/tr><tr><td class=\"has-text-align-left\" data-align=\"left\"><strong>Informe de gesti\u00f3n 2018 &#8211; 2023<\/strong><\/td><td class=\"has-text-align-center\" data-align=\"center\"><a href=\"https:\/\/www.contrataciones.gov.py\/dncp\/wp-content\/uploads\/2024\/11\/DNCP_Informe_de_gestion_2018_2023-2.pdf\"><strong>Descargue aqu\u00ed<\/strong><\/a><\/td><td class=\"has-text-align-center\" data-align=\"center\"><\/td><\/tr><tr><td class=\"has-text-align-left\" data-align=\"left\"><strong>Informe de gesti\u00f3n 2024<\/strong><\/td><td class=\"has-text-align-center\" data-align=\"center\"><a href=\"https:\/\/www.contrataciones.gov.py\/dncp\/wp-content\/uploads\/2025\/02\/DNCP_Informe-de-Gestion-2024.pdf\"><strong>Descargue aqu\u00ed<\/strong><\/a><\/td><td class=\"has-text-align-center\" data-align=\"center\"><\/td><\/tr><tr><td class=\"has-text-align-left\" data-align=\"left\"><strong>Informe de gesti\u00f3n 2025<\/strong><\/td><td class=\"has-text-align-center\" data-align=\"center\"><a href=\"https:\/\/www.contrataciones.gov.py\/dncp\/wp-content\/uploads\/2026\/01\/Informe-de-Gestion-2025.pdf\"><strong>Descargue aqu\u00ed<\/strong><\/a><\/td><td class=\"has-text-align-center\" data-align=\"center\"><strong><a href=\"https:\/\/www.contrataciones.gov.py\/dncp\/wp-content\/uploads\/2026\/01\/Video-Informe-2025-1.mp4\">Ver aqu\u00ed<\/a><\/strong><\/td><\/tr><\/tbody><\/table><\/figure>\n\n\n\n<p><\/p>\n","protected":false},"excerpt":{"rendered":"Logros 2018Descargue aqu\u00edInforme de gesti\u00f3n 2018 &#8211; 2019Descargue aqu\u00edInforme anual 2020Descargue aqu\u00edInforme de gesti\u00f3n 2020 &#8211; 2021Descargue aqu\u00edInforme de gesti\u00f3n 2021 &#8211; 2022Descargue aqu\u00edInforme de gesti\u00f3n 2018 &#8211; 2023Descargue aqu\u00edInforme de gesti\u00f3n 2024Descargue aqu\u00edInforme de gesti\u00f3n 2025Descargue aqu\u00edVer aqu\u00ed","protected":false},"author":26,"featured_media":0,"parent":76,"menu_order":7,"comment_status":"closed","ping_status":"closed","template":"","meta":{"footnotes":""},"class_list":["post-12371","page","type-page","status-publish","hentry"],"_links":{"self":[{"href":"https:\/\/www.contrataciones.gov.py\/dncp\/wp-json\/wp\/v2\/pages\/12371","targetHints":{"allow":["GET"]}}],"collection":[{"href":"https:\/\/www.contrataciones.gov.py\/dncp\/wp-json\/wp\/v2\/pages"}],"about":[{"href":"https:\/\/www.contrataciones.gov.py\/dncp\/wp-json\/wp\/v2\/types\/page"}],"author":[{"embeddable":true,"href":"https:\/\/www.contrataciones.gov.py\/dncp\/wp-json\/wp\/v2\/users\/26"}],"replies":[{"embeddable":true,"href":"https:\/\/www.contrataciones.gov.py\/dncp\/wp-json\/wp\/v2\/comments?post=12371"}],"version-history":[{"count":8,"href":"https:\/\/www.contrataciones.gov.py\/dncp\/wp-json\/wp\/v2\/pages\/12371\/revisions"}],"predecessor-version":[{"id":25998,"href":"https:\/\/www.contrataciones.gov.py\/dncp\/wp-json\/wp\/v2\/pages\/12371\/revisions\/25998"}],"up":[{"embeddable":true,"href":"https:\/\/www.contrataciones.gov.py\/dncp\/wp-json\/wp\/v2\/pages\/76"}],"wp:attachment":[{"href":"https:\/\/www.contrataciones.gov.py\/dncp\/wp-json\/wp\/v2\/media?parent=12371"}],"curies":[{"name":"wp","href":"https:\/\/api.w.org\/{rel}","templated":true}]}}