{"id":1334,"date":"2023-04-27T17:15:02","date_gmt":"2023-04-27T21:15:02","guid":{"rendered":"https:\/\/www.contrataciones.gov.py\/dncp\/?page_id=1334"},"modified":"2025-03-04T08:42:14","modified_gmt":"2025-03-04T11:42:14","slug":"guia-de-pliegos-electronicos-para-oferentes","status":"publish","type":"page","link":"https:\/\/www.contrataciones.gov.py\/dncp\/guia-de-carga-de-pbc-electronico\/guia-de-pliegos-electronicos-para-oferentes\/","title":{"rendered":"Gu\u00eda de Pliegos Electr\u00f3nicos para oferentes"},"content":{"rendered":"\n<figure class=\"wp-block-image size-full\"><img loading=\"lazy\" decoding=\"async\" width=\"1920\" height=\"406\" src=\"https:\/\/www.contrataciones.gov.py\/dncp\/wp-content\/uploads\/2025\/03\/Pliego-Electronico-Oferentes.jpg\" alt=\"\" class=\"wp-image-17148\" srcset=\"https:\/\/www.contrataciones.gov.py\/dncp\/wp-content\/uploads\/2025\/03\/Pliego-Electronico-Oferentes.jpg 1920w, https:\/\/www.contrataciones.gov.py\/dncp\/wp-content\/uploads\/2025\/03\/Pliego-Electronico-Oferentes-300x63.jpg 300w, https:\/\/www.contrataciones.gov.py\/dncp\/wp-content\/uploads\/2025\/03\/Pliego-Electronico-Oferentes-1024x217.jpg 1024w, https:\/\/www.contrataciones.gov.py\/dncp\/wp-content\/uploads\/2025\/03\/Pliego-Electronico-Oferentes-768x162.jpg 768w, https:\/\/www.contrataciones.gov.py\/dncp\/wp-content\/uploads\/2025\/03\/Pliego-Electronico-Oferentes-1536x325.jpg 1536w\" sizes=\"auto, (max-width: 1920px) 100vw, 1920px\" \/><\/figure>\n\n\n\n<p>\u200b<strong>Esta gu\u00eda est\u00e1 dirigida a las empresas interesadas en presentar sus ofertas en llamados que cuentan con Pliego Electr\u00f3nico. El principal objetivo es brindar un instrumento orientador y din\u00e1mico que exponga las funcionalidades principales de esta herramienta.&nbsp;<\/strong><\/p>\n\n\n\n<p>Una vez que el proveedor ingresa al llamado, podr\u00e1 acceder a la pesta\u00f1a de convocatoria y encontrar\u00e1 una etiqueta que le indica que ese llamado est\u00e1 sujeto al pliego electr\u00f3nico.&nbsp;\u200b\u200b<\/p>\n\n\n\n<p><strong><em>Observaci\u00f3n:<\/em><\/strong><em>&nbsp;No todos los pliegos son electr\u00f3nicos, \u00fanicamente aquellos que cuentan con el distintivo.&nbsp;<\/em><\/p>\n\n\n\n<figure class=\"wp-block-image size-large\"><img decoding=\"async\" src=\"https:\/\/static.dncp.gov.py\/PublishingImages\/Lists\/GuiasElectronicas\/AllItems\/PLIEGO_OFE1.jpg\" alt=\"\"\/><\/figure>\n\n\n\n<p>Al ser un llamado con Pliego Electr\u00f3nico, este ya no se encuentra entre los documentos descargables, sino que aparece como una pesta\u00f1a llamada&nbsp;<strong>\u201cPliego de Bases y Condiciones\u201d<\/strong>, junto a la pesta\u00f1a de \u201cDatos de la Convocatoria\u201d<\/p>\n\n\n\n<p><\/p>\n\n\n\n<figure class=\"wp-block-image size-large\"><img decoding=\"async\" src=\"https:\/\/static.dncp.gov.py\/PublishingImages\/Lists\/GuiasElectronicas\/AllItems\/PLIEGO_OFE2.jpg\" alt=\"\"\/><\/figure>\n\n\n\n<p>Al ingresar a la misma, podr\u00e1 observar las opciones referentes al PBC y podr\u00e1 descargar la versi\u00f3n vigente del mismo en formato pdf.<\/p>\n\n\n\n<figure class=\"wp-block-image size-large\"><img decoding=\"async\" src=\"https:\/\/static.dncp.gov.py\/PublishingImages\/Lists\/GuiasElectronicas\/AllItems\/PLIEGO_OFE3.jpg\" alt=\"\"\/><\/figure>\n\n\n\n<p>Tambi\u00e9n podr\u00e1 observar las diferentes versiones del mismo, en caso de que este haya sufrido modificaciones una vez publicado.&nbsp;<\/p>\n\n\n\n<p><strong><em>Observaci\u00f3n:&nbsp;<\/em><\/strong><em>En los datos del Pliego queda indicada la cantidad de versiones del mismo.<\/em><\/p>\n\n\n\n<figure class=\"wp-block-image size-large\"><img decoding=\"async\" src=\"https:\/\/static.dncp.gov.py\/PublishingImages\/Lists\/GuiasElectronicas\/AllItems\/PLIEGO_OFE4.jpg\" alt=\"\"\/><\/figure>\n\n\n\n<p>Podr\u00e1 observar detalladamente las modificaciones ingresando a la opci\u00f3n de&nbsp;<strong>\u201cVer versiones del Pliego\u201d&nbsp;<\/strong><\/p>\n\n\n\n<figure class=\"wp-block-image size-large\"><img decoding=\"async\" src=\"https:\/\/static.dncp.gov.py\/PublishingImages\/Lists\/GuiasElectronicas\/AllItems\/PLIEGO_OFE5.jpg\" alt=\"\"\/><\/figure>\n\n\n\n<p>En el bot\u00f3n&nbsp;<strong>\u201cDescargar Archivo\u201d<\/strong>, tendr\u00e1 la posibilidad de desplegar la opci\u00f3n y aparecer\u00e1 una nueva, para que pueda compararla con la versi\u00f3n anterior.<\/p>\n\n\n\n<figure class=\"wp-block-image size-large\"><img decoding=\"async\" src=\"https:\/\/static.dncp.gov.py\/PublishingImages\/Lists\/GuiasElectronicas\/AllItems\/PLIEGO_OFE6.jpg\" alt=\"\"\/><\/figure>\n\n\n\n<p>En la misma podr\u00e1 observar cada cambio realizado en las diversas secciones del pliego.<\/p>\n\n\n\n<figure class=\"wp-block-image size-large\"><img decoding=\"async\" src=\"https:\/\/static.dncp.gov.py\/PublishingImages\/Lists\/GuiasElectronicas\/AllItems\/PLIEGO_OFE7.jpg\" alt=\"\"\/><\/figure>\n\n\n\n<p><br>Tambi\u00e9n obtendr\u00e1&nbsp;un comparador que indica las diferencias entre las versiones.<\/p>\n\n\n\n<figure class=\"wp-block-image size-large\"><img decoding=\"async\" src=\"https:\/\/static.dncp.gov.py\/PublishingImages\/Lists\/GuiasElectronicas\/AllItems\/PLIEGO_OFE8.jpg\" alt=\"\"\/><\/figure>\n\n\n\n<p><strong><em>Observaci\u00f3n:<\/em><\/strong><em>&nbsp;En caso de seleccionar una secci\u00f3n que no haya sufrido modificaciones, el mismo le ser\u00e1 indicado, de modo a tener un control sobre cada punto que haya sido ajustado.<\/em><\/p>\n\n\n\n<figure class=\"wp-block-image size-large\"><img decoding=\"async\" src=\"https:\/\/static.dncp.gov.py\/PublishingImages\/Lists\/GuiasElectronicas\/AllItems\/PLIEGO_OFE9.jpg\" alt=\"\"\/><\/figure>\n","protected":false},"excerpt":{"rendered":"\u200bEsta gu\u00eda est\u00e1 dirigida a las empresas interesadas en presentar sus ofertas en llamados que cuentan con Pliego Electr\u00f3nico. El principal objetivo es brindar un instrumento orientador y din\u00e1mico que exponga las funcionalidades principales de esta herramienta.&nbsp; Una vez que el proveedor ingresa al llamado, podr\u00e1 acceder a la pesta\u00f1a de convocatoria y encontrar\u00e1 una [&hellip;]","protected":false},"author":13,"featured_media":0,"parent":1270,"menu_order":1,"comment_status":"closed","ping_status":"closed","template":"","meta":{"footnotes":""},"class_list":["post-1334","page","type-page","status-publish","hentry"],"_links":{"self":[{"href":"https:\/\/www.contrataciones.gov.py\/dncp\/wp-json\/wp\/v2\/pages\/1334","targetHints":{"allow":["GET"]}}],"collection":[{"href":"https:\/\/www.contrataciones.gov.py\/dncp\/wp-json\/wp\/v2\/pages"}],"about":[{"href":"https:\/\/www.contrataciones.gov.py\/dncp\/wp-json\/wp\/v2\/types\/page"}],"author":[{"embeddable":true,"href":"https:\/\/www.contrataciones.gov.py\/dncp\/wp-json\/wp\/v2\/users\/13"}],"replies":[{"embeddable":true,"href":"https:\/\/www.contrataciones.gov.py\/dncp\/wp-json\/wp\/v2\/comments?post=1334"}],"version-history":[{"count":24,"href":"https:\/\/www.contrataciones.gov.py\/dncp\/wp-json\/wp\/v2\/pages\/1334\/revisions"}],"predecessor-version":[{"id":17152,"href":"https:\/\/www.contrataciones.gov.py\/dncp\/wp-json\/wp\/v2\/pages\/1334\/revisions\/17152"}],"up":[{"embeddable":true,"href":"https:\/\/www.contrataciones.gov.py\/dncp\/wp-json\/wp\/v2\/pages\/1270"}],"wp:attachment":[{"href":"https:\/\/www.contrataciones.gov.py\/dncp\/wp-json\/wp\/v2\/media?parent=1334"}],"curies":[{"name":"wp","href":"https:\/\/api.w.org\/{rel}","templated":true}]}}