{"id":1386,"date":"2023-04-27T19:07:31","date_gmt":"2023-04-27T23:07:31","guid":{"rendered":"https:\/\/www.contrataciones.gov.py\/dncp\/?page_id=1386"},"modified":"2025-03-04T10:35:53","modified_gmt":"2025-03-04T13:35:53","slug":"videos-tutoriales","status":"publish","type":"page","link":"https:\/\/www.contrataciones.gov.py\/dncp\/guia-de-carga-de-pbc-electronico\/videos-tutoriales\/","title":{"rendered":"Videos Tutoriales"},"content":{"rendered":"\n<figure class=\"wp-block-image size-large\"><img loading=\"lazy\" decoding=\"async\" width=\"1024\" height=\"217\" src=\"https:\/\/www.contrataciones.gov.py\/dncp\/wp-content\/uploads\/2025\/03\/Videos-tutoriales-1024x217.jpg\" alt=\"\" class=\"wp-image-17172\" srcset=\"https:\/\/www.contrataciones.gov.py\/dncp\/wp-content\/uploads\/2025\/03\/Videos-tutoriales-1024x217.jpg 1024w, https:\/\/www.contrataciones.gov.py\/dncp\/wp-content\/uploads\/2025\/03\/Videos-tutoriales-300x63.jpg 300w, https:\/\/www.contrataciones.gov.py\/dncp\/wp-content\/uploads\/2025\/03\/Videos-tutoriales-768x162.jpg 768w, https:\/\/www.contrataciones.gov.py\/dncp\/wp-content\/uploads\/2025\/03\/Videos-tutoriales-1536x325.jpg 1536w, https:\/\/www.contrataciones.gov.py\/dncp\/wp-content\/uploads\/2025\/03\/Videos-tutoriales.jpg 1920w\" sizes=\"auto, (max-width: 1024px) 100vw, 1024px\" \/><\/figure>\n\n\n\n<p>Video tutorial para carga de pliego para convocantes:&nbsp;<a href=\"https:\/\/www.youtube.com\/watch?v=AiHshohE5JA\">ver aqu\u00ed<\/a><\/p>\n\n\n\n<p>Video tutorial para carga de adendas:&nbsp;<a href=\"https:\/\/www.youtube.com\/watch?v=Vq0l9qr8ygE\">ver aqu\u00ed<\/a><\/p>\n\n\n\n<p><\/p>\n\n\n\n<p>Video tutorial para oferentes:&nbsp;<a href=\"https:\/\/www.youtube.com\/watch?v=X65kCwBtDNQ\">ver aqu\u00ed \u200b<\/a><\/p>\n","protected":false},"excerpt":{"rendered":"Video tutorial para carga de pliego para convocantes:&nbsp;ver aqu\u00ed Video tutorial para carga de adendas:&nbsp;ver aqu\u00ed Video tutorial para oferentes:&nbsp;ver aqu\u00ed \u200b","protected":false},"author":13,"featured_media":0,"parent":1270,"menu_order":4,"comment_status":"closed","ping_status":"closed","template":"","meta":{"footnotes":""},"class_list":["post-1386","page","type-page","status-publish","hentry"],"_links":{"self":[{"href":"https:\/\/www.contrataciones.gov.py\/dncp\/wp-json\/wp\/v2\/pages\/1386","targetHints":{"allow":["GET"]}}],"collection":[{"href":"https:\/\/www.contrataciones.gov.py\/dncp\/wp-json\/wp\/v2\/pages"}],"about":[{"href":"https:\/\/www.contrataciones.gov.py\/dncp\/wp-json\/wp\/v2\/types\/page"}],"author":[{"embeddable":true,"href":"https:\/\/www.contrataciones.gov.py\/dncp\/wp-json\/wp\/v2\/users\/13"}],"replies":[{"embeddable":true,"href":"https:\/\/www.contrataciones.gov.py\/dncp\/wp-json\/wp\/v2\/comments?post=1386"}],"version-history":[{"count":4,"href":"https:\/\/www.contrataciones.gov.py\/dncp\/wp-json\/wp\/v2\/pages\/1386\/revisions"}],"predecessor-version":[{"id":17464,"href":"https:\/\/www.contrataciones.gov.py\/dncp\/wp-json\/wp\/v2\/pages\/1386\/revisions\/17464"}],"up":[{"embeddable":true,"href":"https:\/\/www.contrataciones.gov.py\/dncp\/wp-json\/wp\/v2\/pages\/1270"}],"wp:attachment":[{"href":"https:\/\/www.contrataciones.gov.py\/dncp\/wp-json\/wp\/v2\/media?parent=1386"}],"curies":[{"name":"wp","href":"https:\/\/api.w.org\/{rel}","templated":true}]}}