{"id":15112,"date":"2025-02-19T10:56:02","date_gmt":"2025-02-19T13:56:02","guid":{"rendered":"https:\/\/www.contrataciones.gov.py\/dncp\/?page_id=15112"},"modified":"2025-03-04T08:21:34","modified_gmt":"2025-03-04T11:21:34","slug":"guia-ofertas-electronicas-ciudadania","status":"publish","type":"page","link":"https:\/\/www.contrataciones.gov.py\/dncp\/guia-ofertas-electronicas-ley-n-7021-2022-res-232-2025\/guia-ofertas-electronicas-ciudadania\/","title":{"rendered":"Gu\u00eda De Ofertas Electr\u00f3nicas \u2013 Ciudadan\u00eda"},"content":{"rendered":"\n<figure class=\"wp-block-image size-full\"><img loading=\"lazy\" decoding=\"async\" width=\"1920\" height=\"406\" src=\"https:\/\/www.contrataciones.gov.py\/dncp\/wp-content\/uploads\/2025\/03\/OFERTA-ELECTRONICA-ciudadania-1.jpg\" alt=\"\" class=\"wp-image-16812\" srcset=\"https:\/\/www.contrataciones.gov.py\/dncp\/wp-content\/uploads\/2025\/03\/OFERTA-ELECTRONICA-ciudadania-1.jpg 1920w, https:\/\/www.contrataciones.gov.py\/dncp\/wp-content\/uploads\/2025\/03\/OFERTA-ELECTRONICA-ciudadania-1-300x63.jpg 300w, https:\/\/www.contrataciones.gov.py\/dncp\/wp-content\/uploads\/2025\/03\/OFERTA-ELECTRONICA-ciudadania-1-1024x217.jpg 1024w, https:\/\/www.contrataciones.gov.py\/dncp\/wp-content\/uploads\/2025\/03\/OFERTA-ELECTRONICA-ciudadania-1-768x162.jpg 768w, https:\/\/www.contrataciones.gov.py\/dncp\/wp-content\/uploads\/2025\/03\/OFERTA-ELECTRONICA-ciudadania-1-1536x325.jpg 1536w\" sizes=\"auto, (max-width: 1920px) 100vw, 1920px\" \/><\/figure>\n\n\n\n<p>Esta gu\u00eda contiene las instrucciones para que cualquier ciudadano pueda participar en la apertura de ofertas dentro de los procedimientos de contrataci\u00f3n que utilicen el m\u00f3dulo de ofertas electr\u00f3nicas, conforme a la Resoluci\u00f3n DNCP N\u00b0 232\/2025 Por la cual se regula la utilizaci\u00f3n del M\u00f3dulo de Ofertas Electr\u00f3nicas en los Procedimientos de Contrataci\u00f3n regidos por la Ley N\u00b0 7021\/22.<\/p>\n\n\n\n<h2 class=\"wp-block-heading has-text-align-center\"><strong>\u00bfEn qu\u00e9 consiste la oferta electr\u00f3nica?<\/strong><\/h2>\n\n\n\n<p>Una oferta electr\u00f3nica es una propuesta t\u00e9cnica y econ\u00f3mica que una persona f\u00edsica o jur\u00eddica presenta ante una entidad del Estado con el fin de vender bienes, realizar obras, prestar servicios o alquilar recursos. Se env\u00eda a trav\u00e9s del Sistema de Informaci\u00f3n de Contrataciones P\u00fablicas (SICP).<\/p>\n\n\n\n<p>Si usted est\u00e1 interesado en participar como tercero interviniente en la apertura de una oferta de un procedimiento licitatorio en el que se emplee el M\u00f3dulo de Ofertas Electr\u00f3nicas, deber\u00e1 seguir los siguientes pasos para ello;<\/p>\n\n\n\n<p><strong>1. <\/strong>Ingrese al Portal P\u00fablico de Contrataciones P\u00fablicas <a href=\"http:\/\/www.dncp.gov.py\">www.dncp.gov.py<\/a> y desde alguno de los buscadores de licitaciones busque el ID de la licitaci\u00f3n de su inter\u00e9s, como se ilustra a continuaci\u00f3n:<\/p>\n\n\n\n<figure class=\"wp-block-image size-large\"><img loading=\"lazy\" decoding=\"async\" width=\"1024\" height=\"476\" src=\"https:\/\/www.contrataciones.gov.py\/dncp\/wp-content\/uploads\/2025\/02\/image-133-1024x476.png\" alt=\"\" class=\"wp-image-15124\" srcset=\"https:\/\/www.contrataciones.gov.py\/dncp\/wp-content\/uploads\/2025\/02\/image-133-1024x476.png 1024w, https:\/\/www.contrataciones.gov.py\/dncp\/wp-content\/uploads\/2025\/02\/image-133-300x139.png 300w, https:\/\/www.contrataciones.gov.py\/dncp\/wp-content\/uploads\/2025\/02\/image-133-768x357.png 768w, https:\/\/www.contrataciones.gov.py\/dncp\/wp-content\/uploads\/2025\/02\/image-133.png 1057w\" sizes=\"auto, (max-width: 1024px) 100vw, 1024px\" \/><\/figure>\n\n\n\n<p><strong>2. <\/strong>Acceda a la pesta\u00f1a <strong>VER CONVOCATORIA\/ CONVOCATORIA\/ OFERTAS PRESENTADAS<\/strong>, posterior a ello visualizar\u00e1 las ofertas presentadas y abiertas por la convocante.<\/p>\n\n\n\n<figure class=\"wp-block-image size-large\"><img loading=\"lazy\" decoding=\"async\" width=\"1024\" height=\"528\" src=\"https:\/\/www.contrataciones.gov.py\/dncp\/wp-content\/uploads\/2025\/02\/image-135-1024x528.png\" alt=\"\" class=\"wp-image-15144\" srcset=\"https:\/\/www.contrataciones.gov.py\/dncp\/wp-content\/uploads\/2025\/02\/image-135-1024x528.png 1024w, https:\/\/www.contrataciones.gov.py\/dncp\/wp-content\/uploads\/2025\/02\/image-135-300x155.png 300w, https:\/\/www.contrataciones.gov.py\/dncp\/wp-content\/uploads\/2025\/02\/image-135-768x396.png 768w, https:\/\/www.contrataciones.gov.py\/dncp\/wp-content\/uploads\/2025\/02\/image-135.png 1080w\" sizes=\"auto, (max-width: 1024px) 100vw, 1024px\" \/><\/figure>\n\n\n\n<figure class=\"wp-block-image size-large\"><img loading=\"lazy\" decoding=\"async\" width=\"1024\" height=\"510\" src=\"https:\/\/www.contrataciones.gov.py\/dncp\/wp-content\/uploads\/2025\/02\/image-136-1024x510.png\" alt=\"\" class=\"wp-image-15148\" srcset=\"https:\/\/www.contrataciones.gov.py\/dncp\/wp-content\/uploads\/2025\/02\/image-136-1024x510.png 1024w, https:\/\/www.contrataciones.gov.py\/dncp\/wp-content\/uploads\/2025\/02\/image-136-300x149.png 300w, https:\/\/www.contrataciones.gov.py\/dncp\/wp-content\/uploads\/2025\/02\/image-136-768x382.png 768w, https:\/\/www.contrataciones.gov.py\/dncp\/wp-content\/uploads\/2025\/02\/image-136.png 1097w\" sizes=\"auto, (max-width: 1024px) 100vw, 1024px\" \/><\/figure>\n\n\n\n<figure class=\"wp-block-image size-large\"><img loading=\"lazy\" decoding=\"async\" width=\"1024\" height=\"560\" src=\"https:\/\/www.contrataciones.gov.py\/dncp\/wp-content\/uploads\/2025\/02\/image-137-1024x560.png\" alt=\"\" class=\"wp-image-15152\" srcset=\"https:\/\/www.contrataciones.gov.py\/dncp\/wp-content\/uploads\/2025\/02\/image-137-1024x560.png 1024w, https:\/\/www.contrataciones.gov.py\/dncp\/wp-content\/uploads\/2025\/02\/image-137-300x164.png 300w, https:\/\/www.contrataciones.gov.py\/dncp\/wp-content\/uploads\/2025\/02\/image-137-768x420.png 768w, https:\/\/www.contrataciones.gov.py\/dncp\/wp-content\/uploads\/2025\/02\/image-137.png 1067w\" sizes=\"auto, (max-width: 1024px) 100vw, 1024px\" \/><\/figure>\n\n\n\n<p>Adem\u00e1s, a trav\u00e9s del bot\u00f3n <strong>VER DETALLE<\/strong> podr\u00e1 visualizar <strong>DETALLE DE LA OFERTA<\/strong> como: <strong>PROVEEDOR y RUC, FECHA DE PRESENTACION, CODIGO VERIFICADOR DE LA OFERTA<\/strong> y el <strong>LISTADO DE DOCUMENTOS<\/strong> que fueron presentados, con sus respectivos c\u00f3digos verificadores y nombre de archivo.<\/p>\n\n\n\n<p class=\"has-vivid-red-color has-text-color has-link-color wp-elements-d41b0f2da0cf7bf4c662666942f2b9cc\"><img loading=\"lazy\" decoding=\"async\" width=\"30\" height=\"29\" class=\"wp-image-15156\" style=\"width: 30px;\" src=\"https:\/\/www.contrataciones.gov.py\/dncp\/wp-content\/uploads\/2025\/02\/simbolo.png\" alt=\"\">  <strong>IMPORTANTE: La descarga y visualizaci\u00f3n del contenido de los documentos que componen las ofertas s\u00f3lo podr\u00e1 realizarse a trav\u00e9s de los usuarios habilitados en el SICP, \u00bfQUIENES SON LOS USUARIOS HABILITADOS? AQUELLOS QUE CUENTAN CON UN PERFIL COMO COMPRADOR O PROVEEDOR<\/strong><\/p>\n\n\n\n<p><strong>3. OBSERVACIONES SOBRE LAS OFERTAS&nbsp;<\/strong><\/p>\n\n\n\n<p>Durante el acto de apertura de ofertas y dentro del plazo de revisi\u00f3n de ofertas, toda persona que ingrese a la convocatoria, podr\u00e1 enviar una observaci\u00f3n sobre el acto de apertura de ofertas, no as\u00ed sobre el contenido de los documentos de las ofertas, mediante el bot\u00f3n&nbsp;<strong>ENVIAR UNA OBSERVACI\u00d3N<\/strong>, ubicado en el margen superior derecho como se observa en la imagen de arriba.<\/p>\n\n\n\n<figure class=\"wp-block-image size-large\"><img loading=\"lazy\" decoding=\"async\" width=\"1024\" height=\"585\" src=\"https:\/\/www.contrataciones.gov.py\/dncp\/wp-content\/uploads\/2025\/02\/image-144-1024x585.png\" alt=\"\" class=\"wp-image-15212\" srcset=\"https:\/\/www.contrataciones.gov.py\/dncp\/wp-content\/uploads\/2025\/02\/image-144-1024x585.png 1024w, https:\/\/www.contrataciones.gov.py\/dncp\/wp-content\/uploads\/2025\/02\/image-144-300x171.png 300w, https:\/\/www.contrataciones.gov.py\/dncp\/wp-content\/uploads\/2025\/02\/image-144-768x439.png 768w, https:\/\/www.contrataciones.gov.py\/dncp\/wp-content\/uploads\/2025\/02\/image-144.png 1082w\" sizes=\"auto, (max-width: 1024px) 100vw, 1024px\" \/><\/figure>\n\n\n\n<p>Al hacer clicar sobre dicha pesta\u00f1a, el sistema desplegar\u00e1 el siguiente formulario;<\/p>\n\n\n\n<figure class=\"wp-block-image size-large\"><img loading=\"lazy\" decoding=\"async\" width=\"1024\" height=\"676\" src=\"https:\/\/www.contrataciones.gov.py\/dncp\/wp-content\/uploads\/2025\/02\/image-145-1024x676.png\" alt=\"\" class=\"wp-image-15216\" srcset=\"https:\/\/www.contrataciones.gov.py\/dncp\/wp-content\/uploads\/2025\/02\/image-145-1024x676.png 1024w, https:\/\/www.contrataciones.gov.py\/dncp\/wp-content\/uploads\/2025\/02\/image-145-300x198.png 300w, https:\/\/www.contrataciones.gov.py\/dncp\/wp-content\/uploads\/2025\/02\/image-145-768x507.png 768w, https:\/\/www.contrataciones.gov.py\/dncp\/wp-content\/uploads\/2025\/02\/image-145.png 1083w\" sizes=\"auto, (max-width: 1024px) 100vw, 1024px\" \/><\/figure>\n\n\n\n<p>Complete los datos solicitados en cada campo, luego haga clic en el bot\u00f3n <strong>Enviar una observaci\u00f3n.<\/strong><\/p>\n\n\n\n<p>El sistema confirmar\u00e1 el env\u00edo emitiendo el siguiente mensaje: <strong>La observaci\u00f3n ha sido enviada correctamente<\/strong>, en la parte superior de la pantalla, como muestra la siguiente imagen.<\/p>\n\n\n\n<figure class=\"wp-block-image size-large\"><img loading=\"lazy\" decoding=\"async\" width=\"1024\" height=\"474\" src=\"https:\/\/www.contrataciones.gov.py\/dncp\/wp-content\/uploads\/2025\/02\/image-146-1024x474.png\" alt=\"\" class=\"wp-image-15220\" srcset=\"https:\/\/www.contrataciones.gov.py\/dncp\/wp-content\/uploads\/2025\/02\/image-146-1024x474.png 1024w, https:\/\/www.contrataciones.gov.py\/dncp\/wp-content\/uploads\/2025\/02\/image-146-300x139.png 300w, https:\/\/www.contrataciones.gov.py\/dncp\/wp-content\/uploads\/2025\/02\/image-146-768x356.png 768w, https:\/\/www.contrataciones.gov.py\/dncp\/wp-content\/uploads\/2025\/02\/image-146.png 1064w\" sizes=\"auto, (max-width: 1024px) 100vw, 1024px\" \/><\/figure>\n\n\n\n<p>En caso de que se haya registrado alg\u00fan error en los datos cargados en el formulario, la observaci\u00f3n no se enviar\u00e1 y el sistema le alertar\u00e1 con una notificaci\u00f3n.<\/p>\n\n\n\n<figure class=\"wp-block-image size-large\"><img loading=\"lazy\" decoding=\"async\" width=\"1024\" height=\"453\" src=\"https:\/\/www.contrataciones.gov.py\/dncp\/wp-content\/uploads\/2025\/02\/image-147-1024x453.png\" alt=\"\" class=\"wp-image-15224\" srcset=\"https:\/\/www.contrataciones.gov.py\/dncp\/wp-content\/uploads\/2025\/02\/image-147-1024x453.png 1024w, https:\/\/www.contrataciones.gov.py\/dncp\/wp-content\/uploads\/2025\/02\/image-147-300x133.png 300w, https:\/\/www.contrataciones.gov.py\/dncp\/wp-content\/uploads\/2025\/02\/image-147-768x340.png 768w, https:\/\/www.contrataciones.gov.py\/dncp\/wp-content\/uploads\/2025\/02\/image-147.png 1081w\" sizes=\"auto, (max-width: 1024px) 100vw, 1024px\" \/><\/figure>\n\n\n\n<p>Aseg\u00farese de confirmar los datos cargados en el formulario y que sean los correctos, y vuelva a repetir los pasos mencionados para enviar la observaci\u00f3n.&nbsp;<\/p>\n\n\n\n<p>La opci\u00f3n <strong>ENVIAR UNA OBSERVACI\u00d3N<\/strong> solo estar\u00e1 disponible durante el acto de apertura de ofertas. Una vez finalizado el per\u00edodo de revisi\u00f3n de ofertas establecido por la Convocante, la pesta\u00f1a <strong>ENVIAR UNA OBSERVACI\u00d3N<\/strong> ya no estar\u00e1 habilitada.<\/p>\n\n\n\n<figure class=\"wp-block-image size-full\"><img loading=\"lazy\" decoding=\"async\" width=\"886\" height=\"334\" src=\"https:\/\/www.contrataciones.gov.py\/dncp\/wp-content\/uploads\/2025\/02\/image-148.png\" alt=\"\" class=\"wp-image-15228\" srcset=\"https:\/\/www.contrataciones.gov.py\/dncp\/wp-content\/uploads\/2025\/02\/image-148.png 886w, https:\/\/www.contrataciones.gov.py\/dncp\/wp-content\/uploads\/2025\/02\/image-148-300x113.png 300w, https:\/\/www.contrataciones.gov.py\/dncp\/wp-content\/uploads\/2025\/02\/image-148-768x290.png 768w\" sizes=\"auto, (max-width: 886px) 100vw, 886px\" \/><\/figure>\n\n\n\n<p><strong>4. RECLAMOS SOBRE EL USO DEL SISTEMA<\/strong><\/p>\n\n\n\n<p>Ante errores que pudieran ocurrir durante el uso del <strong>m\u00f3dulo de ofertas electr\u00f3nicas<\/strong>, podr\u00e1 formular sus manifestaciones a trav\u00e9s del&nbsp;<strong>CHAT DE MESA DE AYUDA<\/strong> disponible en el parte inferior derecho del <strong>SICP<\/strong>.<img loading=\"lazy\" decoding=\"async\" width=\"52\" height=\"49\" class=\"wp-image-15236\" style=\"width: 52px;\" src=\"https:\/\/www.contrataciones.gov.py\/dncp\/wp-content\/uploads\/2025\/02\/Imagen2.png\" alt=\"\"><\/p>\n\n\n\n<figure class=\"wp-block-image size-full\"><img loading=\"lazy\" decoding=\"async\" width=\"1004\" height=\"770\" src=\"https:\/\/www.contrataciones.gov.py\/dncp\/wp-content\/uploads\/2025\/02\/image-149.png\" alt=\"\" class=\"wp-image-15240\" srcset=\"https:\/\/www.contrataciones.gov.py\/dncp\/wp-content\/uploads\/2025\/02\/image-149.png 1004w, https:\/\/www.contrataciones.gov.py\/dncp\/wp-content\/uploads\/2025\/02\/image-149-300x230.png 300w, https:\/\/www.contrataciones.gov.py\/dncp\/wp-content\/uploads\/2025\/02\/image-149-768x589.png 768w\" sizes=\"auto, (max-width: 1004px) 100vw, 1004px\" \/><\/figure>\n\n\n\n<p><strong>5. USO INDEBIDO<\/strong><\/p>\n\n\n\n<p>Se recuerda a todos los usuarios la importancia de hacer un uso adecuado de los mecanismos de participaci\u00f3n ciudadana del SICP. En caso de detectarse un uso indebido, la DNCP se reserva el derecho de tomar las medidas correspondientes.<\/p>\n\n\n\n<p><\/p>\n","protected":false},"excerpt":{"rendered":"Esta gu\u00eda contiene las instrucciones para que cualquier ciudadano pueda participar en la apertura de ofertas dentro de los procedimientos de contrataci\u00f3n que utilicen el m\u00f3dulo de ofertas electr\u00f3nicas, conforme a la Resoluci\u00f3n DNCP N\u00b0 232\/2025 Por la cual se regula la utilizaci\u00f3n del M\u00f3dulo de Ofertas Electr\u00f3nicas en los Procedimientos de Contrataci\u00f3n regidos por [&hellip;]","protected":false},"author":30,"featured_media":0,"parent":15076,"menu_order":0,"comment_status":"closed","ping_status":"closed","template":"","meta":{"footnotes":""},"class_list":["post-15112","page","type-page","status-publish","hentry"],"_links":{"self":[{"href":"https:\/\/www.contrataciones.gov.py\/dncp\/wp-json\/wp\/v2\/pages\/15112","targetHints":{"allow":["GET"]}}],"collection":[{"href":"https:\/\/www.contrataciones.gov.py\/dncp\/wp-json\/wp\/v2\/pages"}],"about":[{"href":"https:\/\/www.contrataciones.gov.py\/dncp\/wp-json\/wp\/v2\/types\/page"}],"author":[{"embeddable":true,"href":"https:\/\/www.contrataciones.gov.py\/dncp\/wp-json\/wp\/v2\/users\/30"}],"replies":[{"embeddable":true,"href":"https:\/\/www.contrataciones.gov.py\/dncp\/wp-json\/wp\/v2\/comments?post=15112"}],"version-history":[{"count":13,"href":"https:\/\/www.contrataciones.gov.py\/dncp\/wp-json\/wp\/v2\/pages\/15112\/revisions"}],"predecessor-version":[{"id":16816,"href":"https:\/\/www.contrataciones.gov.py\/dncp\/wp-json\/wp\/v2\/pages\/15112\/revisions\/16816"}],"up":[{"embeddable":true,"href":"https:\/\/www.contrataciones.gov.py\/dncp\/wp-json\/wp\/v2\/pages\/15076"}],"wp:attachment":[{"href":"https:\/\/www.contrataciones.gov.py\/dncp\/wp-json\/wp\/v2\/media?parent=15112"}],"curies":[{"name":"wp","href":"https:\/\/api.w.org\/{rel}","templated":true}]}}