{"id":17512,"date":"2025-03-10T11:53:55","date_gmt":"2025-03-10T14:53:55","guid":{"rendered":"https:\/\/www.contrataciones.gov.py\/dncp\/?page_id=17512"},"modified":"2025-05-28T11:01:43","modified_gmt":"2025-05-28T14:01:43","slug":"guia-de-procedimientos-de-contratacion","status":"publish","type":"page","link":"https:\/\/www.contrataciones.gov.py\/dncp\/guia-de-procedimientos-de-contratacion\/guia-de-procedimientos-de-contratacion\/","title":{"rendered":"Gu\u00eda de Procedimientos de Contrataci\u00f3n"},"content":{"rendered":"\n<figure class=\"wp-block-image size-full\"><img loading=\"lazy\" decoding=\"async\" width=\"1920\" height=\"406\" src=\"https:\/\/www.contrataciones.gov.py\/dncp\/wp-content\/uploads\/2025\/03\/Procedimientos-de-contratacion.jpg\" alt=\"\" class=\"wp-image-17516\" srcset=\"https:\/\/www.contrataciones.gov.py\/dncp\/wp-content\/uploads\/2025\/03\/Procedimientos-de-contratacion.jpg 1920w, https:\/\/www.contrataciones.gov.py\/dncp\/wp-content\/uploads\/2025\/03\/Procedimientos-de-contratacion-300x63.jpg 300w, https:\/\/www.contrataciones.gov.py\/dncp\/wp-content\/uploads\/2025\/03\/Procedimientos-de-contratacion-1024x217.jpg 1024w, https:\/\/www.contrataciones.gov.py\/dncp\/wp-content\/uploads\/2025\/03\/Procedimientos-de-contratacion-768x162.jpg 768w, https:\/\/www.contrataciones.gov.py\/dncp\/wp-content\/uploads\/2025\/03\/Procedimientos-de-contratacion-1536x325.jpg 1536w\" sizes=\"auto, (max-width: 1920px) 100vw, 1920px\" \/><\/figure>\n\n\n\n<p>Mediante la <strong>Resoluci\u00f3n DNCP N\u00b0 230\/25<\/strong> \u201c<em>De Comunicaci\u00f3n y Difusi\u00f3n de los Procedimientos de Contrataci\u00f3n, por la cual se Reglamentan los Procedimientos de Contrataci\u00f3n regidos por la Ley N\u00b0 7021\/22 \u00abDe Suministro y Contrataciones P\u00fablicas<\/em>\u00ab, se busca que la comunicaci\u00f3n de las convocatorias que realicen los organismos, entidades, sociedades an\u00f3nimas en las que el estado sea socio mayoritario y las municipalidades, a la Direcci\u00f3n Nacional de Contrataciones P\u00fablicas, sean publicadas a trav\u00e9s del SICP.<\/p>\n\n\n\n<p>As\u00ed tambi\u00e9n que los procedimientos aplicados sean adecuados para contribuir al establecimiento de la seguridad jur\u00eddica dentro de las compras p\u00fablicas, para todas las partes involucradas.<\/p>\n\n\n\n<p>Para facilitar las gestiones de los procedimientos de contrataci\u00f3n, a trav\u00e9s del SICP, se recomienda a las Unidades Operativas de Contrataci\u00f3n la utilizaci\u00f3n de la presente Gu\u00eda de Procedimientos de Contrataci\u00f3n de Buenas Pr\u00e1cticas.<\/p>\n\n\n\n<p>La presente gu\u00eda es aplicable a los procedimientos comunicados por las UEP cuando las pol\u00edticas de adquisici\u00f3n adopten la legislaci\u00f3n nacional, as\u00ed como para aquellos procedimientos especiales que se rijan por las reglas de los convencionales.<\/p>\n","protected":false},"excerpt":{"rendered":"Mediante la Resoluci\u00f3n DNCP N\u00b0 230\/25 \u201cDe Comunicaci\u00f3n y Difusi\u00f3n de los Procedimientos de Contrataci\u00f3n, por la cual se Reglamentan los Procedimientos de Contrataci\u00f3n regidos por la Ley N\u00b0 7021\/22 \u00abDe Suministro y Contrataciones P\u00fablicas\u00ab, se busca que la comunicaci\u00f3n de las convocatorias que realicen los organismos, entidades, sociedades an\u00f3nimas en las que el estado [&hellip;]","protected":false},"author":43,"featured_media":0,"parent":17488,"menu_order":0,"comment_status":"closed","ping_status":"closed","template":"","meta":{"footnotes":""},"class_list":["post-17512","page","type-page","status-publish","hentry"],"_links":{"self":[{"href":"https:\/\/www.contrataciones.gov.py\/dncp\/wp-json\/wp\/v2\/pages\/17512","targetHints":{"allow":["GET"]}}],"collection":[{"href":"https:\/\/www.contrataciones.gov.py\/dncp\/wp-json\/wp\/v2\/pages"}],"about":[{"href":"https:\/\/www.contrataciones.gov.py\/dncp\/wp-json\/wp\/v2\/types\/page"}],"author":[{"embeddable":true,"href":"https:\/\/www.contrataciones.gov.py\/dncp\/wp-json\/wp\/v2\/users\/43"}],"replies":[{"embeddable":true,"href":"https:\/\/www.contrataciones.gov.py\/dncp\/wp-json\/wp\/v2\/comments?post=17512"}],"version-history":[{"count":3,"href":"https:\/\/www.contrataciones.gov.py\/dncp\/wp-json\/wp\/v2\/pages\/17512\/revisions"}],"predecessor-version":[{"id":18779,"href":"https:\/\/www.contrataciones.gov.py\/dncp\/wp-json\/wp\/v2\/pages\/17512\/revisions\/18779"}],"up":[{"embeddable":true,"href":"https:\/\/www.contrataciones.gov.py\/dncp\/wp-json\/wp\/v2\/pages\/17488"}],"wp:attachment":[{"href":"https:\/\/www.contrataciones.gov.py\/dncp\/wp-json\/wp\/v2\/media?parent=17512"}],"curies":[{"name":"wp","href":"https:\/\/api.w.org\/{rel}","templated":true}]}}