{"id":17660,"date":"2025-03-10T12:31:54","date_gmt":"2025-03-10T15:31:54","guid":{"rendered":"https:\/\/www.contrataciones.gov.py\/dncp\/?page_id=17660"},"modified":"2025-03-10T12:57:17","modified_gmt":"2025-03-10T15:57:17","slug":"uso-y-administracion-del-codigo-de-catalogo","status":"publish","type":"page","link":"https:\/\/www.contrataciones.gov.py\/dncp\/guia-de-procedimientos-de-contratacion\/uso-y-administracion-del-codigo-de-catalogo\/","title":{"rendered":"Uso y Administraci\u00f3n del C\u00f3digo de Cat\u00e1logo"},"content":{"rendered":"\n<figure class=\"wp-block-image size-full\"><img loading=\"lazy\" decoding=\"async\" width=\"1920\" height=\"406\" src=\"https:\/\/www.contrataciones.gov.py\/dncp\/wp-content\/uploads\/2025\/03\/Uso-y-administracion-del-codigo-de-catalogo.jpg\" alt=\"\" class=\"wp-image-17672\" srcset=\"https:\/\/www.contrataciones.gov.py\/dncp\/wp-content\/uploads\/2025\/03\/Uso-y-administracion-del-codigo-de-catalogo.jpg 1920w, https:\/\/www.contrataciones.gov.py\/dncp\/wp-content\/uploads\/2025\/03\/Uso-y-administracion-del-codigo-de-catalogo-300x63.jpg 300w, https:\/\/www.contrataciones.gov.py\/dncp\/wp-content\/uploads\/2025\/03\/Uso-y-administracion-del-codigo-de-catalogo-1024x217.jpg 1024w, https:\/\/www.contrataciones.gov.py\/dncp\/wp-content\/uploads\/2025\/03\/Uso-y-administracion-del-codigo-de-catalogo-768x162.jpg 768w, https:\/\/www.contrataciones.gov.py\/dncp\/wp-content\/uploads\/2025\/03\/Uso-y-administracion-del-codigo-de-catalogo-1536x325.jpg 1536w\" sizes=\"auto, (max-width: 1920px) 100vw, 1920px\" \/><\/figure>\n\n\n\n<blockquote class=\"wp-block-quote is-layout-flow wp-block-quote-is-layout-flow\">\n<p><strong><em>Art\u00edculo 17. Uso de c\u00f3digo de cat\u00e1logo. El c\u00f3digo de cat\u00e1logo debe ser asignado a cada uno de los componentes de los bienes, obras, servicios y consultor\u00edas a contratar, independientemente al sistema de adjudicaci\u00f3n, en cada una de las etapas del procedimiento de contrataci\u00f3n, toda vez que el SICP lo requiera, de acuerdo a lo establecido en la Gu\u00eda de procedimientos de contrataci\u00f3n.<\/em><\/strong><\/p>\n<\/blockquote>\n\n\n\n<p>En todos los casos, el c\u00f3digo de cat\u00e1logo debe ser utilizado de acuerdo a las disposiciones legales y reglamentarias que se emitan al efecto.<\/p>\n\n\n\n<blockquote class=\"wp-block-quote is-layout-flow wp-block-quote-is-layout-flow\">\n<p><strong><em>Art\u00edculo 18. Administraci\u00f3n. La DNCP administrar\u00e1 y mantendr\u00e1 actualizado el Cat\u00e1logo de Bienes, Servicios, Consultor\u00edas y Obras P\u00fablicas. La administraci\u00f3n podr\u00e1 incluir:<\/em><\/strong><\/p>\n\n\n\n<p><strong><em>a) Creaci\u00f3n, modificaci\u00f3n, activaci\u00f3n o inactivaci\u00f3n de c\u00f3digo de cat\u00e1logos;<\/em><\/strong><\/p>\n\n\n\n<p><strong><em>b) Asignaci\u00f3n de objeto de gasto y\/o subgrupo de objeto de gasto;<\/em><\/strong><\/p>\n\n\n\n<p><strong><em>c) Creaci\u00f3n\/modificaci\u00f3n de plantillas.<\/em><\/strong><\/p>\n\n\n\n<p><strong><em>Las solicitudes por parte de las convocantes ser\u00e1n realizadas de acuerdo a lo establecido en la respectiva Gu\u00eda.<\/em><\/strong><\/p>\n<\/blockquote>\n\n\n\n<p>La DNCP es responsable de administrar el Cat\u00e1logo de Bienes, Servicios, Consultor\u00edas y Obras P\u00fablicas, con el objetivo de mantener actualizada la base de datos.\u00a0 Esta administraci\u00f3n se lleva a cabo en respuesta a requerimientos de las convocantes, de oficio cuando detecta situaciones que la requieran o para realizar ajustes destinados a mejorar su utilidad.<\/p>\n\n\n\n<p>Las convocantes tienen la facultad de realizar solicitudes cuando las consideren necesarias para la correcta utilizaci\u00f3n del cat\u00e1logo dentro de los procesos licitatorios.\u00a0\u00a0 Estas solicitudes pueden consistir en:<\/p>\n\n\n\n<ul class=\"wp-block-list\">\n<li>Creaci\u00f3n de c\u00f3digos de cat\u00e1logos;<\/li>\n\n\n\n<li>Modificaciones de c\u00f3digos de cat\u00e1logo;<\/li>\n\n\n\n<li>Activaciones de c\u00f3digos de cat\u00e1logos; o,<\/li>\n\n\n\n<li>Asignaciones de Objetos de Gastos<\/li>\n<\/ul>\n\n\n\n<p>Para solicitar la administraci\u00f3n de c\u00f3digos de cat\u00e1logo en cualquiera de los puntos detallados m\u00e1s arriba, se deber\u00e1 remitir el Formulario B-02-16 &#8211; Formulario Administraci\u00f3n de C\u00f3digo de Cat\u00e1logo, que se encuentra en el Portal dentro del m\u00f3dulo de Marco Legal, para facilitar su b\u00fasqueda se puede introducir la palabra \u201cCat\u00e1logo\u201d en el buscador de Nro\/Texto y seleccionar como Tipo de Norma la opci\u00f3n \u201cFormulario\u201d.<\/p>\n\n\n\n<figure class=\"wp-block-image size-full\"><img loading=\"lazy\" decoding=\"async\" width=\"698\" height=\"258\" src=\"https:\/\/www.contrataciones.gov.py\/dncp\/wp-content\/uploads\/2025\/03\/image.png\" alt=\"\" class=\"wp-image-17704\" srcset=\"https:\/\/www.contrataciones.gov.py\/dncp\/wp-content\/uploads\/2025\/03\/image.png 698w, https:\/\/www.contrataciones.gov.py\/dncp\/wp-content\/uploads\/2025\/03\/image-300x111.png 300w\" sizes=\"auto, (max-width: 698px) 100vw, 698px\" \/><\/figure>\n\n\n\n<p>_________________________________________________________________________________________________________<\/p>\n\n\n\n<h2 class=\"wp-block-heading\"><strong>Como completar el formulario:<\/strong><\/h2>\n\n\n\n<p>Primeramente, se completan los datos de la Entidad solicitante y los Datos del funcionario responsable de la solicitud<\/p>\n\n\n\n<figure class=\"wp-block-image size-full\"><img loading=\"lazy\" decoding=\"async\" width=\"571\" height=\"239\" src=\"https:\/\/www.contrataciones.gov.py\/dncp\/wp-content\/uploads\/2025\/03\/image-1.png\" alt=\"\" class=\"wp-image-17736\" srcset=\"https:\/\/www.contrataciones.gov.py\/dncp\/wp-content\/uploads\/2025\/03\/image-1.png 571w, https:\/\/www.contrataciones.gov.py\/dncp\/wp-content\/uploads\/2025\/03\/image-1-300x126.png 300w\" sizes=\"auto, (max-width: 571px) 100vw, 571px\" \/><\/figure>\n\n\n\n<h2 class=\"wp-block-heading\"><strong>Creaci\u00f3n de c\u00f3digos de cat\u00e1logos:<\/strong><\/h2>\n\n\n\n<p>Se refiere a la generaci\u00f3n de c\u00f3digos de cat\u00e1logo para bienes, servicios, consultor\u00edas y obras p\u00fablicas que estar\u00e1n sujetos a contrataci\u00f3n y que a\u00fan no se encuentren dentro del cat\u00e1logo. Esta solicitud tiene como objetivo la identificaci\u00f3n plena de cierto \u00edtem a ser incluido dentro de las convocatorias. <\/p>\n\n\n\n<p>A tales efectos, debe completarse la secci\u00f3n <strong>\u201cCreaci\u00f3n de C\u00f3digos de Cat\u00e1logos\u201d, <\/strong>de la siguiente forma:<\/p>\n\n\n\n<figure class=\"wp-block-image size-full\"><img loading=\"lazy\" decoding=\"async\" width=\"698\" height=\"135\" src=\"https:\/\/www.contrataciones.gov.py\/dncp\/wp-content\/uploads\/2025\/03\/image-2.png\" alt=\"\" class=\"wp-image-17752\" srcset=\"https:\/\/www.contrataciones.gov.py\/dncp\/wp-content\/uploads\/2025\/03\/image-2.png 698w, https:\/\/www.contrataciones.gov.py\/dncp\/wp-content\/uploads\/2025\/03\/image-2-300x58.png 300w\" sizes=\"auto, (max-width: 698px) 100vw, 698px\" \/><\/figure>\n\n\n\n<ul class=\"wp-block-list\">\n<li><strong>C\u00f3digo a nivel 4:<\/strong> Establecer el c\u00f3digo a nivel 4, donde se considere que corresponda crear. Para ello se debe tambi\u00e9n verificar los niveles anteriores para corroborar su correspondencia.<\/li>\n\n\n\n<li><strong>Nombre gen\u00e9rico solicitado:<\/strong> Para la determinaci\u00f3n del nombre del c\u00f3digo, se debe describir claramente el bien y\/o servicio, consultor\u00eda y obras p\u00fablicas que se desea crear, con la descripci\u00f3n t\u00e9cnica correcta. Evitar nombres que puedan referirse a marcas espec\u00edficas.<\/li>\n\n\n\n<li><strong>O.G.:<\/strong> Deber\u00e1 indicar el Objeto del gasto que corresponder\u00eda al c\u00f3digo solicitado, en concordancia al Clasificador Presupuestario.<\/li>\n\n\n\n<li><strong>Categor\u00eda del Bien\/Servicio:<\/strong> Con la implementaci\u00f3n de la nueva versi\u00f3n del SICP, las categor\u00edas del Bien\/Servicio que son asignadas corresponden al nivel 1 del c\u00f3digo de cat\u00e1logo.<\/li>\n<\/ul>\n\n\n\n<p><strong>Ejemplo:<\/strong> para el c\u00f3digo a nivel 4: 52141501, la Categor\u00eda del Bien\/Servicio ser\u00e1 el 52000000.<\/p>\n\n\n\n<h2 class=\"wp-block-heading\"><strong>Notas:<\/strong><\/h2>\n\n\n\n<ul class=\"wp-block-list\">\n<li>Se aceptar\u00e1 un solo formulario por c\u00f3digo solicitado.<\/li>\n\n\n\n<li>Cuando la solicitud sea para la creaci\u00f3n de c\u00f3digos de cat\u00e1logo, no debe completarse la secci\u00f3n de Modificaci\u00f3n de C\u00f3digos de Cat\u00e1logo del formulario.<\/li>\n<\/ul>\n\n\n\n<h2 class=\"wp-block-heading\"><strong>Modificaci\u00f3n de c\u00f3digos de cat\u00e1logos:<\/strong><\/h2>\n\n\n\n<p>Para solicitar modificaciones de c\u00f3digos de cat\u00e1logo, se debe marcar con una X la casilla correspondiente, de acuerdo a la necesidad identificada por las convocantes, que pueden ser:<\/p>\n\n\n\n<ul class=\"wp-block-list\">\n<li><strong>Activaci\u00f3n de c\u00f3digos de cat\u00e1logo<\/strong>: cuando se requiere que un c\u00f3digo de cat\u00e1logo inactivo pase a estado activo.<\/li>\n<\/ul>\n\n\n\n<figure class=\"wp-block-image size-full\"><img loading=\"lazy\" decoding=\"async\" width=\"711\" height=\"316\" src=\"https:\/\/www.contrataciones.gov.py\/dncp\/wp-content\/uploads\/2025\/03\/image-3.png\" alt=\"\" class=\"wp-image-17768\" srcset=\"https:\/\/www.contrataciones.gov.py\/dncp\/wp-content\/uploads\/2025\/03\/image-3.png 711w, https:\/\/www.contrataciones.gov.py\/dncp\/wp-content\/uploads\/2025\/03\/image-3-300x133.png 300w\" sizes=\"auto, (max-width: 711px) 100vw, 711px\" \/><\/figure>\n\n\n\n<ul class=\"wp-block-list\">\n<li><strong>Modificaciones varias:<\/strong> en caso de solicitar cambios en el nombre del c\u00f3digo de cat\u00e1logo o en algunas de sus descripciones.<\/li>\n\n\n\n<li><strong>Asignaci\u00f3n de Objetos de Gasto:<\/strong> para la incorporaci\u00f3n de un objeto de gasto a un C\u00f3digo de Cat\u00e1logo, atendiendo a las caracter\u00edsticas y naturaleza de los bienes, servicios, consultor\u00eda y obras p\u00fablicas de acuerdo al Clasificador Presupuestario.<\/li>\n\n\n\n<li><strong>Asignaci\u00f3n de Categor\u00edas:<\/strong> para la incorporaci\u00f3n de las Categor\u00edas de bienes, servicios, consultor\u00edas y obras p\u00fablicas.\u00a0 Con la implementaci\u00f3n de la nueva versi\u00f3n del SICP, las categor\u00edas del Bien\/Servicio son asignadas de forma autom\u00e1tica y corresponden al nivel 1 del c\u00f3digo de cat\u00e1logo, por lo que estas solicitudes ya no resultan necesarias.<\/li>\n<\/ul>\n\n\n\n<h2 class=\"wp-block-heading\"><br><strong>Datos complementarios \/ Explicaci\u00f3n \/ justificaci\u00f3n:<\/strong><\/h2>\n\n\n\n<figure class=\"wp-block-image size-full\"><img loading=\"lazy\" decoding=\"async\" width=\"597\" height=\"218\" src=\"https:\/\/www.contrataciones.gov.py\/dncp\/wp-content\/uploads\/2025\/03\/image-4.png\" alt=\"\" class=\"wp-image-17784\" srcset=\"https:\/\/www.contrataciones.gov.py\/dncp\/wp-content\/uploads\/2025\/03\/image-4.png 597w, https:\/\/www.contrataciones.gov.py\/dncp\/wp-content\/uploads\/2025\/03\/image-4-300x110.png 300w\" sizes=\"auto, (max-width: 597px) 100vw, 597px\" \/><\/figure>\n\n\n\n<ul class=\"wp-block-list\">\n<li>En todos los casos, en este campo se debe detallar y\/o justificar la solicitud, indicando las especificaciones t\u00e9cnicas, archivos, im\u00e1genes o links de internet, etc., a efectos de identificar plenamente el bien y\/o servicio cuyo c\u00f3digo se solicita crear.<\/li>\n\n\n\n<li>En caso de que el espacio de este campo no sea suficiente para incluir los datos complementarios, se podr\u00e1n adjuntar los documentos y\/o p\u00e1ginas que se consideren necesarias.<\/li>\n\n\n\n<li>Para la asignaci\u00f3n de Objetos del Gasto, realizar la justificaci\u00f3n con criterios presupuestarios.<\/li>\n<\/ul>\n\n\n\n<h2 class=\"wp-block-heading\"><strong>Forma de remisi\u00f3n de la solicitud:<\/strong><\/h2>\n\n\n\n<p>Remitir el formulario por mesa de entrada digital en la opci\u00f3n de Cat\u00e1logo o v\u00eda correo electr\u00f3nico a: <em><a href=\"mailto:mesadeentrada@dncp.gov.py\">mesadeentrada@dncp.gov.py<\/a>.<\/em><\/p>\n","protected":false},"excerpt":{"rendered":"Art\u00edculo 17. Uso de c\u00f3digo de cat\u00e1logo. El c\u00f3digo de cat\u00e1logo debe ser asignado a cada uno de los componentes de los bienes, obras, servicios y consultor\u00edas a contratar, independientemente al sistema de adjudicaci\u00f3n, en cada una de las etapas del procedimiento de contrataci\u00f3n, toda vez que el SICP lo requiera, de acuerdo a lo [&hellip;]","protected":false},"author":43,"featured_media":0,"parent":17488,"menu_order":2,"comment_status":"closed","ping_status":"closed","template":"","meta":{"footnotes":""},"class_list":["post-17660","page","type-page","status-publish","hentry"],"_links":{"self":[{"href":"https:\/\/www.contrataciones.gov.py\/dncp\/wp-json\/wp\/v2\/pages\/17660","targetHints":{"allow":["GET"]}}],"collection":[{"href":"https:\/\/www.contrataciones.gov.py\/dncp\/wp-json\/wp\/v2\/pages"}],"about":[{"href":"https:\/\/www.contrataciones.gov.py\/dncp\/wp-json\/wp\/v2\/types\/page"}],"author":[{"embeddable":true,"href":"https:\/\/www.contrataciones.gov.py\/dncp\/wp-json\/wp\/v2\/users\/43"}],"replies":[{"embeddable":true,"href":"https:\/\/www.contrataciones.gov.py\/dncp\/wp-json\/wp\/v2\/comments?post=17660"}],"version-history":[{"count":17,"href":"https:\/\/www.contrataciones.gov.py\/dncp\/wp-json\/wp\/v2\/pages\/17660\/revisions"}],"predecessor-version":[{"id":17796,"href":"https:\/\/www.contrataciones.gov.py\/dncp\/wp-json\/wp\/v2\/pages\/17660\/revisions\/17796"}],"up":[{"embeddable":true,"href":"https:\/\/www.contrataciones.gov.py\/dncp\/wp-json\/wp\/v2\/pages\/17488"}],"wp:attachment":[{"href":"https:\/\/www.contrataciones.gov.py\/dncp\/wp-json\/wp\/v2\/media?parent=17660"}],"curies":[{"name":"wp","href":"https:\/\/api.w.org\/{rel}","templated":true}]}}