{"id":17812,"date":"2025-03-10T12:58:11","date_gmt":"2025-03-10T15:58:11","guid":{"rendered":"https:\/\/www.contrataciones.gov.py\/dncp\/?page_id=17812"},"modified":"2025-07-14T11:54:21","modified_gmt":"2025-07-14T14:54:21","slug":"modificaciones-de-contratos","status":"publish","type":"page","link":"https:\/\/www.contrataciones.gov.py\/dncp\/guia-de-procedimientos-de-contratacion\/modificaciones-de-contratos\/","title":{"rendered":"Modificaciones de contratos"},"content":{"rendered":"\n<figure class=\"wp-block-image size-full\"><img loading=\"lazy\" decoding=\"async\" width=\"1920\" height=\"406\" src=\"https:\/\/www.contrataciones.gov.py\/dncp\/wp-content\/uploads\/2025\/03\/Modificaciones-de-contratos.jpg\" alt=\"\" class=\"wp-image-17824\" srcset=\"https:\/\/www.contrataciones.gov.py\/dncp\/wp-content\/uploads\/2025\/03\/Modificaciones-de-contratos.jpg 1920w, https:\/\/www.contrataciones.gov.py\/dncp\/wp-content\/uploads\/2025\/03\/Modificaciones-de-contratos-300x63.jpg 300w, https:\/\/www.contrataciones.gov.py\/dncp\/wp-content\/uploads\/2025\/03\/Modificaciones-de-contratos-1024x217.jpg 1024w, https:\/\/www.contrataciones.gov.py\/dncp\/wp-content\/uploads\/2025\/03\/Modificaciones-de-contratos-768x162.jpg 768w, https:\/\/www.contrataciones.gov.py\/dncp\/wp-content\/uploads\/2025\/03\/Modificaciones-de-contratos-1536x325.jpg 1536w\" sizes=\"auto, (max-width: 1920px) 100vw, 1920px\" \/><\/figure>\n\n\n\n<p><strong>COMUNICACI\u00d3N A TRAV\u00c9S DEL SICP DE LAS MODIFICACIONES CONTRACTUALES<\/strong><\/p>\n\n\n\n<blockquote class=\"wp-block-quote is-layout-flow wp-block-quote-is-layout-flow\">\n<p><strong><em>Art\u00edculo 176. Comunicaci\u00f3n de los procesos.<\/em> <em>Las modificaciones introducidas a los contratos regidos por la Ley, sus modificaciones y reglamentaciones, deber\u00e1n ser comunicadas a la DNCP, a trav\u00e9s del SICP, siendo de exclusiva responsabilidad de la contratante, remitirlo dentro del plazo establecido en la Gu\u00eda de procedimientos de contrataci\u00f3n. Con las comunicaciones se deber\u00e1 acompa\u00f1ar la siguiente documentaci\u00f3n:<\/em><\/strong><\/p>\n\n\n\n<ol style=\"list-style-type:lower-alpha\" class=\"wp-block-list\">\n<li><strong><em>Dictamen con fundamentos t\u00e9cnicos y legales;<\/em><\/strong><\/li>\n\n\n\n<li><strong><em>Acto Administrativo de la M\u00e1xima Autoridad Institucional, o a quien este delegue. Cuando la modificaci\u00f3n implique una erogaci\u00f3n o sea unilateral, deber\u00e1 instrumentarse mediante Resoluci\u00f3n;<\/em><\/strong><\/li>\n\n\n\n<li><strong><em>Convenio modificatorio en el que se instrumente de forma clara y precisa la modificaci\u00f3n introducida, cuando sea por acuerdo de partes;<\/em><\/strong><\/li>\n\n\n\n<li><strong><em>Cuando se requiera la obtenci\u00f3n de un C\u00f3digo de Contrataci\u00f3n, el Certificado de Disponibilidad Presupuestaria (CDP);<\/em><\/strong><\/li>\n\n\n\n<li><strong><em>Cuando se requiera la disminuci\u00f3n del monto total del contrato, el Formulario de adecuaci\u00f3n de l\u00edneas presupuestarias;<\/em><\/strong><\/li>\n\n\n\n<li><strong><em>Para los casos de Obras P\u00fablicas, se deber\u00e1 remitir la Orden de Inicio.<\/em><\/strong><\/li>\n\n\n\n<li><strong><em>Otras documentaciones que la DNCP, considere pertinente.<\/em><\/strong><\/li>\n<\/ol>\n<\/blockquote>\n\n\n\n<p>Las modificaciones contractuales deber\u00e1n ser comunicadas en un plazo no mayor a diez d\u00edas h\u00e1biles posteriores a la emisi\u00f3n del Acto Administrativo que las ordena.<\/p>\n\n\n\n<h2 class=\"wp-block-heading has-text-align-center\">MODIFICACIONES AL AMPARO DEL INTER\u00c9S P\u00daBLICO<\/h2>\n\n\n\n<h3 class=\"wp-block-heading has-text-align-center\">COMUNICACI\u00d3N AL CONTRATISTA<\/h3>\n\n\n\n<blockquote class=\"wp-block-quote is-layout-flow wp-block-quote-is-layout-flow\">\n<p><strong><em>Art\u00edculo 184. Comunicaci\u00f3n al contratista. La Contratante deber\u00e1 comunicar al contratista, la modificaci\u00f3n resuelta, dentro del plazo establecido en la Gu\u00eda de procedimientos de contrataci\u00f3n. La notificaci\u00f3n con constancia de recepci\u00f3n, deber\u00e1 acompa\u00f1arse a la comunicaci\u00f3n a la DNCP.<\/em><\/strong><\/p>\n<\/blockquote>\n\n\n\n<p>La contratante deber\u00e1 comunicar al contratista, la modificaci\u00f3n resuelta, dentro de los 5 d\u00edas h\u00e1biles posteriores a la Resoluci\u00f3n que as\u00ed lo disponga.<\/p>\n\n\n\n<blockquote class=\"wp-block-quote is-layout-flow wp-block-quote-is-layout-flow\">\n<p><strong><em>Art\u00edculo 185. Comunicaci\u00f3n a la DNCP. Las modificaciones resueltas a que refiere la presente Secci\u00f3n, deber\u00e1n ser comunicadas a la DNCP a trav\u00e9s del SICP, dentro del plazo establecido en la Gu\u00eda de procedimientos de contrataci\u00f3n<\/em><\/strong><em>.<\/em><\/p>\n<\/blockquote>\n\n\n\n<p>Las modificaciones resueltas deber\u00e1n ser comunicadas a la DNCP, dentro de los diez d\u00edas h\u00e1biles posteriores a la fecha de emisi\u00f3n del acto administrativo que ordena la modificaci\u00f3n del contrato.<\/p>\n","protected":false},"excerpt":{"rendered":"COMUNICACI\u00d3N A TRAV\u00c9S DEL SICP DE LAS MODIFICACIONES CONTRACTUALES Las modificaciones contractuales deber\u00e1n ser comunicadas en un plazo no mayor a diez d\u00edas h\u00e1biles posteriores a la emisi\u00f3n del Acto Administrativo que las ordena. MODIFICACIONES AL AMPARO DEL INTER\u00c9S P\u00daBLICO COMUNICACI\u00d3N AL CONTRATISTA Art\u00edculo 184. Comunicaci\u00f3n al contratista. La Contratante deber\u00e1 comunicar al contratista, la [&hellip;]","protected":false},"author":43,"featured_media":0,"parent":17488,"menu_order":3,"comment_status":"closed","ping_status":"closed","template":"","meta":{"footnotes":""},"class_list":["post-17812","page","type-page","status-publish","hentry"],"_links":{"self":[{"href":"https:\/\/www.contrataciones.gov.py\/dncp\/wp-json\/wp\/v2\/pages\/17812","targetHints":{"allow":["GET"]}}],"collection":[{"href":"https:\/\/www.contrataciones.gov.py\/dncp\/wp-json\/wp\/v2\/pages"}],"about":[{"href":"https:\/\/www.contrataciones.gov.py\/dncp\/wp-json\/wp\/v2\/types\/page"}],"author":[{"embeddable":true,"href":"https:\/\/www.contrataciones.gov.py\/dncp\/wp-json\/wp\/v2\/users\/43"}],"replies":[{"embeddable":true,"href":"https:\/\/www.contrataciones.gov.py\/dncp\/wp-json\/wp\/v2\/comments?post=17812"}],"version-history":[{"count":6,"href":"https:\/\/www.contrataciones.gov.py\/dncp\/wp-json\/wp\/v2\/pages\/17812\/revisions"}],"predecessor-version":[{"id":19979,"href":"https:\/\/www.contrataciones.gov.py\/dncp\/wp-json\/wp\/v2\/pages\/17812\/revisions\/19979"}],"up":[{"embeddable":true,"href":"https:\/\/www.contrataciones.gov.py\/dncp\/wp-json\/wp\/v2\/pages\/17488"}],"wp:attachment":[{"href":"https:\/\/www.contrataciones.gov.py\/dncp\/wp-json\/wp\/v2\/media?parent=17812"}],"curies":[{"name":"wp","href":"https:\/\/api.w.org\/{rel}","templated":true}]}}