{"id":17832,"date":"2025-03-10T12:59:57","date_gmt":"2025-03-10T15:59:57","guid":{"rendered":"https:\/\/www.contrataciones.gov.py\/dncp\/?page_id=17832"},"modified":"2025-03-11T09:08:24","modified_gmt":"2025-03-11T12:08:24","slug":"ejecucion-de-clausulas-contractuales","status":"publish","type":"page","link":"https:\/\/www.contrataciones.gov.py\/dncp\/guia-de-procedimientos-de-contratacion\/ejecucion-de-clausulas-contractuales\/","title":{"rendered":"Ejecuci\u00f3n de Cl\u00e1usulas Contractuales"},"content":{"rendered":"\n<figure class=\"wp-block-image size-full\"><img loading=\"lazy\" decoding=\"async\" width=\"1920\" height=\"406\" src=\"https:\/\/www.contrataciones.gov.py\/dncp\/wp-content\/uploads\/2025\/03\/Ejecucion-de-clausulas-contractuales.jpg\" alt=\"\" class=\"wp-image-17836\" srcset=\"https:\/\/www.contrataciones.gov.py\/dncp\/wp-content\/uploads\/2025\/03\/Ejecucion-de-clausulas-contractuales.jpg 1920w, https:\/\/www.contrataciones.gov.py\/dncp\/wp-content\/uploads\/2025\/03\/Ejecucion-de-clausulas-contractuales-300x63.jpg 300w, https:\/\/www.contrataciones.gov.py\/dncp\/wp-content\/uploads\/2025\/03\/Ejecucion-de-clausulas-contractuales-1024x217.jpg 1024w, https:\/\/www.contrataciones.gov.py\/dncp\/wp-content\/uploads\/2025\/03\/Ejecucion-de-clausulas-contractuales-768x162.jpg 768w, https:\/\/www.contrataciones.gov.py\/dncp\/wp-content\/uploads\/2025\/03\/Ejecucion-de-clausulas-contractuales-1536x325.jpg 1536w\" sizes=\"auto, (max-width: 1920px) 100vw, 1920px\" \/><\/figure>\n\n\n\n<h2 class=\"wp-block-heading has-text-align-center\">PR\u00d3RROGA O SUSPENSI\u00d3N<\/h2>\n\n\n\n<blockquote class=\"wp-block-quote is-layout-flow wp-block-quote-is-layout-flow\">\n<p><strong><em>Art\u00edculo 194. Plazo para otorgar la pr\u00f3rroga o suspensi\u00f3n de los plazos contractuales<\/em>. <\/strong><strong><em>La persona facultada deber\u00e1 expedirse respecto a las solicitudes de pr\u00f3rroga o suspensi\u00f3n de los plazos de ejecuci\u00f3n contractual, formuladas por el proveedor, consultor o contratista, dentro del plazo establecido en la gu\u00eda de procedimientos de contrataci\u00f3n.<\/em><\/strong><\/p>\n<\/blockquote>\n\n\n\n<p>La persona facultada deber\u00e1 expedirse en un plazo no mayor a diez (10) d\u00edas calendario respecto a las solicitudes de pr\u00f3rroga o suspensi\u00f3n de los plazos de ejecuci\u00f3n contractual, formuladas por el contratista, proveedor o consultor.<\/p>\n","protected":false},"excerpt":{"rendered":"PR\u00d3RROGA O SUSPENSI\u00d3N Art\u00edculo 194. Plazo para otorgar la pr\u00f3rroga o suspensi\u00f3n de los plazos contractuales. La persona facultada deber\u00e1 expedirse respecto a las solicitudes de pr\u00f3rroga o suspensi\u00f3n de los plazos de ejecuci\u00f3n contractual, formuladas por el proveedor, consultor o contratista, dentro del plazo establecido en la gu\u00eda de procedimientos de contrataci\u00f3n. La persona [&hellip;]","protected":false},"author":43,"featured_media":0,"parent":17488,"menu_order":4,"comment_status":"closed","ping_status":"closed","template":"","meta":{"footnotes":""},"class_list":["post-17832","page","type-page","status-publish","hentry"],"_links":{"self":[{"href":"https:\/\/www.contrataciones.gov.py\/dncp\/wp-json\/wp\/v2\/pages\/17832","targetHints":{"allow":["GET"]}}],"collection":[{"href":"https:\/\/www.contrataciones.gov.py\/dncp\/wp-json\/wp\/v2\/pages"}],"about":[{"href":"https:\/\/www.contrataciones.gov.py\/dncp\/wp-json\/wp\/v2\/types\/page"}],"author":[{"embeddable":true,"href":"https:\/\/www.contrataciones.gov.py\/dncp\/wp-json\/wp\/v2\/users\/43"}],"replies":[{"embeddable":true,"href":"https:\/\/www.contrataciones.gov.py\/dncp\/wp-json\/wp\/v2\/comments?post=17832"}],"version-history":[{"count":8,"href":"https:\/\/www.contrataciones.gov.py\/dncp\/wp-json\/wp\/v2\/pages\/17832\/revisions"}],"predecessor-version":[{"id":17992,"href":"https:\/\/www.contrataciones.gov.py\/dncp\/wp-json\/wp\/v2\/pages\/17832\/revisions\/17992"}],"up":[{"embeddable":true,"href":"https:\/\/www.contrataciones.gov.py\/dncp\/wp-json\/wp\/v2\/pages\/17488"}],"wp:attachment":[{"href":"https:\/\/www.contrataciones.gov.py\/dncp\/wp-json\/wp\/v2\/media?parent=17832"}],"curies":[{"name":"wp","href":"https:\/\/api.w.org\/{rel}","templated":true}]}}