{"id":1788,"date":"2023-04-28T10:26:18","date_gmt":"2023-04-28T14:26:18","guid":{"rendered":"https:\/\/www.contrataciones.gov.py\/dncp\/?page_id=1788"},"modified":"2025-08-20T09:21:16","modified_gmt":"2025-08-20T12:21:16","slug":"guia-rfi-solicitud-de-informacion","status":"publish","type":"page","link":"https:\/\/www.contrataciones.gov.py\/dncp\/guia-rfi-solicitud-de-informacion\/guia-rfi-solicitud-de-informacion\/","title":{"rendered":"Gu\u00eda RFI \u2013 Solicitud de Informaci\u00f3n"},"content":{"rendered":"\n<figure class=\"wp-block-image size-full\"><img loading=\"lazy\" decoding=\"async\" width=\"1920\" height=\"406\" src=\"https:\/\/www.contrataciones.gov.py\/dncp\/wp-content\/uploads\/2025\/03\/RFI-Solicitud-de-informacion.jpg\" alt=\"\" class=\"wp-image-17396\" srcset=\"https:\/\/www.contrataciones.gov.py\/dncp\/wp-content\/uploads\/2025\/03\/RFI-Solicitud-de-informacion.jpg 1920w, https:\/\/www.contrataciones.gov.py\/dncp\/wp-content\/uploads\/2025\/03\/RFI-Solicitud-de-informacion-300x63.jpg 300w, https:\/\/www.contrataciones.gov.py\/dncp\/wp-content\/uploads\/2025\/03\/RFI-Solicitud-de-informacion-1024x217.jpg 1024w, https:\/\/www.contrataciones.gov.py\/dncp\/wp-content\/uploads\/2025\/03\/RFI-Solicitud-de-informacion-768x162.jpg 768w, https:\/\/www.contrataciones.gov.py\/dncp\/wp-content\/uploads\/2025\/03\/RFI-Solicitud-de-informacion-1536x325.jpg 1536w\" sizes=\"auto, (max-width: 1920px) 100vw, 1920px\" \/><\/figure>\n\n\n\n<p class=\"has-text-align-center\"><strong>SOLICITUD DE INFORMACI\u00d3N<\/strong><\/p>\n\n\n\n<p>La resoluci\u00f3n DNCP N\u00b0 230\/2025 \u201cPor la cual se reglamentan los procedimientos de contrataci\u00f3n regidos por la Ley N\u00b0 7021\/22 &#8216;De Suministro y Contrataciones P\u00fablicas'\u00bb prev\u00e9 la figura de la Solicitud de Informaci\u00f3n (RFI) a trav\u00e9s de la cual la convocante, en la etapa preparatoria de los procedimientos de contrataci\u00f3n, podr\u00e1 solicitar informaci\u00f3n con el fin de obtener datos sobre los potenciales proveedores, sus calificaciones y las prestaciones de los productos o servicios disponibles en el mercado, de manera a construir los requerimientos espec\u00edficos de contrataci\u00f3n.<\/p>\n\n\n\n<p class=\"has-text-align-center\"><strong>\u200bGU\u00cdA DESDE EL PORTAL P\u00daBLICO<\/strong><\/p>\n\n\n\n<p>1.&nbsp; Para ingresar al m\u00f3dulo de RFI \u2013 Solicitud de Informaci\u00f3n, debe hacer clic en Compras P\u00fablicas, luego RFI \u2013 Solicitud de Informaci\u00f3n. All\u00ed aparecer\u00e1n las solicitudes de informaci\u00f3n ya publicadas por las convocantes. Puede seleccionar la de su inter\u00e9s haciendo clic en \u201cVer Solicitud\u00bb, para obtener mayor informaci\u00f3n.<\/p>\n\n\n\n<figure class=\"wp-block-image size-large\"><img loading=\"lazy\" decoding=\"async\" width=\"1024\" height=\"576\" src=\"https:\/\/www.contrataciones.gov.py\/dncp\/wp-content\/uploads\/2025\/08\/Imagen1-3-1024x576.png\" alt=\"\" class=\"wp-image-20527\" srcset=\"https:\/\/www.contrataciones.gov.py\/dncp\/wp-content\/uploads\/2025\/08\/Imagen1-3-1024x576.png 1024w, https:\/\/www.contrataciones.gov.py\/dncp\/wp-content\/uploads\/2025\/08\/Imagen1-3-300x169.png 300w, https:\/\/www.contrataciones.gov.py\/dncp\/wp-content\/uploads\/2025\/08\/Imagen1-3-768x432.png 768w, https:\/\/www.contrataciones.gov.py\/dncp\/wp-content\/uploads\/2025\/08\/Imagen1-3-1536x864.png 1536w, https:\/\/www.contrataciones.gov.py\/dncp\/wp-content\/uploads\/2025\/08\/Imagen1-3.png 1920w\" sizes=\"auto, (max-width: 1024px) 100vw, 1024px\" \/><\/figure>\n\n\n\n<figure class=\"wp-block-image size-large\"><img loading=\"lazy\" decoding=\"async\" width=\"1024\" height=\"576\" src=\"https:\/\/www.contrataciones.gov.py\/dncp\/wp-content\/uploads\/2025\/08\/Imagen2-1-1024x576.png\" alt=\"\" class=\"wp-image-20531\" srcset=\"https:\/\/www.contrataciones.gov.py\/dncp\/wp-content\/uploads\/2025\/08\/Imagen2-1-1024x576.png 1024w, https:\/\/www.contrataciones.gov.py\/dncp\/wp-content\/uploads\/2025\/08\/Imagen2-1-300x169.png 300w, https:\/\/www.contrataciones.gov.py\/dncp\/wp-content\/uploads\/2025\/08\/Imagen2-1-768x432.png 768w, https:\/\/www.contrataciones.gov.py\/dncp\/wp-content\/uploads\/2025\/08\/Imagen2-1-1536x864.png 1536w, https:\/\/www.contrataciones.gov.py\/dncp\/wp-content\/uploads\/2025\/08\/Imagen2-1.png 1920w\" sizes=\"auto, (max-width: 1024px) 100vw, 1024px\" \/><\/figure>\n\n\n\n<p>2.&nbsp;&nbsp;Luego, podr\u00e1 visualizar los datos de publicaci\u00f3n, la fecha l\u00edmite para enviar las respuestas, los documentos adjuntos, los invitados y las respuestas ya enviadas por otros potenciales oferentes interesados.<\/p>\n\n\n\n<p>En caso de que desee presentar su propuesta, debe hacer clic en \u201cpresentar respuesta\u00bb.<\/p>\n\n\n\n<figure class=\"wp-block-image size-large\"><img loading=\"lazy\" decoding=\"async\" width=\"1024\" height=\"576\" src=\"https:\/\/www.contrataciones.gov.py\/dncp\/wp-content\/uploads\/2025\/08\/Imagen3-1-1024x576.png\" alt=\"\" class=\"wp-image-20535\" srcset=\"https:\/\/www.contrataciones.gov.py\/dncp\/wp-content\/uploads\/2025\/08\/Imagen3-1-1024x576.png 1024w, https:\/\/www.contrataciones.gov.py\/dncp\/wp-content\/uploads\/2025\/08\/Imagen3-1-300x169.png 300w, https:\/\/www.contrataciones.gov.py\/dncp\/wp-content\/uploads\/2025\/08\/Imagen3-1-768x432.png 768w, https:\/\/www.contrataciones.gov.py\/dncp\/wp-content\/uploads\/2025\/08\/Imagen3-1-1536x864.png 1536w, https:\/\/www.contrataciones.gov.py\/dncp\/wp-content\/uploads\/2025\/08\/Imagen3-1.png 1920w\" sizes=\"auto, (max-width: 1024px) 100vw, 1024px\" \/><\/figure>\n\n\n\n<p>3.&nbsp; All\u00ed debe cargar el RUC, la raz\u00f3n social, el correo electr\u00f3nico y la respuesta (puede escribirla en el campo disponible o adjuntar un documento).<\/p>\n\n\n\n<p>Los campos marcados con asterisco son de carga obligatoria.<\/p>\n\n\n\n<figure class=\"wp-block-image size-large\"><img decoding=\"async\" src=\"https:\/\/static.dncp.gov.py\/PublishingImages\/Lists\/GuiasElectronicas\/AllItems\/rfi3.png\" alt=\"\"\/><\/figure>\n\n\n\n<p>4.&nbsp; \u200bSi desea adjuntar un archivo como respuesta, debe hacer clic en \u201cbrowse\u00bb, seleccionar el documento y luego \u201csubir archivo\u00bb. Si ha subido un archivo err\u00f3neamente, puede eliminarlo utilizando el bot\u00f3n de \u201cacciones\u00bb y proceder a la suba del archivo correcto.<\/p>\n\n\n\n<p>Luego debe darle \u201cgrabar\u00bb.<\/p>\n\n\n\n<figure class=\"wp-block-image size-large\"><img decoding=\"async\" src=\"https:\/\/static.dncp.gov.py\/PublishingImages\/Lists\/GuiasElectronicas\/AllItems\/rfi4.png\" alt=\"\"\/><\/figure>\n\n\n\n<p>\u200b5.&nbsp; Al dar \u201cgrabar\u00bb, aparecer\u00e1 este mensaje con lo cual debe proceder a hacer clic en \u201cconfirmar y enviar\u00bb.<\/p>\n\n\n\n<figure class=\"wp-block-image size-large\"><img decoding=\"async\" src=\"https:\/\/static.dncp.gov.py\/PublishingImages\/Lists\/GuiasElectronicas\/AllItems\/rfi5.png\" alt=\"\"\/><\/figure>\n\n\n\n<p>6.&nbsp;&nbsp;Nuevamente aparecer\u00e1 un mensaje, para confirmar el env\u00edo. Debe hacer clic en \u201cenviar\u00bb y su respuesta quedar\u00e1 en estado \u201cenviado\u00bb tal como se visualiza en las siguientes im\u00e1genes.<\/p>\n\n\n\n<figure class=\"wp-block-image size-large\"><img decoding=\"async\" src=\"https:\/\/static.dncp.gov.py\/PublishingImages\/Lists\/GuiasElectronicas\/AllItems\/rfi6.png\" alt=\"\"\/><\/figure>\n\n\n\n<figure class=\"wp-block-image size-large\"><img decoding=\"async\" src=\"https:\/\/static.dncp.gov.py\/PublishingImages\/Lists\/GuiasElectronicas\/AllItems\/rfi7.png\" alt=\"\"\/><\/figure>\n\n\n\n<hr class=\"wp-block-separator has-alpha-channel-opacity is-style-wide\"\/>\n\n\n\n<p class=\"has-text-align-center\"><strong>GU\u00cdA PARA USUARIO CONVOCANTE<\/strong><\/p>\n\n\n\n<p>1.&nbsp; Para ingresar al m\u00f3dulo de RFI \u2013 Solicitud de Informaci\u00f3n, debe ingresar el usuario autorizado y contrase\u00f1a.<\/p>\n\n\n\n<figure class=\"wp-block-image size-large\"><img decoding=\"async\" src=\"https:\/\/static.dncp.gov.py\/PublishingImages\/Lists\/GuiasElectronicas\/AllItems\/rfi8.png\" alt=\"\"\/><\/figure>\n\n\n\n<p>\u200b2.&nbsp; Al final de la pantalla, se visualiza la opci\u00f3n \u201csolicitud de informaci\u00f3n\u00bb. Debe hacer clic ah\u00ed para acceder al m\u00f3dulo de la RFI.<\/p>\n\n\n\n<figure class=\"wp-block-image size-large\"><img decoding=\"async\" src=\"https:\/\/static.dncp.gov.py\/PublishingImages\/Lists\/GuiasElectronicas\/AllItems\/rfi9.png\" alt=\"\"\/><\/figure>\n\n\n\n<p>3.&nbsp; En la primera ventana hay dos opciones. En la primera podr\u00e1 buscar la Solicitud de Informaci\u00f3n ya publicada con los filtros de \u201cTema, Tipo de Solicitud de Informaci\u00f3n, Fecha desde\/hasta, Estado\u00bb. Puede ingresar all\u00ed a ver las respuestas recibidas.<\/p>\n\n\n\n<p>La segunda opci\u00f3n es \u201cCrear Solicitud de informaci\u00f3n\u00bb, para crear una nueva.<\/p>\n\n\n\n<figure class=\"wp-block-image size-large\"><img decoding=\"async\" src=\"https:\/\/static.dncp.gov.py\/PublishingImages\/Lists\/GuiasElectronicas\/AllItems\/rfi10.png\" alt=\"\"\/><\/figure>\n\n\n\n<p>4.&nbsp; Al darle \u201ccrear solicitud de informaci\u00f3n\u00bb, podr\u00e1 visualizar esta ventana, en donde deber\u00e1n cargar todos los datos: \u201ctema, tipo de solicitud de informaci\u00f3n (si es de precios o de productos y servicios), descripci\u00f3n, fecha y hora fin de recepci\u00f3n de respuestas, fecha y hora de la reuni\u00f3n informativa y el lugar o link de dicha reuni\u00f3n\u00bb. Los campos marcados con asterisco son de carga obligatoria.<\/p>\n\n\n\n<figure class=\"wp-block-image size-large\"><img decoding=\"async\" src=\"https:\/\/static.dncp.gov.py\/PublishingImages\/Lists\/GuiasElectronicas\/AllItems\/rfi11.png\" alt=\"\"\/><\/figure>\n\n\n\n<p>5.&nbsp; Adem\u00e1s, debe agregar el contacto de su instituci\u00f3n y luego hacer clic en \u201cguardar contacto\u00bb.<\/p>\n\n\n\n<figure class=\"wp-block-image size-large\"><img decoding=\"async\" src=\"https:\/\/static.dncp.gov.py\/PublishingImages\/Lists\/GuiasElectronicas\/AllItems\/rfi12.png\" alt=\"\"\/><\/figure>\n\n\n\n<p>6.&nbsp; Posteriormente, debe hacer clic en \u201cguardar\u00bb.<\/p>\n\n\n\n<figure class=\"wp-block-image size-large\"><img decoding=\"async\" src=\"https:\/\/static.dncp.gov.py\/PublishingImages\/Lists\/GuiasElectronicas\/AllItems\/rfi13.png\" alt=\"\"\/><\/figure>\n\n\n\n<p>7.&nbsp; Al darle guardar, aparecer\u00e1 este mensaje, en el cual deber\u00e1 seleccionar \u201ccrear\u00bb.<\/p>\n\n\n\n<figure class=\"wp-block-image size-large\"><img decoding=\"async\" src=\"https:\/\/static.dncp.gov.py\/PublishingImages\/Lists\/GuiasElectronicas\/AllItems\/rfi14.png\" alt=\"\"\/><\/figure>\n\n\n\n<p>8.&nbsp; Luego de crear la RFI \u2013 Solicitud de Informaci\u00f3n, aparecer\u00e1 este mensaje que confirma la creaci\u00f3n exitosa.<\/p>\n\n\n\n<figure class=\"wp-block-image size-large\"><img decoding=\"async\" src=\"https:\/\/static.dncp.gov.py\/PublishingImages\/Lists\/GuiasElectronicas\/AllItems\/rfi15.png\" alt=\"\"\/><\/figure>\n\n\n\n<p>9.&nbsp;&nbsp;Posteriormente, debe hacer clic en \u201cbrowse\u00bb para seleccionar el documento que contiene la informaci\u00f3n de la solicitud y luego \u201csubir archivo\u00bb. Si ha subido un archivo err\u00f3neamente, puede eliminarlo en el bot\u00f3n de \u201cacciones\u00bb y proceder a la suba del archivo correcto.<\/p>\n\n\n\n<figure class=\"wp-block-image size-large\"><img decoding=\"async\" src=\"https:\/\/static.dncp.gov.py\/PublishingImages\/Lists\/GuiasElectronicas\/AllItems\/rfi16.png\" alt=\"\"\/><\/figure>\n\n\n\n<p>10.&nbsp; Continuando con la carga, posteriormente debe ir a la pesta\u00f1a de \u201cinvitados\u00bb y hacer clic en \u201cagregar invitados\u00bb en caso de que as\u00ed lo precise.<\/p>\n\n\n\n<figure class=\"wp-block-image size-large\"><img decoding=\"async\" src=\"https:\/\/static.dncp.gov.py\/PublishingImages\/Lists\/GuiasElectronicas\/AllItems\/rfi17.png\" alt=\"\"\/><\/figure>\n\n\n\n<p>\u200b11.&nbsp; All\u00ed deber\u00e1 agregar los datos de los invitados y darle grabar.<\/p>\n\n\n\n<figure class=\"wp-block-image size-large\"><img decoding=\"async\" src=\"https:\/\/static.dncp.gov.py\/PublishingImages\/Lists\/GuiasElectronicas\/AllItems\/rfi18.png\" alt=\"\"\/><\/figure>\n\n\n\n<p>12.&nbsp; Aparecer\u00e1 este mensaje y luego debe volver a la pesta\u00f1a \u201cmodificar\u00bb para finalizar con la carga y publicaci\u00f3n de la RFI \u2013 Solicitud de Informaci\u00f3n.<\/p>\n\n\n\n<figure class=\"wp-block-image size-large\"><img decoding=\"async\" src=\"https:\/\/static.dncp.gov.py\/PublishingImages\/Lists\/GuiasElectronicas\/AllItems\/rfi19.png\" alt=\"\"\/><\/figure>\n\n\n\n<p>13.&nbsp; En este punto, debe darle clic en \u00abpublicar\u00bb.<\/p>\n\n\n\n<figure class=\"wp-block-image size-large\"><img decoding=\"async\" src=\"https:\/\/static.dncp.gov.py\/PublishingImages\/Lists\/GuiasElectronicas\/AllItems\/rfi20.png\" alt=\"\"\/><\/figure>\n\n\n\n<p>\u200b14.&nbsp; Visualizar\u00e1 esta pregunta de confirmaci\u00f3n, a la cual debe responder \u201cpublicar\u00bb.<\/p>\n\n\n\n<figure class=\"wp-block-image size-large\"><img decoding=\"async\" src=\"https:\/\/static.dncp.gov.py\/PublishingImages\/Lists\/GuiasElectronicas\/AllItems\/rfi21.png\" alt=\"\"\/><\/figure>\n\n\n\n<p>15.&nbsp; Por \u00faltimo, saldr\u00e1 este mensaje que confirma la publicaci\u00f3n exitosa de la RFI \u2013 Solicitud de Informaci\u00f3n.\u200b<\/p>\n\n\n\n<figure class=\"wp-block-image size-large\"><img decoding=\"async\" src=\"https:\/\/static.dncp.gov.py\/PublishingImages\/Lists\/GuiasElectronicas\/AllItems\/rfi22.png\" alt=\"\"\/><\/figure>\n","protected":false},"excerpt":{"rendered":"SOLICITUD DE INFORMACI\u00d3N La resoluci\u00f3n DNCP N\u00b0 230\/2025 \u201cPor la cual se reglamentan los procedimientos de contrataci\u00f3n regidos por la Ley N\u00b0 7021\/22 &#8216;De Suministro y Contrataciones P\u00fablicas&#8217;\u00bb prev\u00e9 la figura de la Solicitud de Informaci\u00f3n (RFI) a trav\u00e9s de la cual la convocante, en la etapa preparatoria de los procedimientos de contrataci\u00f3n, podr\u00e1 solicitar [&hellip;]","protected":false},"author":13,"featured_media":0,"parent":1784,"menu_order":0,"comment_status":"closed","ping_status":"closed","template":"","meta":{"footnotes":""},"class_list":["post-1788","page","type-page","status-publish","hentry"],"_links":{"self":[{"href":"https:\/\/www.contrataciones.gov.py\/dncp\/wp-json\/wp\/v2\/pages\/1788","targetHints":{"allow":["GET"]}}],"collection":[{"href":"https:\/\/www.contrataciones.gov.py\/dncp\/wp-json\/wp\/v2\/pages"}],"about":[{"href":"https:\/\/www.contrataciones.gov.py\/dncp\/wp-json\/wp\/v2\/types\/page"}],"author":[{"embeddable":true,"href":"https:\/\/www.contrataciones.gov.py\/dncp\/wp-json\/wp\/v2\/users\/13"}],"replies":[{"embeddable":true,"href":"https:\/\/www.contrataciones.gov.py\/dncp\/wp-json\/wp\/v2\/comments?post=1788"}],"version-history":[{"count":33,"href":"https:\/\/www.contrataciones.gov.py\/dncp\/wp-json\/wp\/v2\/pages\/1788\/revisions"}],"predecessor-version":[{"id":20539,"href":"https:\/\/www.contrataciones.gov.py\/dncp\/wp-json\/wp\/v2\/pages\/1788\/revisions\/20539"}],"up":[{"embeddable":true,"href":"https:\/\/www.contrataciones.gov.py\/dncp\/wp-json\/wp\/v2\/pages\/1784"}],"wp:attachment":[{"href":"https:\/\/www.contrataciones.gov.py\/dncp\/wp-json\/wp\/v2\/media?parent=1788"}],"curies":[{"name":"wp","href":"https:\/\/api.w.org\/{rel}","templated":true}]}}