{"id":17996,"date":"2025-03-11T09:09:16","date_gmt":"2025-03-11T12:09:16","guid":{"rendered":"https:\/\/www.contrataciones.gov.py\/dncp\/?page_id=17996"},"modified":"2025-03-11T09:12:24","modified_gmt":"2025-03-11T12:12:24","slug":"locaciones","status":"publish","type":"page","link":"https:\/\/www.contrataciones.gov.py\/dncp\/guia-de-procedimientos-de-contratacion\/locaciones\/","title":{"rendered":"Locaciones"},"content":{"rendered":"\n<figure class=\"wp-block-image size-full\"><img loading=\"lazy\" decoding=\"async\" width=\"1920\" height=\"406\" src=\"https:\/\/www.contrataciones.gov.py\/dncp\/wp-content\/uploads\/2025\/03\/Locaciones.jpg\" alt=\"\" class=\"wp-image-18012\" srcset=\"https:\/\/www.contrataciones.gov.py\/dncp\/wp-content\/uploads\/2025\/03\/Locaciones.jpg 1920w, https:\/\/www.contrataciones.gov.py\/dncp\/wp-content\/uploads\/2025\/03\/Locaciones-300x63.jpg 300w, https:\/\/www.contrataciones.gov.py\/dncp\/wp-content\/uploads\/2025\/03\/Locaciones-1024x217.jpg 1024w, https:\/\/www.contrataciones.gov.py\/dncp\/wp-content\/uploads\/2025\/03\/Locaciones-768x162.jpg 768w, https:\/\/www.contrataciones.gov.py\/dncp\/wp-content\/uploads\/2025\/03\/Locaciones-1536x325.jpg 1536w\" sizes=\"auto, (max-width: 1920px) 100vw, 1920px\" \/><\/figure>\n\n\n\n<h2 class=\"wp-block-heading has-text-align-center\">LOCACIONES DE BIENES INMUEBLES<\/h2>\n\n\n\n<blockquote class=\"wp-block-quote is-layout-flow wp-block-quote-is-layout-flow\">\n<p class=\"has-text-align-left\"><strong><em>De conformidad con lo previsto en el Art\u00edculo 86 de la Ley N\u00ba 7021\/22 y, en el Art\u00edculo 72 de la Resoluci\u00f3n DNCP N\u00ba 230\/25, las locaciones cuyo canon mensual fuere mil jornales m\u00ednimos o inferiores a la cuant\u00eda antes referida, se encuentran exceptuadas de la aplicaci\u00f3n de la mencionada Ley.<\/em><\/strong><\/p>\n<\/blockquote>\n","protected":false},"excerpt":{"rendered":"LOCACIONES DE BIENES INMUEBLES De conformidad con lo previsto en el Art\u00edculo 86 de la Ley N\u00ba 7021\/22 y, en el Art\u00edculo 72 de la Resoluci\u00f3n DNCP N\u00ba 230\/25, las locaciones cuyo canon mensual fuere mil jornales m\u00ednimos o inferiores a la cuant\u00eda antes referida, se encuentran exceptuadas de la aplicaci\u00f3n de la mencionada Ley.","protected":false},"author":43,"featured_media":0,"parent":17488,"menu_order":5,"comment_status":"closed","ping_status":"closed","template":"","meta":{"footnotes":""},"class_list":["post-17996","page","type-page","status-publish","hentry"],"_links":{"self":[{"href":"https:\/\/www.contrataciones.gov.py\/dncp\/wp-json\/wp\/v2\/pages\/17996","targetHints":{"allow":["GET"]}}],"collection":[{"href":"https:\/\/www.contrataciones.gov.py\/dncp\/wp-json\/wp\/v2\/pages"}],"about":[{"href":"https:\/\/www.contrataciones.gov.py\/dncp\/wp-json\/wp\/v2\/types\/page"}],"author":[{"embeddable":true,"href":"https:\/\/www.contrataciones.gov.py\/dncp\/wp-json\/wp\/v2\/users\/43"}],"replies":[{"embeddable":true,"href":"https:\/\/www.contrataciones.gov.py\/dncp\/wp-json\/wp\/v2\/comments?post=17996"}],"version-history":[{"count":4,"href":"https:\/\/www.contrataciones.gov.py\/dncp\/wp-json\/wp\/v2\/pages\/17996\/revisions"}],"predecessor-version":[{"id":18020,"href":"https:\/\/www.contrataciones.gov.py\/dncp\/wp-json\/wp\/v2\/pages\/17996\/revisions\/18020"}],"up":[{"embeddable":true,"href":"https:\/\/www.contrataciones.gov.py\/dncp\/wp-json\/wp\/v2\/pages\/17488"}],"wp:attachment":[{"href":"https:\/\/www.contrataciones.gov.py\/dncp\/wp-json\/wp\/v2\/media?parent=17996"}],"curies":[{"name":"wp","href":"https:\/\/api.w.org\/{rel}","templated":true}]}}