{"id":18159,"date":"2025-06-11T11:34:28","date_gmt":"2025-06-11T14:34:28","guid":{"rendered":"https:\/\/www.contrataciones.gov.py\/dncp\/?page_id=18159"},"modified":"2026-03-11T08:37:22","modified_gmt":"2026-03-11T11:37:22","slug":"sistema-de-control-interno-mecip-dncp","status":"publish","type":"page","link":"https:\/\/www.contrataciones.gov.py\/dncp\/transparencia-informativa\/sistema-de-control-interno-mecip-dncp\/","title":{"rendered":"Sistema de Control Interno &#8211; MECIP DNCP"},"content":{"rendered":"\n<figure class=\"wp-block-table alignleft\"><table class=\"has-fixed-layout\"><tbody><tr><td>El Sistema de Control Interno de la Direcci\u00f3n Nacional de Contrataciones P\u00fablicas (DNCP) es una herramienta que gu\u00eda la gesti\u00f3n institucional hacia la transparencia, la eficiencia y la mejora continua, con el compromiso de ofrecer servicios de calidad a la ciudadan\u00eda.<br><br>A trav\u00e9s del Modelo Est\u00e1ndar de Control Interno para las Instituciones P\u00fablicas del Paraguay (MECIP 2015), se establecen pol\u00edticas, procedimientos y acciones que fortalecen la administraci\u00f3n p\u00fablica, promoviendo la participaci\u00f3n, la \u00e9tica y la rendici\u00f3n de cuentas.<br><br>Este apartado presenta la estructura, normativa, documentos y acciones implementadas por la DNCP para consolidar una cultura organizacional basada en la integridad, la excelencia y la satisfacci\u00f3n del usuario.<\/td><td><a href=\"https:\/\/www.contrataciones.gov.py\/dncp\/marco-normativo\/\" data-type=\"page\" data-id=\"18175\"><img decoding=\"async\" src=\"https:\/\/www.contrataciones.gov.py\/dncp\/wp-content\/uploads\/2025\/04\/Group-28.png\" alt=\"\"><br><\/a><br><a href=\"https:\/\/www.contrataciones.gov.py\/dncp\/ambiente-de-control\/\" data-type=\"page\" data-id=\"18827\"><img decoding=\"async\" src=\"https:\/\/www.contrataciones.gov.py\/dncp\/wp-content\/uploads\/2025\/04\/Ambiente_control.png\" alt=\"\"><br><\/a><br><a href=\"https:\/\/www.contrataciones.gov.py\/dncp\/control-de-planificacion\/\" data-type=\"page\" data-id=\"19319\"><img decoding=\"async\" src=\"https:\/\/www.contrataciones.gov.py\/dncp\/wp-content\/uploads\/2025\/04\/Control-_Planificacion.png\" alt=\"\"><\/a><br><br><a href=\"https:\/\/www.contrataciones.gov.py\/dncp\/control-de-implementacion\/\" data-type=\"page\" data-id=\"19455\"><img decoding=\"async\" src=\"https:\/\/www.contrataciones.gov.py\/dncp\/wp-content\/uploads\/2025\/04\/Control_Implementacion-1.png\" alt=\"\"><\/a><br><br><a href=\"https:\/\/www.contrataciones.gov.py\/dncp\/control-de-evaluacion\/\" data-type=\"page\" data-id=\"19631\"><img decoding=\"async\" src=\"https:\/\/www.contrataciones.gov.py\/dncp\/wp-content\/uploads\/2025\/04\/Control_evaluacion.png\" alt=\"\"><\/a><br><br><a href=\"https:\/\/www.contrataciones.gov.py\/dncp\/control-para-la-mejora\/\" data-type=\"page\" data-id=\"19651\"><img decoding=\"async\" src=\"https:\/\/www.contrataciones.gov.py\/dncp\/wp-content\/uploads\/2025\/04\/Control_Mejora.png\" alt=\"\"><\/a><\/td><\/tr><\/tbody><\/table><\/figure>\n\n\n\n<figure class=\"wp-block-image size-full\"><img loading=\"lazy\" decoding=\"async\" width=\"848\" height=\"527\" src=\"https:\/\/www.contrataciones.gov.py\/dncp\/wp-content\/uploads\/2025\/05\/image-9-1.png\" alt=\"\" class=\"wp-image-18303\" srcset=\"https:\/\/www.contrataciones.gov.py\/dncp\/wp-content\/uploads\/2025\/05\/image-9-1.png 848w, https:\/\/www.contrataciones.gov.py\/dncp\/wp-content\/uploads\/2025\/05\/image-9-1-300x186.png 300w, https:\/\/www.contrataciones.gov.py\/dncp\/wp-content\/uploads\/2025\/05\/image-9-1-768x477.png 768w\" sizes=\"auto, (max-width: 848px) 100vw, 848px\" \/><\/figure>\n\n\n\n<iframe loading=\"lazy\" style=\"display: block; margin: auto;\" width=\"720\" height=\"405\" src=\"https:\/\/www.youtube.com\/embed\/fjMElBcSZE4?si=k9u9hGh4qmxdrcKF\" title=\"YouTube video player\" frameborder=\"0\" allow=\"accelerometer; autoplay; clipboard-write; encrypted-media; gyroscope; picture-in-picture; web-share\" referrerpolicy=\"strict-origin-when-cross-origin\" allowfullscreen><\/iframe>\n","protected":false},"excerpt":{"rendered":"El Sistema de Control Interno de la Direcci\u00f3n Nacional de Contrataciones P\u00fablicas (DNCP) es una herramienta que gu\u00eda la gesti\u00f3n institucional hacia la transparencia, la eficiencia y la mejora continua, con el compromiso de ofrecer servicios de calidad a la ciudadan\u00eda.A trav\u00e9s del Modelo Est\u00e1ndar de Control Interno para las Instituciones P\u00fablicas del Paraguay (MECIP [&hellip;]","protected":false},"author":43,"featured_media":0,"parent":76,"menu_order":6,"comment_status":"closed","ping_status":"closed","template":"","meta":{"footnotes":""},"class_list":["post-18159","page","type-page","status-publish","hentry"],"_links":{"self":[{"href":"https:\/\/www.contrataciones.gov.py\/dncp\/wp-json\/wp\/v2\/pages\/18159","targetHints":{"allow":["GET"]}}],"collection":[{"href":"https:\/\/www.contrataciones.gov.py\/dncp\/wp-json\/wp\/v2\/pages"}],"about":[{"href":"https:\/\/www.contrataciones.gov.py\/dncp\/wp-json\/wp\/v2\/types\/page"}],"author":[{"embeddable":true,"href":"https:\/\/www.contrataciones.gov.py\/dncp\/wp-json\/wp\/v2\/users\/43"}],"replies":[{"embeddable":true,"href":"https:\/\/www.contrataciones.gov.py\/dncp\/wp-json\/wp\/v2\/comments?post=18159"}],"version-history":[{"count":36,"href":"https:\/\/www.contrataciones.gov.py\/dncp\/wp-json\/wp\/v2\/pages\/18159\/revisions"}],"predecessor-version":[{"id":19843,"href":"https:\/\/www.contrataciones.gov.py\/dncp\/wp-json\/wp\/v2\/pages\/18159\/revisions\/19843"}],"up":[{"embeddable":true,"href":"https:\/\/www.contrataciones.gov.py\/dncp\/wp-json\/wp\/v2\/pages\/76"}],"wp:attachment":[{"href":"https:\/\/www.contrataciones.gov.py\/dncp\/wp-json\/wp\/v2\/media?parent=18159"}],"curies":[{"name":"wp","href":"https:\/\/api.w.org\/{rel}","templated":true}]}}