{"id":18175,"date":"2025-06-10T12:58:29","date_gmt":"2025-06-10T15:58:29","guid":{"rendered":"https:\/\/www.contrataciones.gov.py\/dncp\/?page_id=18175"},"modified":"2025-06-11T12:36:18","modified_gmt":"2025-06-11T15:36:18","slug":"marco-normativo","status":"publish","type":"page","link":"https:\/\/www.contrataciones.gov.py\/dncp\/marco-normativo\/","title":{"rendered":"MARCO NORMATIVO"},"content":{"rendered":"\n<figure class=\"wp-block-table\"><table class=\"table table-striped table-bordered table-hover\"><tbody><thead>\n\t  <tr>\n\t\t<th>Descripci\u00f3n<\/th>\n\t\t<th class=\"text-center\">Descarga<\/th>\n\t  <\/tr>\n\t<\/thead>\n\n<tr>\n<td align=\"left\">Manual Norma de Requisitos Minimos MECIP 2015<\/td><td class=\"center\"><p class=\"text-center\"><a target=\"blank\" href=\"https:\/\/www.contrataciones.gov.py\/dncp\/wp-content\/uploads\/2025\/04\/Manual_Mecip.pdf\"><i class=\"fa fa-download\"><\/i><\/a><\/p><\/td>\n<\/tr>\n<tr>\n<td align=\"left\">Resoluci\u00f3n Contralor\u00eda Nro 377 &#8211; Adopci\u00f3n MECIP 2015 <\/td><td class=\"center\"><p class=\"text-center\"><a target=\"blank\" href=\"https:\/\/www.contrataciones.gov.py\/dncp\/wp-content\/uploads\/2025\/05\/RESOLUCION_CGR_Nro_377_16.pdf\"><i class=\"fa fa-download\"><\/i><\/a><\/p><\/td><\/tr>\n<tr>\n<tr>\n<td align=\"left\">Resoluci\u00f3n Contralor\u00eda &#8211; N\u00b0 147 &#8211; Matriz de evaluaci\u00f3n por niveles de madurez<\/td><td class=\"center\"><p class=\"text-center\"><a target=\"blank\" href=\"https:\/\/www.contrataciones.gov.py\/dncp\/wp-content\/uploads\/2025\/05\/RESOLUCION_CONTRALORIA_147-1.pdf\"><i class=\"fa fa-download\"><\/i><\/a><\/p><\/td>\n<\/tr>\n<tr><td><\/td><td><\/td><\/tr><tr><td><\/td><td><\/td><\/tr><\/tbody><\/table><\/figure>\n\n\n\n<p><\/p>\n","protected":false},"excerpt":{"rendered":"Descripci\u00f3n Descarga Manual Norma de Requisitos Minimos MECIP 2015 Resoluci\u00f3n Contralor\u00eda Nro 377 &#8211; Adopci\u00f3n MECIP 2015 Resoluci\u00f3n Contralor\u00eda &#8211; N\u00b0 147 &#8211; Matriz de evaluaci\u00f3n por niveles de madurez","protected":false},"author":43,"featured_media":0,"parent":0,"menu_order":0,"comment_status":"closed","ping_status":"closed","template":"","meta":{"footnotes":""},"class_list":["post-18175","page","type-page","status-publish","hentry"],"_links":{"self":[{"href":"https:\/\/www.contrataciones.gov.py\/dncp\/wp-json\/wp\/v2\/pages\/18175","targetHints":{"allow":["GET"]}}],"collection":[{"href":"https:\/\/www.contrataciones.gov.py\/dncp\/wp-json\/wp\/v2\/pages"}],"about":[{"href":"https:\/\/www.contrataciones.gov.py\/dncp\/wp-json\/wp\/v2\/types\/page"}],"author":[{"embeddable":true,"href":"https:\/\/www.contrataciones.gov.py\/dncp\/wp-json\/wp\/v2\/users\/43"}],"replies":[{"embeddable":true,"href":"https:\/\/www.contrataciones.gov.py\/dncp\/wp-json\/wp\/v2\/comments?post=18175"}],"version-history":[{"count":26,"href":"https:\/\/www.contrataciones.gov.py\/dncp\/wp-json\/wp\/v2\/pages\/18175\/revisions"}],"predecessor-version":[{"id":18459,"href":"https:\/\/www.contrataciones.gov.py\/dncp\/wp-json\/wp\/v2\/pages\/18175\/revisions\/18459"}],"wp:attachment":[{"href":"https:\/\/www.contrataciones.gov.py\/dncp\/wp-json\/wp\/v2\/media?parent=18175"}],"curies":[{"name":"wp","href":"https:\/\/api.w.org\/{rel}","templated":true}]}}