{"id":19319,"date":"2025-06-11T11:37:34","date_gmt":"2025-06-11T14:37:34","guid":{"rendered":"https:\/\/www.contrataciones.gov.py\/dncp\/?page_id=19319"},"modified":"2025-09-30T12:22:56","modified_gmt":"2025-09-30T15:22:56","slug":"control-de-planificacion","status":"publish","type":"page","link":"https:\/\/www.contrataciones.gov.py\/dncp\/control-de-planificacion\/","title":{"rendered":"CONTROL DE PLANIFICACI\u00d3N"},"content":{"rendered":"\n<style>\n .table {\n    width: 100%;\n    border-collapse: collapse;\n  }\n\n  .table th, .table td {\n    border: 1px solid #f2f2f2;\n    padding: 10px;\n    vertical-align: top;\n  }\n\n  .table th {\n    background-color: #f2f2f2;\n    text-align: left;\n  }\n\n  .table tbody tr td:first-child {\n    width: 30%;\n  }\n\n  .table i.fa-download {\n    color: #012533;\n    font-size: 1.2em;\n  }\n\n  .text-center {\n    text-align: center;\n    background-color: #f2f2f2;\n  }\n\n  .table-striped tbody tr:nth-child(even) {\n    background-color: #f2f2f2;\n  }\n\n  .table tbody tr td[colspan=\"3\"] {\n    font-weight: bold;\n    background-color: #f2f2f2;\n    text-align: center;\n  }\n<\/style>\n\n<div class=\"control-table-wrapper\">\n  <figure class=\"wp-block-table\"><table class=\"table table-striped table-bordered table-hover\"><tbody><thead>\n<thead>\n      <tr>\n        <th>Principios<\/th>\n        <th>Descripci\u00f3n<\/th>\n        <th class=\"text-center\">Descarga<\/th>\n      <\/tr>\n    <\/thead>\n    <tbody>\n      <tr>\n        <td rowspan=\"4\" td align=\"left\">Direccionamiento estrat\u00e9gico<\/td>\n        <td align=\"left\">Misi\u00f3n y Visi\u00f3n<\/td>\n        <td class=\"text-center\"><a target=\"_blank\" href=\"https:\/\/www.contrataciones.gov.py\/dncp\/wp-content\/uploads\/2025\/06\/2_1_Res_DNCP_3270_24_Por_la_Cual_se_Aprueba_la_Mision_y_Vision.pdf\"><i class=\"fa fa-download\"><\/i><\/a><\/td>\n      <\/tr>\n      <tr>\n        <td align=\"left\">Valores<\/td>\n        <td class=\"text-center\"><a target=\"_blank\" href=\"https:\/\/www.contrataciones.gov.py\/dncp\/wp-content\/uploads\/2025\/06\/2_1_Nuestros_Valores_Eticos.pdf\"><i class=\"fa fa-download\"><\/i><\/a><\/td>\n      <\/tr>\n\n<tbody>\n      <tr>\n        <td rowspan=\"4\" td align=\"left\">Gesti\u00f3n por procesos<\/td>\n        <td align=\"left\">Mapa de procesos<\/td>\n        <td class=\"text-center\"><a target=\"_blank\" href=\"https:\/\/www.contrataciones.gov.py\/dncp\/wp-content\/uploads\/2025\/08\/Res_DNCP_2306_25-Mapa-de-Macroprocesos.pdf\"><i class=\"fa fa-download\"><\/i><\/a><\/td>\n      <\/tr>\n      <tr>\n        <td align=\"left\">Normograma<\/td>\n        <td class=\"text-center\"><a target=\"_blank\" href=\"https:\/\/www.contrataciones.gov.py\/dncp\/wp-content\/uploads\/2025\/06\/2_2_Res_DNCP_4217_24_Normograma.pdf\"><i class=\"fa fa-download\"><\/i><\/a><\/td>\n      <\/tr>\n\n<tbody>\n      <tr>\n        <td rowspan=\"4\" td align=\"left\">Estructura organizacional<\/td>\n        <td align=\"left\">Organigrama<\/td>\n        <td class=\"text-center\"><a target=\"_blank\" href=\"https:\/\/www.contrataciones.gov.py\/dncp\/wp-content\/uploads\/2025\/06\/2_3_Res_DNCP_286_25_Organigrama.pdf\"><i class=\"fa fa-download\"><\/i><\/a><\/td>\n      <\/tr>\n      <tr>\n        <td align=\"left\">Funciones de las Direcciones Generales DNCP<\/td>\n        <td class=\"text-center\"><a target=\"_blank\" href=\"https:\/\/www.contrataciones.gov.py\/dncp\/wp-content\/uploads\/2025\/09\/res_DNCP_2439_25_-Funciones-generales-de-las-direcciones.pdf\"><i class=\"fa fa-download\"><\/i><\/a><\/td>\n      <\/tr>\n\n<tbody>\n      <tr>\n        <td rowspan=\"4\" align=\"left\">Identificaci\u00f3n y evaluaci\u00f3n de riesgos<\/td>\n        <td align=\"left\">Matriz de Riesgos Estrat\u00e9gico<\/td>\n        <td class=\"text-center\"><a target=\"_blank\" href=\"https:\/\/www.contrataciones.gov.py\/dncp\/wp-content\/uploads\/2025\/06\/2_4_Res_DNCP_4203_24_Matriz_de_Riesgos_Estrategico.pdf\"><i class=\"fa fa-download\"><\/i><\/a><\/td>\n      <\/tr>\n    <\/tbody>\n  <\/table>\n<\/div>\n","protected":false},"excerpt":{"rendered":"Principios Descripci\u00f3n Descarga Direccionamiento estrat\u00e9gico Misi\u00f3n y Visi\u00f3n Valores Gesti\u00f3n por procesos Mapa de procesos Normograma Estructura organizacional Organigrama Funciones de las Direcciones Generales DNCP Identificaci\u00f3n y evaluaci\u00f3n de riesgos Matriz de Riesgos Estrat\u00e9gico","protected":false},"author":43,"featured_media":0,"parent":0,"menu_order":0,"comment_status":"closed","ping_status":"closed","template":"","meta":{"footnotes":""},"class_list":["post-19319","page","type-page","status-publish","hentry"],"_links":{"self":[{"href":"https:\/\/www.contrataciones.gov.py\/dncp\/wp-json\/wp\/v2\/pages\/19319","targetHints":{"allow":["GET"]}}],"collection":[{"href":"https:\/\/www.contrataciones.gov.py\/dncp\/wp-json\/wp\/v2\/pages"}],"about":[{"href":"https:\/\/www.contrataciones.gov.py\/dncp\/wp-json\/wp\/v2\/types\/page"}],"author":[{"embeddable":true,"href":"https:\/\/www.contrataciones.gov.py\/dncp\/wp-json\/wp\/v2\/users\/43"}],"replies":[{"embeddable":true,"href":"https:\/\/www.contrataciones.gov.py\/dncp\/wp-json\/wp\/v2\/comments?post=19319"}],"version-history":[{"count":22,"href":"https:\/\/www.contrataciones.gov.py\/dncp\/wp-json\/wp\/v2\/pages\/19319\/revisions"}],"predecessor-version":[{"id":21313,"href":"https:\/\/www.contrataciones.gov.py\/dncp\/wp-json\/wp\/v2\/pages\/19319\/revisions\/21313"}],"wp:attachment":[{"href":"https:\/\/www.contrataciones.gov.py\/dncp\/wp-json\/wp\/v2\/media?parent=19319"}],"curies":[{"name":"wp","href":"https:\/\/api.w.org\/{rel}","templated":true}]}}