{"id":19455,"date":"2025-06-11T12:16:08","date_gmt":"2025-06-11T15:16:08","guid":{"rendered":"https:\/\/www.contrataciones.gov.py\/dncp\/?page_id=19455"},"modified":"2025-08-11T14:36:58","modified_gmt":"2025-08-11T17:36:58","slug":"control-de-implementacion","status":"publish","type":"page","link":"https:\/\/www.contrataciones.gov.py\/dncp\/control-de-implementacion\/","title":{"rendered":"CONTROL DE IMPLEMENTACI\u00d3N"},"content":{"rendered":"\n<style>\n .table {\n    width: 100%;\n    border-collapse: collapse;\n  }\n\n  .table th, .table td {\n    border: 1px solid #f2f2f2;\n    padding: 10px;\n    vertical-align: top;\n  }\n\n  .table th {\n    background-color: #f2f2f2;\n    text-align: left;\n  }\n\n  .table tbody tr td:first-child {\n    width: 30%;\n  }\n\n  .table i.fa-download {\n    color: #012533;\n    font-size: 1.2em;\n  }\n\n  .text-center {\n    text-align: center;\n    background-color: #f2f2f2;\n  }\n\n  .table-striped tbody tr:nth-child(even) {\n    background-color: #f2f2f2;\n  }\n\n  .table tbody tr td[colspan=\"3\"] {\n    font-weight: bold;\n    background-color: #f2f2f2;\n    text-align: center;\n  }\n<\/style>\n\n<div class=\"control-table-wrapper\">\n  <figure class=\"wp-block-table\"><table class=\"table table-striped table-bordered table-hover\"><tbody><thead>\n<thead>\n      <tr>\n        <th>Principios<\/th>\n        <th>Descripci\u00f3n<\/th>\n        <th class=\"text-center\">Descarga<\/th>\n      <\/tr>\n    <\/thead>\n    <tbody>\n      <tr>\n        <td rowspan=\"4\" td align=\"left\">Control operacional<\/td>\n        <td align=\"left\">Pol\u00edtica operacional<\/td>\n        <td class=\"text-center\"><a target=\"_blank\" href=\"https:\/\/www.contrataciones.gov.py\/dncp\/wp-content\/uploads\/2025\/06\/3_1_Res_DNCP_4240_24_Politica_Operacional.pdf\"><i class=\"fa fa-download\"><\/i><\/a><\/td>\n      <\/tr>\n\n<tbody>\n      <tr>\n        <td rowspan=\"4\" td align=\"left\">Competencia, Formacion y toma de conciencia<\/td>\n        <td align=\"left\">Plan de Capacitaci\u00f3n<\/td>\n        <td class=\"text-center\"><a target=\"_blank\" href=\"https:\/\/www.contrataciones.gov.py\/dncp\/wp-content\/uploads\/2025\/06\/3_2_Res_DNCP_331_25_Plan_de_Capacitacion.pdf\"><i class=\"fa fa-download\"><\/i><\/a><\/td>\n      <\/tr>\n      <tr>\n        <td align=\"left\">Reglamento interno de capacitaci\u00f3n<\/td>\n        <td class=\"text-center\"><a target=\"_blank\" href=\"https:\/\/www.contrataciones.gov.py\/dncp\/wp-content\/uploads\/2025\/06\/3_2_Res_DNCP_634_25_Reglamento_Interno_de_Capacitacion.pdf\"><i class=\"fa fa-download\"><\/i><\/a><\/td>\n      <\/tr>\n\n<tbody>\n      <tr>\n        <td rowspan=\"4\" td align=\"left\">Sistema de informaci\u00f3n<\/td>\n        <td align=\"left\">Pol\u00edtica de datos de la DNCP<\/td>\n        <td class=\"text-center\"><a target=\"_blank\" href=\"https:\/\/www.contrataciones.gov.py\/dncp\/wp-content\/uploads\/2025\/06\/res_DNCP_4656_23_Politica_de_datos_de_la_DNCP.pdf\"><i class=\"fa fa-download\"><\/i><\/a><\/td>\n      <\/tr>\n    <td align=\"left\">Pol\u00edtica del Sistema de Informaci\u00f3n<\/td>\n        <td class=\"text-center\"><a target=\"_blank\" href=\"https:\/\/www.contrataciones.gov.py\/dncp\/wp-content\/uploads\/2025\/08\/Res.-N\u00b02305-Politica-de-Sistema-de-Informacion.pdf\"><i class=\"fa fa-download\"><\/i><\/a><\/td>\n      <\/tr>\n\n<tbody>\n      <tr>\n        <td rowspan=\"4\" align=\"left\">Comunicaci\u00f3n<\/td>\n        <td align=\"left\">Pol\u00edtica de Comunicaci\u00f3n interna y externa<\/td>\n        <td class=\"text-center\"><a target=\"_blank\" href=\"https:\/\/www.contrataciones.gov.py\/dncp\/wp-content\/uploads\/2025\/06\/3_4_Res_DNCP_4221_24_Politica_de_Comunicacion_Interna__y_Extera.pdf\"><i class=\"fa fa-download\"><\/i><\/a><\/td>\n      <\/tr>\n      <tr>\n        <td align=\"left\">Manual de Comunicaci\u00f3n<\/td>\n        <td class=\"text-center\"><a target=\"_blank\" href=\"https:\/\/www.contrataciones.gov.py\/dncp\/wp-content\/uploads\/2025\/06\/3_4_Res_DNCP_4220_24_Manual_de_Comunicacion.pdf\"><i class=\"fa fa-download\"><\/i><\/a><\/td>\n      <\/tr>\n<td align=\"left\">Rendici\u00f3n de cuentas<\/td>\n        <td class=\"text-center\"><a target=\"_blank\" href=\"https:\/\/www.contrataciones.gov.py\/dncp\/transparencia-informativa\/rendicion-de-cuentas-al-ciudadano\/\"><i class=\"fa fa-download\"><\/i><\/a><\/td>\n      <\/tr>\n    <\/tbody>\n  <\/table>\n<\/div>\n","protected":false},"excerpt":{"rendered":"Principios Descripci\u00f3n Descarga Control operacional Pol\u00edtica operacional Competencia, Formacion y toma de conciencia Plan de Capacitaci\u00f3n Reglamento interno de capacitaci\u00f3n Sistema de informaci\u00f3n Pol\u00edtica de datos de la DNCP Pol\u00edtica del Sistema de Informaci\u00f3n Comunicaci\u00f3n Pol\u00edtica de Comunicaci\u00f3n interna y externa Manual de Comunicaci\u00f3n Rendici\u00f3n de cuentas","protected":false},"author":43,"featured_media":0,"parent":0,"menu_order":0,"comment_status":"closed","ping_status":"closed","template":"","meta":{"footnotes":""},"class_list":["post-19455","page","type-page","status-publish","hentry"],"_links":{"self":[{"href":"https:\/\/www.contrataciones.gov.py\/dncp\/wp-json\/wp\/v2\/pages\/19455","targetHints":{"allow":["GET"]}}],"collection":[{"href":"https:\/\/www.contrataciones.gov.py\/dncp\/wp-json\/wp\/v2\/pages"}],"about":[{"href":"https:\/\/www.contrataciones.gov.py\/dncp\/wp-json\/wp\/v2\/types\/page"}],"author":[{"embeddable":true,"href":"https:\/\/www.contrataciones.gov.py\/dncp\/wp-json\/wp\/v2\/users\/43"}],"replies":[{"embeddable":true,"href":"https:\/\/www.contrataciones.gov.py\/dncp\/wp-json\/wp\/v2\/comments?post=19455"}],"version-history":[{"count":27,"href":"https:\/\/www.contrataciones.gov.py\/dncp\/wp-json\/wp\/v2\/pages\/19455\/revisions"}],"predecessor-version":[{"id":20447,"href":"https:\/\/www.contrataciones.gov.py\/dncp\/wp-json\/wp\/v2\/pages\/19455\/revisions\/20447"}],"wp:attachment":[{"href":"https:\/\/www.contrataciones.gov.py\/dncp\/wp-json\/wp\/v2\/media?parent=19455"}],"curies":[{"name":"wp","href":"https:\/\/api.w.org\/{rel}","templated":true}]}}