{"id":1976,"date":"2023-04-28T11:22:25","date_gmt":"2023-04-28T15:22:25","guid":{"rendered":"https:\/\/www.contrataciones.gov.py\/dncp\/?page_id=1976"},"modified":"2025-03-04T10:03:27","modified_gmt":"2025-03-04T13:03:27","slug":"informe-cuatrimestrales","status":"publish","type":"page","link":"https:\/\/www.contrataciones.gov.py\/dncp\/informe-cuatrimestrales\/informe-cuatrimestrales\/","title":{"rendered":"Informe Cuatrimestrales"},"content":{"rendered":"\n<figure class=\"wp-block-image size-full\"><img loading=\"lazy\" decoding=\"async\" width=\"1920\" height=\"406\" src=\"https:\/\/www.contrataciones.gov.py\/dncp\/wp-content\/uploads\/2025\/03\/Elaboracion-informes-cuatrimestrales.jpg\" alt=\"\" class=\"wp-image-17412\" srcset=\"https:\/\/www.contrataciones.gov.py\/dncp\/wp-content\/uploads\/2025\/03\/Elaboracion-informes-cuatrimestrales.jpg 1920w, https:\/\/www.contrataciones.gov.py\/dncp\/wp-content\/uploads\/2025\/03\/Elaboracion-informes-cuatrimestrales-300x63.jpg 300w, https:\/\/www.contrataciones.gov.py\/dncp\/wp-content\/uploads\/2025\/03\/Elaboracion-informes-cuatrimestrales-1024x217.jpg 1024w, https:\/\/www.contrataciones.gov.py\/dncp\/wp-content\/uploads\/2025\/03\/Elaboracion-informes-cuatrimestrales-768x162.jpg 768w, https:\/\/www.contrataciones.gov.py\/dncp\/wp-content\/uploads\/2025\/03\/Elaboracion-informes-cuatrimestrales-1536x325.jpg 1536w\" sizes=\"auto, (max-width: 1920px) 100vw, 1920px\" \/><\/figure>\n\n\n\n<p>Los Organismos, Entidades, Sociedades An\u00f3nimas con Participaci\u00f3n Accionaria Mayoritaria del Estado, las Gobernaciones y Municipalidades deber\u00e1n ajustarse a las directrices emitidas en la Resoluci\u00f3n DNCP N\u00ba 1208\/2021, respecto a los procedimientos licitatorios en los que no se hubiere realizado la comunicaci\u00f3n del llamado dentro del cuatrimestre correspondiente, previsto en el Plan Anual de Contrataciones P\u00fablicas (PAC).<\/p>\n\n\n\n<p>Esta disposici\u00f3n ser\u00e1 aplicable a todos los procedimientos de contrataci\u00f3n, en las condiciones establecidas en el art\u00edculo 311, Anexo \u201cA\u00bb del Decreto N\u00b0 4780\/2021.<\/p>\n\n\n\n<p>&nbsp;<br>A los efectos de la aplicaci\u00f3n del procedimiento, el ejercicio fiscal se encontrar\u00e1 dividido en tres cuatrimestres:<br>1) Primer cuatrimestre: De enero a abril;<br>2) Segundo cuatrimestre: De mayo a agosto;<br>3) Tercer cuatrimestre: De septiembre a diciembre<br><strong>&nbsp;<\/strong><\/p>\n\n\n\n<p><strong>1.<\/strong>&nbsp;&nbsp;&nbsp; El funcionario encargado de la comunicaci\u00f3n de los llamados deber\u00e1 ingresar con usuario y contrase\u00f1a al portal de contrataciones p\u00fablicas&nbsp;<a href=\"http:\/\/www.contrataciones.gov.py\/\">www.contrataciones.gov.py<\/a>:\u200b<\/p>\n\n\n\n<figure class=\"wp-block-image size-large\"><img decoding=\"async\" src=\"https:\/\/static.dncp.gov.py\/PublishingImages\/Lists\/GuiasElectronicas\/AllItems\/info1.png\" alt=\"\"\/><\/figure>\n\n\n\n<p>Este usuario deber\u00e1 ser uno v\u00e1lido y activo del SICP,&nbsp;<br>\u2013&nbsp;&nbsp;&nbsp;&nbsp;&nbsp;&nbsp;&nbsp;&nbsp;&nbsp; Usuario&nbsp;<strong>administrador de la cuenta UOC<\/strong>, o<br>\u2013&nbsp;&nbsp;&nbsp;&nbsp;&nbsp;&nbsp;&nbsp;&nbsp;&nbsp; Usuario con&nbsp;<strong>perfiles asignados<\/strong>&nbsp;por el responsable de la UOC.&nbsp;<\/p>\n\n\n\n<p><br><strong>2.<\/strong>&nbsp;&nbsp; Una vez autenticado, y con el PAC ya publicado, deber\u00e1 ingresar en&nbsp;<strong><em>Planificaci\u00f3n-&nbsp;<\/em><\/strong><strong><em>&nbsp;<\/em><\/strong><strong><em>Programa Anual de Contrataciones (PAC)- B\u00fasqueda de PACs,&nbsp;<\/em><\/strong>donde deber\u00e1 completar con el n\u00famero de ID correspondiente al procedimiento y el sistema filtrar\u00e1 el resultado de la b\u00fasqueda.<\/p>\n\n\n\n<p><strong>3.&nbsp;<\/strong>&nbsp;Identificado el procedimiento de contrataci\u00f3n, deber\u00e1n ingresar al \u00edcono de crear llamado y proceder a la carga de todos los datos de la convocatoria. \u200b<\/p>\n\n\n\n<figure class=\"wp-block-image size-large\"><img decoding=\"async\" src=\"https:\/\/static.dncp.gov.py\/PublishingImages\/Lists\/GuiasElectronicas\/AllItems\/info2.png\" alt=\"\"\/><\/figure>\n\n\n\n<p><strong>4.<\/strong>&nbsp; En la pesta\u00f1a de Invitados\/Documentos se encuentran dos campos para la carga de las justificaciones en caso de que el proceso a ser comunicado en la fecha haya sobrepasado el cuatrimestre en relaci\u00f3n a la fecha estimada del llamado consignado en el PAC.\u200b<\/p>\n\n\n\n<figure class=\"wp-block-image size-large\"><img decoding=\"async\" src=\"https:\/\/static.dncp.gov.py\/PublishingImages\/Lists\/GuiasElectronicas\/AllItems\/info3.png\" alt=\"\"\/><\/figure>\n\n\n\n<p>&#8211;&nbsp;&nbsp;&nbsp;&nbsp;&nbsp;&nbsp;&nbsp;<strong>Documento de justificaci\u00f3n de la UOC<\/strong>: Transcurrido el primer cuatrimestre establecido, la convocante deber\u00e1 adjuntar un Dictamen firmado por el Encargado de la Unidad Operativa de Contrataciones, en el cual se expongan las razones que impidieron el cumplimiento de la comunicaci\u00f3n del llamado en el plazo previsto.<\/p>\n\n\n\n<p><em>Observaci\u00f3n:<\/em><em>&nbsp;Opcionalmente, la Convocante podr\u00e1 adjuntar cualquier otra informaci\u00f3n que considere relevante a los efectos de justificar el incumplimiento del cronograma.<\/em><\/p>\n\n\n\n<figure class=\"wp-block-image size-large\"><img decoding=\"async\" src=\"https:\/\/static.dncp.gov.py\/PublishingImages\/Lists\/GuiasElectronicas\/AllItems\/info4.png\" alt=\"\"\/><\/figure>\n\n\n\n<p>&nbsp;&nbsp;&nbsp;&nbsp;&nbsp;&nbsp;&nbsp;<strong>Documento de justificaci\u00f3n de la M\u00e1xima Autoridad Institucional<\/strong>: Transcurrido el segundo cuatrimestre establecido, la convocante deber\u00e1 adjuntar un Dictamen firmado por la M\u00e1xima Autoridad, y\/o El Director de Administraci\u00f3n y Finanzas de la Convocante, en el cual se expongan las razones que impidieron el cumplimiento de la comunicaci\u00f3n del llamado en el plazo previsto.<br><em>&nbsp;<\/em><br><em>Observaci\u00f3n:<\/em><em>&nbsp;Opcionalmente, la Convocante podr\u00e1 adjuntar cualquier otra informaci\u00f3n que considere relevante a los efectos de justificar el incumplimiento del cronograma.<\/em><br><strong><em>&nbsp;<\/em><\/strong><\/p>\n\n\n\n<p><strong>1.<\/strong>&nbsp;&nbsp;&nbsp; Una vez seleccionado el archivo de justificaci\u00f3n en el campo correspondiente, el funcionario deber\u00e1 darle click en \u201cGrabar Archivos\u00bb.<\/p>\n\n\n\n<p><strong>5.1<\/strong>&nbsp;Si al momento de comunicar el llamado, ha transcurrido el primer cuatrimestre establecido, se deber\u00e1 adjuntar la Justificaci\u00f3n en el campo de \u201c<strong>Documento de justificaci\u00f3n de la UOC<\/strong>\u00ab<\/p>\n\n\n\n<figure class=\"wp-block-image size-large\"><img decoding=\"async\" src=\"https:\/\/static.dncp.gov.py\/PublishingImages\/Lists\/GuiasElectronicas\/AllItems\/info5.png\" alt=\"\"\/><\/figure>\n\n\n\n<p>&nbsp;<strong>5.2<\/strong>&nbsp; Si al momento de comunicar el llamado, ha transcurrido el segundo cuatrimestre establecido, se deber\u00e1 adjuntar la Justificaci\u00f3n en el campo de \u201c<strong>Documento de justificaci\u00f3n de la M\u00e1xima Autoridad Institucional<\/strong>\u00ab<\/p>\n\n\n\n<figure class=\"wp-block-image size-large\"><img decoding=\"async\" src=\"https:\/\/static.dncp.gov.py\/PublishingImages\/Lists\/GuiasElectronicas\/AllItems\/info6.png\" alt=\"\"\/><\/figure>\n\n\n\n<p>&nbsp;<strong>6.<\/strong>&nbsp; Cuando se intente solicitar la verificaci\u00f3n del expediente del llamado, y no se haya adjuntado la justificaci\u00f3n correspondiente, el SICP alertar\u00e1 sobre la falta de la documentaci\u00f3n e indicar\u00e1 cu\u00e1l es el tipo de justificaci\u00f3n que debe ser comunicado.<\/p>\n\n\n\n<p><strong>6.1<\/strong>&nbsp;En el caso de que a la fecha de comunicaci\u00f3n del llamado haya transcurrido el primer cuatrimestre y la convocante no adjunta la justificaci\u00f3n correspondiente, al intentar solicitar la verificaci\u00f3n del expediente, el sistema arrojar\u00e1 la siguiente alerta:<\/p>\n\n\n\n<figure class=\"wp-block-image size-large\"><img decoding=\"async\" src=\"https:\/\/static.dncp.gov.py\/PublishingImages\/Lists\/GuiasElectronicas\/AllItems\/info7.png\" alt=\"\"\/><\/figure>\n\n\n\n<p><strong>6.2<\/strong>&nbsp;En el caso de que a la fecha de comunicaci\u00f3n del llamado haya transcurrido el segundo cuatrimestre establecido y la convocante no adjunta la justificaci\u00f3n correspondiente, al intentar solicitar la verificaci\u00f3n del expediente, el sistema arrojar\u00e1 la siguiente alerta:<\/p>\n\n\n\n<figure class=\"wp-block-image size-large\"><img decoding=\"async\" src=\"https:\/\/static.dncp.gov.py\/PublishingImages\/Lists\/GuiasElectronicas\/AllItems\/info8.png\" alt=\"\"\/><\/figure>\n\n\n\n<p><em>Observaci\u00f3n:<\/em><em>&nbsp;No se deber\u00e1n adjuntar los dos tipos de justificaciones en los campos habilitados.<\/em><\/p>\n\n\n\n<p><strong>\u200bObservaci\u00f3n final: Una vez publicado el PAC, la fecha estimada del llamado no podr\u00e1 ser modificada bajo ninguna circunstancia.<\/strong><\/p>\n","protected":false},"excerpt":{"rendered":"Los Organismos, Entidades, Sociedades An\u00f3nimas con Participaci\u00f3n Accionaria Mayoritaria del Estado, las Gobernaciones y Municipalidades deber\u00e1n ajustarse a las directrices emitidas en la Resoluci\u00f3n DNCP N\u00ba 1208\/2021, respecto a los procedimientos licitatorios en los que no se hubiere realizado la comunicaci\u00f3n del llamado dentro del cuatrimestre correspondiente, previsto en el Plan Anual de Contrataciones P\u00fablicas [&hellip;]","protected":false},"author":13,"featured_media":0,"parent":1973,"menu_order":0,"comment_status":"closed","ping_status":"closed","template":"","meta":{"footnotes":""},"class_list":["post-1976","page","type-page","status-publish","hentry"],"_links":{"self":[{"href":"https:\/\/www.contrataciones.gov.py\/dncp\/wp-json\/wp\/v2\/pages\/1976","targetHints":{"allow":["GET"]}}],"collection":[{"href":"https:\/\/www.contrataciones.gov.py\/dncp\/wp-json\/wp\/v2\/pages"}],"about":[{"href":"https:\/\/www.contrataciones.gov.py\/dncp\/wp-json\/wp\/v2\/types\/page"}],"author":[{"embeddable":true,"href":"https:\/\/www.contrataciones.gov.py\/dncp\/wp-json\/wp\/v2\/users\/13"}],"replies":[{"embeddable":true,"href":"https:\/\/www.contrataciones.gov.py\/dncp\/wp-json\/wp\/v2\/comments?post=1976"}],"version-history":[{"count":21,"href":"https:\/\/www.contrataciones.gov.py\/dncp\/wp-json\/wp\/v2\/pages\/1976\/revisions"}],"predecessor-version":[{"id":17416,"href":"https:\/\/www.contrataciones.gov.py\/dncp\/wp-json\/wp\/v2\/pages\/1976\/revisions\/17416"}],"up":[{"embeddable":true,"href":"https:\/\/www.contrataciones.gov.py\/dncp\/wp-json\/wp\/v2\/pages\/1973"}],"wp:attachment":[{"href":"https:\/\/www.contrataciones.gov.py\/dncp\/wp-json\/wp\/v2\/media?parent=1976"}],"curies":[{"name":"wp","href":"https:\/\/api.w.org\/{rel}","templated":true}]}}