{"id":2002,"date":"2023-04-28T11:38:00","date_gmt":"2023-04-28T15:38:00","guid":{"rendered":"https:\/\/www.contrataciones.gov.py\/dncp\/?page_id=2002"},"modified":"2024-12-05T12:12:33","modified_gmt":"2024-12-05T15:12:33","slug":"avenimientos","status":"publish","type":"page","link":"https:\/\/www.contrataciones.gov.py\/dncp\/tramites-juridicos-electronicos\/avenimientos\/","title":{"rendered":"Avenimientos"},"content":{"rendered":"\n<figure class=\"wp-block-image size-large\"><img loading=\"lazy\" decoding=\"async\" width=\"1024\" height=\"217\" src=\"https:\/\/www.contrataciones.gov.py\/dncp\/wp-content\/uploads\/2024\/12\/actualizacion-de-usuarios-de-Unidades-de-Contratacion_WEB-13-2-1024x217.jpg\" alt=\"\" class=\"wp-image-13555\" srcset=\"https:\/\/www.contrataciones.gov.py\/dncp\/wp-content\/uploads\/2024\/12\/actualizacion-de-usuarios-de-Unidades-de-Contratacion_WEB-13-2-1024x217.jpg 1024w, https:\/\/www.contrataciones.gov.py\/dncp\/wp-content\/uploads\/2024\/12\/actualizacion-de-usuarios-de-Unidades-de-Contratacion_WEB-13-2-300x64.jpg 300w, https:\/\/www.contrataciones.gov.py\/dncp\/wp-content\/uploads\/2024\/12\/actualizacion-de-usuarios-de-Unidades-de-Contratacion_WEB-13-2-768x163.jpg 768w, https:\/\/www.contrataciones.gov.py\/dncp\/wp-content\/uploads\/2024\/12\/actualizacion-de-usuarios-de-Unidades-de-Contratacion_WEB-13-2-1536x326.jpg 1536w, https:\/\/www.contrataciones.gov.py\/dncp\/wp-content\/uploads\/2024\/12\/actualizacion-de-usuarios-de-Unidades-de-Contratacion_WEB-13-2.jpg 1920w\" sizes=\"auto, (max-width: 1024px) 100vw, 1024px\" \/><\/figure>\n\n\n\n<p>El M\u00f3dulo de Avenimientos Electr\u00f3nicos constituye una herramienta mediante la cual las contratantes, contratistas, consultores y proveedores podr\u00e1n solicitar a la DNCP su intervenci\u00f3n, alegando el incumplimiento de los t\u00e9rminos y condiciones pactados en los contratos regulados por la Ley N\u00ba 2051\/03.<\/p>\n\n\n\n<p><a href=\"https:\/\/contrataciones.gov.py\/stje\/solicitud-cambio-correo-contacto\/avenimiento.html\" data-type=\"URL\" data-id=\"https:\/\/contrataciones.gov.py\/stje\/solicitud-cambio-correo-contacto\/avenimiento.html\"><u>Formulario de Cambio de Correo de Contacto<\/u><\/a><\/p>\n\n\n\n<p>Si usted tiene alg\u00fan inconveniente con el uso del sistema de tr\u00e1mite jur\u00eddico electr\u00f3nico de Avenimientos por favor deje sus comentarios aqu\u00ed, realice una descripci\u00f3n detallada del problema y agregue el print de pantalla correspondiente.<\/p>\n\n\n\n<p><a href=\"https:\/\/www.contrataciones.gov.py\/mesa-de-ayuda.html?destino=20\" data-type=\"URL\" data-id=\"https:\/\/www.contrataciones.gov.py\/mesa-de-ayuda.html?destino=20\"><u>Reclamos sobre el uso del Sistema de Avenimientos<\/u><\/a><\/p>\n\n\n\n<h4 class=\"wp-block-heading\"><strong>Normas Vinculadas<\/strong><\/h4>\n\n\n\n\r\n<div class=\"table-responsive\">\r\n<table class=\"table table-striped table-bordered table-hover\">\r\n\t<thead>\r\n\t  <tr>\r\n\t\t<th>Descripci\u00f3n<\/th>\r\n\t\t<th class=\"text-center\">Descarga<\/th>\r\n\t  <\/tr>\r\n\t<\/thead>\r\n\t<tbody>\r\n\t\t\t\t\t<tr>\r\n\t\t\t\t<td>Resoluci\u00f3n DNCP N\u00b0 1858\/20 Por la cual se regula el uso de medios telem\u00e1ticos para la realizaci\u00f3n de audiencias en los procedimientos sustanciados en la Direcci\u00f3n Jur\u00eddica.<\/td>\r\n\t\t\t\t<td class=\"center\"><p class=\"text-center\"><a target=\"blank\" href=\"https:\/\/www.contrataciones.gov.py\/t\/download\/NormasManuales\/36\"><i class=\"fa fa-download\"><\/i><\/a><\/p><\/td>\r\n\t\t\t\t\t<tr>\r\n\t\t\t\t<td>Resolucion de la DNCP 572\/20 \u2013 Normativa para los procedimientos juridicos de la DNCP<\/td>\r\n\t\t\t\t<td class=\"center\"><p class=\"text-center\"><a target=\"blank\" href=\"https:\/\/www.contrataciones.gov.py\/t\/download\/NormasManuales\/33\"><i class=\"fa fa-download\"><\/i><\/a><\/p><\/td>\r\n\t\t\t<\/tbody>\r\n<\/table>\n\n\n\n\n\n<h4 class=\"wp-block-heading\"><strong>Manuales<\/strong><\/h4>\n\n\n\n\r\n<div class=\"table-responsive\">\r\n<table class=\"table table-striped table-bordered table-hover\">\r\n\t<thead>\r\n\t  <tr>\r\n\t\t<th>Descripci\u00f3n<\/th>\r\n\t\t<th class=\"text-center\">Descarga<\/th>\r\n\t  <\/tr>\r\n\t<\/thead>\r\n\t<tbody>\r\n\t\t\t\t\t<tr>\r\n\t\t\t\t<td>Manual de avenimientos electr\u00f3nicos<\/td>\r\n\t\t\t\t<td class=\"center\"><p class=\"text-center\"><a target=\"blank\" href=\"https:\/\/www.contrataciones.gov.py\/t\/download\/NormasManuales\/39\"><i class=\"fa fa-download\"><\/i><\/a><\/p><\/td>\r\n\t\t\t\t\t<tr>\r\n\t\t\t\t<td>Gu\u00eda de audiencias por videoconferencia<\/td>\r\n\t\t\t\t<td class=\"center\"><p class=\"text-center\"><a target=\"blank\" href=\"https:\/\/www.contrataciones.gov.py\/t\/download\/NormasManuales\/37\"><i class=\"fa fa-download\"><\/i><\/a><\/p><\/td>\r\n\t\t\t<\/tbody>\r\n<\/table>\n\n\n","protected":false},"excerpt":{"rendered":"El M\u00f3dulo de Avenimientos Electr\u00f3nicos constituye una herramienta mediante la cual las contratantes, contratistas, consultores y proveedores podr\u00e1n solicitar a la DNCP su intervenci\u00f3n, alegando el incumplimiento de los t\u00e9rminos y condiciones pactados en los contratos regulados por la Ley N\u00ba 2051\/03. Formulario de Cambio de Correo de Contacto Si usted tiene alg\u00fan inconveniente con [&hellip;]","protected":false},"author":8,"featured_media":0,"parent":701,"menu_order":7,"comment_status":"closed","ping_status":"closed","template":"","meta":{"footnotes":""},"class_list":["post-2002","page","type-page","status-publish","hentry"],"_links":{"self":[{"href":"https:\/\/www.contrataciones.gov.py\/dncp\/wp-json\/wp\/v2\/pages\/2002","targetHints":{"allow":["GET"]}}],"collection":[{"href":"https:\/\/www.contrataciones.gov.py\/dncp\/wp-json\/wp\/v2\/pages"}],"about":[{"href":"https:\/\/www.contrataciones.gov.py\/dncp\/wp-json\/wp\/v2\/types\/page"}],"author":[{"embeddable":true,"href":"https:\/\/www.contrataciones.gov.py\/dncp\/wp-json\/wp\/v2\/users\/8"}],"replies":[{"embeddable":true,"href":"https:\/\/www.contrataciones.gov.py\/dncp\/wp-json\/wp\/v2\/comments?post=2002"}],"version-history":[{"count":7,"href":"https:\/\/www.contrataciones.gov.py\/dncp\/wp-json\/wp\/v2\/pages\/2002\/revisions"}],"predecessor-version":[{"id":13559,"href":"https:\/\/www.contrataciones.gov.py\/dncp\/wp-json\/wp\/v2\/pages\/2002\/revisions\/13559"}],"up":[{"embeddable":true,"href":"https:\/\/www.contrataciones.gov.py\/dncp\/wp-json\/wp\/v2\/pages\/701"}],"wp:attachment":[{"href":"https:\/\/www.contrataciones.gov.py\/dncp\/wp-json\/wp\/v2\/media?parent=2002"}],"curies":[{"name":"wp","href":"https:\/\/api.w.org\/{rel}","templated":true}]}}