{"id":20559,"date":"2025-09-04T12:13:54","date_gmt":"2025-09-04T15:13:54","guid":{"rendered":"https:\/\/www.contrataciones.gov.py\/dncp\/?page_id=20559"},"modified":"2025-09-04T14:01:49","modified_gmt":"2025-09-04T17:01:49","slug":"cpi","status":"publish","type":"page","link":"https:\/\/www.contrataciones.gov.py\/dncp\/compra-publica-de-innovacion\/cpi\/","title":{"rendered":"CPI"},"content":{"rendered":"\n<figure class=\"wp-block-image size-large\"><img loading=\"lazy\" decoding=\"async\" width=\"1024\" height=\"217\" src=\"https:\/\/www.contrataciones.gov.py\/dncp\/wp-content\/uploads\/2025\/09\/Innovacion-Cabecera-1024x217.jpg\" alt=\"\" class=\"wp-image-20567\" srcset=\"https:\/\/www.contrataciones.gov.py\/dncp\/wp-content\/uploads\/2025\/09\/Innovacion-Cabecera-1024x217.jpg 1024w, https:\/\/www.contrataciones.gov.py\/dncp\/wp-content\/uploads\/2025\/09\/Innovacion-Cabecera-300x63.jpg 300w, https:\/\/www.contrataciones.gov.py\/dncp\/wp-content\/uploads\/2025\/09\/Innovacion-Cabecera-768x162.jpg 768w, https:\/\/www.contrataciones.gov.py\/dncp\/wp-content\/uploads\/2025\/09\/Innovacion-Cabecera-1536x325.jpg 1536w, https:\/\/www.contrataciones.gov.py\/dncp\/wp-content\/uploads\/2025\/09\/Innovacion-Cabecera.jpg 1920w\" sizes=\"auto, (max-width: 1024px) 100vw, 1024px\" \/><\/figure>\n\n\n\n<h4 class=\"wp-block-heading\">\u00bfQu\u00e9 es la Compra P\u00fablica de Innovaci\u00f3n?<\/h4>\n\n\n\n<p>La Compra P\u00fablica de Innovaci\u00f3n (CPI) es una herramienta estrat\u00e9gica que permite al Estado adquirir soluciones innovadoras para las necesidades que no pueden resolverse con productos o servicios disponibles en el mercado.<\/p>\n\n\n\n<p>Con este nuevo mecanismo habilitado por la Ley N\u00b0 7021\/2022 de Suministro y Contrataciones P\u00fablicas, buscamos transformar las contrataciones p\u00fablicas mediante la apertura a sectores poco explorados y buscando soluciones innovadoras a los diversos retos que se presentan en las entidades del Estado paraguayo.<\/p>\n\n\n\n<p>\u200e<\/p>\n\n\n\n<figure class=\"wp-block-image size-full\"><img loading=\"lazy\" decoding=\"async\" width=\"700\" height=\"60\" src=\"https:\/\/www.contrataciones.gov.py\/dncp\/wp-content\/uploads\/2025\/09\/Titulo-Transformamos.jpg\" alt=\"\" class=\"wp-image-20623\" srcset=\"https:\/\/www.contrataciones.gov.py\/dncp\/wp-content\/uploads\/2025\/09\/Titulo-Transformamos.jpg 700w, https:\/\/www.contrataciones.gov.py\/dncp\/wp-content\/uploads\/2025\/09\/Titulo-Transformamos-300x26.jpg 300w\" sizes=\"auto, (max-width: 700px) 100vw, 700px\" \/><\/figure>\n\n\n\n<p>\u200e<\/p>\n\n\n\n<p>La Compra P\u00fablica de Innovaci\u00f3n (CPI) inicia con dos proyectos piloto de la ANDE y la ESSAP, con el apoyo del Banco Interamericano de Desarrollo (BID). Desde la DNCP venimos impulsando esta iniciativa para incorporar la CPI en las adquisiciones de los organismos y entidades del Estado, con el prop\u00f3sito de modernizar la gesti\u00f3n p\u00fablica y fortalecer el ecosistema nacional de innovaci\u00f3n.<\/p>\n\n\n\n<h5 class=\"wp-block-heading\"><strong>Beneficios<\/strong><\/h5>\n\n\n\n<ul class=\"wp-block-list\">\n<li>Potencia la investigaci\u00f3n.<\/li>\n\n\n\n<li>Permite la co-creaci\u00f3n entre el sector p\u00fablico y privado.<\/li>\n\n\n\n<li>Impulsa el ecosistema de innovaci\u00f3n.<\/li>\n\n\n\n<li>Fomenta la competitividad.<\/li>\n<\/ul>\n\n\n\n<figure class=\"wp-block-image size-full\"><a href=\"https:\/\/www.contrataciones.gov.py\/dncp\/compra-publica-de-innovacion\/lanzamiento-de-la-consulta-preliminar-al-mercado\/\"><img loading=\"lazy\" decoding=\"async\" width=\"326\" height=\"97\" src=\"https:\/\/www.contrataciones.gov.py\/dncp\/wp-content\/uploads\/2025\/09\/Boton-CPI1.png\" alt=\"\" class=\"wp-image-20635\" srcset=\"https:\/\/www.contrataciones.gov.py\/dncp\/wp-content\/uploads\/2025\/09\/Boton-CPI1.png 326w, https:\/\/www.contrataciones.gov.py\/dncp\/wp-content\/uploads\/2025\/09\/Boton-CPI1-300x89.png 300w\" sizes=\"auto, (max-width: 326px) 100vw, 326px\" \/><\/a><\/figure>\n","protected":false},"excerpt":{"rendered":"\u00bfQu\u00e9 es la Compra P\u00fablica de Innovaci\u00f3n? La Compra P\u00fablica de Innovaci\u00f3n (CPI) es una herramienta estrat\u00e9gica que permite al Estado adquirir soluciones innovadoras para las necesidades que no pueden resolverse con productos o servicios disponibles en el mercado. Con este nuevo mecanismo habilitado por la Ley N\u00b0 7021\/2022 de Suministro y Contrataciones P\u00fablicas, buscamos [&hellip;]","protected":false},"author":47,"featured_media":0,"parent":20551,"menu_order":1,"comment_status":"closed","ping_status":"closed","template":"","meta":{"footnotes":""},"class_list":["post-20559","page","type-page","status-publish","hentry"],"_links":{"self":[{"href":"https:\/\/www.contrataciones.gov.py\/dncp\/wp-json\/wp\/v2\/pages\/20559","targetHints":{"allow":["GET"]}}],"collection":[{"href":"https:\/\/www.contrataciones.gov.py\/dncp\/wp-json\/wp\/v2\/pages"}],"about":[{"href":"https:\/\/www.contrataciones.gov.py\/dncp\/wp-json\/wp\/v2\/types\/page"}],"author":[{"embeddable":true,"href":"https:\/\/www.contrataciones.gov.py\/dncp\/wp-json\/wp\/v2\/users\/47"}],"replies":[{"embeddable":true,"href":"https:\/\/www.contrataciones.gov.py\/dncp\/wp-json\/wp\/v2\/comments?post=20559"}],"version-history":[{"count":17,"href":"https:\/\/www.contrataciones.gov.py\/dncp\/wp-json\/wp\/v2\/pages\/20559\/revisions"}],"predecessor-version":[{"id":21011,"href":"https:\/\/www.contrataciones.gov.py\/dncp\/wp-json\/wp\/v2\/pages\/20559\/revisions\/21011"}],"up":[{"embeddable":true,"href":"https:\/\/www.contrataciones.gov.py\/dncp\/wp-json\/wp\/v2\/pages\/20551"}],"wp:attachment":[{"href":"https:\/\/www.contrataciones.gov.py\/dncp\/wp-json\/wp\/v2\/media?parent=20559"}],"curies":[{"name":"wp","href":"https:\/\/api.w.org\/{rel}","templated":true}]}}