{"id":20643,"date":"2025-09-04T13:16:33","date_gmt":"2025-09-04T16:16:33","guid":{"rendered":"https:\/\/www.contrataciones.gov.py\/dncp\/?page_id=20643"},"modified":"2025-12-10T08:16:28","modified_gmt":"2025-12-10T11:16:28","slug":"reto-ande","status":"publish","type":"page","link":"https:\/\/www.contrataciones.gov.py\/dncp\/compra-publica-de-innovacion\/reto-ande\/","title":{"rendered":"Reto ANDE"},"content":{"rendered":"\n<figure class=\"wp-block-image size-large\"><img loading=\"lazy\" decoding=\"async\" width=\"1024\" height=\"217\" src=\"https:\/\/www.contrataciones.gov.py\/dncp\/wp-content\/uploads\/2025\/09\/Innovacion-Cabecera-1024x217.jpg\" alt=\"\" class=\"wp-image-20567\" srcset=\"https:\/\/www.contrataciones.gov.py\/dncp\/wp-content\/uploads\/2025\/09\/Innovacion-Cabecera-1024x217.jpg 1024w, https:\/\/www.contrataciones.gov.py\/dncp\/wp-content\/uploads\/2025\/09\/Innovacion-Cabecera-300x63.jpg 300w, https:\/\/www.contrataciones.gov.py\/dncp\/wp-content\/uploads\/2025\/09\/Innovacion-Cabecera-768x162.jpg 768w, https:\/\/www.contrataciones.gov.py\/dncp\/wp-content\/uploads\/2025\/09\/Innovacion-Cabecera-1536x325.jpg 1536w, https:\/\/www.contrataciones.gov.py\/dncp\/wp-content\/uploads\/2025\/09\/Innovacion-Cabecera.jpg 1920w\" sizes=\"auto, (max-width: 1024px) 100vw, 1024px\" \/><\/figure>\n\n\n\n<h4 class=\"wp-block-heading has-text-align-center\">Conoc\u00e9 los proyectos piloto de Compra P\u00fablica de Innovaci\u00f3n<\/h4>\n\n\n\n<p>La Administraci\u00f3n Nacional de Electricidad busca desarrollar un modelo piloto escalable, que combine herramientas tecnol\u00f3gicas, estrategias sociales y de gesti\u00f3n para identificar, controlar y reducir las p\u00e9rdidas el\u00e9ctricas no t\u00e9cnicas (hurto de energ\u00eda) en baja tensi\u00f3n en zonas sociales cr\u00edticas.<\/p>\n\n\n\n<p>La ANDE busca soluciones a las conexiones clandestinas de baja tensi\u00f3n, que generan p\u00e9rdidas financieras para la Empresa repercutiendo en el suministro normal y en la calidad de la energ\u00eda a las viviendas en situaci\u00f3n correcta. Adem\u00e1s, de ser un peligro para la seguridad de las personas, ya que pueden ocasionar descargas el\u00e9ctricas, inclusive con desenlaces fatales. Estas p\u00e9rdidas, se denominan como no t\u00e9cnicas y corresponden en promedio al 14% del total de energ\u00eda distribuida por la ANDE.<\/p>\n\n\n\n<figure class=\"wp-block-table\"><table><thead><tr><th class=\"has-text-align-left\" data-align=\"left\">Actividad<\/th><th class=\"has-text-align-center\" data-align=\"center\">Fecha<\/th><\/tr><\/thead><tbody><tr><td class=\"has-text-align-left\" data-align=\"left\"><strong>1.<\/strong> Evento de lanzamiento de la CPM<\/td><td class=\"has-text-align-center\" data-align=\"center\">25\/09\/2025<\/td><\/tr><tr><td class=\"has-text-align-left\" data-align=\"left\"><strong>2. Reuni\u00f3n Informativa CPI &#8211; RETO ANDE<\/strong><br>Mi\u00e9rcoles, 15 de octubre \u00b7 10:30am \u2013 12:30pm<br>Zona horaria: Am\u00e9rica\/Asunci\u00f3n<br>\ud83d\udd17<a href=\"https:\/\/meet.google.com\/amt-zrpw-gxb\"><mark style=\"background-color:rgba(0, 0, 0, 0)\" class=\"has-inline-color has-vivid-cyan-blue-color\"><strong>Enlace de Google Meet <\/strong><\/mark><\/a><\/td><td class=\"has-text-align-center\" data-align=\"center\">15\/10\/2025<\/td><\/tr><tr><td class=\"has-text-align-left\" data-align=\"left\"><strong>3. Visita T\u00e9cnica Guiada<\/strong><br>Sitio de Encuentro: Acceso al Barrio Nueva Asunci\u00f3n,<br>Ruta Luque-San Bernardino.<br><strong>Hora: <\/strong>09:00<br>\ud83d\udccd<a href=\"https:\/\/maps.app.goo.gl\/rVbtBbwq8KYMsNaF8\"><strong><mark style=\"background-color:rgba(0, 0, 0, 0)\" class=\"has-inline-color has-vivid-cyan-blue-color\">Ubicaci\u00f3n aqu\u00ed<\/mark><\/strong><\/a><\/td><td class=\"has-text-align-center\" data-align=\"center\">21\/10\/2025<\/td><\/tr><tr><td class=\"has-text-align-left\" data-align=\"left\"><strong>4.<\/strong> Env\u00edo de preguntas<\/td><td class=\"has-text-align-center\" data-align=\"center\">28\/10\/2025<\/td><\/tr><tr><td class=\"has-text-align-left\" data-align=\"left\"><strong>5.<\/strong> Publicaci\u00f3n de respuesta a preguntas<\/td><td class=\"has-text-align-center\" data-align=\"center\">30\/10\/2025<\/td><\/tr><tr><td class=\"has-text-align-left\" data-align=\"left\"><strong>6.<\/strong> Cierre de la convocatoria<br><strong>Hora:<\/strong> 23:50<\/td><td class=\"has-text-align-center\" data-align=\"center\">05\/11\/2025<\/td><\/tr><tr><td class=\"has-text-align-left\" data-align=\"left\"><strong>7.<\/strong> Desarrollo de Di\u00e1logo con proveedores<\/td><td class=\"has-text-align-center\" data-align=\"center\">12\/11\/2025<\/td><\/tr><tr><td class=\"has-text-align-left\" data-align=\"left\"><strong>8.<\/strong> An\u00e1lisis de resultados<\/td><td class=\"has-text-align-center\" data-align=\"center\">09\/12\/2025<\/td><\/tr><\/tbody><\/table><\/figure>\n\n\n\n<h5 class=\"wp-block-heading\">Contacto para consultas:<\/h5>\n\n\n\n<ul class=\"wp-block-list\">\n<li>Gustavo Amado Benitez<\/li>\n\n\n\n<li>cpi_ande@ande.gov.py<\/li>\n<\/ul>\n\n\n\n<p>\u3164<\/p>\n\n\n\n<div class=\"wp-block-columns is-layout-flex wp-container-core-columns-is-layout-9d6595d7 wp-block-columns-is-layout-flex\">\n<div class=\"wp-block-column is-layout-flow wp-block-column-is-layout-flow\" style=\"flex-basis:50%\">\n<figure class=\"wp-block-image size-full\"><img loading=\"lazy\" decoding=\"async\" width=\"338\" height=\"259\" src=\"https:\/\/www.contrataciones.gov.py\/dncp\/wp-content\/uploads\/2025\/09\/image-6-2.png\" alt=\"\" class=\"wp-image-21085\" srcset=\"https:\/\/www.contrataciones.gov.py\/dncp\/wp-content\/uploads\/2025\/09\/image-6-2.png 338w, https:\/\/www.contrataciones.gov.py\/dncp\/wp-content\/uploads\/2025\/09\/image-6-2-300x230.png 300w\" sizes=\"auto, (max-width: 338px) 100vw, 338px\" \/><\/figure>\n<\/div>\n\n\n\n<div class=\"wp-block-column is-layout-flow wp-block-column-is-layout-flow\" style=\"flex-basis:50%\">\n<figure class=\"wp-block-image size-full\"><a href=\"https:\/\/www.contrataciones.gov.py\/t\/download\/BannerAdjunto\/120\"><img loading=\"lazy\" decoding=\"async\" width=\"217\" height=\"72\" src=\"https:\/\/www.contrataciones.gov.py\/dncp\/wp-content\/uploads\/2025\/09\/Boton-CPIConvocatoria.png\" alt=\"\" class=\"wp-image-20687\"\/><\/a><\/figure>\n\n\n\n<figure class=\"wp-block-image size-full\"><a href=\"https:\/\/www.contrataciones.gov.py\/dncp\/wp-content\/uploads\/2025\/09\/ADJ.-Ficha-necesidad-CPI.pdf\"><img loading=\"lazy\" decoding=\"async\" width=\"221\" height=\"73\" src=\"https:\/\/www.contrataciones.gov.py\/dncp\/wp-content\/uploads\/2025\/09\/Boton-CPINecesidad-1.png\" alt=\"\" class=\"wp-image-20715\"\/><\/a><\/figure>\n\n\n\n<figure class=\"wp-block-image size-full\"><a href=\"https:\/\/www.contrataciones.gov.py\/t\/download\/BannerAdjunto\/102\"><img loading=\"lazy\" decoding=\"async\" width=\"220\" height=\"73\" src=\"https:\/\/www.contrataciones.gov.py\/dncp\/wp-content\/uploads\/2025\/09\/Boton-CPIRecoleccion-1.png\" alt=\"\" class=\"wp-image-20711\"\/><\/a><\/figure>\n\n\n\n<figure class=\"wp-block-image size-full\"><a href=\"https:\/\/www.contrataciones.gov.py\/dncp\/wp-content\/uploads\/2025\/10\/Documento-de-respuestas-a-consultas-CPI-ANDE.pdf\"><img loading=\"lazy\" decoding=\"async\" width=\"217\" height=\"72\" src=\"https:\/\/www.contrataciones.gov.py\/dncp\/wp-content\/uploads\/2025\/10\/Group-887boton.png\" alt=\"\" class=\"wp-image-21701\"\/><\/a><\/figure>\n\n\n\n<figure class=\"wp-block-image size-full\"><a href=\"https:\/\/www.contrataciones.gov.py\/dncp\/wp-content\/uploads\/2025\/12\/Informe-cierre-CPM-ANDE-04-12-2025.pdf\"><img loading=\"lazy\" decoding=\"async\" width=\"217\" height=\"72\" src=\"https:\/\/www.contrataciones.gov.py\/dncp\/wp-content\/uploads\/2025\/11\/InformeFinal_CPM.png\" alt=\"\" class=\"wp-image-24233\"\/><\/a><\/figure>\n<\/div>\n<\/div>\n\n\n\n<p><\/p>\n","protected":false},"excerpt":{"rendered":"Conoc\u00e9 los proyectos piloto de Compra P\u00fablica de Innovaci\u00f3n La Administraci\u00f3n Nacional de Electricidad busca desarrollar un modelo piloto escalable, que combine herramientas tecnol\u00f3gicas, estrategias sociales y de gesti\u00f3n para identificar, controlar y reducir las p\u00e9rdidas el\u00e9ctricas no t\u00e9cnicas (hurto de energ\u00eda) en baja tensi\u00f3n en zonas sociales cr\u00edticas. La ANDE busca soluciones a las [&hellip;]","protected":false},"author":47,"featured_media":0,"parent":20551,"menu_order":2,"comment_status":"closed","ping_status":"closed","template":"","meta":{"footnotes":""},"class_list":["post-20643","page","type-page","status-publish","hentry"],"_links":{"self":[{"href":"https:\/\/www.contrataciones.gov.py\/dncp\/wp-json\/wp\/v2\/pages\/20643","targetHints":{"allow":["GET"]}}],"collection":[{"href":"https:\/\/www.contrataciones.gov.py\/dncp\/wp-json\/wp\/v2\/pages"}],"about":[{"href":"https:\/\/www.contrataciones.gov.py\/dncp\/wp-json\/wp\/v2\/types\/page"}],"author":[{"embeddable":true,"href":"https:\/\/www.contrataciones.gov.py\/dncp\/wp-json\/wp\/v2\/users\/47"}],"replies":[{"embeddable":true,"href":"https:\/\/www.contrataciones.gov.py\/dncp\/wp-json\/wp\/v2\/comments?post=20643"}],"version-history":[{"count":53,"href":"https:\/\/www.contrataciones.gov.py\/dncp\/wp-json\/wp\/v2\/pages\/20643\/revisions"}],"predecessor-version":[{"id":24290,"href":"https:\/\/www.contrataciones.gov.py\/dncp\/wp-json\/wp\/v2\/pages\/20643\/revisions\/24290"}],"up":[{"embeddable":true,"href":"https:\/\/www.contrataciones.gov.py\/dncp\/wp-json\/wp\/v2\/pages\/20551"}],"wp:attachment":[{"href":"https:\/\/www.contrataciones.gov.py\/dncp\/wp-json\/wp\/v2\/media?parent=20643"}],"curies":[{"name":"wp","href":"https:\/\/api.w.org\/{rel}","templated":true}]}}