{"id":2074,"date":"2023-04-28T12:08:09","date_gmt":"2023-04-28T16:08:09","guid":{"rendered":"https:\/\/www.contrataciones.gov.py\/dncp\/?page_id=2074"},"modified":"2025-03-04T09:11:05","modified_gmt":"2025-03-04T12:11:05","slug":"guia-de-uso-tienda-virtual-para-uoc","status":"publish","type":"page","link":"https:\/\/www.contrataciones.gov.py\/dncp\/guia-de-uso-tienda-virtual-para-uoc\/guia-de-uso-tienda-virtual-para-uoc\/","title":{"rendered":"Gu\u00eda de uso Tienda Virtual para UOC"},"content":{"rendered":"\n<figure class=\"wp-block-image size-full\"><img loading=\"lazy\" decoding=\"async\" width=\"1920\" height=\"406\" src=\"https:\/\/www.contrataciones.gov.py\/dncp\/wp-content\/uploads\/2025\/03\/Uso-tienda-virtual-para-uoc.jpg\" alt=\"\" class=\"wp-image-17260\" srcset=\"https:\/\/www.contrataciones.gov.py\/dncp\/wp-content\/uploads\/2025\/03\/Uso-tienda-virtual-para-uoc.jpg 1920w, https:\/\/www.contrataciones.gov.py\/dncp\/wp-content\/uploads\/2025\/03\/Uso-tienda-virtual-para-uoc-300x63.jpg 300w, https:\/\/www.contrataciones.gov.py\/dncp\/wp-content\/uploads\/2025\/03\/Uso-tienda-virtual-para-uoc-1024x217.jpg 1024w, https:\/\/www.contrataciones.gov.py\/dncp\/wp-content\/uploads\/2025\/03\/Uso-tienda-virtual-para-uoc-768x162.jpg 768w, https:\/\/www.contrataciones.gov.py\/dncp\/wp-content\/uploads\/2025\/03\/Uso-tienda-virtual-para-uoc-1536x325.jpg 1536w\" sizes=\"auto, (max-width: 1920px) 100vw, 1920px\" \/><\/figure>\n\n\n\n<p>El presente&nbsp;material tiene como objetivo&nbsp;orientar&nbsp;a los compradores p\u00fablicos&nbsp;sobre el mecanismo de compra&nbsp; disponible&nbsp;a trav\u00e9s de la Tienda Virtual,&nbsp; plataforma electr\u00f3nica que aglomera productos y proveedores seleccionadods a trav\u00e9s de la modalidades complementarias&nbsp;como Convenio Marco, Almacen de Productos Estrat\u00e9gicos y Comodities, Compras Conjuntas, etc.\u200b<\/p>\n\n\n\n<p>\u200bPara comprender las siguientes secciones, es necesario conocer el siguiente glosario:&nbsp; &nbsp; &nbsp; &nbsp; &nbsp; &nbsp; &nbsp;<\/p>\n\n\n\n<ul class=\"wp-block-list\">\n<li><strong>Oferente:&nbsp;<\/strong>es aquel que presenta una oferta en los t\u00e9rminos del reglamento vigente, con el objeto de proveer un bien, realizar una obra o suministrar un servicio, objeto de una licitaci\u00f3n.<\/li>\n\n\n\n<li><strong>Oferente calificado<\/strong>\u200b: Es aquel que ha cumplido con los requisitos de calificaci\u00f3n, establecida en las bases de la convocatoria y se encuentra en condiciones de proveer productos.\u200b<\/li>\n\n\n\n<li><strong>Pedido o Solicitud de cotizaci\u00f3n<\/strong>\u200b:&nbsp;Es el encargo de los productos a ser adquiridos, hecho por la unidad compradora, en el que se detallan como m\u00ednimo las cantidades requeridas y los PAC afectados, que desea contratar una determinada unidad compradora de la Tienda Virtual.<\/li>\n\n\n\n<li><strong>\u200bOrden de Compra:<\/strong>&nbsp;Es el pedido confirmado por parte de una unidad compradora al proveedor que gan\u00f3 la competencia en precios en determinado producto o productos.<\/li>\n\n\n\n<li><strong>Proveedor:<\/strong>&nbsp;Ser\u00e1 aquel que cuyos productos posean el precio m\u00e1s bajo luego de la solicitud de cotizaci\u00f3n de las unidades compradoras.<\/li>\n\n\n\n<li><strong>Unidades Compradoras:<\/strong>&nbsp;Organismos, entidades y municipalidades mencionadas en el art. 1\u00ba de la ley N\u00ba 2051\/03.\u200b<\/li>\n<\/ul>\n","protected":false},"excerpt":{"rendered":"El presente&nbsp;material tiene como objetivo&nbsp;orientar&nbsp;a los compradores p\u00fablicos&nbsp;sobre el mecanismo de compra&nbsp; disponible&nbsp;a trav\u00e9s de la Tienda Virtual,&nbsp; plataforma electr\u00f3nica que aglomera productos y proveedores seleccionadods a trav\u00e9s de la modalidades complementarias&nbsp;como Convenio Marco, Almacen de Productos Estrat\u00e9gicos y Comodities, Compras Conjuntas, etc.\u200b \u200bPara comprender las siguientes secciones, es necesario conocer el siguiente glosario:&nbsp; &nbsp; [&hellip;]","protected":false},"author":13,"featured_media":0,"parent":2072,"menu_order":0,"comment_status":"closed","ping_status":"closed","template":"","meta":{"footnotes":""},"class_list":["post-2074","page","type-page","status-publish","hentry"],"_links":{"self":[{"href":"https:\/\/www.contrataciones.gov.py\/dncp\/wp-json\/wp\/v2\/pages\/2074","targetHints":{"allow":["GET"]}}],"collection":[{"href":"https:\/\/www.contrataciones.gov.py\/dncp\/wp-json\/wp\/v2\/pages"}],"about":[{"href":"https:\/\/www.contrataciones.gov.py\/dncp\/wp-json\/wp\/v2\/types\/page"}],"author":[{"embeddable":true,"href":"https:\/\/www.contrataciones.gov.py\/dncp\/wp-json\/wp\/v2\/users\/13"}],"replies":[{"embeddable":true,"href":"https:\/\/www.contrataciones.gov.py\/dncp\/wp-json\/wp\/v2\/comments?post=2074"}],"version-history":[{"count":7,"href":"https:\/\/www.contrataciones.gov.py\/dncp\/wp-json\/wp\/v2\/pages\/2074\/revisions"}],"predecessor-version":[{"id":17264,"href":"https:\/\/www.contrataciones.gov.py\/dncp\/wp-json\/wp\/v2\/pages\/2074\/revisions\/17264"}],"up":[{"embeddable":true,"href":"https:\/\/www.contrataciones.gov.py\/dncp\/wp-json\/wp\/v2\/pages\/2072"}],"wp:attachment":[{"href":"https:\/\/www.contrataciones.gov.py\/dncp\/wp-json\/wp\/v2\/media?parent=2074"}],"curies":[{"name":"wp","href":"https:\/\/api.w.org\/{rel}","templated":true}]}}