{"id":20755,"date":"2025-09-04T13:30:45","date_gmt":"2025-09-04T16:30:45","guid":{"rendered":"https:\/\/www.contrataciones.gov.py\/dncp\/?page_id=20755"},"modified":"2025-11-28T08:57:35","modified_gmt":"2025-11-28T11:57:35","slug":"reto-essap","status":"publish","type":"page","link":"https:\/\/www.contrataciones.gov.py\/dncp\/compra-publica-de-innovacion\/reto-essap\/","title":{"rendered":"Reto ESSAP"},"content":{"rendered":"\n<figure class=\"wp-block-image size-large\"><img loading=\"lazy\" decoding=\"async\" width=\"1024\" height=\"217\" src=\"https:\/\/www.contrataciones.gov.py\/dncp\/wp-content\/uploads\/2025\/09\/Innovacion-Cabecera-1024x217.jpg\" alt=\"\" class=\"wp-image-20567\" srcset=\"https:\/\/www.contrataciones.gov.py\/dncp\/wp-content\/uploads\/2025\/09\/Innovacion-Cabecera-1024x217.jpg 1024w, https:\/\/www.contrataciones.gov.py\/dncp\/wp-content\/uploads\/2025\/09\/Innovacion-Cabecera-300x63.jpg 300w, https:\/\/www.contrataciones.gov.py\/dncp\/wp-content\/uploads\/2025\/09\/Innovacion-Cabecera-768x162.jpg 768w, https:\/\/www.contrataciones.gov.py\/dncp\/wp-content\/uploads\/2025\/09\/Innovacion-Cabecera-1536x325.jpg 1536w, https:\/\/www.contrataciones.gov.py\/dncp\/wp-content\/uploads\/2025\/09\/Innovacion-Cabecera.jpg 1920w\" sizes=\"auto, (max-width: 1024px) 100vw, 1024px\" \/><\/figure>\n\n\n\n<h4 class=\"wp-block-heading has-text-align-center\">Conoc\u00e9 los proyectos piloto de Compra P\u00fablica de Innovaci\u00f3n<\/h4>\n\n\n\n<p>La Empresa de Servicios Sanitarios del Paraguay \u2013 ESSAP enfrenta el desaf\u00edo de reducir las p\u00e9rdidas comerciales de agua. La Empresa de Servicios Sanitarios del Paraguay (ESSAP S.A.) busca implementar un modelo piloto integral con el fin de reducir las p\u00e9rdidas comerciales de agua en su red de distribuci\u00f3n.<\/p>\n\n\n\n<p>Estas p\u00e9rdidas, entendidas como el volumen de agua distribuida pero no facturada por deficiencias administrativas, errores de medici\u00f3n o conexiones clandestinas, representan un impacto econ\u00f3mico significativo para la instituci\u00f3n.<\/p>\n\n\n\n<p>Entre las principales causas se encuentran: medidores descalibrados o manipulados, conexiones irregulares y clandestinas \u2014que se estiman en unas 40.000\u2014, y errores en las lecturas manuales que derivan en facturaciones promediadas o inexactas.<\/p>\n\n\n\n<figure class=\"wp-block-table\"><table><thead><tr><th class=\"has-text-align-left\" data-align=\"left\">Actividad<\/th><th class=\"has-text-align-center\" data-align=\"center\">Fecha<\/th><\/tr><\/thead><tbody><tr><td class=\"has-text-align-left\" data-align=\"left\">1. Evento de lanzamiento de la CPM<\/td><td class=\"has-text-align-center\" data-align=\"center\">25\/09\/2025<\/td><\/tr><tr><td class=\"has-text-align-left\" data-align=\"left\">2. Visita T\u00e9cnica<\/td><td class=\"has-text-align-center\" data-align=\"center\">15\/10\/2025<\/td><\/tr><tr><td class=\"has-text-align-left\" data-align=\"left\">3. Env\u00edo de preguntas<\/td><td class=\"has-text-align-center\" data-align=\"center\">17\/10\/2025<\/td><\/tr><tr><td class=\"has-text-align-left\" data-align=\"left\">4. Publicaci\u00f3n de respuesta a preguntas<\/td><td class=\"has-text-align-center\" data-align=\"center\">24\/10\/2025<\/td><\/tr><tr><td class=\"has-text-align-left\" data-align=\"left\">5. Cierre de la convocatoria<br><strong>Hora:<\/strong> 23:50<\/td><td class=\"has-text-align-center\" data-align=\"center\">05\/11\/2025<\/td><\/tr><tr><td class=\"has-text-align-left\" data-align=\"left\">6. Desarrollo de Di\u00e1logo de proveedores<\/td><td class=\"has-text-align-center\" data-align=\"center\">11\/11\/2025<\/td><\/tr><tr><td class=\"has-text-align-left\" data-align=\"left\">7. An\u00e1lisis de resultados<\/td><td class=\"has-text-align-center\" data-align=\"center\">27\/11\/2025<\/td><\/tr><\/tbody><\/table><\/figure>\n\n\n\n<h5 class=\"wp-block-heading\">Contacto para consultas:<\/h5>\n\n\n\n<ul class=\"wp-block-list\">\n<li>Lic. Emilce D. Lovera S.<\/li>\n\n\n\n<li>essapuoc@gmail.com \/ elovera@essap.com.py<\/li>\n<\/ul>\n\n\n\n<p>\u3164<\/p>\n\n\n\n<div class=\"wp-block-columns is-layout-flex wp-container-core-columns-is-layout-9d6595d7 wp-block-columns-is-layout-flex\">\n<div class=\"wp-block-column is-layout-flow wp-block-column-is-layout-flow\" style=\"flex-basis:50%\">\n<div class=\"wp-block-group is-nowrap is-layout-flex wp-container-core-group-is-layout-ad2f72ca wp-block-group-is-layout-flex\">\n<figure class=\"wp-block-image size-full\"><img loading=\"lazy\" decoding=\"async\" width=\"226\" height=\"270\" src=\"https:\/\/www.contrataciones.gov.py\/dncp\/wp-content\/uploads\/2025\/09\/image-7-1.png\" alt=\"\" class=\"wp-image-21077\"\/><\/figure>\n<\/div>\n<\/div>\n\n\n\n<div class=\"wp-block-column is-layout-flow wp-block-column-is-layout-flow\" style=\"flex-basis:50%\">\n<div class=\"wp-block-group\"><div class=\"wp-block-group__inner-container is-layout-constrained wp-block-group-is-layout-constrained\">\n<figure class=\"wp-block-image size-full\"><a href=\"https:\/\/www.contrataciones.gov.py\/t\/download\/BannerAdjunto\/118\"><img loading=\"lazy\" decoding=\"async\" width=\"217\" height=\"72\" src=\"https:\/\/www.contrataciones.gov.py\/dncp\/wp-content\/uploads\/2025\/10\/BotonDocConvocatoria.png\" alt=\"\" class=\"wp-image-21565\"\/><\/a><\/figure>\n<\/div><\/div>\n\n\n\n<figure class=\"wp-block-image size-full\"><a href=\"https:\/\/www.contrataciones.gov.py\/dncp\/wp-content\/uploads\/2025\/09\/FICHA-DE-NECESIDADES-ESSAP.pdf\"><img loading=\"lazy\" decoding=\"async\" width=\"221\" height=\"73\" src=\"https:\/\/www.contrataciones.gov.py\/dncp\/wp-content\/uploads\/2025\/09\/Boton-CPINecesidad-1.png\" alt=\"\" class=\"wp-image-20715\"\/><\/a><\/figure>\n\n\n\n<figure class=\"wp-block-image size-full\"><a href=\"https:\/\/docs.google.com\/forms\/d\/e\/1FAIpQLSfDZ9Yg1Qlia8JgFwnYTu-2r0IA3jUpbctFc9Sr-Klgvk0kMA\/viewform?pli=1\"><img loading=\"lazy\" decoding=\"async\" width=\"220\" height=\"73\" src=\"https:\/\/www.contrataciones.gov.py\/dncp\/wp-content\/uploads\/2025\/09\/Boton-CPIRecoleccion-1.png\" alt=\"\" class=\"wp-image-20711\"\/><\/a><\/figure>\n\n\n\n<figure class=\"wp-block-image size-full\"><a href=\"https:\/\/www.contrataciones.gov.py\/dncp\/wp-content\/uploads\/2025\/10\/CONSULTAS-Y-RESPUESTAS-CPI-RETO-ESSAP.pdf\"><img loading=\"lazy\" decoding=\"async\" width=\"217\" height=\"72\" src=\"https:\/\/www.contrataciones.gov.py\/dncp\/wp-content\/uploads\/2025\/10\/Group-887boton.png\" alt=\"\" class=\"wp-image-21701\"\/><\/a><\/figure>\n\n\n\n<figure class=\"wp-block-image size-full\"><a href=\"https:\/\/www.contrataciones.gov.py\/dncp\/wp-content\/uploads\/2025\/11\/INFORME-FINAL-CPM-RETO-ESSAP.pdf\"><img loading=\"lazy\" decoding=\"async\" width=\"217\" height=\"72\" src=\"https:\/\/www.contrataciones.gov.py\/dncp\/wp-content\/uploads\/2025\/11\/InformeFinal_CPM.png\" alt=\"\" class=\"wp-image-24233\"\/><\/a><\/figure>\n<\/div>\n<\/div>\n\n\n\n<p><\/p>\n","protected":false},"excerpt":{"rendered":"Conoc\u00e9 los proyectos piloto de Compra P\u00fablica de Innovaci\u00f3n La Empresa de Servicios Sanitarios del Paraguay \u2013 ESSAP enfrenta el desaf\u00edo de reducir las p\u00e9rdidas comerciales de agua. La Empresa de Servicios Sanitarios del Paraguay (ESSAP S.A.) busca implementar un modelo piloto integral con el fin de reducir las p\u00e9rdidas comerciales de agua en su [&hellip;]","protected":false},"author":47,"featured_media":0,"parent":20551,"menu_order":3,"comment_status":"closed","ping_status":"closed","template":"","meta":{"footnotes":""},"class_list":["post-20755","page","type-page","status-publish","hentry"],"_links":{"self":[{"href":"https:\/\/www.contrataciones.gov.py\/dncp\/wp-json\/wp\/v2\/pages\/20755","targetHints":{"allow":["GET"]}}],"collection":[{"href":"https:\/\/www.contrataciones.gov.py\/dncp\/wp-json\/wp\/v2\/pages"}],"about":[{"href":"https:\/\/www.contrataciones.gov.py\/dncp\/wp-json\/wp\/v2\/types\/page"}],"author":[{"embeddable":true,"href":"https:\/\/www.contrataciones.gov.py\/dncp\/wp-json\/wp\/v2\/users\/47"}],"replies":[{"embeddable":true,"href":"https:\/\/www.contrataciones.gov.py\/dncp\/wp-json\/wp\/v2\/comments?post=20755"}],"version-history":[{"count":68,"href":"https:\/\/www.contrataciones.gov.py\/dncp\/wp-json\/wp\/v2\/pages\/20755\/revisions"}],"predecessor-version":[{"id":24245,"href":"https:\/\/www.contrataciones.gov.py\/dncp\/wp-json\/wp\/v2\/pages\/20755\/revisions\/24245"}],"up":[{"embeddable":true,"href":"https:\/\/www.contrataciones.gov.py\/dncp\/wp-json\/wp\/v2\/pages\/20551"}],"wp:attachment":[{"href":"https:\/\/www.contrataciones.gov.py\/dncp\/wp-json\/wp\/v2\/media?parent=20755"}],"curies":[{"name":"wp","href":"https:\/\/api.w.org\/{rel}","templated":true}]}}