{"id":20895,"date":"2025-09-04T13:47:31","date_gmt":"2025-09-04T16:47:31","guid":{"rendered":"https:\/\/www.contrataciones.gov.py\/dncp\/?page_id=20895"},"modified":"2025-09-09T14:06:01","modified_gmt":"2025-09-09T17:06:01","slug":"preguntas-frecuentes","status":"publish","type":"page","link":"https:\/\/www.contrataciones.gov.py\/dncp\/compra-publica-de-innovacion\/preguntas-frecuentes\/","title":{"rendered":"Preguntas frecuentes"},"content":{"rendered":"\n<figure class=\"wp-block-image size-large\"><img loading=\"lazy\" decoding=\"async\" width=\"1024\" height=\"217\" src=\"https:\/\/www.contrataciones.gov.py\/dncp\/wp-content\/uploads\/2025\/09\/Innovacion-Cabecera-1024x217.jpg\" alt=\"\" class=\"wp-image-20567\" srcset=\"https:\/\/www.contrataciones.gov.py\/dncp\/wp-content\/uploads\/2025\/09\/Innovacion-Cabecera-1024x217.jpg 1024w, https:\/\/www.contrataciones.gov.py\/dncp\/wp-content\/uploads\/2025\/09\/Innovacion-Cabecera-300x63.jpg 300w, https:\/\/www.contrataciones.gov.py\/dncp\/wp-content\/uploads\/2025\/09\/Innovacion-Cabecera-768x162.jpg 768w, https:\/\/www.contrataciones.gov.py\/dncp\/wp-content\/uploads\/2025\/09\/Innovacion-Cabecera-1536x325.jpg 1536w, https:\/\/www.contrataciones.gov.py\/dncp\/wp-content\/uploads\/2025\/09\/Innovacion-Cabecera.jpg 1920w\" sizes=\"auto, (max-width: 1024px) 100vw, 1024px\" \/><\/figure>\n\n\n\n<h4 class=\"wp-block-heading\"><strong>1.    \u00bfQu\u00e9 es la Compra P\u00fablica de Innovaci\u00f3n?<\/strong><\/h4>\n\n\n\n<p>La Compra P\u00fablica de Innovaci\u00f3n (CPI), como instrumento de pol\u00edtica de innovaci\u00f3n desde la demanda, es una iniciativa orientada a potenciar sectores estrat\u00e9gicos utilizando la compra de las administraciones p\u00fablicas para fomentar el desarrollo tecnol\u00f3gico y la obtenci\u00f3n de bienes y servicios innovadores.<\/p>\n\n\n\n<p>Este nuevo enfoque de las compras p\u00fablicas se postula como una herramienta fundamental para el fortalecimiento de las empresas innovadoras, al incentivar al sector privado a realizar propuestas de mayor valor a\u00f1adido y dar soluci\u00f3n a proyectos estrat\u00e9gicos de la Administraci\u00f3n.<\/p>\n\n\n\n<h6 class=\"wp-block-heading\">En concreto la CPI persigue los siguientes objetivos:<\/h6>\n\n\n\n<ul class=\"wp-block-list\">\n<li>Mejorar los servicios p\u00fablicos mediante la incorporaci\u00f3n de bienes o servicios innovadores.<\/li>\n\n\n\n<li>Fomentar la innovaci\u00f3n empresarial.<\/li>\n\n\n\n<li>Impulsar la internacionalizaci\u00f3n de la innovaci\u00f3n empleando el mercado p\u00fablico como cliente de lanzamiento o referencia.<\/li>\n<\/ul>\n\n\n\n<p>\u200e<\/p>\n\n\n\n<h4 class=\"wp-block-heading\"><strong>2.    \u00bfCu\u00e1les son las fases de la Compra P\u00fablica de Innovaci\u00f3n?<\/strong><\/h4>\n\n\n\n<p>Este proceso, distingue dos etapas diferenciadas pre-contractual y contractual en las cu\u00e1les se har\u00e1 invitaci\u00f3n al mercado a participar, con fines espec\u00edficos. A continuaci\u00f3n, la descripci\u00f3n del proceso:<\/p>\n\n\n\n<ul class=\"wp-block-list\">\n<li><strong>Etapa Precontractual: <\/strong>esta etapa corresponde a una consulta al mercado de ideas innovadoras. Su objetivo es poder conocer el mercado y los potenciales proveedores de la soluci\u00f3n tecnol\u00f3gica que pueda satisfacer la necesidad de la entidad. La participaci\u00f3n en esta etapa no constituye obligaci\u00f3n alguna por parte de la entidad de abrir un proceso de selecci\u00f3n ni de efectuar contrataci\u00f3n alguna con los aportantes de ideas.<\/li>\n\n\n\n<li><strong>Etapa Contractual: <\/strong>se lleva a cabo un proceso de contrataci\u00f3n a trav\u00e9s de un procedimiento de selecci\u00f3n objetiva con criterios de evaluaci\u00f3n jur\u00eddicos, t\u00e9cnicos y financieros, identificados en la etapa anterior luego del conocimiento previo del mercado.<\/li>\n<\/ul>\n\n\n\n<p>\u200e<\/p>\n\n\n\n<h4 class=\"wp-block-heading\"><strong>3.    \u00bfQu\u00e9 es la Consulta Preliminar del Mercado?<\/strong><\/h4>\n\n\n\n<p>Es un mecanismo previo al lanzamiento del procedimiento de compra p\u00fablica, mediante el cual la entidad contratante dialoga con los potenciales proveedores, empresas, centros de investigaci\u00f3n o expertos, explorar el estado del mercado.<\/p>\n\n\n\n<p>\u200e<\/p>\n\n\n\n<h4 class=\"wp-block-heading\"><strong>4.    <strong>\u00bfCu\u00e1l es el objetivo de la consulta al mercado?<\/strong><\/strong><\/h4>\n\n\n\n<p>La consulta al mercado se enmarca dentro del proceso pre-contractual y busca de forma transparente, la participaci\u00f3n de todo tipo de entidades, universidades, personas f\u00edsicas y jur\u00eddicas que tengan el inter\u00e9s y la capacidad de generar propuestas innovadoras para el proceso de desarrollo y ejecuci\u00f3n de la soluci\u00f3n que responda a la necesidad de la entidad.<\/p>\n\n\n\n<p>\u200e<\/p>\n\n\n\n<h4 class=\"wp-block-heading\"><strong>5.    <strong><strong>\u00bfQui\u00e9n puede participar?<\/strong><\/strong><\/strong><\/h4>\n\n\n\n<p>Pueden participar todo tipo de entidades y personas f\u00edsicas o morales que tengan voluntad de participaci\u00f3n y de colaboraci\u00f3n con la entidad, para dar respuesta a las necesidades planteadas.<br>En este sentido, se busca la participaci\u00f3n de todo aquel que pueda \u201caportar conocimiento\u201d para el desarrollo y ejecuci\u00f3n de la necesidad presentada. En la fase de contrataci\u00f3n, podr\u00e1n participar personas f\u00edsicas o morales, nacionales o extranjeras.<\/p>\n\n\n\n<p>\u200e<\/p>\n\n\n\n<h4 class=\"wp-block-heading\"><strong>6.    <strong>Consideraciones importantes.<\/strong><\/strong><\/h4>\n\n\n\n<p>&nbsp;La consulta al mercado de ideas de soluciones innovadoras:<\/p>\n\n\n\n<ul class=\"wp-block-list\">\n<li>No es un concurso de ideas<\/li>\n\n\n\n<li>No es una convocatoria de ayudas de proyectos de Investigaci\u00f3n, Desarrollo e Innovaci\u00f3n (I+D+i,).<\/li>\n\n\n\n<li>No es la presentaci\u00f3n de una idea para obtener financiaci\u00f3n por parte de la entidad.<\/li>\n\n\n\n<li>No es un procedimiento abierto de contrataci\u00f3n, es una actividad propia en la etapa pre-contractual del proceso de la Compra P\u00fablica de Innovaci\u00f3n.<\/li>\n<\/ul>\n\n\n\n<p>\u200e<\/p>\n\n\n\n<h4 class=\"wp-block-heading\"><strong>7.    <strong><strong>\u00bfQu\u00e9 uso puede darles una entidad a las ideas recibidas?<\/strong><\/strong><\/strong><\/h4>\n\n\n\n<p>La entidad puede utilizar ideas para identificar las soluciones que respondan a su necesidad de manera parcial o integral. El uso de los contenidos de las ideas enviadas en el marco de la consulta al mercado de ideas innovadoras se limitar\u00e1 exclusivamente a la posible inclusi\u00f3n de dichos contenidos en el proceso posterior de contrataci\u00f3n que se tramite.<\/p>\n\n\n\n<p>\u200e<\/p>\n\n\n\n<h4 class=\"wp-block-heading\"><strong>8.    <strong><strong><strong>\u00bfLos participantes o proveedores de ideas tienen preferencia en el Proceso de Contrataci\u00f3n?<\/strong><\/strong><\/strong><\/strong><\/h4>\n\n\n\n<p>No. Los participantes en la consulta al mercado no tienen preferencia alguna en el proceso de contrataci\u00f3n. La convocatoria es abierta y, en consecuencia, todos los interesados son tratados en igualdad de condiciones.<\/p>\n\n\n\n<p>\u200e<\/p>\n\n\n\n<h4 class=\"wp-block-heading\"><strong>9.    <strong><strong><strong><strong>\u00bfQui\u00e9n ser\u00e1 la persona o entidad con la que se suscriba el contrato (en la fase contractual)<\/strong><\/strong><\/strong><\/strong><\/strong><\/h4>\n\n\n\n<p>La entidad que promueve el Proceso de Contrataci\u00f3n es quien firma el contrato correspondiente con quien resulte adjudicatario, luego de iniciado el proceso contractual.<\/p>\n\n\n\n<p>\u200e<\/p>\n\n\n\n<h4 class=\"wp-block-heading\"><strong>10.    <strong><strong><strong><strong><strong>\u00bfC\u00f3mo puedo participar de este proceso?<\/strong><\/strong><\/strong><\/strong><\/strong><\/strong><\/h4>\n\n\n\n<p>Los solucionadores que se encuentren interesados de participar del proceso pre-contractual, pueden presentar sus posibles soluciones a la necesidad planteada por medio de la \u201cficha de ideas innovadoras\u201d.<\/p>\n\n\n\n<p>\u200e<\/p>\n\n\n\n<h4 class=\"wp-block-heading\"><strong>11.    \u00bfC\u00f3mo se eval\u00faan las ideas recibidas?<\/strong><\/h4>\n\n\n\n<p>La entidad define un comit\u00e9 de evaluaci\u00f3n, el cual consta de expertos t\u00e9cnicos, legales y de innovaci\u00f3n, con el objetivo de evaluar la pertinencia de la idea frente a la necesidad.<\/p>\n\n\n\n<p><\/p>\n","protected":false},"excerpt":{"rendered":"1. \u00bfQu\u00e9 es la Compra P\u00fablica de Innovaci\u00f3n? La Compra P\u00fablica de Innovaci\u00f3n (CPI), como instrumento de pol\u00edtica de innovaci\u00f3n desde la demanda, es una iniciativa orientada a potenciar sectores estrat\u00e9gicos utilizando la compra de las administraciones p\u00fablicas para fomentar el desarrollo tecnol\u00f3gico y la obtenci\u00f3n de bienes y servicios innovadores. Este nuevo enfoque de [&hellip;]","protected":false},"author":47,"featured_media":0,"parent":20551,"menu_order":5,"comment_status":"closed","ping_status":"closed","template":"","meta":{"footnotes":""},"class_list":["post-20895","page","type-page","status-publish","hentry"],"_links":{"self":[{"href":"https:\/\/www.contrataciones.gov.py\/dncp\/wp-json\/wp\/v2\/pages\/20895","targetHints":{"allow":["GET"]}}],"collection":[{"href":"https:\/\/www.contrataciones.gov.py\/dncp\/wp-json\/wp\/v2\/pages"}],"about":[{"href":"https:\/\/www.contrataciones.gov.py\/dncp\/wp-json\/wp\/v2\/types\/page"}],"author":[{"embeddable":true,"href":"https:\/\/www.contrataciones.gov.py\/dncp\/wp-json\/wp\/v2\/users\/47"}],"replies":[{"embeddable":true,"href":"https:\/\/www.contrataciones.gov.py\/dncp\/wp-json\/wp\/v2\/comments?post=20895"}],"version-history":[{"count":21,"href":"https:\/\/www.contrataciones.gov.py\/dncp\/wp-json\/wp\/v2\/pages\/20895\/revisions"}],"predecessor-version":[{"id":21113,"href":"https:\/\/www.contrataciones.gov.py\/dncp\/wp-json\/wp\/v2\/pages\/20895\/revisions\/21113"}],"up":[{"embeddable":true,"href":"https:\/\/www.contrataciones.gov.py\/dncp\/wp-json\/wp\/v2\/pages\/20551"}],"wp:attachment":[{"href":"https:\/\/www.contrataciones.gov.py\/dncp\/wp-json\/wp\/v2\/media?parent=20895"}],"curies":[{"name":"wp","href":"https:\/\/api.w.org\/{rel}","templated":true}]}}