{"id":2090,"date":"2023-04-28T12:11:49","date_gmt":"2023-04-28T16:11:49","guid":{"rendered":"https:\/\/www.contrataciones.gov.py\/dncp\/?page_id=2090"},"modified":"2025-03-04T09:11:22","modified_gmt":"2025-03-04T12:11:22","slug":"normativa-y-generalidades","status":"publish","type":"page","link":"https:\/\/www.contrataciones.gov.py\/dncp\/guia-de-uso-tienda-virtual-para-uoc\/normativa-y-generalidades\/","title":{"rendered":"Normativa y generalidades"},"content":{"rendered":"\n<figure class=\"wp-block-image size-full\"><img loading=\"lazy\" decoding=\"async\" width=\"1920\" height=\"406\" src=\"https:\/\/www.contrataciones.gov.py\/dncp\/wp-content\/uploads\/2025\/03\/Normativa-y-generalidades.jpg\" alt=\"\" class=\"wp-image-17268\" srcset=\"https:\/\/www.contrataciones.gov.py\/dncp\/wp-content\/uploads\/2025\/03\/Normativa-y-generalidades.jpg 1920w, https:\/\/www.contrataciones.gov.py\/dncp\/wp-content\/uploads\/2025\/03\/Normativa-y-generalidades-300x63.jpg 300w, https:\/\/www.contrataciones.gov.py\/dncp\/wp-content\/uploads\/2025\/03\/Normativa-y-generalidades-1024x217.jpg 1024w, https:\/\/www.contrataciones.gov.py\/dncp\/wp-content\/uploads\/2025\/03\/Normativa-y-generalidades-768x162.jpg 768w, https:\/\/www.contrataciones.gov.py\/dncp\/wp-content\/uploads\/2025\/03\/Normativa-y-generalidades-1536x325.jpg 1536w\" sizes=\"auto, (max-width: 1920px) 100vw, 1920px\" \/><\/figure>\n\n\n\n<h3 class=\"wp-block-heading\"><strong>\u200bMarco Normativo<\/strong><\/h3>\n\n\n\n<ul class=\"wp-block-list\">\n<li>Ley N\u00b0 2051\/03 \u00abDe Contrataciones P\u00fablicas\u00bb<\/li>\n\n\n\n<li>Decreto N\u00b0 2992\/19 \u00abPor el cual se reglamenta la Ley N\u00b0 2051\/03 De Contrataciones P\u00fablicas y su modificatoria la Ley N\u00b0 3439\/07\u00bb<\/li>\n\n\n\n<li>\u200bResoluci\u00f3n DNCP N\u00b0 1399\/20 \u00abReglamentaci\u00f3n de mecanismos de participaci\u00f3n y modalidades complementarias de contrataci\u00f3n\u00bb<\/li>\n<\/ul>\n\n\n\n<h3 class=\"wp-block-heading\"><strong>\u00bfQu\u00e9 es Convenio Marco?<\/strong><\/h3>\n\n\n\n<p>\u200bEs una modalidad complementaria de compra utilizada por la DNCP para la selecci\u00f3n de proveedores de bienes, obras, servicios y consultor\u00edas requeridos por los Organismos, Entidades y Municipalidades sujetos a la Ley, para que sus productos puedan ser comercializados virtualmente de forma simple y directa.<\/p>\n\n\n\n<p>Esta herramienta busca reducir los costos en la gesti\u00f3n de compras p\u00fablicas y hacer m\u00e1s din\u00e1mico el proceso de adquisici\u00f3n de productos y servicios, principalmente aquellos de caracter\u00edsticas est\u00e1ndares, alto volumen de consumo,&nbsp;necesidad constante o inmediata&nbsp;por parte de las entidades del Estado.<\/p>\n\n\n\n<p>Las transacciones realizadas a trav\u00e9s de esta modalidad, se gestionan a trav\u00e9s de la&nbsp;Tienda Virtual, con el sistema de cotizaciones.<\/p>\n\n\n\n<h3 class=\"wp-block-heading\"><strong>\u200b\u200b\u200bObligatoriedad de uso\u200b<\/strong><\/h3>\n\n\n\n<p>El Art\u00edculo 26 del Decreto 2992\/19 establece que los Organismos y Entidades del Estado&nbsp;<strong>deber\u00e1n<\/strong>&nbsp;adquirir del Cat\u00e1logo Electr\u00f3nico los productos requeridos, cuando estos estuvieren disponibles. Las Municipalidades podr\u00e1n utilizar el Cat\u00e1logo Electr\u00f3nico cuando lo estimen pertinente.<\/p>\n\n\n\n<p>Se podr\u00e1n adquirir productos de la Tienda Virtual de acuerdo a sus necesidades y al plan financiero aprobado, sin que sean considerados como fraccionamientos de las compras (Art. 28, Decreto N\u00b0 2992\/19).&nbsp;De&nbsp;<strong>no encontrarse disponibles&nbsp;<\/strong>los bienes requeridos o de&nbsp;<strong>no recibir cotizaciones al momento de realizar la solicitud<\/strong>, las mismas podr\u00e1n&nbsp;<strong>realizar el procedimiento de contrataci\u00f3n necesario&nbsp;<\/strong>para satisfacer sus necesidades institucionales.<\/p>\n\n\n\n<h3 class=\"wp-block-heading\"><strong>\u200b\u200bEtapas para la creaci\u00f3n de un Convenio Marco<\/strong><\/h3>\n\n\n\n<p>La DNCP implementa los procesos de la modalidad de Convenio Marco siguiendo las siguientes etapas (la lista de actividades mencionada no es limitativa):<\/p>\n\n\n\n<h2 class=\"wp-block-heading\">Preparaci\u00f3n\u200b<\/h2>\n\n\n\n<p>En esta etapa, se busca entender al mercado en la categor\u00eda de productos \u2013 entiendase productos como bienes y servicios \u2013 tanto del componente de la oferta (proveedores y productos), como desde el lado de la demanda (entender los requerimientos que tienen los compradores p\u00fablicos) respecto a esa categor\u00eda. Durante esta fase, la DNCP desarrolla las siguientes actividades::<\/p>\n\n\n\n<ul class=\"wp-block-list\">\n<li>An\u00e1lisis&nbsp;de la demanda por parte de los compradores p\u00fablicos<\/li>\n\n\n\n<li>Identificaci\u00f3n de las categor\u00edas de productos\/servicio, y posibles especificaciones t\u00e9cnicas<\/li>\n\n\n\n<li>Investigaci\u00f3n&nbsp;de mercado que analice la oferta potencial (proveedores y productos)<\/li>\n<\/ul>\n\n\n\n<h2 class=\"wp-block-heading\">\u200bLicitaci\u00f3n<\/h2>\n\n\n\n<p>Se desarrolla el proceso licitatorio como tal, que comprende las siguientes actividaddes:<\/p>\n\n\n\n<ul class=\"wp-block-list\">\n<li>\u200bDesarrollo de borrador de Pliego de Bases y Condiciones<\/li>\n\n\n\n<li>Discusi\u00f3n p\u00fablica con actores relevantes con el objeto de recibir comentarios y observaciones<\/li>\n\n\n\n<li>Publicaci\u00f3n del proceso<\/li>\n\n\n\n<li>Etapa de aclaraciones,&nbsp;preguntas y respuestas<\/li>\n\n\n\n<li><strong>Evaluaci\u00f3n de ofertas (Comit\u00e9 constituido por&nbsp;funcionarios de la DNCP y podr\u00e1 ser integrado adem\u00e1s por funcionarios de otras instituciones p\u00fablicas o profesionales independientes que cuenten con la idoneidad y el perfil t\u00e9cnico necesario\u200b)<\/strong><\/li>\n\n\n\n<li>Calificaci\u00f3n de oferentes<\/li>\n\n\n\n<li>Firma de contratos (convenios)<\/li>\n\n\n\n<li>Configuraci\u00f3n inicial del cat\u00e1logo de productos a la Tienda Virtual<\/li>\n\n\n\n<li>Peri\u00f3dicamente, se realizan nuevas&nbsp;convocatorias (apertura de ofertas)&nbsp;con el fin de incluir nuevos proveedores o actualizar las ofertas existentes.<\/li>\n<\/ul>\n\n\n\n<h2 class=\"wp-block-heading\">Ejecuci\u00f3n<\/h2>\n\n\n\n<p>Es la fase de la operativa del Convenio Marco. En este momento, compradores p\u00fablicos pueden acceder a la Tienda Virtual, seleccionar productos&nbsp;y emitir \u00f3rdenes de compra para los bienes\/servicios que desean comprar. En esta etapa la DNCP est\u00e1 facultada para realizar el&nbsp;monitoreo del comportamiento de los usuarios de la Tienda. Tambi\u00e9n se realizan las siguientes actividades:<\/p>\n\n\n\n<ul class=\"wp-block-list\">\n<li>Gesti\u00f3n de categor\u00edas (o convenios)<\/li>\n\n\n\n<li>Gesti\u00f3n de productos<\/li>\n\n\n\n<li>Gesti\u00f3n de proveedores<\/li>\n\n\n\n<li>Monitoreo y seguimiento del comportamiento de la tienda (Marketplace)<\/li>\n\n\n\n<li>An\u00e1lisis del comportamiento de compradores y proveedores en las diferentes categor\u00edas<\/li>\n\n\n\n<li>Levantamiento de informaci\u00f3n para futuras licitaciones de las categor\u00edas.<\/li>\n<\/ul>\n\n\n\n<h2 class=\"wp-block-heading\">Evaluaci\u00f3n<\/h2>\n\n\n\n<p>Posterior al plazo de vigencia del convenio y debiera comprender una evaluaci\u00f3n de su desarrollo y la eventual licitaci\u00f3n para un siguiente per\u00edodo, con los ajustes necesarios. Los elementos que podr\u00edan\u200b\u200b&nbsp;ser analizados son:<\/p>\n\n\n\n<ul class=\"wp-block-list\">\n<li>Comportamiento de compradores y proveedores.<\/li>\n\n\n\n<li>Cantidad de \u00f3rdenes de compra.<\/li>\n\n\n\n<li>An\u00e1lisis de la data de transacciones (cantidad de OC, monto transado)<\/li>\n\n\n\n<li>Evaluaci\u00f3n del comportamiento de los proveedores y sus niveles de concentraci\u00f3n<\/li>\n\n\n\n<li>Nivel de competitividad del mercado<\/li>\n\n\n\n<li>Nivel de uso por parte de compradores p\u00fablicos<\/li>\n\n\n\n<li>Focus group con compradores p\u00fablicos y proveedores<\/li>\n\n\n\n<li>Estrategia y cambios en pr\u00f3xima licitaci\u00f3n de la categor\u00eda\u200b<\/li>\n<\/ul>\n\n\n\n<p>\u200b<\/p>\n","protected":false},"excerpt":{"rendered":"\u200bMarco Normativo \u00bfQu\u00e9 es Convenio Marco? \u200bEs una modalidad complementaria de compra utilizada por la DNCP para la selecci\u00f3n de proveedores de bienes, obras, servicios y consultor\u00edas requeridos por los Organismos, Entidades y Municipalidades sujetos a la Ley, para que sus productos puedan ser comercializados virtualmente de forma simple y directa. Esta herramienta busca reducir [&hellip;]","protected":false},"author":13,"featured_media":0,"parent":2072,"menu_order":1,"comment_status":"closed","ping_status":"closed","template":"","meta":{"footnotes":""},"class_list":["post-2090","page","type-page","status-publish","hentry"],"_links":{"self":[{"href":"https:\/\/www.contrataciones.gov.py\/dncp\/wp-json\/wp\/v2\/pages\/2090","targetHints":{"allow":["GET"]}}],"collection":[{"href":"https:\/\/www.contrataciones.gov.py\/dncp\/wp-json\/wp\/v2\/pages"}],"about":[{"href":"https:\/\/www.contrataciones.gov.py\/dncp\/wp-json\/wp\/v2\/types\/page"}],"author":[{"embeddable":true,"href":"https:\/\/www.contrataciones.gov.py\/dncp\/wp-json\/wp\/v2\/users\/13"}],"replies":[{"embeddable":true,"href":"https:\/\/www.contrataciones.gov.py\/dncp\/wp-json\/wp\/v2\/comments?post=2090"}],"version-history":[{"count":7,"href":"https:\/\/www.contrataciones.gov.py\/dncp\/wp-json\/wp\/v2\/pages\/2090\/revisions"}],"predecessor-version":[{"id":17272,"href":"https:\/\/www.contrataciones.gov.py\/dncp\/wp-json\/wp\/v2\/pages\/2090\/revisions\/17272"}],"up":[{"embeddable":true,"href":"https:\/\/www.contrataciones.gov.py\/dncp\/wp-json\/wp\/v2\/pages\/2072"}],"wp:attachment":[{"href":"https:\/\/www.contrataciones.gov.py\/dncp\/wp-json\/wp\/v2\/media?parent=2090"}],"curies":[{"name":"wp","href":"https:\/\/api.w.org\/{rel}","templated":true}]}}