{"id":2111,"date":"2023-04-28T12:12:37","date_gmt":"2023-04-28T16:12:37","guid":{"rendered":"https:\/\/www.contrataciones.gov.py\/dncp\/guias-online\/"},"modified":"2026-03-12T08:41:48","modified_gmt":"2026-03-12T11:41:48","slug":"guias-online","status":"publish","type":"page","link":"https:\/\/www.contrataciones.gov.py\/dncp\/guias-online\/","title":{"rendered":"Gu\u00edas Online"},"content":{"rendered":"\t\t<div data-elementor-type=\"wp-page\" data-elementor-id=\"2111\" class=\"elementor elementor-2111\">\n\t\t\t\t\t\t\t\t\t<section class=\"elementor-section elementor-top-section elementor-element elementor-element-227a444e elementor-section-boxed elementor-section-height-default elementor-section-height-default\" data-id=\"227a444e\" data-element_type=\"section\" data-settings=\"{&quot;background_background&quot;:&quot;classic&quot;}\">\n\t\t\t\t\t\t\t<div class=\"elementor-background-overlay\"><\/div>\n\t\t\t\t\t\t\t<div class=\"elementor-container elementor-column-gap-default\">\n\t\t\t\t\t<div class=\"elementor-column elementor-col-100 elementor-top-column elementor-element elementor-element-6bae0684\" data-id=\"6bae0684\" data-element_type=\"column\">\n\t\t\t<div class=\"elementor-widget-wrap elementor-element-populated\">\n\t\t\t\t\t\t\t\t<div class=\"elementor-element elementor-element-38a0be7e elementor-widget elementor-widget-image\" data-id=\"38a0be7e\" data-element_type=\"widget\" data-widget_type=\"image.default\">\n\t\t\t\t<div class=\"elementor-widget-container\">\n\t\t\t<style>\/*! elementor - v3.16.0 - 14-09-2023 *\/\n.elementor-widget-image{text-align:center}.elementor-widget-image a{display:inline-block}.elementor-widget-image a img[src$=\".svg\"]{width:48px}.elementor-widget-image img{vertical-align:middle;display:inline-block}<\/style>\t\t\t\t\t\t\t\t\t\t\t\t<img loading=\"lazy\" decoding=\"async\" width=\"1920\" height=\"406\" src=\"https:\/\/www.contrataciones.gov.py\/dncp\/wp-content\/uploads\/2024\/12\/actualizacion-de-usuarios-de-Unidades-de-Contratacion_WEB-8-1.jpg\" class=\"attachment-full size-full wp-image-13299\" alt=\"\" srcset=\"https:\/\/www.contrataciones.gov.py\/dncp\/wp-content\/uploads\/2024\/12\/actualizacion-de-usuarios-de-Unidades-de-Contratacion_WEB-8-1.jpg 1920w, https:\/\/www.contrataciones.gov.py\/dncp\/wp-content\/uploads\/2024\/12\/actualizacion-de-usuarios-de-Unidades-de-Contratacion_WEB-8-1-300x63.jpg 300w, https:\/\/www.contrataciones.gov.py\/dncp\/wp-content\/uploads\/2024\/12\/actualizacion-de-usuarios-de-Unidades-de-Contratacion_WEB-8-1-1024x217.jpg 1024w, https:\/\/www.contrataciones.gov.py\/dncp\/wp-content\/uploads\/2024\/12\/actualizacion-de-usuarios-de-Unidades-de-Contratacion_WEB-8-1-768x162.jpg 768w, https:\/\/www.contrataciones.gov.py\/dncp\/wp-content\/uploads\/2024\/12\/actualizacion-de-usuarios-de-Unidades-de-Contratacion_WEB-8-1-1536x325.jpg 1536w\" sizes=\"auto, (max-width: 1920px) 100vw, 1920px\" \/>\t\t\t\t\t\t\t\t\t\t\t\t\t\t\t<\/div>\n\t\t\t\t<\/div>\n\t\t\t\t<div class=\"elementor-element elementor-element-62e08148 elementor-widget elementor-widget-wp-widget-block\" data-id=\"62e08148\" data-element_type=\"widget\" data-widget_type=\"wp-widget-block.default\">\n\t\t\t\t<div class=\"elementor-widget-container\">\n\t\t\t<table class=\"table table-striped table-hover\" style=\"border:0px\">\r\n<thead>\r\n<tr>\r\n<th>Descripcion<\/th>\r\n<\/tr>\r\n<\/thead><tbody>\r\n<tr>\r\n<td>Gu\u00eda Oferta Electr\u00f3nica Ley N\u00b0 2051\/2003<\/td>\r\n<td><a href=\"https:\/\/www.contrataciones.gov.py\/dncp\/guias-electronicas\">Click Aqu\u00ed<\/a><\/td>\r\n<\/tr>\r\n<tr>\r\n<td>Gu\u00eda Ofertas Electr\u00f3nicas Ley N\u00b0 7021\/2022 - Res. 3800\/23<\/td>\r\n<td><a href=\"https:\/\/www.contrataciones.gov.py\/dncp\/guia-ofertas-electronicas\/\">Click Aqu\u00ed<\/a><\/td>\r\n<\/tr>\r\n<\/tr>\r\n<tr>\r\n<td>Gu\u00eda Ofertas Electr\u00f3nicas Ley N\u00b0 7021\/2022 - Res. 232\/2025<\/td>\r\n<td><a href=\"https:\/\/www.contrataciones.gov.py\/dncp\/guia-ofertas-electronicas-ley-n-7021-2022-res-232-2025\/guia-ofertas-electronicas-ciudadania\/\">Click Aqu\u00ed<\/a><\/td>\r\n<\/tr>\r\n<tr>\r\n<td>Gu\u00eda para la Carga de PAC Ley N\u00b0 7021\/2022<\/td>\r\n<td><a href=\"https:\/\/www.contrataciones.gov.py\/dncp\/guia-para-la-carga-de-programa-anual-de-contrataciones-7021-2\/guia-para-la-carga-de-programa-anual-de-contrataciones-7021\/\">Click Aqu\u00ed<\/a><\/td>\r\n<\/tr>\r\n<tr>\r\n<td>Gu\u00eda de uso de la Tienda Virtual para Unidades Compradoras<\/td>\r\n<td><a href=\"https:\/\/www.contrataciones.gov.py\/dncp\/guia-de-uso-de-la-tienda-virtual-para-unidades-compradoras\/introduccion\/\">Click Aqu\u00ed<\/a><\/td>\r\n<\/tr>\r\n<tr>\r\n<td>Gu\u00eda de uso de la Tienda Virtual para Proveedores<\/td>\r\n<td><a href=\"https:\/\/www.contrataciones.gov.py\/dncp\/guia-de-uso-de-la-tienda-virtual-para-proveedores-2\/guia-de-uso-de-la-tienda-virtual-para-proveedores\/\">Click Aqu\u00ed<\/a><\/td>\r\n<\/tr>\r\n<tr>\r\n<td>Gu\u00eda de Subasta a la Baja Electr\u00f3nica<\/td>\r\n<td><a href=\"https:\/\/www.contrataciones.gov.py\/dncp\/guia-de-subasta-a-la-baja-electronica\/guia-de-subasta-a-la-baja-electronica\/\">Click Aqu\u00ed<\/a><\/td>\r\n<\/tr>\r\n<tr>\r\n<td>Gu\u00eda de la Res. DNCP N\u00b0 230\/25<\/td>\r\n<td><a href=\"https:\/\/www.contrataciones.gov.py\/dncp\/guia-de-procedimientos-de-contratacion\/\">Click Aqu\u00ed<\/a><\/td>\r\n<\/tr>\r\n<tr>\r\n<td>Gu\u00eda de Audiencia Informativa<\/td>\r\n<td><a href=\"https:\/\/www.contrataciones.gov.py\/dncp\/guia-de-audiencia-informativa\/\">Click Aqu\u00ed<\/a><\/td>\r\n<\/tr>\r\n<tr>\r\n<td>Gu\u00eda Registro de Proveedores del Estado<\/td>\r\n<td><a href=\"https:\/\/www.contrataciones.gov.py\/dncp\/guia-para-el-registro-de-proveedores\/\">Click Aqu\u00ed<\/a><\/td>\r\n<\/tr>\r\n<tr>\r\n<td>Gu\u00eda Registro de Compradores P\u00fablicos<\/td>\r\n<td><a href=\"https:\/\/www.contrataciones.gov.py\/dncp\/guia-registro-de-compradores-publicos\/guia-para-uso-del-perfil-de-comprador-en-el-registro\/\">Click Aqu\u00ed<\/a><\/td>\r\n<\/tr>\r\n\r\n<tr>\r\n<td>Gu\u00eda de Procedimientos Jur\u00eddicos - Res. DNCP N\u00b0 4400\/23<\/td>\r\n<td><a href=\"https:\/\/www.contrataciones.gov.py\/dncp\/guia-de-usuarios-procedimientos\/guia-de-usuarios-procedimientos\/\">Click Aqu\u00ed<\/a><\/td>\r\n<\/tr>\r\n<tr>\r\n\r\n<\/tr>\r\n<tr>\r\n<td>Gu\u00eda de Procedimientos Jur\u00eddicos \u2013 Res. DNCP N\u00b0 234\/25<\/td>\r\n<td><a href=\"https:\/\/www.contrataciones.gov.py\/dncp\/guia-de-usuarios-de-procedimientos-decreto-n-2264-24\/guia-de-usuario-de-procedimientos-res-dncp-234-25\/\">Click Aqu\u00ed<\/a><\/td>\r\n<\/tr>\r\n<tr>\r\n<td>GU\u00cdA DE APLICACI\u00d3N DE LA RESOLUCI\u00d3N DNCP N\u00b0 15\/2024<\/td>\r\n<td><a href=\"https:\/\/www.contrataciones.gov.py\/dncp\/guia-de-aplicacion-de-la-resolucion-dncp-n-15-2024\/\">Click Aqu\u00ed<\/a><\/td>\r\n<\/tr>\r\n<tr>\r\n<td>Gu\u00eda Instructiva para Verificaci\u00f3n de Requisitos de Inhabilidades del Art\u00edculo 21 de la Ley N\u00ba 7021\/22<\/td>\r\n<td><a href=\"https:\/\/www.contrataciones.gov.py\/dncp\/guia-instructiva-para-verificacion-de-requisitos-de-inhabilidades-del-articulo-21-de-la-ley-no-7021-22-2\/guia-instructiva-para-verificacion-de-requisitos-de-inhabilidades-del-articulo-21-de-la-ley-no-7021-22\/\">Click Aqu\u00ed<\/a><\/td>\r\n<\/tr>\r\n<tr>\r\n<td>Gu\u00eda del M\u00f3dulo de Gesti\u00f3n de Usuarios<\/td>\r\n<td><a href=\"https:\/\/www.contrataciones.gov.py\/dncp\/guia-de-uso-del-modulo-de-gestion-de-usuarios-2\/guia-de-uso-del-modulo-de-gestion-de-usuarios\/\">Click Aqu\u00ed<\/a><\/td>\r\n<\/tr>\r\n<tr><td>Gu\u00eda para descarga de planilla de \u00edtems de adjudicaciones<\/td><td><a href=\"https:\/\/www.contrataciones.gov.py\/dncp\/guia-para-importacion-de-items-adjudicados\/guia-para-descarga-de-planilla-de-items-de-adjudicaciones\/\">Click Aqu\u00ed<\/a><\/td><\/tr>\r\n\r\n<tr><td>Formulario FIP (Formulario de Identificacion del Personal) y FIS (Formulario de Informe de Servicios Personales)<\/td><td><a href=\"https:\/\/www.contrataciones.gov.py\/dncp\/guia-para-carga-de-formulario-de-identificacion-del-personal-fip-y-formulario-de-informe-de-servicios-personales-fis\">Click Aqu\u00ed<\/a><\/td><\/tr>\r\n\r\n<tr>\r\n<td>Reclamos ante errores del Sistema<\/td>\r\n<td><a href=\"https:\/\/www.contrataciones.gov.py\/dncp\/reclamos-ante-errores-del-sistema\">Click Aqu\u00ed<\/a><\/td>\r\n<\/tr>\r\n<tr>\r\n<td>Gu\u00eda de carga de PBC Electr\u00f3nico<\/td>\r\n<td><a href=\"https:\/\/www.contrataciones.gov.py\/dncp\/guia-de-carga-de-pbc-electronico\">Click Aqu\u00ed<\/a><\/td>\r\n<\/tr>\r\n<tr>\r\n<td>Gu\u00eda del Sistema de Seguimiento de Contratos<\/td>\r\n<td><a href=\"https:\/\/www.contrataciones.gov.py\/dncp\/guia-del-sistema-de-seguimiento-de-contratos\">Click Aqu\u00ed<\/a><\/td>\r\n<\/tr>\r\n<tr>\r\n<td>Instructivo para Regularizaci\u00f3n de los Contratos del Periodo Fiscal 2024 y 2025 en el Sistema de Seguimiento de Contratos<\/td>\r\n<td><a href=\"https:\/\/www.contrataciones.gov.py\/dncp\/instructivo-para-regularizacion-de-contratos-en-el-sistema-de-seguimiento-de-contratos\/instructivo-para-regularizacion-de-contratos-en-el-sistema-de-seguimiento-de-contratos\/\">Click Aqu\u00ed<\/a><\/td>\r\n<\/tr>\r\n<tr>\r\n<td>Gu\u00eda de Formularios de Oferta<\/td>\r\n<td><a href=\"https:\/\/www.contrataciones.gov.py\/dncp\/guia-de-formularios-de-oferta\">Click Aqu\u00ed<\/a><\/td>\r\n<\/tr>\r\n<tr>\r\n<td>Gu\u00eda de interpretaci\u00f3n de puntajes asignados<\/td>\r\n<td><a href=\"https:\/\/www.contrataciones.gov.py\/dncp\/guia-de-interpretacion-de-puntajes-asignados\">Click Aqu\u00ed<\/a><\/td>\r\n<\/tr>\r\n<tr>\r\n<td>Gu\u00eda para el procedimiento de locaci\u00f3n y renovaci\u00f3n de locaci\u00f3n de bienes inmuebles<\/td>\r\n<td><a href=\"https:\/\/www.contrataciones.gov.py\/dncp\/guia-para-el-procedimiento-de-locacion-y-renovacion-de-locacion-de-bienes-inmuebles\">Click Aqu\u00ed<\/a><\/td>\r\n<\/tr>\r\n<tr>\r\n<td>Gu\u00eda para Contrataciones por V\u00eda de la Excepci\u00f3n por Urgencia Impostergable<\/td>\r\n<td><a href=\"https:\/\/www.contrataciones.gov.py\/dncp\/guia-para-contrataciones-por-via-de-la-excepcion-por-urgencia-impostergable\/\">Click Aqu\u00ed<\/a><\/td>\r\n<\/tr>\r\n<tr>\r\n<td>Gu\u00eda para Acta de Apertura Electr\u00f3nica<\/td>\r\n<td><a href=\"https:\/\/www.contrataciones.gov.py\/dncp\/guia-para-acta-de-apertura-electronica\/\">Click Aqu\u00ed<\/a><\/td>\r\n<\/tr>\r\n\r\n\r\n<tr>\r\n<td>Gu\u00eda para adquisici\u00f3n de pasajes a\u00e9reos en la Tienda Virtual<\/td>\r\n<td><a href=\"https:\/\/www.contrataciones.gov.py\/dncp\/guia-para-adquisicion-de-pasajes-aereos-en-la-tienda-virtual\">Click Aqu\u00ed<\/a><\/td>\r\n<\/tr>\r\n<tr>\r\n<td>Gu\u00eda b\u00e1sica de recomendaciones para el fomento de la contrataci\u00f3n a MiPymes<\/td>\r\n<td><a href=\"https:\/\/www.contrataciones.gov.py\/dncp\/guia-basica-de-recomendaciones-para-el-fomento-de-la-contratacion-a-mipymes\/\">Click Aqu\u00ed<\/a><\/td>\r\n<\/tr>\r\n<tr>\r\n<td>Rescisi\u00f3n de Contrato \u2013 Manual del usuario<\/td>\r\n<td><a href=\"https:\/\/www.contrataciones.gov.py\/dncp\/rescision-de-contrato-manual-del-usuario\/\">Click Aqu\u00ed<\/a><\/td>\r\n<\/tr>\r\n<tr>\r\n<td>Buscador de Licitaciones <\/td>\r\n<td><a href=\"https:\/\/www.contrataciones.gov.py\/dncp\/buscador-de-licitaciones\">Click Aqu\u00ed<\/a><\/td>\r\n<\/tr>\r\n<tr>\r\n<td>Gu\u00eda RFI \u2013 Solicitud de Informaci\u00f3n<\/td>\r\n<td><a href=\"https:\/\/www.contrataciones.gov.py\/dncp\/guia-rfi-solicitud-de-informacion\/\">Click Aqu\u00ed<\/a><\/td>\r\n<\/tr>\r\n<tr>\r\n<td>Informe Cuatrimestrales<\/td>\r\n<td><a href=\"https:\/\/www.contrataciones.gov.py\/dncp\/informe-cuatrimestrales\/\">Click Aqu\u00ed<\/a><\/td>\r\n<\/tr>\r\n<tr>\r\n<td>Gu\u00eda Pr\u00e1ctica de Compras P\u00fablicas Sostenibles para Convocantes\t<\/td>\r\n<td><a href=\"https:\/\/www.contrataciones.gov.py\/dncp\/guia-practica-de-compras-publicas-sostenibles-para-convocantes\/\">Click Aqu\u00ed<\/a><\/td>\r\n<\/tr>\r\n<tr>\r\n<td>Gu\u00eda para estructurar datos de Fonacide\r\n\t<\/td>\r\n<td><a href=\"https:\/\/www.contrataciones.gov.py\/dncp\/guia-para-estructurar-datos-de-fonacide-html\/\">Click Aqu\u00ed<\/a><\/td>\r\n<\/tr>\r\n<tr>\r\n<td>Gu\u00eda de Carga de Pagos y Retenciones para procesos del ejercicio 2026 (Ley 7021)<\/td>\r\n<td><a href=\"https:\/\/www.contrataciones.gov.py\/dncp\/guia-de-carga-de-pagos-para-procesos-7021\/guia-de-carga-de-pagos-para-procesos-7021\/\">Click Aqu\u00ed<\/a><\/td>\r\n<\/tr>\r\n\r\n<\/tbody>\r\n\r\n<\/table>\t\t<\/div>\n\t\t\t\t<\/div>\n\t\t\t\t\t<\/div>\n\t\t<\/div>\n\t\t\t\t\t\t\t<\/div>\n\t\t<\/section>\n\t\t\t\t\t\t\t<\/div>\n\t\t","protected":false},"excerpt":{"rendered":"","protected":false},"author":8,"featured_media":0,"parent":0,"menu_order":0,"comment_status":"closed","ping_status":"closed","template":"","meta":{"footnotes":""},"class_list":["post-2111","page","type-page","status-publish","hentry"],"_links":{"self":[{"href":"https:\/\/www.contrataciones.gov.py\/dncp\/wp-json\/wp\/v2\/pages\/2111","targetHints":{"allow":["GET"]}}],"collection":[{"href":"https:\/\/www.contrataciones.gov.py\/dncp\/wp-json\/wp\/v2\/pages"}],"about":[{"href":"https:\/\/www.contrataciones.gov.py\/dncp\/wp-json\/wp\/v2\/types\/page"}],"author":[{"embeddable":true,"href":"https:\/\/www.contrataciones.gov.py\/dncp\/wp-json\/wp\/v2\/users\/8"}],"replies":[{"embeddable":true,"href":"https:\/\/www.contrataciones.gov.py\/dncp\/wp-json\/wp\/v2\/comments?post=2111"}],"version-history":[{"count":159,"href":"https:\/\/www.contrataciones.gov.py\/dncp\/wp-json\/wp\/v2\/pages\/2111\/revisions"}],"predecessor-version":[{"id":26310,"href":"https:\/\/www.contrataciones.gov.py\/dncp\/wp-json\/wp\/v2\/pages\/2111\/revisions\/26310"}],"wp:attachment":[{"href":"https:\/\/www.contrataciones.gov.py\/dncp\/wp-json\/wp\/v2\/media?parent=2111"}],"curies":[{"name":"wp","href":"https:\/\/api.w.org\/{rel}","templated":true}]}}