{"id":2250,"date":"2023-04-28T15:44:41","date_gmt":"2023-04-28T19:44:41","guid":{"rendered":"https:\/\/www.contrataciones.gov.py\/dncp\/?page_id=2250"},"modified":"2025-03-04T09:11:30","modified_gmt":"2025-03-04T12:11:30","slug":"pac-de-convenio","status":"publish","type":"page","link":"https:\/\/www.contrataciones.gov.py\/dncp\/guia-de-uso-tienda-virtual-para-uoc\/pac-de-convenio\/","title":{"rendered":"PAC de Convenio"},"content":{"rendered":"\n<figure class=\"wp-block-image size-full\"><img loading=\"lazy\" decoding=\"async\" width=\"1920\" height=\"406\" src=\"https:\/\/www.contrataciones.gov.py\/dncp\/wp-content\/uploads\/2025\/03\/Pac-de-convenio.jpg\" alt=\"\" class=\"wp-image-17276\" srcset=\"https:\/\/www.contrataciones.gov.py\/dncp\/wp-content\/uploads\/2025\/03\/Pac-de-convenio.jpg 1920w, https:\/\/www.contrataciones.gov.py\/dncp\/wp-content\/uploads\/2025\/03\/Pac-de-convenio-300x63.jpg 300w, https:\/\/www.contrataciones.gov.py\/dncp\/wp-content\/uploads\/2025\/03\/Pac-de-convenio-1024x217.jpg 1024w, https:\/\/www.contrataciones.gov.py\/dncp\/wp-content\/uploads\/2025\/03\/Pac-de-convenio-768x162.jpg 768w, https:\/\/www.contrataciones.gov.py\/dncp\/wp-content\/uploads\/2025\/03\/Pac-de-convenio-1536x325.jpg 1536w\" sizes=\"auto, (max-width: 1920px) 100vw, 1920px\" \/><\/figure>\n\n\n\n<h4 class=\"wp-block-heading\"><strong>\u200b\u200bCreaci\u00f3n<\/strong><\/h4>\n\n\n\n<p>Para crear un PAC para Convenio Marco, Almacen de productos estrat\u00e9gicos, Compras&nbsp;\u200bConjuntas, etc., debe primeramente revisar que su usuario cuente con los perfiles correspondientes (en caso de que no sea el usuario administrador). Una vez logueado, debe ir al men\u00fa Planificaci\u00f3n \u2013 Programa Anual de Contrataciones (PAC) \u2013 PAC para Convenio Marco.&nbsp;<\/p>\n\n\n\n<figure class=\"wp-block-image size-large\"><img decoding=\"async\" src=\"https:\/\/www.contrataciones.gov.py\/PublishingImages\/Lists\/GuiasElectronicas\/AllItems\/acceso%20pac%20cm.png\" alt=\"\"\/><\/figure>\n\n\n\n<p>El sistema desplegar\u00e1 una pantalla con dos pesta\u00f1as, en la primera debe consignar los siguientes datos:&nbsp;<\/p>\n\n\n\n<figure class=\"wp-block-image size-large\"><img decoding=\"async\" src=\"https:\/\/www.contrataciones.gov.py\/PublishingImages\/Lists\/GuiasElectronicas\/AllItems\/PAC%20pesta%C3%B1a%201.png\" alt=\"\"\/><\/figure>\n\n\n\n<ul class=\"wp-block-list\">\n<li><strong>\u200bNombre del PAC:&nbsp;<\/strong>La descripci\u00f3n general de los productos que se adquirir\u00e1.<\/li>\n\n\n\n<li><strong>Unidad jer\u00e1rquica:&nbsp;<\/strong>\u200bLa Unidad Jer\u00e1rquica correspondiente a la Unidad Compradora. Muy importante consignar la correcta, ya que estos datos se trasladan luego al SIAF y en caso de que no se encuentre correctamente asignada, no mostrar\u00e1 los datos de la orden de compra.<\/li>\n\n\n\n<li><strong>Tipo de operacci\u00f3n:&nbsp;<\/strong>Debe seleccionar para la mayor\u00eda de los casos la opci\u00f3n \u00abCompra por cotizaci\u00f3n\u00bb. En caso de que el PAC ser\u00e1 destinado a la compra de productos ind\u00edgenas, deben seleccionar esta segunda opci\u00f3n.<\/li>\n\n\n\n<li><strong>Categor\u00eda:<\/strong>&nbsp;Elegir la categor\u00eda de los productos que necesita comprar. Muy importante tener en cuenta: La categor\u00eda seleccionada debe coincidir con la categor\u00eda del Convenio Marco que necesitar\u00e1n vincular. Este dato pueden visualizarlo en el Portal P\u00fablico, en los datos de la Convocatoria del Convenio Marco. Para nuestro ejemplo, estamos interesados en hacer compras de \u00fatiles de oficina a trav\u00e9s de la Tienda, entonces realizamos la busqueda del proceso en el portal y encontramos el dato de a Categor\u00eda en el apartado de&nbsp;<strong>Datos de Licitaci\u00f3n.&nbsp;<\/strong>Entonces, mi PAC debo cargarlo con la Categor\u00eda 11.<\/li>\n<\/ul>\n\n\n\n<figure class=\"wp-block-image size-large\"><img decoding=\"async\" src=\"https:\/\/www.contrataciones.gov.py\/PublishingImages\/Lists\/GuiasElectronicas\/AllItems\/Categoria%20de%20Convenio.png\" alt=\"\"\/><\/figure>\n\n\n\n<ul class=\"wp-block-list\">\n<li><strong>Moneda:&nbsp;<\/strong>Seleccionar entre Guaran\u00edes o D\u00f3lares. Con este tipo de cambio se realizar\u00e1n todos los pedidos&nbsp;que realice utilizando este PAC.<\/li>\n\n\n\n<li><strong>Monto:&nbsp;<\/strong>Debe consignar el monto aproximado que se utilizar\u00e1 para hacer la compra de necesidad. No es necesario que sea un monto&nbsp;exacto.&nbsp;Se sugiere&nbsp;que&nbsp;el monto englobe la totalidad de compras que se desean hacer en el a\u00f1o para esta categor\u00eda. As\u00ed, cada vez que necesiten comprar productos de esta categor\u00eda, utilizar\u00e1n el mismo PAC.&nbsp;<strong>Muy importante tener en cuenta:<\/strong>&nbsp;Este monto puede ser modificado por la Unidad Compradora para aumentarlo y&nbsp;agregar l\u00edneas presupuestarias, pero no para disminuirlo o eliminar las l\u00edneas existentes.<\/li>\n<\/ul>\n\n\n\n<p>Al terminar la carga de todos los datos, clic en<strong>&nbsp;Grabar<\/strong>&nbsp;y debe aparecerle el mensaje en verde de:<\/p>\n\n\n<div class=\"wp-block-image\">\n<figure class=\"alignleft size-large\"><img decoding=\"async\" src=\"https:\/\/www.contrataciones.gov.py\/PublishingImages\/Lists\/GuiasElectronicas\/AllItems\/PAC%20pesta%C3%B1a%201%20cargada%201.png\" alt=\"\"\/><\/figure>\n<\/div>\n\n\n<p>\u200b<\/p>\n\n\n\n<p><\/p>\n\n\n\n<p>Luego, debe hacer clic al bot\u00f3n<strong>&nbsp;Siguiente<\/strong>&nbsp;y el sistema le mostrar\u00e1 la segunda pesta\u00f1a&nbsp;<strong>Carga de L\u00edneas<\/strong><\/p>\n\n\n\n<figure class=\"wp-block-image size-large\"><img decoding=\"async\" src=\"https:\/\/www.contrataciones.gov.py\/PublishingImages\/Lists\/GuiasElectronicas\/AllItems\/PAC%20pesta%C3%B1a%202.png\" alt=\"\"\/><\/figure>\n\n\n\n<p>En este apartado, debe hacer clic el bot\u00f3n&nbsp;<strong>Agregar L\u00ednea&nbsp;<\/strong>\u200by se desplegar\u00e1n los campos de carga de l\u00ednea.<\/p>\n\n\n\n<figure class=\"wp-block-image size-large\"><img decoding=\"async\" src=\"https:\/\/www.contrataciones.gov.py\/PublishingImages\/Lists\/GuiasElectronicas\/AllItems\/PAC%20campos%20de%20agregar%20linea.png\" alt=\"\"\/><\/figure>\n\n\n\n<p>Aqu\u00ed, tienen dos opciones de carga, que es desplegar cada campo de la l\u00ednea o&nbsp;pueden hacer la carga de la l\u00ednea completa&nbsp;desde el icono de la&nbsp;<strong>Lupa<\/strong>. Se realiza la carga del monto y clic en el icono de<strong>&nbsp;Guardar<\/strong>. Si la carga no tuvo errores u omisiones, aparecer\u00e1 el mensaje en verde:<\/p>\n\n\n<div class=\"wp-block-image\">\n<figure class=\"alignleft size-large\"><img decoding=\"async\" src=\"https:\/\/www.contrataciones.gov.py\/PublishingImages\/Lists\/GuiasElectronicas\/AllItems\/PAC%20pesta%C3%B1a%201%20cargada%201.png\" alt=\"\"\/><\/figure>\n<\/div>\n\n\n<p><\/p>\n\n\n\n<p><\/p>\n\n\n\n<p>En caso de necesitar agregar m\u00e1s l\u00edneas, deben repetir los pasos mencionados desde el bot\u00f3n&nbsp;<strong>Agregar L\u00ednea.<\/strong><\/p>\n\n\n\n<figure class=\"wp-block-image size-large\"><img decoding=\"async\" src=\"https:\/\/www.contrataciones.gov.py\/PublishingImages\/Lists\/GuiasElectronicas\/AllItems\/PAC%20pesta%C3%B1a%202%20cargada.png\" alt=\"\"\/><\/figure>\n\n\n\n<p><strong>Consideraci\u00f3n importante:<\/strong>\u200b Se debe tener la certeza de cuales son&nbsp;todos los objetos de gasto que podr\u00edan utilizarse en las compras vinculadas a este&nbsp;PAC, ya que de faltar alg\u00fan objeto de gasto o tener alguno err\u00f3neo al momento de generar el CDP correspondiente podr\u00eda haber inconvenientes.<\/p>\n\n\n\n<p>Una vez cargados todos los datos, debe hacer clic en el bot\u00f3n&nbsp;<strong>Ir a Publicaci\u00f3n<\/strong>.&nbsp;El sistema lo llevar\u00e1 de vuelta a la primera pesta\u00f1a, pero esta vez con dos campos nuevos, uno para la Nota y Resoluci\u00f3n correspondientes al proceso.<\/p>\n\n\n\n<p><br><\/p>\n\n\n\n<figure class=\"wp-block-image size-large\"><img decoding=\"async\" src=\"https:\/\/www.contrataciones.gov.py\/PublishingImages\/Lists\/GuiasElectronicas\/AllItems\/PAC%20pesta%C3%B1a%201%20publicar.png\" alt=\"\"\/><\/figure>\n\n\n\n<p>La resoluci\u00f3n debe ser la resoluci\u00f3n de aprobaci\u00f3n de PAC en donde se visualice la aprobaci\u00f3n de la compra. En la nota se solicita la modificaci\u00f3n del PAC de modo a que se pueda realizar la compra en la modalidad de Convenio Marco.&nbsp; Luego, clic en publicar PAC, el sistema asiginar\u00e1 un n\u00famero de PAC dato que debe guardar y le servir\u00e1 para los siguientes pasos y le aparecer\u00e1 el siguiente mensaje en verde<\/p>\n\n\n\n<figure class=\"wp-block-image size-large\"><img decoding=\"async\" src=\"https:\/\/www.contrataciones.gov.py\/PublishingImages\/Lists\/GuiasElectronicas\/AllItems\/Se%20ha%20publicado%20con%20exito.png\" alt=\"\"\/><\/figure>\n\n\n\n<p>Como \u00faltimo paso en PAC, debe ir al Buscador de PAC, buscar el ID que acaba de crear y hacer clic en el \u00edcono de Vincular\/Desvincular (en la&nbsp;imagen de clip).<\/p>\n\n\n\n<figure class=\"wp-block-image size-large\"><img decoding=\"async\" src=\"https:\/\/www.contrataciones.gov.py\/PublishingImages\/Lists\/GuiasElectronicas\/AllItems\/Vinculacion%20de%20PAC%20clip.png\" alt=\"\"\/><\/figure>\n\n\n\n<p>El sistema lo llevar\u00e1 a una pantalla en donde ver\u00e1 la lista de llamados de Convenio Marco activos, con sus respectivos ID. Estos ID corresponden a los llamados que realiz\u00f3 la DNCP.<\/p>\n\n\n\n<p>Debe hacer clic en el check del llamado al que desea vincular ese PAC. En el caso del ejemplo, de vinculamos el PAC en los Convenios Marco para la Adquisici\u00f3n de \u00fatiles de oficina y Adquisici\u00f3n de remas de papel con criterios de sostenibilidad.<\/p>\n\n\n\n<figure class=\"wp-block-image size-large\"><img decoding=\"async\" src=\"https:\/\/www.contrataciones.gov.py\/PublishingImages\/Lists\/GuiasElectronicas\/AllItems\/Vinculacion%20de%20PAC%20lista.png\" alt=\"\"\/><\/figure>\n\n\n\n<p>Al hacer clic en los convenios, aparecer\u00e1 el siguiente mensaje:<\/p>\n\n\n\n<figure class=\"wp-block-image size-large\"><img decoding=\"async\" src=\"https:\/\/www.contrataciones.gov.py\/PublishingImages\/Lists\/GuiasElectronicas\/AllItems\/llamado%20vinculado%20a%20PAC.png\" alt=\"\"\/><\/figure>\n\n\n\n<p>Este paso es muy importante y se realiza una sola vez por PAC. Si no realiza este paso, por m\u00e1s que tenga creado el PAC, cuando ingrese a la tienda, no podr\u00e1 agregar productos de este convenio a su carrito.\u200b<\/p>\n\n\n\n<p>Hasta aqu\u00ed, todo lo que respecta a PAC ya est\u00e1 completo. \u200bYa se enuentra listo para iniciar&nbsp;su compra en la Tienda Virtual.<\/p>\n","protected":false},"excerpt":{"rendered":"\u200b\u200bCreaci\u00f3n Para crear un PAC para Convenio Marco, Almacen de productos estrat\u00e9gicos, Compras&nbsp;\u200bConjuntas, etc., debe primeramente revisar que su usuario cuente con los perfiles correspondientes (en caso de que no sea el usuario administrador). Una vez logueado, debe ir al men\u00fa Planificaci\u00f3n \u2013 Programa Anual de Contrataciones (PAC) \u2013 PAC para Convenio Marco.&nbsp; El sistema [&hellip;]","protected":false},"author":13,"featured_media":0,"parent":2072,"menu_order":2,"comment_status":"closed","ping_status":"closed","template":"","meta":{"footnotes":""},"class_list":["post-2250","page","type-page","status-publish","hentry"],"_links":{"self":[{"href":"https:\/\/www.contrataciones.gov.py\/dncp\/wp-json\/wp\/v2\/pages\/2250","targetHints":{"allow":["GET"]}}],"collection":[{"href":"https:\/\/www.contrataciones.gov.py\/dncp\/wp-json\/wp\/v2\/pages"}],"about":[{"href":"https:\/\/www.contrataciones.gov.py\/dncp\/wp-json\/wp\/v2\/types\/page"}],"author":[{"embeddable":true,"href":"https:\/\/www.contrataciones.gov.py\/dncp\/wp-json\/wp\/v2\/users\/13"}],"replies":[{"embeddable":true,"href":"https:\/\/www.contrataciones.gov.py\/dncp\/wp-json\/wp\/v2\/comments?post=2250"}],"version-history":[{"count":39,"href":"https:\/\/www.contrataciones.gov.py\/dncp\/wp-json\/wp\/v2\/pages\/2250\/revisions"}],"predecessor-version":[{"id":17280,"href":"https:\/\/www.contrataciones.gov.py\/dncp\/wp-json\/wp\/v2\/pages\/2250\/revisions\/17280"}],"up":[{"embeddable":true,"href":"https:\/\/www.contrataciones.gov.py\/dncp\/wp-json\/wp\/v2\/pages\/2072"}],"wp:attachment":[{"href":"https:\/\/www.contrataciones.gov.py\/dncp\/wp-json\/wp\/v2\/media?parent=2250"}],"curies":[{"name":"wp","href":"https:\/\/api.w.org\/{rel}","templated":true}]}}