{"id":230,"date":"2023-04-18T09:05:24","date_gmt":"2023-04-18T13:05:24","guid":{"rendered":"https:\/\/www.contrataciones.gov.py\/dncp\/?page_id=230"},"modified":"2026-03-11T08:37:35","modified_gmt":"2026-03-11T11:37:35","slug":"230-2","status":"publish","type":"page","link":"https:\/\/www.contrataciones.gov.py\/dncp\/transparencia-informativa\/230-2\/","title":{"rendered":"\u00c9tica y Buen Gobierno Institucional"},"content":{"rendered":"\n<p><\/p>\n\n\n\n\r\n<div class=\"table-responsive\">\r\n<table class=\"table table-striped table-bordered table-hover\">\r\n\t<thead>\r\n\t  <tr>\r\n\t\t<th>Descripci\u00f3n<\/th>\r\n\t\t<th class=\"text-center\">Descarga<\/th>\r\n\t  <\/tr>\r\n\t<\/thead>\r\n\t<tbody>\r\n\t\t\t\t\t<tr>\r\n\t\t\t\t<td>MATRICES DE ACUERDOS Y COMPROMISOS \u00c9TICOS DEPENDENCIAS DNCP<\/td>\r\n\t\t\t\t<td class=\"center\"><p class=\"text-center\"><a target=\"blank\" href=\"https:\/\/www.contrataciones.gov.py\/t\/download\/InstitucionalTransparencia\/2283\"><i class=\"fa fa-download\"><\/i><\/a><\/p><\/td>\r\n\t\t\t\t\t<tr>\r\n\t\t\t\t<td>Conformaci\u00f3n Comit\u00e9 de Buen Gobierno DNCP<\/td>\r\n\t\t\t\t<td class=\"center\"><p class=\"text-center\"><a target=\"blank\" href=\"https:\/\/www.contrataciones.gov.py\/t\/download\/InstitucionalTransparencia\/2180\"><i class=\"fa fa-download\"><\/i><\/a><\/p><\/td>\r\n\t\t\t\t\t<tr>\r\n\t\t\t\t<td>Conformaci\u00f3n y Funciones Equipo de Alto Desempe\u00f1o en \u00c9tica<\/td>\r\n\t\t\t\t<td class=\"center\"><p class=\"text-center\"><a target=\"blank\" href=\"https:\/\/www.contrataciones.gov.py\/t\/download\/InstitucionalTransparencia\/1898\"><i class=\"fa fa-download\"><\/i><\/a><\/p><\/td>\r\n\t\t\t\t\t<tr>\r\n\t\t\t\t<td>Funciones_Comit\u00e9 de Buen Gobierno_Promotor de Buen Gobierno<\/td>\r\n\t\t\t\t<td class=\"center\"><p class=\"text-center\"><a target=\"blank\" href=\"https:\/\/www.contrataciones.gov.py\/t\/download\/InstitucionalTransparencia\/1893\"><i class=\"fa fa-download\"><\/i><\/a><\/p><\/td>\r\n\t\t\t\t\t<tr>\r\n\t\t\t\t<td>Conformaci\u00f3n y Funciones_Comit\u00e9 de \u00c9tica_Gerente de \u00c9tica_L\u00edder de \u00c9tica<\/td>\r\n\t\t\t\t<td class=\"center\"><p class=\"text-center\"><a target=\"blank\" href=\"https:\/\/www.contrataciones.gov.py\/t\/download\/InstitucionalTransparencia\/1767\"><i class=\"fa fa-download\"><\/i><\/a><\/p><\/td>\r\n\t\t\t\t\t<tr>\r\n\t\t\t\t<td>C\u00f3digo de Etica<\/td>\r\n\t\t\t\t<td class=\"center\"><p class=\"text-center\"><a target=\"blank\" href=\"https:\/\/www.contrataciones.gov.py\/t\/download\/InstitucionalTransparencia\/1279\"><i class=\"fa fa-download\"><\/i><\/a><\/p><\/td>\r\n\t\t\t\t\t<tr>\r\n\t\t\t\t<td>C\u00f3digo de Buen Gobierno <\/td>\r\n\t\t\t\t<td class=\"center\"><p class=\"text-center\"><a target=\"blank\" href=\"https:\/\/www.contrataciones.gov.py\/t\/download\/InstitucionalTransparencia\/1278\"><i class=\"fa fa-download\"><\/i><\/a><\/p><\/td>\r\n\t\t\t<\/tbody>\r\n<\/table>\n\n\n","protected":false},"excerpt":{"rendered":"","protected":false},"author":8,"featured_media":0,"parent":76,"menu_order":6,"comment_status":"closed","ping_status":"closed","template":"","meta":{"footnotes":""},"class_list":["post-230","page","type-page","status-publish","hentry"],"_links":{"self":[{"href":"https:\/\/www.contrataciones.gov.py\/dncp\/wp-json\/wp\/v2\/pages\/230","targetHints":{"allow":["GET"]}}],"collection":[{"href":"https:\/\/www.contrataciones.gov.py\/dncp\/wp-json\/wp\/v2\/pages"}],"about":[{"href":"https:\/\/www.contrataciones.gov.py\/dncp\/wp-json\/wp\/v2\/types\/page"}],"author":[{"embeddable":true,"href":"https:\/\/www.contrataciones.gov.py\/dncp\/wp-json\/wp\/v2\/users\/8"}],"replies":[{"embeddable":true,"href":"https:\/\/www.contrataciones.gov.py\/dncp\/wp-json\/wp\/v2\/comments?post=230"}],"version-history":[{"count":4,"href":"https:\/\/www.contrataciones.gov.py\/dncp\/wp-json\/wp\/v2\/pages\/230\/revisions"}],"predecessor-version":[{"id":10683,"href":"https:\/\/www.contrataciones.gov.py\/dncp\/wp-json\/wp\/v2\/pages\/230\/revisions\/10683"}],"up":[{"embeddable":true,"href":"https:\/\/www.contrataciones.gov.py\/dncp\/wp-json\/wp\/v2\/pages\/76"}],"wp:attachment":[{"href":"https:\/\/www.contrataciones.gov.py\/dncp\/wp-json\/wp\/v2\/media?parent=230"}],"curies":[{"name":"wp","href":"https:\/\/api.w.org\/{rel}","templated":true}]}}