{"id":2325,"date":"2023-04-28T16:06:01","date_gmt":"2023-04-28T20:06:01","guid":{"rendered":"https:\/\/www.contrataciones.gov.py\/dncp\/?page_id=2325"},"modified":"2025-03-04T09:12:45","modified_gmt":"2025-03-04T12:12:45","slug":"solicitud-de-cotizacion-pedidos","status":"publish","type":"page","link":"https:\/\/www.contrataciones.gov.py\/dncp\/guia-de-uso-tienda-virtual-para-uoc\/solicitud-de-cotizacion-pedidos\/","title":{"rendered":"Solicitud de cotizaci\u00f3n\/Pedidos"},"content":{"rendered":"\n<figure class=\"wp-block-image size-full\"><img loading=\"lazy\" decoding=\"async\" width=\"1920\" height=\"406\" src=\"https:\/\/www.contrataciones.gov.py\/dncp\/wp-content\/uploads\/2025\/03\/Solicitud-de-cotizacion-pedidos.jpg\" alt=\"\" class=\"wp-image-17284\" srcset=\"https:\/\/www.contrataciones.gov.py\/dncp\/wp-content\/uploads\/2025\/03\/Solicitud-de-cotizacion-pedidos.jpg 1920w, https:\/\/www.contrataciones.gov.py\/dncp\/wp-content\/uploads\/2025\/03\/Solicitud-de-cotizacion-pedidos-300x63.jpg 300w, https:\/\/www.contrataciones.gov.py\/dncp\/wp-content\/uploads\/2025\/03\/Solicitud-de-cotizacion-pedidos-1024x217.jpg 1024w, https:\/\/www.contrataciones.gov.py\/dncp\/wp-content\/uploads\/2025\/03\/Solicitud-de-cotizacion-pedidos-768x162.jpg 768w, https:\/\/www.contrataciones.gov.py\/dncp\/wp-content\/uploads\/2025\/03\/Solicitud-de-cotizacion-pedidos-1536x325.jpg 1536w\" sizes=\"auto, (max-width: 1920px) 100vw, 1920px\" \/><\/figure>\n\n\n\n<h3 class=\"wp-block-heading\"><strong>Ingreso a la Tienda Virtual<\/strong><\/h3>\n\n\n\n<p>\u200bPara comprar en la tienda virtual, las unidades compradoras deben ingresar a&nbsp;<strong>M\u00f3dulos &gt; Compras Virtuales &gt; Tienda Virtual.<\/strong><\/p>\n\n\n\n<figure class=\"wp-block-image size-large\"><img decoding=\"async\" src=\"https:\/\/www.contrataciones.gov.py\/PublishingImages\/Lists\/GuiasElectronicas\/AllItems\/Ingreso%20a%20tienda.png\" alt=\"\"\/><\/figure>\n\n\n\n<p>O bien, puede ingresar directamente a trav\u00e9s del Portal P\u00fablico,&nbsp;clicando en<strong>&nbsp;Licitaciones &gt; Tienda Virtual.<\/strong><\/p>\n\n\n\n<figure class=\"wp-block-image size-large\"><img decoding=\"async\" src=\"https:\/\/www.contrataciones.gov.py\/PublishingImages\/Lists\/GuiasElectronicas\/AllItems\/Ingreso%20a%20tienda%20portal.png\" alt=\"\"\/><\/figure>\n\n\n\n<p>El sistema lo llevar\u00e1 a la siguiente pantalla. Aqu\u00ed deber\u00e1 hacer clic en&nbsp;<strong>Iniciar Sesi\u00f3n&nbsp;<\/strong>en la esquina superior izquierda e ingresar el usuario que normalmente utiliza para el SICP:<\/p>\n\n\n\n<figure class=\"wp-block-image size-large\"><img decoding=\"async\" src=\"https:\/\/www.contrataciones.gov.py\/PublishingImages\/Lists\/GuiasElectronicas\/AllItems\/Vista%20Tienda.png\" alt=\"\"\/><\/figure>\n\n\n\n<p>El sistema lo llevar\u00e1 a la pantalla de ingreso al sistema:<\/p>\n\n\n\n<figure class=\"wp-block-image size-large\"><img decoding=\"async\" src=\"https:\/\/www.contrataciones.gov.py\/PublishingImages\/Lists\/GuiasElectronicas\/AllItems\/Logeo%20SICP.png\" alt=\"\"\/><\/figure>\n\n\n\n<p>Luego, el sistema lo llevar\u00e1 nuevamente a la Tienda Virtual y aparecer\u00e1 su nombre de usuario en la arte superior central de la pantalla.<\/p>\n\n\n\n<figure class=\"wp-block-image size-large\"><img decoding=\"async\" src=\"https:\/\/www.contrataciones.gov.py\/PublishingImages\/Lists\/GuiasElectronicas\/AllItems\/Tienda%20Logueado.png\" alt=\"\"\/><\/figure>\n\n\n\n<p>Aqu\u00ed, podr\u00e1 navegar de distintas maneras para encontrar los productos que necesita comprar. La primera opci\u00f3n es a trav\u00e9s de la barra de men\u00fa, en la opci\u00f3n de&nbsp;<strong>PRODUCTOS.&nbsp;<\/strong>Al hacer clic aqu\u00ed, se desplegar\u00e1 una serie de Categor\u00edas de productos y sus respectivas subcategor\u00edas. Este orden podr\u00eda eventualmente sufrir cambios, ya que se va clasificando de acuerdo a los productos que se van incorporando a la Tienda.<\/p>\n\n\n\n<figure class=\"wp-block-image size-large\"><img decoding=\"async\" src=\"https:\/\/www.contrataciones.gov.py\/PublishingImages\/Lists\/GuiasElectronicas\/AllItems\/Clasificacion%20de%20productos1.png\" alt=\"\"\/><\/figure>\n\n\n\n<p>Con esta opci\u00f3n, se podr\u00eda navegar en cada categor\u00eda y sub categor\u00eda hasta encontrar los productos de necesidad. O bien, se podr\u00eda utilizar el Buscador de cat\u00e1logo disponible en el margen superior derecho. En el ejemplo, buscaremos bol\u00edgrafo azul y otros \u00fatiles de oficina:<\/p>\n\n\n\n<figure class=\"wp-block-image size-large\"><img decoding=\"async\" src=\"https:\/\/www.contrataciones.gov.py\/PublishingImages\/Lists\/GuiasElectronicas\/AllItems\/Buscador%20Tienda%20virtual.png\" alt=\"\"\/><\/figure>\n\n\n\n<figure class=\"wp-block-image size-large\"><img decoding=\"async\" src=\"https:\/\/www.contrataciones.gov.py\/PublishingImages\/Lists\/GuiasElectronicas\/AllItems\/elementos%20de%20Tienda.png\" alt=\"\"\/><\/figure>\n\n\n\n<p>A continuaci\u00f3n, una explicaci\u00f3n de los componentes de la nueva vista de los productos.<\/p>\n\n\n\n<figure class=\"wp-block-image size-large\"><img decoding=\"async\" src=\"https:\/\/www.contrataciones.gov.py\/PublishingImages\/Lists\/GuiasElectronicas\/AllItems\/descripcion%20de%20elementos%20de%20Tienda.png\" alt=\"\"\/><\/figure>\n","protected":false},"excerpt":{"rendered":"Ingreso a la Tienda Virtual \u200bPara comprar en la tienda virtual, las unidades compradoras deben ingresar a&nbsp;M\u00f3dulos &gt; Compras Virtuales &gt; Tienda Virtual. O bien, puede ingresar directamente a trav\u00e9s del Portal P\u00fablico,&nbsp;clicando en&nbsp;Licitaciones &gt; Tienda Virtual. El sistema lo llevar\u00e1 a la siguiente pantalla. Aqu\u00ed deber\u00e1 hacer clic en&nbsp;Iniciar Sesi\u00f3n&nbsp;en la esquina superior izquierda [&hellip;]","protected":false},"author":13,"featured_media":0,"parent":2072,"menu_order":3,"comment_status":"closed","ping_status":"closed","template":"","meta":{"footnotes":""},"class_list":["post-2325","page","type-page","status-publish","hentry"],"_links":{"self":[{"href":"https:\/\/www.contrataciones.gov.py\/dncp\/wp-json\/wp\/v2\/pages\/2325","targetHints":{"allow":["GET"]}}],"collection":[{"href":"https:\/\/www.contrataciones.gov.py\/dncp\/wp-json\/wp\/v2\/pages"}],"about":[{"href":"https:\/\/www.contrataciones.gov.py\/dncp\/wp-json\/wp\/v2\/types\/page"}],"author":[{"embeddable":true,"href":"https:\/\/www.contrataciones.gov.py\/dncp\/wp-json\/wp\/v2\/users\/13"}],"replies":[{"embeddable":true,"href":"https:\/\/www.contrataciones.gov.py\/dncp\/wp-json\/wp\/v2\/comments?post=2325"}],"version-history":[{"count":19,"href":"https:\/\/www.contrataciones.gov.py\/dncp\/wp-json\/wp\/v2\/pages\/2325\/revisions"}],"predecessor-version":[{"id":17292,"href":"https:\/\/www.contrataciones.gov.py\/dncp\/wp-json\/wp\/v2\/pages\/2325\/revisions\/17292"}],"up":[{"embeddable":true,"href":"https:\/\/www.contrataciones.gov.py\/dncp\/wp-json\/wp\/v2\/pages\/2072"}],"wp:attachment":[{"href":"https:\/\/www.contrataciones.gov.py\/dncp\/wp-json\/wp\/v2\/media?parent=2325"}],"curies":[{"name":"wp","href":"https:\/\/api.w.org\/{rel}","templated":true}]}}