{"id":2368,"date":"2023-04-28T16:35:08","date_gmt":"2023-04-28T20:35:08","guid":{"rendered":"https:\/\/www.contrataciones.gov.py\/dncp\/?page_id=2368"},"modified":"2025-03-04T09:22:05","modified_gmt":"2025-03-04T12:22:05","slug":"guia-para-acta-de-apertura-electronica","status":"publish","type":"page","link":"https:\/\/www.contrataciones.gov.py\/dncp\/guia-para-acta-de-apertura-electronica\/guia-para-acta-de-apertura-electronica\/","title":{"rendered":"Gu\u00eda para Acta de Apertura Electr\u00f3nica"},"content":{"rendered":"\n<figure class=\"wp-block-image size-full\"><img loading=\"lazy\" decoding=\"async\" width=\"1920\" height=\"406\" src=\"https:\/\/www.contrataciones.gov.py\/dncp\/wp-content\/uploads\/2025\/03\/Acta-de-apertura-electronica.jpg\" alt=\"\" class=\"wp-image-17296\" srcset=\"https:\/\/www.contrataciones.gov.py\/dncp\/wp-content\/uploads\/2025\/03\/Acta-de-apertura-electronica.jpg 1920w, https:\/\/www.contrataciones.gov.py\/dncp\/wp-content\/uploads\/2025\/03\/Acta-de-apertura-electronica-300x63.jpg 300w, https:\/\/www.contrataciones.gov.py\/dncp\/wp-content\/uploads\/2025\/03\/Acta-de-apertura-electronica-1024x217.jpg 1024w, https:\/\/www.contrataciones.gov.py\/dncp\/wp-content\/uploads\/2025\/03\/Acta-de-apertura-electronica-768x162.jpg 768w, https:\/\/www.contrataciones.gov.py\/dncp\/wp-content\/uploads\/2025\/03\/Acta-de-apertura-electronica-1536x325.jpg 1536w\" sizes=\"auto, (max-width: 1920px) 100vw, 1920px\" \/><\/figure>\n\n\n\n<p>La presente gu\u00eda ser\u00e1 utilizada<br>para procedimientos convencionales y los realizados a trav\u00e9s de subasta a la<br>baja electr\u00f3nica,&nbsp;precalificaci\u00f3n<br>y aquellos procedimientos de contrataci\u00f3n que cuenten con ofertas electr\u00f3nicas.<\/p>\n\n\n\n<p>Las convocantes deber\u00e1n<br>seguir lo\u200b\u200bs pasos indicados en el presente documento para generar el Acta de<br>Apertura Electr\u00f3nica a ser comunicada posteriormente a la DNCP, de conformidad<br>a lo establecido en la reglamentaci\u00f3n pertinente.<\/p>\n\n\n\n<p><strong>&nbsp; &nbsp;a)&nbsp;Para procedimientos llevados a cabo por la modalidad convencional o<br>Subasta a la Baja Electr\u00f3nica:\u200b\u200b<\/strong><\/p>\n\n\n\n<p>&nbsp;&nbsp;<strong>&nbsp;1.&nbsp;<\/strong>El funcionario encargado de<br>presidir el acto de apertura de ofertas deber\u00e1 ingresar con usuario y<br>contrase\u00f1a al portal de contrataciones p\u00fablicas&nbsp;<a href=\"http:\/\/www.contrataciones.gov.py\/\">www.contrataciones.gov.py<\/a><\/p>\n\n\n\n<figure class=\"wp-block-image size-large\"><img decoding=\"async\" src=\"https:\/\/static.dncp.gov.py\/PublishingImages\/Lists\/GuiasElectronicas\/AllItems\/acta_electronica_1.jpg\" alt=\"\"\/><\/figure>\n\n\n\n<p>Este usuario deber\u00e1 ser uno v\u00e1lido y activo del SICP,&nbsp;<\/p>\n\n\n\n<p>\u2013&nbsp;&nbsp;&nbsp;&nbsp;&nbsp;&nbsp;&nbsp;&nbsp;&nbsp; Usuario&nbsp;<strong>administrador<br>de la cuenta UOC<\/strong>, o<\/p>\n\n\n\n<p>\u2013&nbsp;&nbsp;&nbsp;&nbsp;&nbsp;&nbsp;&nbsp;&nbsp;&nbsp; Usuario<br>con&nbsp;<strong>perfiles asignados<\/strong>&nbsp;por el responsable de la UOC.<\/p>\n\n\n\n<p>\u200b<\/p>\n\n\n\n<p>En el caso del acta apertura de ofertas<br>electr\u00f3nica se cuenta con el &nbsp;siguiente perfil:<\/p>\n\n\n\n<p><strong><em>\u2013<br>Perfil de administrador de acta de apertura electr\u00f3nica<\/em><\/strong>:&nbsp;para llevar a cabo todas las acciones que interesan<br>al acta de apertura de ofertas.<\/p>\n\n\n\n<p>\u200b<\/p>\n\n\n\n<p>&nbsp; &nbsp;<strong>2.&nbsp;<\/strong>Una vez autenticado,<br>ingresar\u00e1 al m\u00f3dulo&nbsp;<strong><em>Procesos: Llamados-B\u00fasqueda de llamados,&nbsp;<\/em><\/strong>donde deber\u00e1 completar<br>con el n\u00famero de ID correspondiente al procedimiento y el sistema filtrar\u00e1 el<br>resultado de la b\u00fasqueda:<\/p>\n\n\n\n<figure class=\"wp-block-image size-large\"><img decoding=\"async\" src=\"https:\/\/static.dncp.gov.py\/PublishingImages\/Lists\/GuiasElectronicas\/AllItems\/acta_electronica_2.jpg\" alt=\"\"\/><\/figure>\n\n\n\n<p>&nbsp; &nbsp;<strong>3.&nbsp;<\/strong>Identificado el<br>procedimiento de contrataci\u00f3n, deber\u00e1n ingresar al \u00edcono del sobre<\/p>\n\n\n\n<p>para proceder a cargar los datos en el acta de<br>apertura. Es importante mencionar que el \u00edcono se\u00f1alado en la imagen anterior<br>solamente podr\u00e1 ser visualizado llegado el d\u00eda y la hora de apertura de ofertas<br>seg\u00fan los datos indicados en el SICP.<\/p>\n\n\n\n<p>&nbsp;&nbsp;<strong>&nbsp;4.&nbsp;<\/strong>El formulario desplegado contendr\u00e1<br>los datos relevantes del procedimiento, por lo que el funcionario encargado<br>\u00fanicamente deber\u00e1 llenar con los campos requeridos, de acuerdo al siguiente<br>detalle:<\/p>\n\n\n\n<figure class=\"wp-block-image size-large\"><img decoding=\"async\" src=\"https:\/\/static.dncp.gov.py\/PublishingImages\/Lists\/GuiasElectronicas\/AllItems\/acta_electronica_3.jpg\" alt=\"\"\/><\/figure>\n\n\n\n<p>Es importante mencionar los siguientes campos y su llenado:<\/p>\n\n\n\n<ul class=\"wp-block-list\">\n<li><strong>Funcionario que preside<\/strong>: es un campo que no puede quedar en blanco y debe cargarse el nombre de la persona que preside el acto, ya sea el titular de la UOC o el funcionario designado por el mismo.<\/li>\n<\/ul>\n\n\n\n<p><em>Observaci\u00f3n:<\/em><em>&nbsp;cuando se trate de un procedimiento que emplea el m\u00f3dulo de ofertas electr\u00f3nicas se debe indicar el nombre de la persona que preside el acto y su usuario correspondiente.<\/em><\/p>\n\n\n\n<ul class=\"wp-block-list\">\n<li><em><\/em><strong>Funcionarios de la convocante que acompa\u00f1an:<\/strong>&nbsp;indicar el nombre de los dem\u00e1s funcionarios que acompa\u00f1an el acto, sean de la UOC o de otra dependencia. Se debe verificar que se ingrese un valor antes de imprimir el acta.<\/li>\n<\/ul>\n\n\n\n<p><em>Observaci\u00f3n:&nbsp;cuando se trate de un procedimiento que emplea el m\u00f3dulo de ofertas electr\u00f3nicas se debe indicar el nombre de los dem\u00e1s funcionarios que acompa\u00f1an el acto y sus usuarios correspondientes.<\/em><\/p>\n\n\n\n<p><strong>&nbsp;<\/strong><strong>5.&nbsp;<\/strong>Continuando con la carga de los datos durante el Acto de apertura, en el campo de&nbsp;<strong>OBSERVACIONES DE LOS OFERENTES\/OTROS DETALLES<\/strong>,&nbsp;se deber\u00e1 completar con el\/los nombre\/s del\/los representante\/s de el\/los oferentes\/s debidamente identificado\/s y acreditado\/s que participar\u00e1n del acto de apertura de ofertas.<\/p>\n\n\n\n<p>Este apartado sirve para acotar todas las observaciones que realicen los oferentes durante el acto de apertura.\u200b<\/p>\n\n\n\n<p>\u200b\u200bTambi\u00e9n se encuentra disponible el apartado:&nbsp;<strong>OBSERVACIONES DE TERCEROS,&nbsp;<\/strong>en el mismo se deben indicar todas las observaciones que pertenezcan a terceras personas (no oferentes) que participen del acto de apertura.<\/p>\n\n\n\n<figure class=\"wp-block-image size-large\"><img decoding=\"async\" src=\"https:\/\/static.dncp.gov.py\/PublishingImages\/Lists\/GuiasElectronicas\/AllItems\/acta_electronica_4.jpg\" alt=\"\"\/><\/figure>\n\n\n\n<p><strong>6.&nbsp;<\/strong>Avanzando con la carga de los datos en el acto de apertura, el siguiente apartado cuenta con dos pesta\u00f1as identificadas como:<\/p>\n\n\n\n<ul class=\"wp-block-list\">\n<li><strong>Ofertas Abiertas:<\/strong>&nbsp;en esta pesta\u00f1a se deber\u00e1 realizar la carga de las ofertas presentadas por los oferentes en la fecha y hora establecidas en las bases de la contrataci\u00f3n.<\/li>\n\n\n\n<li><strong>Ofertas No abiertas:<\/strong>&nbsp;en este apartado, se cargar\u00e1n las ofertas presentadas pero que &nbsp;por alg\u00fan motivo no ser\u00e1n abiertas. Ejemplo: las ofertas presentadas fuera del plazo establecido.<\/li>\n<\/ul>\n\n\n\n<p>\u200bEn este apartado la<br>convocante tendr\u00e1 la opci\u00f3n de&nbsp;<strong>\u201cAGREGAR<br>OFERENTE\u201d,&nbsp;<\/strong>y se desplegar\u00e1 una tabla en la cual se deber\u00e1 completar con los<br>datos requeridos.<\/p>\n\n\n\n<p>&nbsp;&nbsp;<strong>&nbsp;7.&nbsp;<\/strong>Datos requeridos para la identificaci\u00f3n de las ofertas:<\/p>\n\n\n\n<p><strong>&nbsp; &nbsp; &nbsp; 7.1.&nbsp;RUC:<\/strong>&nbsp;se deber\u00e1 completar con el RUC del oferente, en caso de que el mismo ya se encuentre registrado en el SIPE, los datos ser\u00e1n autocompletados por el sistema, caso contrario, la carga deber\u00e1 ser manual.<\/p>\n\n\n\n<p><strong>&nbsp; &nbsp; &nbsp; 7.2. Tipo de Solicitud:<\/strong>&nbsp;el sistema desplegar\u00e1 unas opciones que deber\u00e1 ser seleccionada de acuerdo a la situaci\u00f3n particular de la oferta, pudiendo entre las opciones indicar cuanto sigue:<\/p>\n\n\n\n<p><strong>&nbsp; &nbsp; &nbsp; &nbsp; &nbsp; 7.2.1.&nbsp;Oferta sin solicitud:<\/strong>&nbsp;cuando la oferta no tenga solicitud de retiro, modificaci\u00f3n o sustituci\u00f3n.<\/p>\n\n\n\n<p><strong>&nbsp; &nbsp; &nbsp; &nbsp;&nbsp;&nbsp; 7.2.2.&nbsp;Oferta con solicitud de modificaci\u00f3n:&nbsp;<\/strong>se abrir\u00e1n y leer\u00e1n en voz alta con la oferta correspondiente (dicha solicitud ser\u00e1 recibida por la convocante antes del plazo l\u00edmite establecido para la presentaci\u00f3n de las ofertas).<\/p>\n\n\n\n<p><strong>&nbsp; &nbsp; &nbsp;&nbsp; &nbsp;&nbsp; 7.2.3.&nbsp;Oferta con solicitud de sustituci\u00f3n:&nbsp;<\/strong>se leer\u00e1 en voz alta y se intercambiar\u00e1 con la oferta correspondiente que est\u00e1 siendo sustituida; la oferta sustituida no se abrir\u00e1 y se devolver\u00e1 al oferente remitente (dicha solicitud ser\u00e1 recibida por la convocante antes del plazo l\u00edmite establecido para la presentaci\u00f3n de las ofertas).<\/p>\n\n\n\n<figure class=\"wp-block-image size-large\"><img decoding=\"async\" src=\"https:\/\/static.dncp.gov.py\/PublishingImages\/Lists\/GuiasElectronicas\/AllItems\/acta_electronica_5.jpg\" alt=\"\"\/><\/figure>\n\n\n\n<figure class=\"wp-block-image size-large\"><img decoding=\"async\" src=\"https:\/\/static.dncp.gov.py\/PublishingImages\/Lists\/GuiasElectronicas\/AllItems\/acta_electronica_6.jpg\" alt=\"\"\/><\/figure>\n\n\n\n<p><strong>&nbsp; &nbsp; 7.3.&nbsp;Precio total de la oferta:<\/strong>&nbsp;indicar el monto ofertado, en el caso de que el sistema de adjudicaci\u00f3n sea por \u00edtems o lotes, se deber\u00e1 indicar la sumatoria de lo ofertado.<\/p>\n\n\n\n<p><strong>&nbsp; &nbsp; &nbsp; 7.4.&nbsp;Documentos sustanciales:<\/strong>&nbsp;en este apartado de la carga se deber\u00e1n indicar las documentaciones sustanciales presentadas en la oferta, tales como: formulario de oferta debidamente firmado, Declaraci\u00f3n Jurada del Art. 40, Garant\u00eda de Mantenimiento de Ofertas.<\/p>\n\n\n\n<p><strong>&nbsp; &nbsp; &nbsp; 7.5. Tipo de Garant\u00eda:<\/strong>&nbsp;al llegar al apartado de Garant\u00eda, la misma desplegar\u00e1 una lista con las siguientes opciones, debiendo seleccionar la opci\u00f3n acorde a lo presentado por el oferente con su oferta:<\/p>\n\n\n\n<p><strong>&nbsp; &nbsp; &nbsp; &nbsp; &nbsp; 7.5.1.&nbsp;P\u00f3liza de Seguro:<\/strong>&nbsp;al seleccionar esta opci\u00f3n se deber\u00e1n completar los campos de empresa aseguradora, monto total asegurado y vigencia de la p\u00f3liza. En el campo de empresa aseguradora desplegar\u00e1 una lista de aseguradoras registradas en la Superintendencia de Seguros, facilitando la carga.<\/p>\n\n\n\n<p><strong>&nbsp; &nbsp; &nbsp; &nbsp;&nbsp;&nbsp; 7.5.2.&nbsp;Garant\u00eda Bancaria:<\/strong>&nbsp;seleccionar el tipo de Banco, que al igual al punto anterior, desplegar\u00e1 una lista de los Bancos habilitados por el Banco Central del Paraguay, adem\u00e1s se deber\u00e1 indicar el monto total asegurado y la vigencia de la misma.<\/p>\n\n\n\n<p><strong>&nbsp; &nbsp; &nbsp;&nbsp; &nbsp;&nbsp; 7.5.3.&nbsp;Declaraci\u00f3n Jurada:<\/strong>&nbsp;al seleccionar esta opci\u00f3n el sistema \u00fanicamente le requerir\u00e1 la carga del monto total de la oferta.<\/p>\n\n\n\n<figure class=\"wp-block-image size-large\"><img decoding=\"async\" src=\"https:\/\/static.dncp.gov.py\/PublishingImages\/Lists\/GuiasElectronicas\/AllItems\/acta_electronica_7.jpg\" alt=\"\"\/><\/figure>\n\n\n\n<p><strong>&nbsp; &nbsp;&nbsp;7.6.&nbsp;Vigencia de la p\u00f3liza:<\/strong>&nbsp;en este punto se deber\u00e1 ingresar la fecha de inicio y fin de la vigencia de la p\u00f3liza,<br>permitiendo que el sistema autom\u00e1ticamente arroje los d\u00edas corridos.<\/p>\n\n\n\n<figure class=\"wp-block-image size-large\"><img decoding=\"async\" src=\"https:\/\/static.dncp.gov.py\/PublishingImages\/Lists\/GuiasElectronicas\/AllItems\/acta_electronica_8.jpg\" alt=\"\"\/><\/figure>\n\n\n\n<p><strong>7.7.&nbsp;P\u00e1ginas foliadas:<\/strong>&nbsp;en este apartado, se deber\u00e1 detallar la cantidad de fojas con que cuenta la oferta,<br>pudiendo incluso ingresar \u201c0\u201d (cero), para aquellos casos en que las ofertas no<br>se encuentren foliadas.<\/p>\n\n\n\n<p><strong>&nbsp; &nbsp; &nbsp; 7.8.&nbsp;N\u00b0 de Constancia SIPE:<\/strong>&nbsp;en caso de que el oferente haya presentado su constancia de SIPE, en este apartado se deber\u00e1 indicar el n\u00famero de constancia presentada, el sistema validar\u00e1 la existencia y validez de la misma.<\/p>\n\n\n\n<p><strong>&nbsp; &nbsp; &nbsp; 7.9.&nbsp;Muestras:<\/strong>&nbsp;en caso de que haya sido requerida la presentaci\u00f3n de muestras de acuerdo a lo dispuesto en las bases de la contrataci\u00f3n, se deber\u00e1 indicar en este apartado si el oferente ha presentado las mismas.<\/p>\n\n\n\n<p>&nbsp;<strong>&nbsp;&nbsp;8.&nbsp;<\/strong><strong>Cuando la oferta provenga de oferentes en Consorcio:&nbsp;<\/strong>el funcionario deber\u00e1 en el apartado de \u201cAgregar Oferentes\u00bb identificar que la oferta proviene de un consorcio, pudiendo darse las siguientes situaciones:<\/p>\n\n\n\n<p><strong>&nbsp; &nbsp; &nbsp; 8.1.&nbsp;Consorcio inscripto en el SIPE:<\/strong>&nbsp;si el oferente es un consorcio y tiene inscripci\u00f3n en el SIPE, en el mismo ya se podr\u00e1 visualizar a los miembros integrantes del mismo.<\/p>\n\n\n\n<p><strong>&nbsp; &nbsp; &nbsp; 8.2.&nbsp;Consorcio sin inscripci\u00f3n en el SIPE:<\/strong>&nbsp;cuando el consorcio no se encuentre inscripto en el SIPE, el funcionario deber\u00e1 proceder a la carga de cada uno de los miembros integrantes del mismo.<\/p>\n\n\n\n<figure class=\"wp-block-image size-large\"><img decoding=\"async\" src=\"https:\/\/static.dncp.gov.py\/PublishingImages\/Lists\/GuiasElectronicas\/AllItems\/acta_electronica_9.jpg\" alt=\"\"\/><\/figure>\n\n\n\n<p><strong>&nbsp;9.&nbsp;<\/strong>Una vez finalizada la carga de todos los oferentes participantes del acto de apertura, la convocante deber\u00e1 verificar y completar en los campos necesarios para la finalizaci\u00f3n de acto de apertura y procediendo a darle clic en el bot\u00f3n de \u00abGRABAR\u00bb, para que el sistema proceda a la guarda de los datos cargados.<\/p>\n\n\n\n<p>&nbsp;&nbsp;<strong>&nbsp;10.&nbsp;<\/strong>Finalmente podr\u00e1 dar la opci\u00f3n de&nbsp; <em><strong>\u00abIMPRIMIR ACTA<\/strong><\/em>\u00ab, a trav\u00e9s del cual el sistema generar\u00e1 un archivo en formato PDF, conteniendo los datos ingresados.&nbsp;<\/p>\n\n\n\n<p>&nbsp;&nbsp;<strong>&nbsp;11.&nbsp;<\/strong>La convocante deber\u00e1 imprimir el Acta generado, proceder a la firma del mismo por los responsables y todos los presentes, para su comunicaci\u00f3n a trav\u00e9s del SICP, en el plazo m\u00e1ximo de dos d\u00edas h\u00e1biles, desde la finalizaci\u00f3n del acto, de conformidad a lo dispuesto en la reglamentaci\u00f3n vigente, de manera a que el mismo sea puesto a disposici\u00f3n de los interesados.\u200b<\/p>\n\n\n\n<p>&nbsp;&nbsp;<strong>&nbsp;12.&nbsp;<\/strong>Para la publicaci\u00f3n del Acta a trav\u00e9s del SICP, la convocante deber\u00e1, en el apartado de \u201c<strong>SUBIR ARCHIVO ACTA DE APERTURA\u201d<\/strong> adjuntar el acta firmada y escaneada y le aparecer\u00e1 el siguiente mensaje:<\/p>\n\n\n\n<figure class=\"wp-block-image size-large\"><img decoding=\"async\" src=\"https:\/\/static.dncp.gov.py\/PublishingImages\/Lists\/GuiasElectronicas\/AllItems\/acta_electronica_10.jpg\" alt=\"\"\/><\/figure>\n\n\n\n<p>Una vez que la convocante suba el<strong>&nbsp;ACTA DE APERTURA,&nbsp;<\/strong>tendr\u00e1 estado&nbsp;<strong>P\u00daBLICO&nbsp;<\/strong>y ya no podr\u00e1 ser modificado.<\/p>\n\n\n\n<p><strong>&nbsp; &nbsp;13.&nbsp;Adjuntar Otros Documentos:&nbsp;<\/strong>La convocante podr\u00e1 adjuntar otros documentos que a su criterio considere pertinente de manera a complementar el acta de apertura de ofertas.<\/p>\n\n\n\n<p><strong>&nbsp; &nbsp;b)&nbsp;Acta de apertura de ofertas digital para ofertas electr\u00f3nicas:<\/strong>\u200b<\/p>\n\n\n\n<p>&nbsp; &nbsp;<strong>1.&nbsp;<\/strong>Se repite el paso 1 del \u201cinciso a\u201d de esta gu\u00eda para el ingreso al SICP y posteriormente deber\u00e1 hacer<br>clic en el apartado de Ofertas Electr\u00f3nicas.<\/p>\n\n\n\n<p>En el caso del acta apertura de ofertas electr\u00f3nica se cuenta con el &nbsp;siguiente perfil:<\/p>\n\n\n\n<p><strong><em>\u2013<br>Perfil de administrador de acta de apertura electr\u00f3nica<\/em><\/strong>:&nbsp;para llevar a cabo todas las acciones que interesan<br>al acta de apertura de ofertas.<\/p>\n\n\n\n<figure class=\"wp-block-image size-large\"><img decoding=\"async\" src=\"https:\/\/static.dncp.gov.py\/PublishingImages\/Lists\/GuiasElectronicas\/AllItems\/acta_electronica_11.jpg\" alt=\"\"\/><\/figure>\n\n\n\n<p><strong>2.&nbsp;<\/strong>El sistema se dirigir\u00e1 al m\u00f3dulo de ofertas electr\u00f3nicas en la cual se podr\u00e1n visualizar las convocatorias,<br>identificando la licitaci\u00f3n de su inter\u00e9s. Posteriormente en la columna de<strong>&nbsp;Acciones<\/strong>&nbsp;se desplegar\u00e1 la lista de opciones haciendo clic en el bot\u00f3n&nbsp;<strong>Ver Convocatoria.<\/strong><\/p>\n\n\n\n<figure class=\"wp-block-image size-large\"><img decoding=\"async\" src=\"https:\/\/static.dncp.gov.py\/PublishingImages\/Lists\/GuiasElectronicas\/AllItems\/acta_electronica_12.jpg\" alt=\"\"\/><\/figure>\n\n\n\n<p><strong>3. Recepci\u00f3n y Apertura de Ofertas electr\u00f3nicas<\/strong><\/p>\n\n\n\n<p>Recordemos que en la fecha y hora previstas para la entrega y apertura de ofertas, podr\u00e1 visualizar el bot\u00f3n&nbsp;<strong>Abrir Ofertas<\/strong>, el cual debe seleccionar para proceder a la apertura de las ofertas electr\u00f3nicas presentadas.<\/p>\n\n\n\n<p><\/p>\n\n\n\n<figure class=\"wp-block-image size-large\"><img decoding=\"async\" src=\"https:\/\/static.dncp.gov.py\/PublishingImages\/Lists\/GuiasElectronicas\/AllItems\/acta_electronica_13.jpg\" alt=\"\"\/><\/figure>\n\n\n\n<p><strong>4.&nbsp;<\/strong>Una vez que haya confirmado el inicio del acto de apertura de ofertas, se&nbsp;<strong>inicia autom\u00e1ticamente el c\u00f3mputo de 1 (una) hora para la revisi\u00f3n de las ofertas recibidas.<\/strong><\/p>\n\n\n\n<p>&nbsp;&nbsp;<strong>&nbsp;5.&nbsp;<\/strong>El fin del plazo de revisi\u00f3n se mostrar\u00e1 en la secci\u00f3n de&nbsp;<strong>Plazo para Observaciones<\/strong>, en la casilla de&nbsp;<strong>Fecha Tope para Observaciones.<\/strong><\/p>\n\n\n\n<p><strong><\/strong>&nbsp;&nbsp;<strong>&nbsp;6.&nbsp;<\/strong>Posteriormente al c\u00f3mputo de 1 (una) hora, aparecer\u00e1 el bot\u00f3n para la redacci\u00f3n del acta de apertura y el sistema desplegar\u00e1 el siguiente formulario:<br><\/p>\n\n\n\n<figure class=\"wp-block-image size-large\"><img decoding=\"async\" src=\"https:\/\/static.dncp.gov.py\/PublishingImages\/Lists\/GuiasElectronicas\/AllItems\/acta_electronica_14.jpg\" alt=\"\"\/><\/figure>\n\n\n\n<p><strong>7.&nbsp;<\/strong>Al hacer clic en el icono de&nbsp;<strong>Acta de Apertura<\/strong>, se despliega la misma con los datos del llamado y de las ofertas<br>recibidas en el m\u00f3dulo de ofertas electr\u00f3nicas.<\/p>\n\n\n\n<p><br><\/p>\n\n\n\n<figure class=\"wp-block-image size-large\"><img decoding=\"async\" src=\"https:\/\/static.dncp.gov.py\/PublishingImages\/Lists\/GuiasElectronicas\/AllItems\/acta_electronica_15.jpg\" alt=\"\"\/><\/figure>\n","protected":false},"excerpt":{"rendered":"La presente gu\u00eda ser\u00e1 utilizadapara procedimientos convencionales y los realizados a trav\u00e9s de subasta a labaja electr\u00f3nica,&nbsp;precalificaci\u00f3ny aquellos procedimientos de contrataci\u00f3n que cuenten con ofertas electr\u00f3nicas. Las convocantes deber\u00e1nseguir lo\u200b\u200bs pasos indicados en el presente documento para generar el Acta deApertura Electr\u00f3nica a ser comunicada posteriormente a la DNCP, de conformidada lo establecido en la [&hellip;]","protected":false},"author":13,"featured_media":0,"parent":2365,"menu_order":0,"comment_status":"closed","ping_status":"closed","template":"","meta":{"footnotes":""},"class_list":["post-2368","page","type-page","status-publish","hentry"],"_links":{"self":[{"href":"https:\/\/www.contrataciones.gov.py\/dncp\/wp-json\/wp\/v2\/pages\/2368","targetHints":{"allow":["GET"]}}],"collection":[{"href":"https:\/\/www.contrataciones.gov.py\/dncp\/wp-json\/wp\/v2\/pages"}],"about":[{"href":"https:\/\/www.contrataciones.gov.py\/dncp\/wp-json\/wp\/v2\/types\/page"}],"author":[{"embeddable":true,"href":"https:\/\/www.contrataciones.gov.py\/dncp\/wp-json\/wp\/v2\/users\/13"}],"replies":[{"embeddable":true,"href":"https:\/\/www.contrataciones.gov.py\/dncp\/wp-json\/wp\/v2\/comments?post=2368"}],"version-history":[{"count":40,"href":"https:\/\/www.contrataciones.gov.py\/dncp\/wp-json\/wp\/v2\/pages\/2368\/revisions"}],"predecessor-version":[{"id":17300,"href":"https:\/\/www.contrataciones.gov.py\/dncp\/wp-json\/wp\/v2\/pages\/2368\/revisions\/17300"}],"up":[{"embeddable":true,"href":"https:\/\/www.contrataciones.gov.py\/dncp\/wp-json\/wp\/v2\/pages\/2365"}],"wp:attachment":[{"href":"https:\/\/www.contrataciones.gov.py\/dncp\/wp-json\/wp\/v2\/media?parent=2368"}],"curies":[{"name":"wp","href":"https:\/\/api.w.org\/{rel}","templated":true}]}}