{"id":244,"date":"2023-04-19T20:47:57","date_gmt":"2023-04-20T00:47:57","guid":{"rendered":"https:\/\/www.contrataciones.gov.py\/dncp\/?page_id=244"},"modified":"2024-12-04T10:17:25","modified_gmt":"2024-12-04T13:17:25","slug":"mipymes","status":"publish","type":"page","link":"https:\/\/www.contrataciones.gov.py\/dncp\/mipymes\/mipymes\/","title":{"rendered":"Mipymes"},"content":{"rendered":"\n<figure class=\"wp-block-image size-large\"><img loading=\"lazy\" decoding=\"async\" width=\"1024\" height=\"217\" src=\"https:\/\/www.contrataciones.gov.py\/dncp\/wp-content\/uploads\/2024\/12\/actualizacion-de-usuarios-de-Unidades-de-Contratacion_WEB-7-1024x217.jpg\" alt=\"\" class=\"wp-image-12895\" srcset=\"https:\/\/www.contrataciones.gov.py\/dncp\/wp-content\/uploads\/2024\/12\/actualizacion-de-usuarios-de-Unidades-de-Contratacion_WEB-7-1024x217.jpg 1024w, https:\/\/www.contrataciones.gov.py\/dncp\/wp-content\/uploads\/2024\/12\/actualizacion-de-usuarios-de-Unidades-de-Contratacion_WEB-7-300x63.jpg 300w, https:\/\/www.contrataciones.gov.py\/dncp\/wp-content\/uploads\/2024\/12\/actualizacion-de-usuarios-de-Unidades-de-Contratacion_WEB-7-768x162.jpg 768w, https:\/\/www.contrataciones.gov.py\/dncp\/wp-content\/uploads\/2024\/12\/actualizacion-de-usuarios-de-Unidades-de-Contratacion_WEB-7-1536x325.jpg 1536w, https:\/\/www.contrataciones.gov.py\/dncp\/wp-content\/uploads\/2024\/12\/actualizacion-de-usuarios-de-Unidades-de-Contratacion_WEB-7.jpg 1920w\" sizes=\"auto, (max-width: 1024px) 100vw, 1024px\" \/><\/figure>\n\n\n\n<h5 class=\"wp-block-heading\"><strong>Compras P\u00fablicas para MIPYMES<\/strong><\/h5>\n\n\n\n<p>En esta secci\u00f3n podr\u00e1s encontrar aquellas licitaciones que est\u00e1n etiquetadas como \u00abaccesibles para mipymes\u00bb, en nuestro buscador de licitaciones. Esto significa que estas licitaciones tienen condiciones que son m\u00e1s accesibles para las mipymes, permiti\u00e9ndote&nbsp; participar sin tener que cumplir con requisitos m\u00e1s exigentes.<\/p>\n\n\n\n<p>Tambi\u00e9n acceder\u00e1s a toda la informaci\u00f3n sobre las \u00faltimas novedades y oportunidades de capacitaci\u00f3n para mipymes que est\u00e9n interesadas en participar de procesos de compras p\u00fablicas.<\/p>\n\n\n\n<p><\/p>\n\n\n\n<h5 class=\"wp-block-heading\"><strong>Informaci\u00f3n relevante para MIPYMES<\/strong><\/h5>\n\n\n\n<p>Aqu\u00ed obtendr\u00e1s todos los datos que precises para participar en procesos de compras p\u00fablicas con tu mipyme, como capacitaciones y actualizaciones del marco jur\u00eddico que promueve la participaci\u00f3n de mipymes en los procesos de compra p\u00fablica.<\/p>\n","protected":false},"excerpt":{"rendered":"Compras P\u00fablicas para MIPYMES En esta secci\u00f3n podr\u00e1s encontrar aquellas licitaciones que est\u00e1n etiquetadas como \u00abaccesibles para mipymes\u00bb, en nuestro buscador de licitaciones. Esto significa que estas licitaciones tienen condiciones que son m\u00e1s accesibles para las mipymes, permiti\u00e9ndote&nbsp; participar sin tener que cumplir con requisitos m\u00e1s exigentes. Tambi\u00e9n acceder\u00e1s a toda la informaci\u00f3n sobre las [&hellip;]","protected":false},"author":8,"featured_media":0,"parent":242,"menu_order":0,"comment_status":"closed","ping_status":"closed","template":"","meta":{"footnotes":""},"class_list":["post-244","page","type-page","status-publish","hentry"],"_links":{"self":[{"href":"https:\/\/www.contrataciones.gov.py\/dncp\/wp-json\/wp\/v2\/pages\/244","targetHints":{"allow":["GET"]}}],"collection":[{"href":"https:\/\/www.contrataciones.gov.py\/dncp\/wp-json\/wp\/v2\/pages"}],"about":[{"href":"https:\/\/www.contrataciones.gov.py\/dncp\/wp-json\/wp\/v2\/types\/page"}],"author":[{"embeddable":true,"href":"https:\/\/www.contrataciones.gov.py\/dncp\/wp-json\/wp\/v2\/users\/8"}],"replies":[{"embeddable":true,"href":"https:\/\/www.contrataciones.gov.py\/dncp\/wp-json\/wp\/v2\/comments?post=244"}],"version-history":[{"count":20,"href":"https:\/\/www.contrataciones.gov.py\/dncp\/wp-json\/wp\/v2\/pages\/244\/revisions"}],"predecessor-version":[{"id":12899,"href":"https:\/\/www.contrataciones.gov.py\/dncp\/wp-json\/wp\/v2\/pages\/244\/revisions\/12899"}],"up":[{"embeddable":true,"href":"https:\/\/www.contrataciones.gov.py\/dncp\/wp-json\/wp\/v2\/pages\/242"}],"wp:attachment":[{"href":"https:\/\/www.contrataciones.gov.py\/dncp\/wp-json\/wp\/v2\/media?parent=244"}],"curies":[{"name":"wp","href":"https:\/\/api.w.org\/{rel}","templated":true}]}}