{"id":248,"date":"2023-04-20T09:22:49","date_gmt":"2023-04-20T13:22:49","guid":{"rendered":"https:\/\/www.contrataciones.gov.py\/dncp\/?page_id=248"},"modified":"2025-01-10T08:25:20","modified_gmt":"2025-01-10T11:25:20","slug":"buscador-de-oportunidades","status":"publish","type":"page","link":"https:\/\/www.contrataciones.gov.py\/dncp\/mipymes\/buscador-de-oportunidades\/","title":{"rendered":"Buscador de oportunidades"},"content":{"rendered":"\n<figure class=\"wp-block-image size-large\"><img loading=\"lazy\" decoding=\"async\" width=\"1024\" height=\"217\" src=\"https:\/\/www.contrataciones.gov.py\/dncp\/wp-content\/uploads\/2024\/12\/actualizacion-de-usuarios-de-Unidades-de-Contratacion_WEB-6-1-1024x217.jpg\" alt=\"\" class=\"wp-image-12887\" srcset=\"https:\/\/www.contrataciones.gov.py\/dncp\/wp-content\/uploads\/2024\/12\/actualizacion-de-usuarios-de-Unidades-de-Contratacion_WEB-6-1-1024x217.jpg 1024w, https:\/\/www.contrataciones.gov.py\/dncp\/wp-content\/uploads\/2024\/12\/actualizacion-de-usuarios-de-Unidades-de-Contratacion_WEB-6-1-300x63.jpg 300w, https:\/\/www.contrataciones.gov.py\/dncp\/wp-content\/uploads\/2024\/12\/actualizacion-de-usuarios-de-Unidades-de-Contratacion_WEB-6-1-768x162.jpg 768w, https:\/\/www.contrataciones.gov.py\/dncp\/wp-content\/uploads\/2024\/12\/actualizacion-de-usuarios-de-Unidades-de-Contratacion_WEB-6-1-1536x325.jpg 1536w, https:\/\/www.contrataciones.gov.py\/dncp\/wp-content\/uploads\/2024\/12\/actualizacion-de-usuarios-de-Unidades-de-Contratacion_WEB-6-1.jpg 1920w\" sizes=\"auto, (max-width: 1024px) 100vw, 1024px\" \/><\/figure>\n\n\n\n<p>El buscador de esta secci\u00f3n se desarroll\u00f3 con el objetivo de ayudar a los emprendedores y mipymes a identificar r\u00e1pidamente licitaciones que se adecuen a sus caracter\u00edsticas y les permitan participar de manera m\u00e1s efectiva en procesos de compras p\u00fablicas.<\/p>\n\n\n\n<p>El buscador fue desarrollado por la <strong>Direcci\u00f3n Nacional de Contrataciones P\u00fablicas<\/strong>, la <strong>Asociaci\u00f3n de Emprendedores de Paraguay (ASEPY)<\/strong> y el <strong>Centro de Desarrollo Sostenible (CDS)<\/strong>, con el apoyo de <strong>Open Contracting Partenership (OCP)<\/strong>, utilizando tecnolog\u00eda avanzada de an\u00e1lisis de datos.<\/p>\n\n\n\n<p>En base a los datos hist\u00f3ricos de las adjudicaciones disponibles en la DNCP, el objetivo es identificar las caracter\u00edsticas que hacen que un proceso licitatorio sea especialmente adecuado para las micro, peque\u00f1a y medianas empresas (mipymes). Es deseable extraer las reglas subyacentes de estos procesos para que puedan ser usadas por la DNCP para marcar autom\u00e1ticamente las licitaciones en el portal de compras p\u00fablicas de forma que las mipymes puedan encontrar f\u00e1cilmente las licitaciones en las que tienen mayores oportunidades.<\/p>\n\n\n\n<p><\/p>\n\n\n\n<h5 class=\"wp-block-heading\"><strong>\u00bfC\u00f3mo fue desarrollado el buscador?<\/strong><\/h5>\n\n\n\n<div class=\"wp-block-group\"><div class=\"wp-block-group__inner-container is-layout-constrained wp-block-group-is-layout-constrained\">\n<p>Se realiz\u00f3 el entrenamiento de modelos basados en t\u00e9cnicas de inteligencia artificial, espec\u00edficamente de machine learning (aprendizaje autom\u00e1tico) para la identificaci\u00f3n de las caracter\u00edsticas en los procesos de contrataci\u00f3n que inciden en una mayor probabilidad de adjudicaci\u00f3n a una mipyme, utilizando el dataset de datos de adjudicaciones de la DNCP desde el a\u00f1o 2010 a 2022, que representan m\u00e1s de 200 mil puntos de datos.<\/p>\n<\/div><\/div>\n\n\n\n<p>Se entrenaron 2 modelos para identificar de forma autom\u00e1tica por el computador el conjunto de reglas que determinar\u00edan si un proceso de contrataci\u00f3n puede ser especialmente adecuada para una mipyme, espec\u00edficamente:<\/p>\n\n\n\n<ul class=\"wp-block-list\">\n<li><strong>Modelo de clasificaci\u00f3n<\/strong>: Recibe un identificador de proceso de contrataci\u00f3n y retorna una probabilidad de adjudicaci\u00f3n a una mipyme, en base a la similaridad estad\u00edstica contra los datos de adjudicaciones observados durante el entrenamiento.<\/li>\n\n\n\n<li><strong>Modelo de clustering \/ agrupamiento<\/strong>: Esta t\u00e9cnica en el entrenamiento aprende un agrupamiento de los datos seg\u00fan similaridad, que permite luego dado un identificador de un proceso de contrataci\u00f3n poder seleccionar a cual grupo de similaridad pertenece el mismo. De esta forma analizando los dem\u00e1s puntos de datos del grupo nos permite dar una interpretaci\u00f3n, como informaci\u00f3n de contexto, que ayudar\u00e1 a dar una comprensi\u00f3n adicional que justifique la probabilidad de adjudicaci\u00f3n calculada por el modelo anterior.<\/li>\n<\/ul>\n\n\n\n<p>Para poner a disposici\u00f3n estos modelos en el portal de contrataciones p\u00fablicas de la DNCP, fue desarrollada una capa de servicios que integra ambos modelos y permite el an\u00e1lisis predictivo dado un identificador de proceso de contrataci\u00f3n y retorna su probabilidad de adjudicaci\u00f3n a mipyme y la informaci\u00f3n sem\u00e1ntica para interpretar los resultados predichos.<\/p>\n\n\n<div class=\"wp-block-image\">\n<figure class=\"aligncenter size-full\"><a href=\"https:\/\/www.contrataciones.gov.py\/buscador\/licitaciones.html?nro_nombre_licitacion=&amp;fecha_desde=&amp;fecha_hasta=&amp;tipo_fecha=&amp;marcas%5B%5D=apto_mipyme&amp;convocante_tipo=&amp;convocante_nombre_codigo=&amp;codigo_contratacion=&amp;catalogo%5Bcodigos_catalogo_n4%5D=&amp;page=&amp;order=&amp;convocante_codigos=&amp;convocante_tipo_codigo=&amp;unidad_contratacion_codigo=&amp;catalogo%5Bcodigos_catalogo_n4_label%5D=\"><img loading=\"lazy\" decoding=\"async\" width=\"326\" height=\"108\" src=\"https:\/\/www.contrataciones.gov.py\/dncp\/wp-content\/uploads\/2024\/12\/Group-40boton-1.png\" alt=\"\" class=\"wp-image-12967\" srcset=\"https:\/\/www.contrataciones.gov.py\/dncp\/wp-content\/uploads\/2024\/12\/Group-40boton-1.png 326w, https:\/\/www.contrataciones.gov.py\/dncp\/wp-content\/uploads\/2024\/12\/Group-40boton-1-300x99.png 300w\" sizes=\"auto, (max-width: 326px) 100vw, 326px\" \/><\/a><\/figure>\n<\/div>\n\n\n<div class=\"wp-block-group has-background is-layout-constrained\" style=\"background-color:#f2f2f2\"><div class=\"wp-block-group__inner-container\">\n<p><i>Este buscador ha sido creado utilizando tecnolog\u00eda de an\u00e1lisis de datos avanzada para ofrecer sugerencias de procedimientos de contrataci\u00f3n que sean adecuados para que las micro, peque\u00f1as y medianas empresas (mipymes) presenten ofertas.<\/i><\/p>\n\n\n\n<p><i>Es importante tener en cuenta que los resultados no son infalibles y no representan la totalidad de convocatorias en las que las mipymes podr\u00edan participar. Los resultados no garantizan la adjudicaci\u00f3n de un contrato para una mipymes.<\/i><\/p>\n<\/div><\/div>\n","protected":false},"excerpt":{"rendered":"El buscador de esta secci\u00f3n se desarroll\u00f3 con el objetivo de ayudar a los emprendedores y mipymes a identificar r\u00e1pidamente licitaciones que se adecuen a sus caracter\u00edsticas y les permitan participar de manera m\u00e1s efectiva en procesos de compras p\u00fablicas. El buscador fue desarrollado por la Direcci\u00f3n Nacional de Contrataciones P\u00fablicas, la Asociaci\u00f3n de Emprendedores [&hellip;]","protected":false},"author":8,"featured_media":0,"parent":242,"menu_order":1,"comment_status":"closed","ping_status":"closed","template":"","meta":{"footnotes":""},"class_list":["post-248","page","type-page","status-publish","hentry"],"_links":{"self":[{"href":"https:\/\/www.contrataciones.gov.py\/dncp\/wp-json\/wp\/v2\/pages\/248","targetHints":{"allow":["GET"]}}],"collection":[{"href":"https:\/\/www.contrataciones.gov.py\/dncp\/wp-json\/wp\/v2\/pages"}],"about":[{"href":"https:\/\/www.contrataciones.gov.py\/dncp\/wp-json\/wp\/v2\/types\/page"}],"author":[{"embeddable":true,"href":"https:\/\/www.contrataciones.gov.py\/dncp\/wp-json\/wp\/v2\/users\/8"}],"replies":[{"embeddable":true,"href":"https:\/\/www.contrataciones.gov.py\/dncp\/wp-json\/wp\/v2\/comments?post=248"}],"version-history":[{"count":71,"href":"https:\/\/www.contrataciones.gov.py\/dncp\/wp-json\/wp\/v2\/pages\/248\/revisions"}],"predecessor-version":[{"id":13943,"href":"https:\/\/www.contrataciones.gov.py\/dncp\/wp-json\/wp\/v2\/pages\/248\/revisions\/13943"}],"up":[{"embeddable":true,"href":"https:\/\/www.contrataciones.gov.py\/dncp\/wp-json\/wp\/v2\/pages\/242"}],"wp:attachment":[{"href":"https:\/\/www.contrataciones.gov.py\/dncp\/wp-json\/wp\/v2\/media?parent=248"}],"curies":[{"name":"wp","href":"https:\/\/api.w.org\/{rel}","templated":true}]}}