{"id":258,"date":"2023-04-20T09:29:44","date_gmt":"2023-04-20T13:29:44","guid":{"rendered":"https:\/\/www.contrataciones.gov.py\/dncp\/?page_id=258"},"modified":"2024-12-04T10:20:26","modified_gmt":"2024-12-04T13:20:26","slug":"marco-juridico","status":"publish","type":"page","link":"https:\/\/www.contrataciones.gov.py\/dncp\/mipymes\/marco-juridico\/","title":{"rendered":"Marco Jur\u00eddico"},"content":{"rendered":"\n<figure class=\"wp-block-gallery has-nested-images columns-default is-cropped wp-block-gallery-1 is-layout-flex wp-block-gallery-is-layout-flex\">\n<figure class=\"wp-block-image size-large\"><img loading=\"lazy\" decoding=\"async\" width=\"1024\" height=\"217\" data-id=\"12919\" src=\"https:\/\/www.contrataciones.gov.py\/dncp\/wp-content\/uploads\/2024\/12\/actualizacion-de-usuarios-de-Unidades-de-Contratacion_WEB-11-1024x217.jpg\" alt=\"\" class=\"wp-image-12919\" srcset=\"https:\/\/www.contrataciones.gov.py\/dncp\/wp-content\/uploads\/2024\/12\/actualizacion-de-usuarios-de-Unidades-de-Contratacion_WEB-11-1024x217.jpg 1024w, https:\/\/www.contrataciones.gov.py\/dncp\/wp-content\/uploads\/2024\/12\/actualizacion-de-usuarios-de-Unidades-de-Contratacion_WEB-11-300x63.jpg 300w, https:\/\/www.contrataciones.gov.py\/dncp\/wp-content\/uploads\/2024\/12\/actualizacion-de-usuarios-de-Unidades-de-Contratacion_WEB-11-768x162.jpg 768w, https:\/\/www.contrataciones.gov.py\/dncp\/wp-content\/uploads\/2024\/12\/actualizacion-de-usuarios-de-Unidades-de-Contratacion_WEB-11-1536x325.jpg 1536w, https:\/\/www.contrataciones.gov.py\/dncp\/wp-content\/uploads\/2024\/12\/actualizacion-de-usuarios-de-Unidades-de-Contratacion_WEB-11.jpg 1920w\" sizes=\"auto, (max-width: 1024px) 100vw, 1024px\" \/><\/figure>\n<\/figure>\n\n\n\n<h4 class=\"wp-block-heading\"><strong>Marco Jur\u00eddico en materia de compras p\u00fablicas para MIPYMES<\/strong><\/h4>\n\n\n\n<p>En este sitio podr\u00e1s encontrar el marco normativo que busca promover la participaci\u00f3n de las MiPymes en los procedimientos de contrataci\u00f3n realizadas por el Estado. <\/p>\n\n\n\n<figure class=\"wp-block-table table-responsive\"><table><thead><tr><th class=\"has-text-align-left\" data-align=\"left\">Titulo<\/th><th class=\"has-text-align-center\" data-align=\"center\">Descarga<\/th><\/tr><\/thead><tbody><tr><td class=\"has-text-align-left\" data-align=\"left\">Art\u00edculo 49 de la Resoluci\u00f3n DNCP N\u00b0 1399\/2020 \u2013 Beneficios mipymes en los procedimientos de Subasta a la Baja<\/td><td class=\"has-text-align-center\" data-align=\"center\"><a href=\"https:\/\/www.contrataciones.gov.py\/documentos\/download\/marco-legal\/46038\" target=\"_blank\" rel=\"noreferrer noopener\"><i class=\"fa fa-download\"><\/i><\/a><\/td><\/tr><tr><td class=\"has-text-align-left\" data-align=\"left\">Art\u00edculo 188 de la Ley N\u00b0 7050\/2023, que aprueba el presupuesto general de la naci\u00f3n para el ejercicio fiscal 2023\u201d, en la cual se establece el pago de anticipo en los procedimientos de contrataciones realizadas por el Estado<\/td><td class=\"has-text-align-center\" data-align=\"center\"><a href=\"https:\/\/www.contrataciones.gov.py\/documentos\/download\/marco-legal\/57767\" target=\"_blank\" rel=\"noreferrer noopener\"><i class=\"fa fa-download\"><\/i><\/a><\/td><\/tr><tr><td class=\"has-text-align-left\" data-align=\"left\">Art\u00edculo 353 del Decreto N\u00b0 8759\/2023, por el cual se reglamenta la Ley N\u00b0 7050\/2023 del 4 de enero de 2023, que aprueba el presupuesto general de la naci\u00f3n para el ejercicio fiscal 2023<\/td><td class=\"has-text-align-center\" data-align=\"center\"><a href=\"https:\/\/www.contrataciones.gov.py\/documentos\/download\/marco-legal\/57856\" target=\"_blank\" rel=\"noreferrer noopener\"><i class=\"fa fa-download\"><\/i><\/a><\/td><\/tr><tr><td class=\"has-text-align-left\" data-align=\"left\">Ley N\u00ba 4457 \u201cPara las micro, peque\u00f1as y medianas empresas (mipymes)\u201d<\/td><td class=\"has-text-align-center\" data-align=\"center\"><a href=\"https:\/\/www.contrataciones.gov.py\/documentos\/download\/marco-legal\/10371\" target=\"_blank\" rel=\"noreferrer noopener\"><i class=\"fa fa-download\"><\/i><\/a><\/td><\/tr><\/tbody><\/table><\/figure>\n","protected":false},"excerpt":{"rendered":"Marco Jur\u00eddico en materia de compras p\u00fablicas para MIPYMES En este sitio podr\u00e1s encontrar el marco normativo que busca promover la participaci\u00f3n de las MiPymes en los procedimientos de contrataci\u00f3n realizadas por el Estado. TituloDescargaArt\u00edculo 49 de la Resoluci\u00f3n DNCP N\u00b0 1399\/2020 \u2013 Beneficios mipymes en los procedimientos de Subasta a la BajaArt\u00edculo 188 de [&hellip;]","protected":false},"author":8,"featured_media":0,"parent":242,"menu_order":4,"comment_status":"closed","ping_status":"closed","template":"","meta":{"footnotes":""},"class_list":["post-258","page","type-page","status-publish","hentry"],"_links":{"self":[{"href":"https:\/\/www.contrataciones.gov.py\/dncp\/wp-json\/wp\/v2\/pages\/258","targetHints":{"allow":["GET"]}}],"collection":[{"href":"https:\/\/www.contrataciones.gov.py\/dncp\/wp-json\/wp\/v2\/pages"}],"about":[{"href":"https:\/\/www.contrataciones.gov.py\/dncp\/wp-json\/wp\/v2\/types\/page"}],"author":[{"embeddable":true,"href":"https:\/\/www.contrataciones.gov.py\/dncp\/wp-json\/wp\/v2\/users\/8"}],"replies":[{"embeddable":true,"href":"https:\/\/www.contrataciones.gov.py\/dncp\/wp-json\/wp\/v2\/comments?post=258"}],"version-history":[{"count":26,"href":"https:\/\/www.contrataciones.gov.py\/dncp\/wp-json\/wp\/v2\/pages\/258\/revisions"}],"predecessor-version":[{"id":12923,"href":"https:\/\/www.contrataciones.gov.py\/dncp\/wp-json\/wp\/v2\/pages\/258\/revisions\/12923"}],"up":[{"embeddable":true,"href":"https:\/\/www.contrataciones.gov.py\/dncp\/wp-json\/wp\/v2\/pages\/242"}],"wp:attachment":[{"href":"https:\/\/www.contrataciones.gov.py\/dncp\/wp-json\/wp\/v2\/media?parent=258"}],"curies":[{"name":"wp","href":"https:\/\/api.w.org\/{rel}","templated":true}]}}