{"id":26334,"date":"2026-03-19T09:45:10","date_gmt":"2026-03-19T12:45:10","guid":{"rendered":"https:\/\/www.contrataciones.gov.py\/dncp\/?page_id=26334"},"modified":"2026-03-19T11:32:37","modified_gmt":"2026-03-19T14:32:37","slug":"notificaciones-por-el-sicp","status":"publish","type":"page","link":"https:\/\/www.contrataciones.gov.py\/dncp\/tramites-juridicos-electronicos\/notificaciones-por-el-sicp\/","title":{"rendered":"Notificaciones por el SICP"},"content":{"rendered":"\n<figure class=\"wp-block-image size-large\"><img loading=\"lazy\" decoding=\"async\" width=\"1024\" height=\"217\" src=\"https:\/\/www.contrataciones.gov.py\/dncp\/wp-content\/uploads\/2026\/03\/Notificaciones-por-el-SICP-1024x217.jpg\" alt=\"\" class=\"wp-image-26458\" srcset=\"https:\/\/www.contrataciones.gov.py\/dncp\/wp-content\/uploads\/2026\/03\/Notificaciones-por-el-SICP-1024x217.jpg 1024w, https:\/\/www.contrataciones.gov.py\/dncp\/wp-content\/uploads\/2026\/03\/Notificaciones-por-el-SICP-300x63.jpg 300w, https:\/\/www.contrataciones.gov.py\/dncp\/wp-content\/uploads\/2026\/03\/Notificaciones-por-el-SICP-768x162.jpg 768w, https:\/\/www.contrataciones.gov.py\/dncp\/wp-content\/uploads\/2026\/03\/Notificaciones-por-el-SICP-1536x325.jpg 1536w, https:\/\/www.contrataciones.gov.py\/dncp\/wp-content\/uploads\/2026\/03\/Notificaciones-por-el-SICP.jpg 1920w\" sizes=\"auto, (max-width: 1024px) 100vw, 1024px\" \/><\/figure>\n\n\n\n<p>La Notificaci\u00f3n por el SICP es una herramienta que permite notificar a las personas cuyo correo electr\u00f3nico no haya sido declarado en la forma indicada por la DNCP.<\/p>\n\n\n\n<p>A trav\u00e9s de la misma, se podr\u00e1 diligenciar la notificaci\u00f3n de los procedimientos de protestas, investigaciones de oficio, sumarios, avenimientos y reconsideraciones, a trav\u00e9s de su difusi\u00f3n p\u00fablica en el SICP por tres d\u00edas h\u00e1biles contados a partir del d\u00eda siguiente a su publicaci\u00f3n. A partir del d\u00eda siguiente h\u00e1bil al t\u00e9rmino del plazo de difusi\u00f3n de la notificaci\u00f3n empezar\u00e1 a computarse el plazo para el ejercicio del derecho.<\/p>\n\n\n\n<figure class=\"wp-block-image size-full\"><a href=\"https:\/\/www.contrataciones.gov.py\/stje-cliente\/public\/notificaciones_list_public.html\"><img loading=\"lazy\" decoding=\"async\" width=\"326\" height=\"108\" src=\"https:\/\/www.contrataciones.gov.py\/dncp\/wp-content\/uploads\/2026\/03\/Group-617boton.png\" alt=\"\" class=\"wp-image-26450\" srcset=\"https:\/\/www.contrataciones.gov.py\/dncp\/wp-content\/uploads\/2026\/03\/Group-617boton.png 326w, https:\/\/www.contrataciones.gov.py\/dncp\/wp-content\/uploads\/2026\/03\/Group-617boton-300x99.png 300w\" sizes=\"auto, (max-width: 326px) 100vw, 326px\" \/><\/a><\/figure>\n","protected":false},"excerpt":{"rendered":"La Notificaci\u00f3n por el SICP es una herramienta que permite notificar a las personas cuyo correo electr\u00f3nico no haya sido declarado en la forma indicada por la DNCP. A trav\u00e9s de la misma, se podr\u00e1 diligenciar la notificaci\u00f3n de los procedimientos de protestas, investigaciones de oficio, sumarios, avenimientos y reconsideraciones, a trav\u00e9s de su difusi\u00f3n [&hellip;]","protected":false},"author":47,"featured_media":0,"parent":701,"menu_order":11,"comment_status":"closed","ping_status":"closed","template":"","meta":{"footnotes":""},"class_list":["post-26334","page","type-page","status-publish","hentry"],"_links":{"self":[{"href":"https:\/\/www.contrataciones.gov.py\/dncp\/wp-json\/wp\/v2\/pages\/26334","targetHints":{"allow":["GET"]}}],"collection":[{"href":"https:\/\/www.contrataciones.gov.py\/dncp\/wp-json\/wp\/v2\/pages"}],"about":[{"href":"https:\/\/www.contrataciones.gov.py\/dncp\/wp-json\/wp\/v2\/types\/page"}],"author":[{"embeddable":true,"href":"https:\/\/www.contrataciones.gov.py\/dncp\/wp-json\/wp\/v2\/users\/47"}],"replies":[{"embeddable":true,"href":"https:\/\/www.contrataciones.gov.py\/dncp\/wp-json\/wp\/v2\/comments?post=26334"}],"version-history":[{"count":20,"href":"https:\/\/www.contrataciones.gov.py\/dncp\/wp-json\/wp\/v2\/pages\/26334\/revisions"}],"predecessor-version":[{"id":26462,"href":"https:\/\/www.contrataciones.gov.py\/dncp\/wp-json\/wp\/v2\/pages\/26334\/revisions\/26462"}],"up":[{"embeddable":true,"href":"https:\/\/www.contrataciones.gov.py\/dncp\/wp-json\/wp\/v2\/pages\/701"}],"wp:attachment":[{"href":"https:\/\/www.contrataciones.gov.py\/dncp\/wp-json\/wp\/v2\/media?parent=26334"}],"curies":[{"name":"wp","href":"https:\/\/api.w.org\/{rel}","templated":true}]}}