{"id":2656,"date":"2023-05-01T23:16:14","date_gmt":"2023-05-02T03:16:14","guid":{"rendered":"https:\/\/www.contrataciones.gov.py\/dncp\/?page_id=2656"},"modified":"2024-12-04T11:07:15","modified_gmt":"2024-12-04T14:07:15","slug":"que-es","status":"publish","type":"page","link":"https:\/\/www.contrataciones.gov.py\/dncp\/estadisticas\/que-es\/","title":{"rendered":"\u00bfQu\u00e9 es?"},"content":{"rendered":"\n<figure class=\"wp-block-image size-full\"><img loading=\"lazy\" decoding=\"async\" width=\"1920\" height=\"406\" src=\"https:\/\/www.contrataciones.gov.py\/dncp\/wp-content\/uploads\/2024\/12\/actualizacion-de-usuarios-de-Unidades-de-Contratacion_WEB-26.jpg\" alt=\"\" class=\"wp-image-13139\" srcset=\"https:\/\/www.contrataciones.gov.py\/dncp\/wp-content\/uploads\/2024\/12\/actualizacion-de-usuarios-de-Unidades-de-Contratacion_WEB-26.jpg 1920w, https:\/\/www.contrataciones.gov.py\/dncp\/wp-content\/uploads\/2024\/12\/actualizacion-de-usuarios-de-Unidades-de-Contratacion_WEB-26-300x63.jpg 300w, https:\/\/www.contrataciones.gov.py\/dncp\/wp-content\/uploads\/2024\/12\/actualizacion-de-usuarios-de-Unidades-de-Contratacion_WEB-26-1024x217.jpg 1024w, https:\/\/www.contrataciones.gov.py\/dncp\/wp-content\/uploads\/2024\/12\/actualizacion-de-usuarios-de-Unidades-de-Contratacion_WEB-26-768x162.jpg 768w, https:\/\/www.contrataciones.gov.py\/dncp\/wp-content\/uploads\/2024\/12\/actualizacion-de-usuarios-de-Unidades-de-Contratacion_WEB-26-1536x325.jpg 1536w\" sizes=\"auto, (max-width: 1920px) 100vw, 1920px\" \/><\/figure>\n\n\n\n<h5 class=\"wp-block-heading\">\u00bfQu\u00e9 es?<\/h5>\n\n\n\n<p>Es una herramienta que brinda la Direcci\u00f3n Nacional de Contrataciones P\u00fablicas a las entidades compradoras, los proveedores y la ciudadan\u00eda en general; con ella se puede generar, estudiar y analizar la informaci\u00f3n publicada en el Sistema de Compras P\u00fablicas del Paraguay para la posterior toma de decisiones estrat\u00e9gicas.<\/p>\n\n\n\n<p>En el men\u00fa que se encuentra arriba encontrar\u00e1 informaci\u00f3n de su inter\u00e9s dividida por temas, de manera que le resulte m\u00e1s f\u00e1cil acceder a la misma.<\/p>\n\n\n\n<p>Solo tiene que dar un click y hacer combinaciones con los filtros que aparecen en la pantalla, de esta manera los gr\u00e1ficos ir\u00e1n movi\u00e9ndose y cambiando de tama\u00f1o con lo que podr\u00e1 apreciar la din\u00e1mica de las compras p\u00fablicas.<\/p>\n\n\n\n<p><\/p>\n","protected":false},"excerpt":{"rendered":"\u00bfQu\u00e9 es? Es una herramienta que brinda la Direcci\u00f3n Nacional de Contrataciones P\u00fablicas a las entidades compradoras, los proveedores y la ciudadan\u00eda en general; con ella se puede generar, estudiar y analizar la informaci\u00f3n publicada en el Sistema de Compras P\u00fablicas del Paraguay para la posterior toma de decisiones estrat\u00e9gicas. En el men\u00fa que se [&hellip;]","protected":false},"author":8,"featured_media":0,"parent":2653,"menu_order":1,"comment_status":"closed","ping_status":"closed","template":"","meta":{"footnotes":""},"class_list":["post-2656","page","type-page","status-publish","hentry"],"_links":{"self":[{"href":"https:\/\/www.contrataciones.gov.py\/dncp\/wp-json\/wp\/v2\/pages\/2656","targetHints":{"allow":["GET"]}}],"collection":[{"href":"https:\/\/www.contrataciones.gov.py\/dncp\/wp-json\/wp\/v2\/pages"}],"about":[{"href":"https:\/\/www.contrataciones.gov.py\/dncp\/wp-json\/wp\/v2\/types\/page"}],"author":[{"embeddable":true,"href":"https:\/\/www.contrataciones.gov.py\/dncp\/wp-json\/wp\/v2\/users\/8"}],"replies":[{"embeddable":true,"href":"https:\/\/www.contrataciones.gov.py\/dncp\/wp-json\/wp\/v2\/comments?post=2656"}],"version-history":[{"count":4,"href":"https:\/\/www.contrataciones.gov.py\/dncp\/wp-json\/wp\/v2\/pages\/2656\/revisions"}],"predecessor-version":[{"id":13143,"href":"https:\/\/www.contrataciones.gov.py\/dncp\/wp-json\/wp\/v2\/pages\/2656\/revisions\/13143"}],"up":[{"embeddable":true,"href":"https:\/\/www.contrataciones.gov.py\/dncp\/wp-json\/wp\/v2\/pages\/2653"}],"wp:attachment":[{"href":"https:\/\/www.contrataciones.gov.py\/dncp\/wp-json\/wp\/v2\/media?parent=2656"}],"curies":[{"name":"wp","href":"https:\/\/api.w.org\/{rel}","templated":true}]}}