{"id":26794,"date":"2026-03-31T09:14:11","date_gmt":"2026-03-31T12:14:11","guid":{"rendered":"https:\/\/www.contrataciones.gov.py\/dncp\/?page_id=26794"},"modified":"2026-03-31T15:17:42","modified_gmt":"2026-03-31T18:17:42","slug":"cuales-son-los-procedimientos-de-compra","status":"publish","type":"page","link":"https:\/\/www.contrataciones.gov.py\/dncp\/como-vender-al-estado-paraguayo\/cuales-son-los-procedimientos-de-compra\/","title":{"rendered":"\u00bfCu\u00e1les son los procedimientos de compra?"},"content":{"rendered":"\n<figure class=\"wp-block-image size-large\"><img loading=\"lazy\" decoding=\"async\" width=\"1024\" height=\"217\" src=\"https:\/\/www.contrataciones.gov.py\/dncp\/wp-content\/uploads\/2026\/03\/\u00bfCuales-son-los-procedimientos-de-compra_-1024x217.jpg\" alt=\"\" class=\"wp-image-26802\" srcset=\"https:\/\/www.contrataciones.gov.py\/dncp\/wp-content\/uploads\/2026\/03\/\u00bfCuales-son-los-procedimientos-de-compra_-1024x217.jpg 1024w, https:\/\/www.contrataciones.gov.py\/dncp\/wp-content\/uploads\/2026\/03\/\u00bfCuales-son-los-procedimientos-de-compra_-300x63.jpg 300w, https:\/\/www.contrataciones.gov.py\/dncp\/wp-content\/uploads\/2026\/03\/\u00bfCuales-son-los-procedimientos-de-compra_-768x162.jpg 768w, https:\/\/www.contrataciones.gov.py\/dncp\/wp-content\/uploads\/2026\/03\/\u00bfCuales-son-los-procedimientos-de-compra_-1536x325.jpg 1536w, https:\/\/www.contrataciones.gov.py\/dncp\/wp-content\/uploads\/2026\/03\/\u00bfCuales-son-los-procedimientos-de-compra_.jpg 1920w\" sizes=\"auto, (max-width: 1024px) 100vw, 1024px\" \/><\/figure>\n\n\n\n<h5 class=\"wp-block-heading has-text-align-center has-black-color has-text-color has-link-color wp-elements-2dee1e9129ff18ba2a7906ed0886d469\"><strong>Procedimientos convencionales<\/strong><\/h5>\n\n\n\n<figure class=\"wp-block-image size-large is-resized\"><img loading=\"lazy\" decoding=\"async\" width=\"1024\" height=\"299\" src=\"https:\/\/www.contrataciones.gov.py\/dncp\/wp-content\/uploads\/2026\/03\/Procedimientos-Convencionales-1-1024x299.png\" alt=\"\" class=\"wp-image-28070\" style=\"aspect-ratio:3.4248582531693956;width:534px;height:auto\" srcset=\"https:\/\/www.contrataciones.gov.py\/dncp\/wp-content\/uploads\/2026\/03\/Procedimientos-Convencionales-1-1024x299.png 1024w, https:\/\/www.contrataciones.gov.py\/dncp\/wp-content\/uploads\/2026\/03\/Procedimientos-Convencionales-1-300x88.png 300w, https:\/\/www.contrataciones.gov.py\/dncp\/wp-content\/uploads\/2026\/03\/Procedimientos-Convencionales-1-768x224.png 768w, https:\/\/www.contrataciones.gov.py\/dncp\/wp-content\/uploads\/2026\/03\/Procedimientos-Convencionales-1.png 1085w\" sizes=\"auto, (max-width: 1024px) 100vw, 1024px\" \/><\/figure>\n\n\n\n<h5 class=\"wp-block-heading has-text-align-center has-black-color has-text-color has-link-color wp-elements-05b23116f678437b56b132e0d511d21b\"><strong><strong>Procedimientos especiales<\/strong><\/strong><\/h5>\n\n\n\n<figure class=\"wp-block-image size-full is-resized\"><img loading=\"lazy\" decoding=\"async\" width=\"1085\" height=\"2330\" src=\"https:\/\/www.contrataciones.gov.py\/dncp\/wp-content\/uploads\/2026\/03\/Procedimientos-Especiales-6.png\" alt=\"\" class=\"wp-image-28062\" style=\"aspect-ratio:0.46566822871101027;width:627px;height:auto\" srcset=\"https:\/\/www.contrataciones.gov.py\/dncp\/wp-content\/uploads\/2026\/03\/Procedimientos-Especiales-6.png 1085w, https:\/\/www.contrataciones.gov.py\/dncp\/wp-content\/uploads\/2026\/03\/Procedimientos-Especiales-6-140x300.png 140w, https:\/\/www.contrataciones.gov.py\/dncp\/wp-content\/uploads\/2026\/03\/Procedimientos-Especiales-6-477x1024.png 477w, https:\/\/www.contrataciones.gov.py\/dncp\/wp-content\/uploads\/2026\/03\/Procedimientos-Especiales-6-768x1649.png 768w, https:\/\/www.contrataciones.gov.py\/dncp\/wp-content\/uploads\/2026\/03\/Procedimientos-Especiales-6-715x1536.png 715w, https:\/\/www.contrataciones.gov.py\/dncp\/wp-content\/uploads\/2026\/03\/Procedimientos-Especiales-6-954x2048.png 954w\" sizes=\"auto, (max-width: 1085px) 100vw, 1085px\" \/><\/figure>\n\n\n\n<p>\u3164<\/p>\n\n\n\n<h5 class=\"wp-block-heading has-text-align-left\"><strong>Tiempos m\u00ednimos y topes en los procedimientos de contrataci\u00f3n<\/strong><\/h5>\n\n\n\n<h5 class=\"wp-block-heading has-text-align-center has-black-color has-text-color has-link-color wp-elements-95074c6efc244b9f30ab2409f767491c\"><strong><strong>Plazos m\u00ednimos para la presentaci\u00f3n y apertura de ofertas<\/strong><\/strong><\/h5>\n\n\n\n<figure class=\"wp-block-image size-large is-resized\"><img loading=\"lazy\" decoding=\"async\" width=\"1024\" height=\"339\" src=\"https:\/\/www.contrataciones.gov.py\/dncp\/wp-content\/uploads\/2026\/03\/Plazos-minimos-1-1024x339.png\" alt=\"\" class=\"wp-image-28074\" style=\"aspect-ratio:3.0209035738368173;object-fit:cover;width:627px\" srcset=\"https:\/\/www.contrataciones.gov.py\/dncp\/wp-content\/uploads\/2026\/03\/Plazos-minimos-1-1024x339.png 1024w, https:\/\/www.contrataciones.gov.py\/dncp\/wp-content\/uploads\/2026\/03\/Plazos-minimos-1-300x99.png 300w, https:\/\/www.contrataciones.gov.py\/dncp\/wp-content\/uploads\/2026\/03\/Plazos-minimos-1-768x255.png 768w, https:\/\/www.contrataciones.gov.py\/dncp\/wp-content\/uploads\/2026\/03\/Plazos-minimos-1.png 1213w\" sizes=\"auto, (max-width: 1024px) 100vw, 1024px\" \/><\/figure>\n\n\n\n<h5 class=\"wp-block-heading has-text-align-center has-black-color has-text-color has-link-color wp-elements-b8d9cd6803aba171e0aca5568bca81ac\"><strong><strong><strong>Plazos topes de recepci\u00f3n de consultas previo a las aperturas de ofertas<\/strong><\/strong><\/strong><\/h5>\n\n\n\n<figure class=\"wp-block-image size-large is-resized\"><img loading=\"lazy\" decoding=\"async\" width=\"1024\" height=\"431\" src=\"https:\/\/www.contrataciones.gov.py\/dncp\/wp-content\/uploads\/2026\/03\/Plazos-topes-3-1024x431.png\" alt=\"\" class=\"wp-image-28094\" style=\"aspect-ratio:2.3760275788915406;width:624px;height:auto\" srcset=\"https:\/\/www.contrataciones.gov.py\/dncp\/wp-content\/uploads\/2026\/03\/Plazos-topes-3-1024x431.png 1024w, https:\/\/www.contrataciones.gov.py\/dncp\/wp-content\/uploads\/2026\/03\/Plazos-topes-3-300x126.png 300w, https:\/\/www.contrataciones.gov.py\/dncp\/wp-content\/uploads\/2026\/03\/Plazos-topes-3-768x323.png 768w, https:\/\/www.contrataciones.gov.py\/dncp\/wp-content\/uploads\/2026\/03\/Plazos-topes-3.png 1213w\" sizes=\"auto, (max-width: 1024px) 100vw, 1024px\" \/><\/figure>\n\n\n\n<h5 class=\"wp-block-heading has-text-align-center has-black-color has-text-color has-link-color wp-elements-000d828f87160f5f145d7c0b3d0d516b\"><strong><strong><strong><strong>Plazos para las respuestas y aclaraciones electr\u00f3nicas<\/strong><\/strong><\/strong><\/strong><\/h5>\n\n\n\n<figure class=\"wp-block-image size-large is-resized\"><img loading=\"lazy\" decoding=\"async\" width=\"1024\" height=\"431\" src=\"https:\/\/www.contrataciones.gov.py\/dncp\/wp-content\/uploads\/2026\/03\/Plazos-respuestas-1-1024x431.png\" alt=\"\" class=\"wp-image-28086\" style=\"width:624px\" srcset=\"https:\/\/www.contrataciones.gov.py\/dncp\/wp-content\/uploads\/2026\/03\/Plazos-respuestas-1-1024x431.png 1024w, https:\/\/www.contrataciones.gov.py\/dncp\/wp-content\/uploads\/2026\/03\/Plazos-respuestas-1-300x126.png 300w, https:\/\/www.contrataciones.gov.py\/dncp\/wp-content\/uploads\/2026\/03\/Plazos-respuestas-1-768x323.png 768w, https:\/\/www.contrataciones.gov.py\/dncp\/wp-content\/uploads\/2026\/03\/Plazos-respuestas-1.png 1213w\" sizes=\"auto, (max-width: 1024px) 100vw, 1024px\" \/><\/figure>\n","protected":false},"excerpt":{"rendered":"Procedimientos convencionales Procedimientos especiales \u3164 Tiempos m\u00ednimos y topes en los procedimientos de contrataci\u00f3n Plazos m\u00ednimos para la presentaci\u00f3n y apertura de ofertas Plazos topes de recepci\u00f3n de consultas previo a las aperturas de ofertas Plazos para las respuestas y aclaraciones electr\u00f3nicas","protected":false},"author":47,"featured_media":0,"parent":26466,"menu_order":3,"comment_status":"closed","ping_status":"closed","template":"","meta":{"footnotes":""},"class_list":["post-26794","page","type-page","status-publish","hentry"],"_links":{"self":[{"href":"https:\/\/www.contrataciones.gov.py\/dncp\/wp-json\/wp\/v2\/pages\/26794","targetHints":{"allow":["GET"]}}],"collection":[{"href":"https:\/\/www.contrataciones.gov.py\/dncp\/wp-json\/wp\/v2\/pages"}],"about":[{"href":"https:\/\/www.contrataciones.gov.py\/dncp\/wp-json\/wp\/v2\/types\/page"}],"author":[{"embeddable":true,"href":"https:\/\/www.contrataciones.gov.py\/dncp\/wp-json\/wp\/v2\/users\/47"}],"replies":[{"embeddable":true,"href":"https:\/\/www.contrataciones.gov.py\/dncp\/wp-json\/wp\/v2\/comments?post=26794"}],"version-history":[{"count":29,"href":"https:\/\/www.contrataciones.gov.py\/dncp\/wp-json\/wp\/v2\/pages\/26794\/revisions"}],"predecessor-version":[{"id":28098,"href":"https:\/\/www.contrataciones.gov.py\/dncp\/wp-json\/wp\/v2\/pages\/26794\/revisions\/28098"}],"up":[{"embeddable":true,"href":"https:\/\/www.contrataciones.gov.py\/dncp\/wp-json\/wp\/v2\/pages\/26466"}],"wp:attachment":[{"href":"https:\/\/www.contrataciones.gov.py\/dncp\/wp-json\/wp\/v2\/media?parent=26794"}],"curies":[{"name":"wp","href":"https:\/\/api.w.org\/{rel}","templated":true}]}}