{"id":27014,"date":"2026-03-31T10:25:54","date_gmt":"2026-03-31T13:25:54","guid":{"rendered":"https:\/\/www.contrataciones.gov.py\/dncp\/?page_id=27014"},"modified":"2026-03-31T11:37:36","modified_gmt":"2026-03-31T14:37:36","slug":"tutoriales","status":"publish","type":"page","link":"https:\/\/www.contrataciones.gov.py\/dncp\/como-vender-al-estado-paraguayo\/tutoriales\/","title":{"rendered":"Tutoriales"},"content":{"rendered":"\n<figure class=\"wp-block-image size-large\"><img loading=\"lazy\" decoding=\"async\" width=\"1024\" height=\"217\" src=\"https:\/\/www.contrataciones.gov.py\/dncp\/wp-content\/uploads\/2026\/03\/Tutoriales-1024x217.jpg\" alt=\"\" class=\"wp-image-27026\" srcset=\"https:\/\/www.contrataciones.gov.py\/dncp\/wp-content\/uploads\/2026\/03\/Tutoriales-1024x217.jpg 1024w, https:\/\/www.contrataciones.gov.py\/dncp\/wp-content\/uploads\/2026\/03\/Tutoriales-300x63.jpg 300w, https:\/\/www.contrataciones.gov.py\/dncp\/wp-content\/uploads\/2026\/03\/Tutoriales-768x162.jpg 768w, https:\/\/www.contrataciones.gov.py\/dncp\/wp-content\/uploads\/2026\/03\/Tutoriales-1536x325.jpg 1536w, https:\/\/www.contrataciones.gov.py\/dncp\/wp-content\/uploads\/2026\/03\/Tutoriales.jpg 1920w\" sizes=\"auto, (max-width: 1024px) 100vw, 1024px\" \/><\/figure>\n\n\n\n<p>Explor\u00e1 los videos tutoriales para conocer en detalle c\u00f3mo registrarte y actualizar tus documentos e informaci\u00f3n general en el Registro de Proveedores del Estado.<\/p>\n\n\n\n<figure class=\"wp-block-image size-full is-resized\"><a href=\"https:\/\/www.contrataciones.gov.py\/dncp\/registro-de-proveedores-del-estado\/videos-tutoriales\/\"><img loading=\"lazy\" decoding=\"async\" width=\"581\" height=\"75\" src=\"https:\/\/www.contrataciones.gov.py\/dncp\/wp-content\/uploads\/2026\/03\/boton-tutoriales.png\" alt=\"\" class=\"wp-image-27038\" style=\"aspect-ratio:7.747188002142474;width:360px;height:auto\" srcset=\"https:\/\/www.contrataciones.gov.py\/dncp\/wp-content\/uploads\/2026\/03\/boton-tutoriales.png 581w, https:\/\/www.contrataciones.gov.py\/dncp\/wp-content\/uploads\/2026\/03\/boton-tutoriales-300x39.png 300w\" sizes=\"auto, (max-width: 581px) 100vw, 581px\" \/><\/a><\/figure>\n","protected":false},"excerpt":{"rendered":"Explor\u00e1 los videos tutoriales para conocer en detalle c\u00f3mo registrarte y actualizar tus documentos e informaci\u00f3n general en el Registro de Proveedores del Estado.","protected":false},"author":47,"featured_media":0,"parent":26466,"menu_order":6,"comment_status":"closed","ping_status":"closed","template":"","meta":{"footnotes":""},"class_list":["post-27014","page","type-page","status-publish","hentry"],"_links":{"self":[{"href":"https:\/\/www.contrataciones.gov.py\/dncp\/wp-json\/wp\/v2\/pages\/27014","targetHints":{"allow":["GET"]}}],"collection":[{"href":"https:\/\/www.contrataciones.gov.py\/dncp\/wp-json\/wp\/v2\/pages"}],"about":[{"href":"https:\/\/www.contrataciones.gov.py\/dncp\/wp-json\/wp\/v2\/types\/page"}],"author":[{"embeddable":true,"href":"https:\/\/www.contrataciones.gov.py\/dncp\/wp-json\/wp\/v2\/users\/47"}],"replies":[{"embeddable":true,"href":"https:\/\/www.contrataciones.gov.py\/dncp\/wp-json\/wp\/v2\/comments?post=27014"}],"version-history":[{"count":7,"href":"https:\/\/www.contrataciones.gov.py\/dncp\/wp-json\/wp\/v2\/pages\/27014\/revisions"}],"predecessor-version":[{"id":27410,"href":"https:\/\/www.contrataciones.gov.py\/dncp\/wp-json\/wp\/v2\/pages\/27014\/revisions\/27410"}],"up":[{"embeddable":true,"href":"https:\/\/www.contrataciones.gov.py\/dncp\/wp-json\/wp\/v2\/pages\/26466"}],"wp:attachment":[{"href":"https:\/\/www.contrataciones.gov.py\/dncp\/wp-json\/wp\/v2\/media?parent=27014"}],"curies":[{"name":"wp","href":"https:\/\/api.w.org\/{rel}","templated":true}]}}