{"id":2739,"date":"2023-05-02T09:09:05","date_gmt":"2023-05-02T13:09:05","guid":{"rendered":"https:\/\/www.contrataciones.gov.py\/dncp\/?page_id=2739"},"modified":"2024-12-04T12:05:57","modified_gmt":"2024-12-04T15:05:57","slug":"que-es-el-tablero-de-control","status":"publish","type":"page","link":"https:\/\/www.contrataciones.gov.py\/dncp\/sie2\/tablero-de-control\/que-es-el-tablero-de-control\/","title":{"rendered":"\u00bfQu\u00e9 son los tableros de control?"},"content":{"rendered":"\n<figure class=\"wp-block-image size-full\"><img loading=\"lazy\" decoding=\"async\" width=\"1920\" height=\"406\" src=\"https:\/\/www.contrataciones.gov.py\/dncp\/wp-content\/uploads\/2024\/12\/actualizacion-de-usuarios-de-Unidades-de-Contratacion_WEB-33.jpg\" alt=\"\" class=\"wp-image-13323\" srcset=\"https:\/\/www.contrataciones.gov.py\/dncp\/wp-content\/uploads\/2024\/12\/actualizacion-de-usuarios-de-Unidades-de-Contratacion_WEB-33.jpg 1920w, https:\/\/www.contrataciones.gov.py\/dncp\/wp-content\/uploads\/2024\/12\/actualizacion-de-usuarios-de-Unidades-de-Contratacion_WEB-33-300x63.jpg 300w, https:\/\/www.contrataciones.gov.py\/dncp\/wp-content\/uploads\/2024\/12\/actualizacion-de-usuarios-de-Unidades-de-Contratacion_WEB-33-1024x217.jpg 1024w, https:\/\/www.contrataciones.gov.py\/dncp\/wp-content\/uploads\/2024\/12\/actualizacion-de-usuarios-de-Unidades-de-Contratacion_WEB-33-768x162.jpg 768w, https:\/\/www.contrataciones.gov.py\/dncp\/wp-content\/uploads\/2024\/12\/actualizacion-de-usuarios-de-Unidades-de-Contratacion_WEB-33-1536x325.jpg 1536w\" sizes=\"auto, (max-width: 1920px) 100vw, 1920px\" \/><\/figure>\n\n\n\n<p class=\"has-medium-font-size\"><strong>\u00bfQu\u00e9 son?<\/strong><\/p>\n\n\n\n<p>Son herramientas que sirven para monitorear aspectos de los procesos licitatorios, para esto utiliza indicadores del grado de concurrencia, el desempe\u00f1o de las convocantes y la ejecuci\u00f3n contractual. Los indicadores son representados a trav\u00e9s de gr\u00e1ficos interactivos, cuya base de datos puede ser descargada en formato CSV.<\/p>\n","protected":false},"excerpt":{"rendered":"\u00bfQu\u00e9 son? Son herramientas que sirven para monitorear aspectos de los procesos licitatorios, para esto utiliza indicadores del grado de concurrencia, el desempe\u00f1o de las convocantes y la ejecuci\u00f3n contractual. Los indicadores son representados a trav\u00e9s de gr\u00e1ficos interactivos, cuya base de datos puede ser descargada en formato CSV.","protected":false},"author":8,"featured_media":0,"parent":2736,"menu_order":0,"comment_status":"closed","ping_status":"closed","template":"","meta":{"footnotes":""},"class_list":["post-2739","page","type-page","status-publish","hentry"],"_links":{"self":[{"href":"https:\/\/www.contrataciones.gov.py\/dncp\/wp-json\/wp\/v2\/pages\/2739","targetHints":{"allow":["GET"]}}],"collection":[{"href":"https:\/\/www.contrataciones.gov.py\/dncp\/wp-json\/wp\/v2\/pages"}],"about":[{"href":"https:\/\/www.contrataciones.gov.py\/dncp\/wp-json\/wp\/v2\/types\/page"}],"author":[{"embeddable":true,"href":"https:\/\/www.contrataciones.gov.py\/dncp\/wp-json\/wp\/v2\/users\/8"}],"replies":[{"embeddable":true,"href":"https:\/\/www.contrataciones.gov.py\/dncp\/wp-json\/wp\/v2\/comments?post=2739"}],"version-history":[{"count":6,"href":"https:\/\/www.contrataciones.gov.py\/dncp\/wp-json\/wp\/v2\/pages\/2739\/revisions"}],"predecessor-version":[{"id":13327,"href":"https:\/\/www.contrataciones.gov.py\/dncp\/wp-json\/wp\/v2\/pages\/2739\/revisions\/13327"}],"up":[{"embeddable":true,"href":"https:\/\/www.contrataciones.gov.py\/dncp\/wp-json\/wp\/v2\/pages\/2736"}],"wp:attachment":[{"href":"https:\/\/www.contrataciones.gov.py\/dncp\/wp-json\/wp\/v2\/media?parent=2739"}],"curies":[{"name":"wp","href":"https:\/\/api.w.org\/{rel}","templated":true}]}}