{"id":2913,"date":"2023-05-02T12:02:21","date_gmt":"2023-05-02T16:02:21","guid":{"rendered":"https:\/\/www.contrataciones.gov.py\/dncp\/?page_id=2913"},"modified":"2024-12-05T15:43:12","modified_gmt":"2024-12-05T18:43:12","slug":"licitaciones-en-marco-al-covid-19","status":"publish","type":"page","link":"https:\/\/www.contrataciones.gov.py\/dncp\/covid-19\/licitaciones-en-marco-al-covid-19\/","title":{"rendered":"Licitaciones en Marco al COVID-19"},"content":{"rendered":"\n<figure class=\"wp-block-image size-large\"><img loading=\"lazy\" decoding=\"async\" width=\"1024\" height=\"217\" src=\"https:\/\/www.contrataciones.gov.py\/dncp\/wp-content\/uploads\/2024\/12\/actualizacion-de-usuarios-de-Unidades-de-Contratacion_WEB-13-8-1024x217.jpg\" alt=\"\" class=\"wp-image-13875\" srcset=\"https:\/\/www.contrataciones.gov.py\/dncp\/wp-content\/uploads\/2024\/12\/actualizacion-de-usuarios-de-Unidades-de-Contratacion_WEB-13-8-1024x217.jpg 1024w, https:\/\/www.contrataciones.gov.py\/dncp\/wp-content\/uploads\/2024\/12\/actualizacion-de-usuarios-de-Unidades-de-Contratacion_WEB-13-8-300x63.jpg 300w, https:\/\/www.contrataciones.gov.py\/dncp\/wp-content\/uploads\/2024\/12\/actualizacion-de-usuarios-de-Unidades-de-Contratacion_WEB-13-8-768x162.jpg 768w, https:\/\/www.contrataciones.gov.py\/dncp\/wp-content\/uploads\/2024\/12\/actualizacion-de-usuarios-de-Unidades-de-Contratacion_WEB-13-8-1536x325.jpg 1536w, https:\/\/www.contrataciones.gov.py\/dncp\/wp-content\/uploads\/2024\/12\/actualizacion-de-usuarios-de-Unidades-de-Contratacion_WEB-13-8.jpg 1920w\" sizes=\"auto, (max-width: 1024px) 100vw, 1024px\" \/><\/figure>\n\n\n\n<h4 class=\"wp-block-heading\">Licitaciones en Marco al COVID-19<\/h4>\n\n\n\n<p>Encuentre aqu\u00ed la informaci\u00f3n sobre los procesos licitatorios realizados por las entidades del Estado para hacer frente a la emergencia sanitaria<\/p>\n\n\n\n<ul class=\"wp-block-list\">\n<li><strong>Buscador de licitaciones:<\/strong><\/li>\n<\/ul>\n\n\n\n<p>La DNCP ha incorporado al buscador general de licitaciones una \u201cetiqueta\u201d llamada COVID -19 que permite filtrar todos los procedimientos de contrataci\u00f3n realizados para hacer frente a la pandemia.<\/p>\n\n\n\n<p>Cabe mencionar que no todos los llamados que figuran en el portal de contrataciones con la etiqueta \u00abCOVID19\u00bb corresponden a compras realizadas con financiamiento del fondo de emergencia, ya que muchos de ellos son realizadas con presupuestos de las instituciones contratantes.<\/p>\n\n\n\n<p><strong>Acceda al buscador filtrado aqu\u00ed<\/strong>: <a href=\"https:\/\/www.contrataciones.gov.py\/buscador\/licitaciones.html?nro_nombre_licitacion=&amp;fecha_desde=&amp;fecha_hasta=&amp;tipo_fecha=&amp;marcas%5B%5D=covid_19&amp;convocante_tipo=&amp;convocante_nombre_codigo=&amp;codigo_contratacion=&amp;catalogo%5Bcodigos_catalogo_n4%5D=&amp;page=&amp;order=&amp;convocante_codigos=&amp;convocante_tipo_codigo=&amp;unidad_contratacion_codigo=&amp;catalogo%5Bcodigos_catalogo_n4_label%5D=\">Click Aqu\u00ed<\/a><\/p>\n\n\n\n<ul class=\"wp-block-list\">\n<li><strong>Licitaciones por v\u00eda de la excepci\u00f3n con aviso de intenci\u00f3n de compra<\/strong>:<\/li>\n<\/ul>\n\n\n\n<p>Las entidades compradoras que realizan adquisiciones por v\u00eda de la excepci\u00f3n por urgencia impostergable, publican primeramente los datos generales de la intenci\u00f3n de compra excepcional.<\/p>\n\n\n\n<p>Adem\u00e1s de los datos de la licitaci\u00f3n, desde el 27 de abril las entidades deben publicar adicionalmente las bases concursales del llamado con 2 d\u00edas de antelaci\u00f3n a la apertura de ofertas.<\/p>\n\n\n\n<p>Para m\u00e1s detalles las empresas interesadas pueden consultar directamente con la entidad compradora.<\/p>\n\n\n\n<p><strong>Acceda al listado de intenciones de excepci\u00f3n con aviso de intenci\u00f3n de compra aqu\u00ed<\/strong>: <a href=\"https:\/\/www.contrataciones.gov.py\/buscador\/intenciones-de-excepcion.html?estado=&amp;covid_19=1&amp;slug=&amp;order=&amp;page=1\">Click Aqu\u00ed<\/a><\/p>\n\n\n\n<p><strong>Observaci\u00f3n:<\/strong>&nbsp;La informaci\u00f3n y documentaci\u00f3n completa de este tipo de contrataciones (incluyendo un dictamen que justifica la v\u00eda excepcional de compra utilizada), son publicadas con posterioridad a la firma del contrato y pueden ser visualizadas en el Buscador de Licitaciones.<\/p>\n","protected":false},"excerpt":{"rendered":"Licitaciones en Marco al COVID-19 Encuentre aqu\u00ed la informaci\u00f3n sobre los procesos licitatorios realizados por las entidades del Estado para hacer frente a la emergencia sanitaria La DNCP ha incorporado al buscador general de licitaciones una \u201cetiqueta\u201d llamada COVID -19 que permite filtrar todos los procedimientos de contrataci\u00f3n realizados para hacer frente a la pandemia. [&hellip;]","protected":false},"author":13,"featured_media":0,"parent":904,"menu_order":5,"comment_status":"closed","ping_status":"closed","template":"","meta":{"footnotes":""},"class_list":["post-2913","page","type-page","status-publish","hentry"],"_links":{"self":[{"href":"https:\/\/www.contrataciones.gov.py\/dncp\/wp-json\/wp\/v2\/pages\/2913","targetHints":{"allow":["GET"]}}],"collection":[{"href":"https:\/\/www.contrataciones.gov.py\/dncp\/wp-json\/wp\/v2\/pages"}],"about":[{"href":"https:\/\/www.contrataciones.gov.py\/dncp\/wp-json\/wp\/v2\/types\/page"}],"author":[{"embeddable":true,"href":"https:\/\/www.contrataciones.gov.py\/dncp\/wp-json\/wp\/v2\/users\/13"}],"replies":[{"embeddable":true,"href":"https:\/\/www.contrataciones.gov.py\/dncp\/wp-json\/wp\/v2\/comments?post=2913"}],"version-history":[{"count":5,"href":"https:\/\/www.contrataciones.gov.py\/dncp\/wp-json\/wp\/v2\/pages\/2913\/revisions"}],"predecessor-version":[{"id":13879,"href":"https:\/\/www.contrataciones.gov.py\/dncp\/wp-json\/wp\/v2\/pages\/2913\/revisions\/13879"}],"up":[{"embeddable":true,"href":"https:\/\/www.contrataciones.gov.py\/dncp\/wp-json\/wp\/v2\/pages\/904"}],"wp:attachment":[{"href":"https:\/\/www.contrataciones.gov.py\/dncp\/wp-json\/wp\/v2\/media?parent=2913"}],"curies":[{"name":"wp","href":"https:\/\/api.w.org\/{rel}","templated":true}]}}