{"id":2914,"date":"2023-05-02T12:04:23","date_gmt":"2023-05-02T16:04:23","guid":{"rendered":"https:\/\/www.contrataciones.gov.py\/dncp\/?page_id=2914"},"modified":"2024-12-05T15:42:55","modified_gmt":"2024-12-05T18:42:55","slug":"avisos-institucionales","status":"publish","type":"page","link":"https:\/\/www.contrataciones.gov.py\/dncp\/covid-19\/avisos-institucionales\/","title":{"rendered":"Avisos Institucionales"},"content":{"rendered":"\n<figure class=\"wp-block-image size-full\"><img loading=\"lazy\" decoding=\"async\" width=\"1920\" height=\"406\" src=\"https:\/\/www.contrataciones.gov.py\/dncp\/wp-content\/uploads\/2024\/12\/actualizacion-de-usuarios-de-Unidades-de-Contratacion_WEB-13-7.jpg\" alt=\"\" class=\"wp-image-13867\" srcset=\"https:\/\/www.contrataciones.gov.py\/dncp\/wp-content\/uploads\/2024\/12\/actualizacion-de-usuarios-de-Unidades-de-Contratacion_WEB-13-7.jpg 1920w, https:\/\/www.contrataciones.gov.py\/dncp\/wp-content\/uploads\/2024\/12\/actualizacion-de-usuarios-de-Unidades-de-Contratacion_WEB-13-7-300x63.jpg 300w, https:\/\/www.contrataciones.gov.py\/dncp\/wp-content\/uploads\/2024\/12\/actualizacion-de-usuarios-de-Unidades-de-Contratacion_WEB-13-7-1024x217.jpg 1024w, https:\/\/www.contrataciones.gov.py\/dncp\/wp-content\/uploads\/2024\/12\/actualizacion-de-usuarios-de-Unidades-de-Contratacion_WEB-13-7-768x162.jpg 768w, https:\/\/www.contrataciones.gov.py\/dncp\/wp-content\/uploads\/2024\/12\/actualizacion-de-usuarios-de-Unidades-de-Contratacion_WEB-13-7-1536x325.jpg 1536w\" sizes=\"auto, (max-width: 1920px) 100vw, 1920px\" \/><\/figure>\n\n\n\n<h4 class=\"wp-block-heading\">Avisos Institucionales<\/h4>\n\n\n\n<p>Debido a las medidas de mitigaci\u00f3n ante la expansi\u00f3n del COVID-19, la DNCP informa a sus usuarios:<\/p>\n\n\n\n\r\n<div class=\"table-responsive\">\r\n<table class=\"table table-striped table-bordered table-hover\">\r\n\t<thead>\r\n\t  <tr>\r\n\t\t<th>Descripci\u00f3n<\/th>\r\n\t\t<th class=\"text-center\">Descarga<\/th>\r\n\t  <\/tr>\r\n\t<\/thead>\r\n\t<tbody>\r\n\t\t\t\t\t<tr>\r\n\t\t\t\t\t\t\t\t<td> 1979\/20 - APROBACI\u00d3N DE PLIEGO DE BASES Y CONDICIONES<\/td>\r\n\t\t\t\t<td class=\"center\"><p class=\"text-center\"><a target=\"blank\" href=\"https:\/\/www.contrataciones.gov.py\/documentos\/download\/marco-legal\/46436\"><i class=\"fa fa-download\"><\/i><\/a><\/p><\/td>\r\n\t\t\t\t\t<tr>\r\n\t\t\t\t\t\t\t\t<td> 1930\/20 - UTILIZACI\u00d3N DEL SISTEMA DE INFORMACI\u00d3N DE CONTRATACIONES P\u00daBLICAS PARA LA PRESENTACI\u00d3N Y APERTURA DE OFERTAS ELECTR\u00d3NICAS EN LOS PROCEDIMIENTOS DE CONTRATACI\u00d3N.<\/td>\r\n\t\t\t\t<td class=\"center\"><p class=\"text-center\"><a target=\"blank\" href=\"https:\/\/www.contrataciones.gov.py\/documentos\/download\/marco-legal\/46406\"><i class=\"fa fa-download\"><\/i><\/a><\/p><\/td>\r\n\t\t\t\t\t<tr>\r\n\t\t\t\t\t\t\t\t<td> 1890\/20 - PRECIOS DE REFERENCIA Y SU PUBLICIDAD<\/td>\r\n\t\t\t\t<td class=\"center\"><p class=\"text-center\"><a target=\"blank\" href=\"https:\/\/www.contrataciones.gov.py\/documentos\/download\/marco-legal\/46394\"><i class=\"fa fa-download\"><\/i><\/a><\/p><\/td>\r\n\t\t\t\t\t<tr>\r\n\t\t\t\t\t\t\t\t<td> 1867\/20 - AVENIMIENTOS SUSTANCIADOS EN EL MARCO DE PROCEDIMIENTOS DE CONTRATACIONES P\u00daBLICAS<\/td>\r\n\t\t\t\t<td class=\"center\"><p class=\"text-center\"><a target=\"blank\" href=\"https:\/\/www.contrataciones.gov.py\/documentos\/download\/marco-legal\/46380\"><i class=\"fa fa-download\"><\/i><\/a><\/p><\/td>\r\n\t\t\t\t\t<tr>\r\n\t\t\t\t\t\t\t\t<td> 1858\/20 - AUDIENCIAS EN PROCEDIMIENTOS SUSTANCIADOS EN LA DIRECCI\u00d3N JUR\u00cdDICA DE LA DIRECCI\u00d3N NACIONAL DE CONTRATACIONES P\u00daBLICAS.<\/td>\r\n\t\t\t\t<td class=\"center\"><p class=\"text-center\"><a target=\"blank\" href=\"https:\/\/www.contrataciones.gov.py\/documentos\/download\/marco-legal\/46376\"><i class=\"fa fa-download\"><\/i><\/a><\/p><\/td>\r\n\t\t\t\t\t<tr>\r\n\t\t\t\t\t\t\t\t<td> 1697\/20 - Reglamentaci\u00f3n sobre las CVE por Urgencia Impostergable.  Referencia <\/td>\r\n\t\t\t\t<td class=\"center\"><p class=\"text-center\"><a target=\"blank\" href=\"https:\/\/www.contrataciones.gov.py\/documentos\/download\/marco-legal\/46257\"><i class=\"fa fa-download\"><\/i><\/a><\/p><\/td>\r\n\t\t\t\t\t<tr>\r\n\t\t\t\t\t\t\t\t<td> 10\/20 - DIRIGIDA A LAS UNIDADES OPERATIVAS DE CONTRATACION (UOC), SUB UNIDADES OPERATIVAS DE CONTRATACION (SUB UOC), UNIDADES EJECUTORAS DE PROYECTOS (UEP) DE LOS ORGANISMOS, ENTIDADES DEL ESTADO, S.A EN LAS QUE EL ESTADO SEA SOCIO MAYORITARIO Y <\/td>\r\n\t\t\t\t<td class=\"center\"><p class=\"text-center\"><a target=\"blank\" href=\"https:\/\/www.contrataciones.gov.py\/documentos\/download\/marco-legal\/46102\"><i class=\"fa fa-download\"><\/i><\/a><\/p><\/td>\r\n\t\t\t\t\t<tr>\r\n\t\t\t\t\t\t\t\t<td> 1429\/20 - MESA DE ENTRADA - SIPE <\/td>\r\n\t\t\t\t<td class=\"center\"><p class=\"text-center\"><a target=\"blank\" href=\"https:\/\/www.contrataciones.gov.py\/documentos\/download\/marco-legal\/46052\"><i class=\"fa fa-download\"><\/i><\/a><\/p><\/td>\r\n\t\t\t\t\t<tr>\r\n\t\t\t\t\t\t\t\t<td> 1400\/20 - APROBACION DE PBC-VIA DE LA EXCEPCION-CONVENIO MARCO- PRODUCTOS DE CONTINGENCIA COVID-19<\/td>\r\n\t\t\t\t<td class=\"center\"><p class=\"text-center\"><a target=\"blank\" href=\"https:\/\/www.contrataciones.gov.py\/documentos\/download\/marco-legal\/46039\"><i class=\"fa fa-download\"><\/i><\/a><\/p><\/td>\r\n\t\t\t\t\t<tr>\r\n\t\t\t\t\t\t\t\t<td> 1273\/20 - POR LA CUAL SE MODIFICA EL ART. 6 DE LA RESOLUCION DNCP N\u00b0 1098\/20<\/td>\r\n\t\t\t\t<td class=\"center\"><p class=\"text-center\"><a target=\"blank\" href=\"https:\/\/www.contrataciones.gov.py\/documentos\/download\/marco-legal\/45969\"><i class=\"fa fa-download\"><\/i><\/a><\/p><\/td>\r\n\t\t\t\t\t<tr>\r\n\t\t\t\t\t\t\t\t<td> 1252\/20 - SE MODIFICA EL ARTICULO 14 DE LA RESOLUCION DNCP N\u00ba1092\/20<\/td>\r\n\t\t\t\t<td class=\"center\"><p class=\"text-center\"><a target=\"blank\" href=\"https:\/\/www.contrataciones.gov.py\/documentos\/download\/marco-legal\/45926\"><i class=\"fa fa-download\"><\/i><\/a><\/p><\/td>\r\n\t\t\t\t\t<tr>\r\n\t\t\t\t\t\t\t\t<td> 1236\/20 - RECEPCION DE EXPEDIENTES EN MESA DE ENTRADA POR CORREO ELECTRONICO<\/td>\r\n\t\t\t\t<td class=\"center\"><p class=\"text-center\"><a target=\"blank\" href=\"https:\/\/www.contrataciones.gov.py\/documentos\/download\/marco-legal\/45919\"><i class=\"fa fa-download\"><\/i><\/a><\/p><\/td>\r\n\t\t\t\t\t<tr>\r\n\t\t\t\t\t\t\t\t<td> 1220\/20 - EQUIPO DE TRABAJO ENCARGADO DE TRAMITAR PROCESOS EN EL MARCO DE LAS MEDIDAS PREVENTIVAS CONTRA COVID-19<\/td>\r\n\t\t\t\t<td class=\"center\"><p class=\"text-center\"><a target=\"blank\" href=\"https:\/\/www.contrataciones.gov.py\/documentos\/download\/marco-legal\/45901\"><i class=\"fa fa-download\"><\/i><\/a><\/p><\/td>\r\n\t\t\t\t\t<tr>\r\n\t\t\t\t\t\t\t\t<td> 09\/20 - APERTURA DE SOBRES<\/td>\r\n\t\t\t\t<td class=\"center\"><p class=\"text-center\"><a target=\"blank\" href=\"https:\/\/www.contrataciones.gov.py\/documentos\/download\/marco-legal\/45839\"><i class=\"fa fa-download\"><\/i><\/a><\/p><\/td>\r\n\t\t\t\t\t<tr>\r\n\t\t\t\t\t\t\t\t<td> 08\/20 - HORARIO EXCEPCIONAL DE TRABAJO EN LA DNCP ACATANDO DECRETO PRESIDENCIAL N\u00b0 3451\/20<\/td>\r\n\t\t\t\t<td class=\"center\"><p class=\"text-center\"><a target=\"blank\" href=\"https:\/\/www.contrataciones.gov.py\/documentos\/download\/marco-legal\/45826\"><i class=\"fa fa-download\"><\/i><\/a><\/p><\/td>\r\n\t\t\t\t\t<tr>\r\n\t\t\t\t\t\t\t\t<td> 1092\/20 - MEDIDAS ADOPTADAS POR LA DNCP PARA MITIGAR LA PROPAGACI\u00d3N DEL CORONAVIRUS (COVID-19)<\/td>\r\n\t\t\t\t<td class=\"center\"><p class=\"text-center\"><a target=\"blank\" href=\"https:\/\/www.contrataciones.gov.py\/documentos\/download\/marco-legal\/45810\"><i class=\"fa fa-download\"><\/i><\/a><\/p><\/td>\r\n\t\t\t\t\t<tr>\r\n\t\t\t\t\t\t\t\t<td> 06\/20 - MEDIDAS ADOPTADAS POR LA DNCP PARA MITIGAR LA PROPAGACI\u00d3N DEL CORONAVIRUS (COVID-19)<\/td>\r\n\t\t\t\t<td class=\"center\"><p class=\"text-center\"><a target=\"blank\" href=\"https:\/\/www.contrataciones.gov.py\/documentos\/download\/marco-legal\/45792\"><i class=\"fa fa-download\"><\/i><\/a><\/p><\/td>\r\n\t\t\t<\/tbody>\r\n<\/table>\n\n\n\n\n\n<h5 class=\"wp-block-heading\"><strong>AUDIENCIAS DE AVENIMIENTOS Y SUMARIOS :<\/strong><\/h5>\n\n\n\n<p>En virtud a la Resoluci\u00f3n N\u00b0 1858\/2020, las audiencias ser\u00e1n realizadas por medios telem\u00e1ticos (videoconferencia).<br>La DNCP busca garantizar sus servicios y otorgar a su vez la seguridad necesaria a los interesados, teniendo en cuenta las medidas de distanciamiento social que se deben adoptar.<\/p>\n","protected":false},"excerpt":{"rendered":"Avisos Institucionales Debido a las medidas de mitigaci\u00f3n ante la expansi\u00f3n del COVID-19, la DNCP informa a sus usuarios: AUDIENCIAS DE AVENIMIENTOS Y SUMARIOS : En virtud a la Resoluci\u00f3n N\u00b0 1858\/2020, las audiencias ser\u00e1n realizadas por medios telem\u00e1ticos (videoconferencia).La DNCP busca garantizar sus servicios y otorgar a su vez la seguridad necesaria a los [&hellip;]","protected":false},"author":8,"featured_media":0,"parent":904,"menu_order":4,"comment_status":"closed","ping_status":"closed","template":"","meta":{"footnotes":""},"class_list":["post-2914","page","type-page","status-publish","hentry"],"_links":{"self":[{"href":"https:\/\/www.contrataciones.gov.py\/dncp\/wp-json\/wp\/v2\/pages\/2914","targetHints":{"allow":["GET"]}}],"collection":[{"href":"https:\/\/www.contrataciones.gov.py\/dncp\/wp-json\/wp\/v2\/pages"}],"about":[{"href":"https:\/\/www.contrataciones.gov.py\/dncp\/wp-json\/wp\/v2\/types\/page"}],"author":[{"embeddable":true,"href":"https:\/\/www.contrataciones.gov.py\/dncp\/wp-json\/wp\/v2\/users\/8"}],"replies":[{"embeddable":true,"href":"https:\/\/www.contrataciones.gov.py\/dncp\/wp-json\/wp\/v2\/comments?post=2914"}],"version-history":[{"count":12,"href":"https:\/\/www.contrataciones.gov.py\/dncp\/wp-json\/wp\/v2\/pages\/2914\/revisions"}],"predecessor-version":[{"id":13871,"href":"https:\/\/www.contrataciones.gov.py\/dncp\/wp-json\/wp\/v2\/pages\/2914\/revisions\/13871"}],"up":[{"embeddable":true,"href":"https:\/\/www.contrataciones.gov.py\/dncp\/wp-json\/wp\/v2\/pages\/904"}],"wp:attachment":[{"href":"https:\/\/www.contrataciones.gov.py\/dncp\/wp-json\/wp\/v2\/media?parent=2914"}],"curies":[{"name":"wp","href":"https:\/\/api.w.org\/{rel}","templated":true}]}}