{"id":2939,"date":"2023-05-02T15:24:04","date_gmt":"2023-05-02T19:24:04","guid":{"rendered":"https:\/\/www.contrataciones.gov.py\/dncp\/?page_id=2939"},"modified":"2024-12-05T15:44:36","modified_gmt":"2024-12-05T18:44:36","slug":"control-extraordinario-del-100-de-compras-relacionadas-al-covid-19","status":"publish","type":"page","link":"https:\/\/www.contrataciones.gov.py\/dncp\/covid-19\/control-extraordinario-del-100-de-compras-relacionadas-al-covid-19\/","title":{"rendered":"Control extraordinario del 100% de compras relacionadas al COVID-19"},"content":{"rendered":"\n<figure class=\"wp-block-image size-large\"><img loading=\"lazy\" decoding=\"async\" width=\"1024\" height=\"217\" src=\"https:\/\/www.contrataciones.gov.py\/dncp\/wp-content\/uploads\/2024\/12\/actualizacion-de-usuarios-de-Unidades-de-Contratacion_WEB-13-12-1024x217.jpg\" alt=\"\" class=\"wp-image-13907\" srcset=\"https:\/\/www.contrataciones.gov.py\/dncp\/wp-content\/uploads\/2024\/12\/actualizacion-de-usuarios-de-Unidades-de-Contratacion_WEB-13-12-1024x217.jpg 1024w, https:\/\/www.contrataciones.gov.py\/dncp\/wp-content\/uploads\/2024\/12\/actualizacion-de-usuarios-de-Unidades-de-Contratacion_WEB-13-12-300x63.jpg 300w, https:\/\/www.contrataciones.gov.py\/dncp\/wp-content\/uploads\/2024\/12\/actualizacion-de-usuarios-de-Unidades-de-Contratacion_WEB-13-12-768x162.jpg 768w, https:\/\/www.contrataciones.gov.py\/dncp\/wp-content\/uploads\/2024\/12\/actualizacion-de-usuarios-de-Unidades-de-Contratacion_WEB-13-12-1536x325.jpg 1536w, https:\/\/www.contrataciones.gov.py\/dncp\/wp-content\/uploads\/2024\/12\/actualizacion-de-usuarios-de-Unidades-de-Contratacion_WEB-13-12.jpg 1920w\" sizes=\"auto, (max-width: 1024px) 100vw, 1024px\" \/><\/figure>\n\n\n\n<h4 class=\"wp-block-heading\">Control extraordinario del 100% de compras relacionadas al COVID-19<\/h4>\n\n\n\n<p>La DNCP tom\u00f3 la medida de realizar un control extraordinario del 100% de las licitaciones realizadas para hacer frente al COVID-19.<\/p>\n\n\n\n<p>Muchas de las licitaciones realizadas en marco a la emergencia sanitaria son realizadas bajo la modalidad de \u00aburgencia impostergable\u00bb. Este tipo de licitaciones son realizadas en un periodo reducido de tiempo, por lo tanto, las documentaciones respaldatorias son presentadas a la DNCP con posterioridad a la firma de los contratos. Por este motivo, la DNCP resolvi\u00f3 sumar a los controles habituales, una verificaci\u00f3n extraordinaria, en donde t\u00e9cnicos de diversas \u00e1reas de la instituci\u00f3n monitorean el 100% de las compras realizadas para el combate al COVID-19.<\/p>\n\n\n\n<p>A continuaci\u00f3n encontrar\u00e1 disponible para su descarga un informe sobre los controles realizados, el documento ser\u00e1 actualizado mensualmente.<\/p>\n\n\n\n<ul class=\"wp-block-list\">\n<li>Informe control extraordinario a licitaciones COVID-19 a octubre\/2020:<a href=\"https:\/\/static.dncp.gov.py\/PublishingImages\/Lists\/Banners\/AllItems\/Informeprocesoscovidoctubre2020.pdf\">&nbsp;<u>Click Aqu\u00ed<\/u><\/a><\/li>\n<\/ul>\n","protected":false},"excerpt":{"rendered":"Control extraordinario del 100% de compras relacionadas al COVID-19 La DNCP tom\u00f3 la medida de realizar un control extraordinario del 100% de las licitaciones realizadas para hacer frente al COVID-19. Muchas de las licitaciones realizadas en marco a la emergencia sanitaria son realizadas bajo la modalidad de \u00aburgencia impostergable\u00bb. Este tipo de licitaciones son realizadas [&hellip;]","protected":false},"author":13,"featured_media":0,"parent":904,"menu_order":10,"comment_status":"closed","ping_status":"closed","template":"","meta":{"footnotes":""},"class_list":["post-2939","page","type-page","status-publish","hentry"],"_links":{"self":[{"href":"https:\/\/www.contrataciones.gov.py\/dncp\/wp-json\/wp\/v2\/pages\/2939","targetHints":{"allow":["GET"]}}],"collection":[{"href":"https:\/\/www.contrataciones.gov.py\/dncp\/wp-json\/wp\/v2\/pages"}],"about":[{"href":"https:\/\/www.contrataciones.gov.py\/dncp\/wp-json\/wp\/v2\/types\/page"}],"author":[{"embeddable":true,"href":"https:\/\/www.contrataciones.gov.py\/dncp\/wp-json\/wp\/v2\/users\/13"}],"replies":[{"embeddable":true,"href":"https:\/\/www.contrataciones.gov.py\/dncp\/wp-json\/wp\/v2\/comments?post=2939"}],"version-history":[{"count":3,"href":"https:\/\/www.contrataciones.gov.py\/dncp\/wp-json\/wp\/v2\/pages\/2939\/revisions"}],"predecessor-version":[{"id":13911,"href":"https:\/\/www.contrataciones.gov.py\/dncp\/wp-json\/wp\/v2\/pages\/2939\/revisions\/13911"}],"up":[{"embeddable":true,"href":"https:\/\/www.contrataciones.gov.py\/dncp\/wp-json\/wp\/v2\/pages\/904"}],"wp:attachment":[{"href":"https:\/\/www.contrataciones.gov.py\/dncp\/wp-json\/wp\/v2\/media?parent=2939"}],"curies":[{"name":"wp","href":"https:\/\/api.w.org\/{rel}","templated":true}]}}