{"id":2948,"date":"2023-05-02T15:44:17","date_gmt":"2023-05-02T19:44:17","guid":{"rendered":"https:\/\/www.contrataciones.gov.py\/dncp\/?page_id=2948"},"modified":"2024-12-04T11:33:31","modified_gmt":"2024-12-04T14:33:31","slug":"nuevos-procedimientos-de-contratacion","status":"publish","type":"page","link":"https:\/\/www.contrataciones.gov.py\/dncp\/ley-7021\/nuevos-procedimientos-de-contratacion\/","title":{"rendered":"Nuevos procedimientos de contrataci\u00f3n"},"content":{"rendered":"\n<figure class=\"wp-block-image size-large\"><img loading=\"lazy\" decoding=\"async\" width=\"1024\" height=\"217\" src=\"https:\/\/www.contrataciones.gov.py\/dncp\/wp-content\/uploads\/2024\/12\/actualizacion-de-usuarios-de-Unidades-de-Contratacion_WEB-2-4-1024x217.jpg\" alt=\"\" class=\"wp-image-13247\" srcset=\"https:\/\/www.contrataciones.gov.py\/dncp\/wp-content\/uploads\/2024\/12\/actualizacion-de-usuarios-de-Unidades-de-Contratacion_WEB-2-4-1024x217.jpg 1024w, https:\/\/www.contrataciones.gov.py\/dncp\/wp-content\/uploads\/2024\/12\/actualizacion-de-usuarios-de-Unidades-de-Contratacion_WEB-2-4-300x63.jpg 300w, https:\/\/www.contrataciones.gov.py\/dncp\/wp-content\/uploads\/2024\/12\/actualizacion-de-usuarios-de-Unidades-de-Contratacion_WEB-2-4-768x162.jpg 768w, https:\/\/www.contrataciones.gov.py\/dncp\/wp-content\/uploads\/2024\/12\/actualizacion-de-usuarios-de-Unidades-de-Contratacion_WEB-2-4-1536x325.jpg 1536w, https:\/\/www.contrataciones.gov.py\/dncp\/wp-content\/uploads\/2024\/12\/actualizacion-de-usuarios-de-Unidades-de-Contratacion_WEB-2-4.jpg 1920w\" sizes=\"auto, (max-width: 1024px) 100vw, 1024px\" \/><\/figure>\n\n\n\n<h3 class=\"wp-block-heading\"><\/h3>\n\n\n\n<ul class=\"wp-block-list\">\n<li>Procedimientos convencionales de contrataci\u00f3n \u2013 Ley 7021\/2022\n<ul class=\"wp-block-list\">\n<li>Licitaci\u00f3n P\u00fablica \u2013 mayor a 5000 (cinco mil) jornales m\u00ednimos<\/li>\n\n\n\n<li>Licitaci\u00f3n de Menor Cuant\u00eda \u2013 menor a 5000 (cinco mil) jornales m\u00ednimos. Este procedimiento estar\u00e1 reservado preferentemente para las micro, peque\u00f1as y medianas empresas (MIPYMES), previstas por la Ley N\u00b0 4457\/2012.<\/li>\n<\/ul>\n<\/li>\n\n\n\n<li>Procedimientos especiales de contrataci\u00f3n \u2013 Ley 7021\/2022\n<ul class=\"wp-block-list\">\n<li>Subasta a la Baja Electr\u00f3nica<\/li>\n\n\n\n<li>Convenio Marco<\/li>\n\n\n\n<li>Contrataci\u00f3n Inclusiva<\/li>\n\n\n\n<li>Acuerdo Nacional<\/li>\n\n\n\n<li>Acuerdo Internacional<\/li>\n\n\n\n<li>Procedimiento para Sociedades An\u00f3nimas con participaci\u00f3n accionaria mayoritaria del Estado, Empresas P\u00fablicas y Entidades Financieras en r\u00e9gimen de competencia<\/li>\n\n\n\n<li>Procedimiento para la contrataci\u00f3n de impresi\u00f3n de billetes y acu\u00f1aci\u00f3n de monedas u otro instrumento monetario de circulaci\u00f3n oficial, as\u00ed como los procedimientos para adquisici\u00f3n de sistemas y productos especializados vinculados a la gesti\u00f3n de la pol\u00edtica monetaria<\/li>\n\n\n\n<li>Procedimiento para Gobiernos Locales<\/li>\n<\/ul>\n<\/li>\n<\/ul>\n","protected":false},"excerpt":{"rendered":"","protected":false},"author":13,"featured_media":0,"parent":2941,"menu_order":2,"comment_status":"closed","ping_status":"closed","template":"","meta":{"footnotes":""},"class_list":["post-2948","page","type-page","status-publish","hentry"],"_links":{"self":[{"href":"https:\/\/www.contrataciones.gov.py\/dncp\/wp-json\/wp\/v2\/pages\/2948","targetHints":{"allow":["GET"]}}],"collection":[{"href":"https:\/\/www.contrataciones.gov.py\/dncp\/wp-json\/wp\/v2\/pages"}],"about":[{"href":"https:\/\/www.contrataciones.gov.py\/dncp\/wp-json\/wp\/v2\/types\/page"}],"author":[{"embeddable":true,"href":"https:\/\/www.contrataciones.gov.py\/dncp\/wp-json\/wp\/v2\/users\/13"}],"replies":[{"embeddable":true,"href":"https:\/\/www.contrataciones.gov.py\/dncp\/wp-json\/wp\/v2\/comments?post=2948"}],"version-history":[{"count":3,"href":"https:\/\/www.contrataciones.gov.py\/dncp\/wp-json\/wp\/v2\/pages\/2948\/revisions"}],"predecessor-version":[{"id":13251,"href":"https:\/\/www.contrataciones.gov.py\/dncp\/wp-json\/wp\/v2\/pages\/2948\/revisions\/13251"}],"up":[{"embeddable":true,"href":"https:\/\/www.contrataciones.gov.py\/dncp\/wp-json\/wp\/v2\/pages\/2941"}],"wp:attachment":[{"href":"https:\/\/www.contrataciones.gov.py\/dncp\/wp-json\/wp\/v2\/media?parent=2948"}],"curies":[{"name":"wp","href":"https:\/\/api.w.org\/{rel}","templated":true}]}}