{"id":3106,"date":"2023-05-02T19:25:59","date_gmt":"2023-05-02T23:25:59","guid":{"rendered":"https:\/\/www.contrataciones.gov.py\/dncp\/?page_id=3106"},"modified":"2023-05-02T19:27:29","modified_gmt":"2023-05-02T23:27:29","slug":"otros-portales-de-interes","status":"publish","type":"page","link":"https:\/\/www.contrataciones.gov.py\/dncp\/otros-portales-de-interes\/","title":{"rendered":"Otros Portales de inter\u00e9s"},"content":{"rendered":"\n<figure class=\"wp-block-table table-responsive\"><table><thead><tr><th class=\"has-text-align-left\" data-align=\"left\"><strong>Descripci\u00f3n<\/strong><\/th><th class=\"has-text-align-center\" data-align=\"center\"><strong>Ver m\u00e1s informaci\u00f3n<\/strong><\/th><\/tr><\/thead><tbody><tr><td class=\"has-text-align-left\" data-align=\"left\">Registro P\u00fablico de Proyectos de Participaci\u00f3n P\u00fablico-Privada<\/td><td class=\"has-text-align-center\" data-align=\"center\"><a href=\"http:\/\/www.stp.gov.py\/v1\/?page_id=80\"><i class=\"fa fa-link\"><\/i><\/a><\/td><\/tr><tr><td class=\"has-text-align-left\" data-align=\"left\">Portal de Denuncias de la Secretar\u00eda Nacional Anticorrupci\u00f3n<\/td><td class=\"has-text-align-center\" data-align=\"center\"><a href=\"http:\/\/www.denuncias.gov.py\/\"><i class=\"fa fa-link\"><\/i><\/a><\/td><\/tr><tr><td class=\"has-text-align-left\" data-align=\"left\">Sitio de Gobierno Abierto \u2013 Paraguay<\/td><td class=\"has-text-align-center\" data-align=\"center\"><a href=\"http:\/\/www.gobiernoabierto.gov.py\/\"><i class=\"fa fa-link\"><\/i><\/a><\/td><\/tr><\/tbody><\/table><\/figure>\n","protected":false},"excerpt":{"rendered":"Descripci\u00f3nVer m\u00e1s informaci\u00f3nRegistro P\u00fablico de Proyectos de Participaci\u00f3n P\u00fablico-PrivadaPortal de Denuncias de la Secretar\u00eda Nacional Anticorrupci\u00f3nSitio de Gobierno Abierto \u2013 Paraguay","protected":false},"author":8,"featured_media":0,"parent":0,"menu_order":0,"comment_status":"closed","ping_status":"closed","template":"","meta":{"footnotes":""},"class_list":["post-3106","page","type-page","status-publish","hentry"],"_links":{"self":[{"href":"https:\/\/www.contrataciones.gov.py\/dncp\/wp-json\/wp\/v2\/pages\/3106","targetHints":{"allow":["GET"]}}],"collection":[{"href":"https:\/\/www.contrataciones.gov.py\/dncp\/wp-json\/wp\/v2\/pages"}],"about":[{"href":"https:\/\/www.contrataciones.gov.py\/dncp\/wp-json\/wp\/v2\/types\/page"}],"author":[{"embeddable":true,"href":"https:\/\/www.contrataciones.gov.py\/dncp\/wp-json\/wp\/v2\/users\/8"}],"replies":[{"embeddable":true,"href":"https:\/\/www.contrataciones.gov.py\/dncp\/wp-json\/wp\/v2\/comments?post=3106"}],"version-history":[{"count":4,"href":"https:\/\/www.contrataciones.gov.py\/dncp\/wp-json\/wp\/v2\/pages\/3106\/revisions"}],"predecessor-version":[{"id":3111,"href":"https:\/\/www.contrataciones.gov.py\/dncp\/wp-json\/wp\/v2\/pages\/3106\/revisions\/3111"}],"wp:attachment":[{"href":"https:\/\/www.contrataciones.gov.py\/dncp\/wp-json\/wp\/v2\/media?parent=3106"}],"curies":[{"name":"wp","href":"https:\/\/api.w.org\/{rel}","templated":true}]}}