{"id":3112,"date":"2023-05-02T19:33:30","date_gmt":"2023-05-02T23:33:30","guid":{"rendered":"https:\/\/www.contrataciones.gov.py\/dncp\/?page_id=3112"},"modified":"2024-12-05T15:43:33","modified_gmt":"2024-12-05T18:43:33","slug":"herramientas-de-contraloria-ciudadana","status":"publish","type":"page","link":"https:\/\/www.contrataciones.gov.py\/dncp\/covid-19\/herramientas-de-contraloria-ciudadana\/","title":{"rendered":"Herramientas de Contralor\u00eda Ciudadana"},"content":{"rendered":"\n<figure class=\"wp-block-image size-full\"><img loading=\"lazy\" decoding=\"async\" width=\"1920\" height=\"406\" src=\"https:\/\/www.contrataciones.gov.py\/dncp\/wp-content\/uploads\/2024\/12\/actualizacion-de-usuarios-de-Unidades-de-Contratacion_WEB-13-9.jpg\" alt=\"\" class=\"wp-image-13883\" srcset=\"https:\/\/www.contrataciones.gov.py\/dncp\/wp-content\/uploads\/2024\/12\/actualizacion-de-usuarios-de-Unidades-de-Contratacion_WEB-13-9.jpg 1920w, https:\/\/www.contrataciones.gov.py\/dncp\/wp-content\/uploads\/2024\/12\/actualizacion-de-usuarios-de-Unidades-de-Contratacion_WEB-13-9-300x63.jpg 300w, https:\/\/www.contrataciones.gov.py\/dncp\/wp-content\/uploads\/2024\/12\/actualizacion-de-usuarios-de-Unidades-de-Contratacion_WEB-13-9-1024x217.jpg 1024w, https:\/\/www.contrataciones.gov.py\/dncp\/wp-content\/uploads\/2024\/12\/actualizacion-de-usuarios-de-Unidades-de-Contratacion_WEB-13-9-768x162.jpg 768w, https:\/\/www.contrataciones.gov.py\/dncp\/wp-content\/uploads\/2024\/12\/actualizacion-de-usuarios-de-Unidades-de-Contratacion_WEB-13-9-1536x325.jpg 1536w\" sizes=\"auto, (max-width: 1920px) 100vw, 1920px\" \/><\/figure>\n\n\n\n<h5 class=\"wp-block-heading\"><strong>Herramientas de Contralor\u00eda Ciudadana<\/strong><\/h5>\n\n\n\n<p>La DNCP como entidad encargada de regular, transparentar y optimizar el Sistema de<br>Contrataciones P\u00fablicas, pone a disposici\u00f3n de la ciudadan\u00eda una serie de herramientas que le permitir\u00e1n acceder a la informaci\u00f3n sobre las compras p\u00fablicas realizadas por el Estado para hacer frente a la pandemia del COVID \u2013 19.<\/p>\n\n\n\n<p>La finalidad de estas herramientas es promover la transparencia y el control ciudadano de todas las compras realizadas ante la emergencia.<\/p>\n\n\n\n<h5 class=\"wp-block-heading\"><strong>Gu\u00eda r\u00e1pida para el ciudadano:<\/strong><\/h5>\n\n\n\n<p>Para conocer el uso de estas herramientas descargue la&nbsp;<a href=\"http:\/\/static.dncp.gov.py\/PublishingImages\/Lists\/Banners\/AllItems\/Gui%CC%81a_rapida_COVID_para_el_ciudadano.pdf\">gu\u00eda aqu\u00ed<\/a><\/p>\n\n\n\n<figure class=\"wp-block-table table-responsive\"><table><thead><tr><th class=\"has-text-align-left\" data-align=\"left\">Descripci\u00f3n<\/th><th class=\"has-text-align-center\" data-align=\"center\">Descarga<\/th><\/tr><\/thead><tbody><tr><td class=\"has-text-align-left\" data-align=\"left\">Buscador de licitaciones:<\/td><td class=\"has-text-align-center\" data-align=\"center\"><a href=\"https:\/\/www.contrataciones.gov.py\/buscador\/licitaciones.html?nro_nombre_licitacion=&amp;fecha_desde=&amp;fecha_hasta=&amp;tipo_fecha=&amp;marcas%5B%5D=covid_19&amp;convocante_tipo=&amp;convocante_nombre_codigo=&amp;codigo_contratacion=&amp;catalogo%5Bcodigos_catalogo_n4%5D=&amp;page=&amp;order=&amp;convocante_codigos=&amp;convocante_tipo_codigo=&amp;unidad_contratacion_codigo=&amp;catalogo%5Bcodigos_catalogo_n4_label%5D=\" target=\"_blank\" rel=\"noreferrer noopener\"><i class=\"fa fa-download\"><\/i><\/a><\/td><\/tr><tr><td class=\"has-text-align-left\" data-align=\"left\">Buscador de Intenciones de Excepci\u00f3n con Difusi\u00f3n Posterior:<\/td><td class=\"has-text-align-center\" data-align=\"center\"><a href=\"https:\/\/www.contrataciones.gov.py\/buscador\/intenciones-de-excepcion.html?estado=&amp;covid_19=1&amp;slug=&amp;order=&amp;page=1\" target=\"_blank\" rel=\"noreferrer noopener\"><i class=\"fa fa-download\"><\/i><\/a><\/td><\/tr><tr><td class=\"has-text-align-left\" data-align=\"left\">Buscador de proveedores:<\/td><td class=\"has-text-align-center\" data-align=\"center\"><a href=\"https:\/\/www.contrataciones.gov.py\/buscador\/proveedores.html\" target=\"_blank\" rel=\"noreferrer noopener\"><i class=\"fa fa-download\"><\/i><\/a><\/td><\/tr><tr><td class=\"has-text-align-left\" data-align=\"left\">Buscador de contratos:<\/td><td class=\"has-text-align-center\" data-align=\"center\"><a href=\"https:\/\/www.contrataciones.gov.py\/buscador\/contratos.html\" target=\"_blank\" rel=\"noreferrer noopener\"><i class=\"fa fa-download\"><\/i><\/a><\/td><\/tr><tr><td class=\"has-text-align-left\" data-align=\"left\">Buscador de pago a proveeedores:<\/td><td class=\"has-text-align-center\" data-align=\"center\"><a href=\"https:\/\/www.contrataciones.gov.py\/buscador\/pagos-a-proveedores.html\" target=\"_blank\" rel=\"noreferrer noopener\"><i class=\"fa fa-download\"><\/i><\/a><\/td><\/tr><tr><td class=\"has-text-align-left\" data-align=\"left\">Portal de Datos Abiertos:<\/td><td class=\"has-text-align-center\" data-align=\"center\"><a href=\"https:\/\/www.contrataciones.gov.py\/datos\" target=\"_blank\" rel=\"noreferrer noopener\"><i class=\"fa fa-download\"><\/i><\/a><\/td><\/tr><tr><td class=\"has-text-align-left\" data-align=\"left\">Sistema de Informaci\u00f3n Estad\u00edstica \u2013 SIE:<\/td><td class=\"has-text-align-center\" data-align=\"center\"><a href=\"https:\/\/www.contrataciones.gov.py\/dncp\/sie\" target=\"_blank\" rel=\"noreferrer noopener\"><i class=\"fa fa-download\"><\/i><\/a><\/td><\/tr><tr><td class=\"has-text-align-left\" data-align=\"left\">Sistema de Denuncias con protecci\u00f3n al denunciante:<\/td><td class=\"has-text-align-center\" data-align=\"center\"><a href=\"https:\/\/www.contrataciones.gov.py\/denuncia\/default.do\" target=\"_blank\" rel=\"noreferrer noopener\"><i class=\"fa fa-download\"><\/i><\/a><\/td><\/tr><tr><td class=\"has-text-align-left\" data-align=\"left\">Aplicaci\u00f3n m\u00f3vil \u2013 DNCP notificaciones (iOS):<\/td><td class=\"has-text-align-center\" data-align=\"center\"><a href=\"https:\/\/apps.apple.com\/us\/app\/dncp-notificaciones\/id1497437565?l=es\" target=\"_blank\" rel=\"noreferrer noopener\"><i class=\"fa fa-download\"><\/i><\/a><\/td><\/tr><tr><td class=\"has-text-align-left\" data-align=\"left\">Aplicaci\u00f3n m\u00f3vil \u2013 DNCP notificaciones (Android):<\/td><td class=\"has-text-align-center\" data-align=\"center\"><a href=\"https:\/\/play.google.com\/store\/apps\/details?id=py.gov.dncp.notificaciones\" target=\"_blank\" rel=\"noreferrer noopener\"><i class=\"fa fa-download\"><\/i><\/a><\/td><\/tr><tr><td class=\"has-text-align-left\" data-align=\"left\">Estad\u00edsticas de Intenciones de Compra por Excepci\u00f3n para COVID-19:<\/td><td class=\"has-text-align-center\" data-align=\"center\"><a href=\"https:\/\/www.contrataciones.gov.py\/dncp\/sie#covid\" target=\"_blank\" rel=\"noreferrer noopener\"><i class=\"fa fa-download\"><\/i><\/a><\/td><\/tr><tr><td class=\"has-text-align-left\" data-align=\"left\">Estad\u00edsticas de Adjudicaciones para COVID-19:<\/td><td class=\"has-text-align-center\" data-align=\"center\"><a href=\"https:\/\/www.contrataciones.gov.py\/dncp\/sie#adjudicaciones-covid\" target=\"_blank\" rel=\"noreferrer noopener\"><i class=\"fa fa-download\"><\/i><\/a><\/td><\/tr><\/tbody><\/table><\/figure>\n","protected":false},"excerpt":{"rendered":"Herramientas de Contralor\u00eda Ciudadana La DNCP como entidad encargada de regular, transparentar y optimizar el Sistema deContrataciones P\u00fablicas, pone a disposici\u00f3n de la ciudadan\u00eda una serie de herramientas que le permitir\u00e1n acceder a la informaci\u00f3n sobre las compras p\u00fablicas realizadas por el Estado para hacer frente a la pandemia del COVID \u2013 19. La finalidad [&hellip;]","protected":false},"author":8,"featured_media":0,"parent":904,"menu_order":6,"comment_status":"closed","ping_status":"closed","template":"","meta":{"footnotes":""},"class_list":["post-3112","page","type-page","status-publish","hentry"],"_links":{"self":[{"href":"https:\/\/www.contrataciones.gov.py\/dncp\/wp-json\/wp\/v2\/pages\/3112","targetHints":{"allow":["GET"]}}],"collection":[{"href":"https:\/\/www.contrataciones.gov.py\/dncp\/wp-json\/wp\/v2\/pages"}],"about":[{"href":"https:\/\/www.contrataciones.gov.py\/dncp\/wp-json\/wp\/v2\/types\/page"}],"author":[{"embeddable":true,"href":"https:\/\/www.contrataciones.gov.py\/dncp\/wp-json\/wp\/v2\/users\/8"}],"replies":[{"embeddable":true,"href":"https:\/\/www.contrataciones.gov.py\/dncp\/wp-json\/wp\/v2\/comments?post=3112"}],"version-history":[{"count":6,"href":"https:\/\/www.contrataciones.gov.py\/dncp\/wp-json\/wp\/v2\/pages\/3112\/revisions"}],"predecessor-version":[{"id":13887,"href":"https:\/\/www.contrataciones.gov.py\/dncp\/wp-json\/wp\/v2\/pages\/3112\/revisions\/13887"}],"up":[{"embeddable":true,"href":"https:\/\/www.contrataciones.gov.py\/dncp\/wp-json\/wp\/v2\/pages\/904"}],"wp:attachment":[{"href":"https:\/\/www.contrataciones.gov.py\/dncp\/wp-json\/wp\/v2\/media?parent=3112"}],"curies":[{"name":"wp","href":"https:\/\/api.w.org\/{rel}","templated":true}]}}